{"id":4347,"date":"2025-01-21T19:41:00","date_gmt":"2025-01-21T19:41:00","guid":{"rendered":"https:\/\/arrosagepro.com\/produit\/jaeger-pgp-adj\/"},"modified":"2025-01-21T19:41:00","modified_gmt":"2025-01-21T19:41:00","slug":"jaeger-pgp-adj","status":"publish","type":"product","link":"https:\/\/arrosagepro.com\/de\/produit\/jaeger-pgp-adj\/","title":{"rendered":"J\u00e4ger PGP-ADJ"},"content":{"rendered":"<p><strong>Hauptmerkmale:<\/strong><\/p>\n<ul>\n<li><strong>Sch\u00fctzende Gummikappe<\/strong> : Die austauschbare Gummikappe sch\u00fctzt den Sprinkler vor Schmutz und reduziert das Verletzungsrisiko, w\u00e4hrend sie gleichzeitig zus\u00e4tzliche Haltbarkeit bietet.<\/li>\n<li><strong>Einstellbarer Lichtbogen<\/strong> : Der Bew\u00e4sserungsbogen ist von 40\u00b0 bis 360\u00b0 einstellbar und erm\u00f6glicht eine pr\u00e4zise Anpassung an den zu bew\u00e4ssernden Bereich.<\/li>\n<li><strong>Anpassbare Reichweite<\/strong> : Die Reichweite des Sprinklers reicht von 8,5 bis 15,8 Metern und bietet eine Abdeckung, die auf die spezifischen Bed\u00fcrfnisse jedes Bereichs zugeschnitten ist.<\/li>\n<li><strong>Inklusive D\u00fcsensatz<\/strong> : Wird mit einem Satz von 12 austauschbaren D\u00fcsen geliefert, mit denen die Durchflussmenge und die Reichweite leicht an spezifische Bed\u00fcrfnisse angepasst werden k\u00f6nnen.<\/li>\n<li><strong>Wassergeschmierter Mechanismus<\/strong> : Der interne Mechanismus ist wassergeschmiert und sorgt f\u00fcr eine reibungslose Drehung und eine erh\u00f6hte Langlebigkeit des Sprinklers.<\/li>\n<li><strong>Bew\u00e4hrte Zuverl\u00e4ssigkeit<\/strong> : PGP-ADJ ist bekannt f\u00fcr seine Langlebigkeit und gleichbleibende Leistung, was es zu einer bevorzugten Wahl f\u00fcr private und gewerbliche Bew\u00e4sserungssysteme macht.\n<div class=\"relative inline-flex items-center\"><\/div>\n<\/li>\n<\/ul>\n","protected":false},"excerpt":{"rendered":"<p>Der <strong>PGP-ADJ<\/strong> ist ein 10 cm langer Stand-up-Rotationsregner, der f\u00fcr die effiziente und gleichm\u00e4\u00dfige Bew\u00e4sserung von Rasenfl\u00e4chen und Gr\u00fcnfl\u00e4chen entwickelt wurde. Er ist mit einer sch\u00fctzenden Gummikappe ausgestattet, die f\u00fcr erh\u00f6hte Sicherheit im Gebrauch sorgt. <\/p>\n<p><a href=\"https:\/\/arrosagepro.com\/de\/preise-und-rabatte\/\"><strong>&#8222;Alle Modelle verf\u00fcgbar, siehe Preise in der Rubrik Preise und Rabatte&#8220;<\/strong><\/a><\/p>\n<p><img decoding=\"async\" class=\"alignnone size-medium wp-image-285\" src=\"\/wp-content\/uploads\/2024\/11\/Hunter-logo.png\" alt=\"\" width=\"300\" height=\"71\"><\/p>\n<p>&nbsp;<\/p>\n<p><a class=\"btnProdDevis\" href=\"https:\/\/arrosagepro.com\/de\/angebot-anfordern\/\">Angebot anfordern<\/a> <a class=\"btnProdTarifs\" href=\"https:\/\/arrosagepro.com\/de\/preise-und-rabatte\/jaeger\/\">Preise und Rabatte<\/a><\/p>\n","protected":false},"featured_media":3190,"template":"","meta":{"_acf_changed":false,"_links_to":"","_links_to_target":""},"product_brand":[],"product_cat":[119],"product_tag":[],"class_list":{"0":"post-4347","1":"product","2":"type-product","3":"status-publish","4":"has-post-thumbnail","6":"product_cat-berieselungsanlagen","8":"first","9":"instock","10":"taxable","11":"shipping-taxable","12":"purchasable","13":"product-type-simple"},"acf":[],"yoast_head":"<!-- This site is optimized with the Yoast SEO plugin v26.8 - https:\/\/yoast.com\/product\/yoast-seo-wordpress\/ -->\n<title>J\u00e4ger PGP-ADJ - Arrosage Pro<\/title>\n<meta name=\"robots\" content=\"index, follow, max-snippet:-1, max-image-preview:large, max-video-preview:-1\" \/>\n<link rel=\"canonical\" href=\"https:\/\/arrosagepro.com\/de\/produit\/jaeger-pgp-adj\/\" \/>\n<meta property=\"og:locale\" content=\"de_DE\" \/>\n<meta property=\"og:type\" content=\"article\" \/>\n<meta property=\"og:title\" content=\"J\u00e4ger PGP-ADJ - Arrosage Pro\" \/>\n<meta property=\"og:description\" content=\"Der PGP-ADJ ist ein 10 cm langer Stand-up-Rotationsregner, der f\u00fcr die effiziente und gleichm\u00e4\u00dfige Bew\u00e4sserung von Rasenfl\u00e4chen und Gr\u00fcnfl\u00e4chen entwickelt wurde. Er ist mit einer sch\u00fctzenden Gummikappe ausgestattet, die f\u00fcr erh\u00f6hte Sicherheit im Gebrauch sorgt.  &quot;Alle Modelle verf\u00fcgbar, siehe Preise in der Rubrik Preise und Rabatte&quot;  &nbsp; Angebot anfordern Preise und Rabatte\" \/>\n<meta property=\"og:url\" content=\"https:\/\/arrosagepro.com\/de\/produit\/jaeger-pgp-adj\/\" \/>\n<meta property=\"og:site_name\" content=\"Arrosage Pro\" \/>\n<meta property=\"og:image\" content=\"https:\/\/arrosagepro.com\/wp-content\/uploads\/2025\/01\/getrieberegner-pgp-10cm-40-360-3-4-zollig-hunter-pgp-adj.jpg\" \/>\n\t<meta property=\"og:image:width\" content=\"1400\" \/>\n\t<meta property=\"og:image:height\" content=\"1400\" \/>\n\t<meta property=\"og:image:type\" content=\"image\/jpeg\" \/>\n<meta name=\"twitter:card\" content=\"summary_large_image\" \/>\n<meta name=\"twitter:label1\" content=\"Gesch\u00e4tzte Lesezeit\" \/>\n\t<meta name=\"twitter:data1\" content=\"1\u00a0Minute\" \/>\n<script type=\"application\/ld+json\" class=\"yoast-schema-graph\">{\"@context\":\"https:\/\/schema.org\",\"@graph\":[{\"@type\":\"WebPage\",\"@id\":\"https:\/\/arrosagepro.com\/de\/produit\/jaeger-pgp-adj\/\",\"url\":\"https:\/\/arrosagepro.com\/de\/produit\/jaeger-pgp-adj\/\",\"name\":\"J\u00e4ger PGP-ADJ - Arrosage Pro\",\"isPartOf\":{\"@id\":\"https:\/\/arrosagepro.com\/de\/#website\"},\"primaryImageOfPage\":{\"@id\":\"https:\/\/arrosagepro.com\/de\/produit\/jaeger-pgp-adj\/#primaryimage\"},\"image\":{\"@id\":\"https:\/\/arrosagepro.com\/de\/produit\/jaeger-pgp-adj\/#primaryimage\"},\"thumbnailUrl\":\"https:\/\/arrosagepro.com\/wp-content\/uploads\/2025\/01\/getrieberegner-pgp-10cm-40-360-3-4-zollig-hunter-pgp-adj.jpg\",\"datePublished\":\"2025-01-21T19:41:00+00:00\",\"breadcrumb\":{\"@id\":\"https:\/\/arrosagepro.com\/de\/produit\/jaeger-pgp-adj\/#breadcrumb\"},\"inLanguage\":\"de\",\"potentialAction\":[{\"@type\":\"ReadAction\",\"target\":[\"https:\/\/arrosagepro.com\/de\/produit\/jaeger-pgp-adj\/\"]}]},{\"@type\":\"ImageObject\",\"inLanguage\":\"de\",\"@id\":\"https:\/\/arrosagepro.com\/de\/produit\/jaeger-pgp-adj\/#primaryimage\",\"url\":\"https:\/\/arrosagepro.com\/wp-content\/uploads\/2025\/01\/getrieberegner-pgp-10cm-40-360-3-4-zollig-hunter-pgp-adj.jpg\",\"contentUrl\":\"https:\/\/arrosagepro.com\/wp-content\/uploads\/2025\/01\/getrieberegner-pgp-10cm-40-360-3-4-zollig-hunter-pgp-adj.jpg\",\"width\":1400,\"height\":1400},{\"@type\":\"BreadcrumbList\",\"@id\":\"https:\/\/arrosagepro.com\/de\/produit\/jaeger-pgp-adj\/#breadcrumb\",\"itemListElement\":[{\"@type\":\"ListItem\",\"position\":1,\"name\":\"Accueil\",\"item\":\"https:\/\/arrosagepro.com\/de\/\"},{\"@type\":\"ListItem\",\"position\":2,\"name\":\"Produzieren\",\"item\":\"https:\/\/arrosagepro.com\/de\/produzieren\/\"},{\"@type\":\"ListItem\",\"position\":3,\"name\":\"J\u00e4ger PGP-ADJ\"}]},{\"@type\":\"WebSite\",\"@id\":\"https:\/\/arrosagepro.com\/de\/#website\",\"url\":\"https:\/\/arrosagepro.com\/de\/\",\"name\":\"Arrosage Pro\",\"description\":\"Arrosage Pro\",\"publisher\":{\"@id\":\"https:\/\/arrosagepro.com\/de\/#organization\"},\"potentialAction\":[{\"@type\":\"SearchAction\",\"target\":{\"@type\":\"EntryPoint\",\"urlTemplate\":\"https:\/\/arrosagepro.com\/de\/?s={search_term_string}\"},\"query-input\":{\"@type\":\"PropertyValueSpecification\",\"valueRequired\":true,\"valueName\":\"search_term_string\"}}],\"inLanguage\":\"de\"},{\"@type\":\"Organization\",\"@id\":\"https:\/\/arrosagepro.com\/de\/#organization\",\"name\":\"Arrosage Pro\",\"url\":\"https:\/\/arrosagepro.com\/de\/\",\"logo\":{\"@type\":\"ImageObject\",\"inLanguage\":\"de\",\"@id\":\"https:\/\/arrosagepro.com\/de\/#\/schema\/logo\/image\/\",\"url\":\"https:\/\/arrosagepro.com\/wp-content\/uploads\/2024\/11\/cropped-favicon.png\",\"contentUrl\":\"https:\/\/arrosagepro.com\/wp-content\/uploads\/2024\/11\/cropped-favicon.png\",\"width\":512,\"height\":512,\"caption\":\"Arrosage Pro\"},\"image\":{\"@id\":\"https:\/\/arrosagepro.com\/de\/#\/schema\/logo\/image\/\"}}]}<\/script>\n<!-- \/ Yoast SEO plugin. -->","yoast_head_json":{"title":"J\u00e4ger PGP-ADJ - Arrosage Pro","robots":{"index":"index","follow":"follow","max-snippet":"max-snippet:-1","max-image-preview":"max-image-preview:large","max-video-preview":"max-video-preview:-1"},"canonical":"https:\/\/arrosagepro.com\/de\/produit\/jaeger-pgp-adj\/","og_locale":"de_DE","og_type":"article","og_title":"J\u00e4ger PGP-ADJ - Arrosage Pro","og_description":"Der PGP-ADJ ist ein 10 cm langer Stand-up-Rotationsregner, der f\u00fcr die effiziente und gleichm\u00e4\u00dfige Bew\u00e4sserung von Rasenfl\u00e4chen und Gr\u00fcnfl\u00e4chen entwickelt wurde. Er ist mit einer sch\u00fctzenden Gummikappe ausgestattet, die f\u00fcr erh\u00f6hte Sicherheit im Gebrauch sorgt.  \"Alle Modelle verf\u00fcgbar, siehe Preise in der Rubrik Preise und Rabatte\"  &nbsp; Angebot anfordern Preise und Rabatte","og_url":"https:\/\/arrosagepro.com\/de\/produit\/jaeger-pgp-adj\/","og_site_name":"Arrosage Pro","og_image":[{"width":1400,"height":1400,"url":"https:\/\/arrosagepro.com\/wp-content\/uploads\/2025\/01\/getrieberegner-pgp-10cm-40-360-3-4-zollig-hunter-pgp-adj.jpg","type":"image\/jpeg"}],"twitter_card":"summary_large_image","twitter_misc":{"Gesch\u00e4tzte Lesezeit":"1\u00a0Minute"},"schema":{"@context":"https:\/\/schema.org","@graph":[{"@type":"WebPage","@id":"https:\/\/arrosagepro.com\/de\/produit\/jaeger-pgp-adj\/","url":"https:\/\/arrosagepro.com\/de\/produit\/jaeger-pgp-adj\/","name":"J\u00e4ger PGP-ADJ - Arrosage Pro","isPartOf":{"@id":"https:\/\/arrosagepro.com\/de\/#website"},"primaryImageOfPage":{"@id":"https:\/\/arrosagepro.com\/de\/produit\/jaeger-pgp-adj\/#primaryimage"},"image":{"@id":"https:\/\/arrosagepro.com\/de\/produit\/jaeger-pgp-adj\/#primaryimage"},"thumbnailUrl":"https:\/\/arrosagepro.com\/wp-content\/uploads\/2025\/01\/getrieberegner-pgp-10cm-40-360-3-4-zollig-hunter-pgp-adj.jpg","datePublished":"2025-01-21T19:41:00+00:00","breadcrumb":{"@id":"https:\/\/arrosagepro.com\/de\/produit\/jaeger-pgp-adj\/#breadcrumb"},"inLanguage":"de","potentialAction":[{"@type":"ReadAction","target":["https:\/\/arrosagepro.com\/de\/produit\/jaeger-pgp-adj\/"]}]},{"@type":"ImageObject","inLanguage":"de","@id":"https:\/\/arrosagepro.com\/de\/produit\/jaeger-pgp-adj\/#primaryimage","url":"https:\/\/arrosagepro.com\/wp-content\/uploads\/2025\/01\/getrieberegner-pgp-10cm-40-360-3-4-zollig-hunter-pgp-adj.jpg","contentUrl":"https:\/\/arrosagepro.com\/wp-content\/uploads\/2025\/01\/getrieberegner-pgp-10cm-40-360-3-4-zollig-hunter-pgp-adj.jpg","width":1400,"height":1400},{"@type":"BreadcrumbList","@id":"https:\/\/arrosagepro.com\/de\/produit\/jaeger-pgp-adj\/#breadcrumb","itemListElement":[{"@type":"ListItem","position":1,"name":"Accueil","item":"https:\/\/arrosagepro.com\/de\/"},{"@type":"ListItem","position":2,"name":"Produzieren","item":"https:\/\/arrosagepro.com\/de\/produzieren\/"},{"@type":"ListItem","position":3,"name":"J\u00e4ger PGP-ADJ"}]},{"@type":"WebSite","@id":"https:\/\/arrosagepro.com\/de\/#website","url":"https:\/\/arrosagepro.com\/de\/","name":"Arrosage Pro","description":"Arrosage Pro","publisher":{"@id":"https:\/\/arrosagepro.com\/de\/#organization"},"potentialAction":[{"@type":"SearchAction","target":{"@type":"EntryPoint","urlTemplate":"https:\/\/arrosagepro.com\/de\/?s={search_term_string}"},"query-input":{"@type":"PropertyValueSpecification","valueRequired":true,"valueName":"search_term_string"}}],"inLanguage":"de"},{"@type":"Organization","@id":"https:\/\/arrosagepro.com\/de\/#organization","name":"Arrosage Pro","url":"https:\/\/arrosagepro.com\/de\/","logo":{"@type":"ImageObject","inLanguage":"de","@id":"https:\/\/arrosagepro.com\/de\/#\/schema\/logo\/image\/","url":"https:\/\/arrosagepro.com\/wp-content\/uploads\/2024\/11\/cropped-favicon.png","contentUrl":"https:\/\/arrosagepro.com\/wp-content\/uploads\/2024\/11\/cropped-favicon.png","width":512,"height":512,"caption":"Arrosage Pro"},"image":{"@id":"https:\/\/arrosagepro.com\/de\/#\/schema\/logo\/image\/"}}]}},"_links":{"self":[{"href":"https:\/\/arrosagepro.com\/de\/wp-json\/wp\/v2\/product\/4347","targetHints":{"allow":["GET"]}}],"collection":[{"href":"https:\/\/arrosagepro.com\/de\/wp-json\/wp\/v2\/product"}],"about":[{"href":"https:\/\/arrosagepro.com\/de\/wp-json\/wp\/v2\/types\/product"}],"version-history":[{"count":0,"href":"https:\/\/arrosagepro.com\/de\/wp-json\/wp\/v2\/product\/4347\/revisions"}],"wp:featuredmedia":[{"embeddable":true,"href":"https:\/\/arrosagepro.com\/de\/wp-json\/wp\/v2\/media\/3190"}],"wp:attachment":[{"href":"https:\/\/arrosagepro.com\/de\/wp-json\/wp\/v2\/media?parent=4347"}],"wp:term":[{"taxonomy":"product_brand","embeddable":true,"href":"https:\/\/arrosagepro.com\/de\/wp-json\/wp\/v2\/product_brand?post=4347"},{"taxonomy":"product_cat","embeddable":true,"href":"https:\/\/arrosagepro.com\/de\/wp-json\/wp\/v2\/product_cat?post=4347"},{"taxonomy":"product_tag","embeddable":true,"href":"https:\/\/arrosagepro.com\/de\/wp-json\/wp\/v2\/product_tag?post=4347"}],"curies":[{"name":"wp","href":"https:\/\/api.w.org\/{rel}","templated":true}]}}