{"id":4735,"date":"2025-01-26T10:27:20","date_gmt":"2025-01-26T10:27:20","guid":{"rendered":"https:\/\/arrosagepro.com\/produit\/rain-bird-magnetventil-100-dv-innengewinde-1-magnet-24-vac\/"},"modified":"2025-04-26T20:09:06","modified_gmt":"2025-04-26T20:09:06","slug":"rain-bird-magnetventil-100-dv-innengewinde-1-magnet-24-vac","status":"publish","type":"product","link":"https:\/\/arrosagepro.com\/de\/produit\/rain-bird-magnetventil-100-dv-innengewinde-1-magnet-24-vac\/","title":{"rendered":"Rain Bird Magnetventil 100-DV Innengewinde 1&#8243; Magnet. 24 VAC."},"content":{"rendered":"<p><strong>Hauptmerkmale:<\/strong><\/p>\n<ul>\n<li><strong>Doppelte Filtration<\/strong> : Ausgestattet mit einer doppelten Filtration an der Membran und dem Magneten bietet dieses Magnetventil eine hervorragende Best\u00e4ndigkeit gegen Schmutzwasser und sorgt f\u00fcr eine erh\u00f6hte Zuverl\u00e4ssigkeit.<\/li>\n<li><strong>Hochwertige Materialien<\/strong> : Das robuste PVC-Geh\u00e4use und die Edelstahlschrauben sorgen f\u00fcr Langlebigkeit und Korrosionsbest\u00e4ndigkeit und verl\u00e4ngern die Lebensdauer des Magnetventils.<\/li>\n<li><strong>Manuelle externe Sp\u00fclung<\/strong> : Eine externe Sp\u00fclfunktion erm\u00f6glicht die Entfernung von Schmutz w\u00e4hrend der Installation und Wartung, um einen optimalen Systembetrieb zu gew\u00e4hrleisten.<\/li>\n<li><strong>Kompatibilit\u00e4t<\/strong> : Funktioniert mit jedem Standard-Bew\u00e4sserungsregler und bietet gro\u00dfe Flexibilit\u00e4t bei der Konfiguration des Bew\u00e4sserungssystems.<\/li>\n<li><strong>Durchflussbereich<\/strong> : Bew\u00e4ltigt Durchflussmengen von 0,24 bis 9,0 m\u00b3\/h und eignet sich daher f\u00fcr verschiedene Bew\u00e4sserungsanwendungen.<\/li>\n<li><strong>Arbeitsdruck<\/strong> : H\u00e4lt einem Arbeitsdruck von 1 bis 10,4 bar bei 23 \u00b0C stand und gew\u00e4hrleistet eine zuverl\u00e4ssige Leistung unter verschiedenen Druckbedingungen.\n<div class=\"relative inline-flex items-center\"><\/div>\n<div class=\"relative inline-flex items-center\"><\/div>\n<div class=\"relative inline-flex items-center\"><\/div>\n<\/li>\n<\/ul>\n","protected":false},"excerpt":{"rendered":"<p>Das Rain Bird 100-DV Magnetventil ist f\u00fcr kleine private und gewerbliche Bew\u00e4sserungssysteme konzipiert und bietet eine zuverl\u00e4ssige und langlebige Leistung. Durch seine kompakte Bauweise l\u00e4sst er sich einfach auf engstem Raum installieren, w\u00e4hrend seine robuste Konstruktion eine lange Lebensdauer gew\u00e4hrleistet. Ausgestattet mit einer doppelten Filtration an der Membran und dem Magneten garantiert es eine optimale Best\u00e4ndigkeit gegen Schmutz und Verunreinigungen im Wasser.<\/p>\n<p><img decoding=\"async\" class=\"alignnone size-medium wp-image-285\" src=\"\/wp-content\/uploads\/2024\/12\/rainbird-logo.png\" alt=\"\" width=\"300\" height=\"71\"><\/p>\n<p>&nbsp;<\/p>\n<p><a class=\"btnProdDevis\" href=\"https:\/\/arrosagepro.com\/de\/angebot-anfordern\/\">Angebot anfordern<\/a> <a class=\"btnProdTarifs\" href=\"https:\/\/arrosagepro.com\/de\/preise-und-rabatte\/regen-vogel\/\">Preise und Rabatte<\/a><\/p>\n","protected":false},"featured_media":3390,"template":"","meta":{"_acf_changed":false,"_links_to":"","_links_to_target":""},"product_brand":[],"product_cat":[122],"product_tag":[],"class_list":{"0":"post-4735","1":"product","2":"type-product","3":"status-publish","4":"has-post-thumbnail","6":"product_cat-ventile","8":"first","9":"instock","10":"taxable","11":"shipping-taxable","12":"product-type-simple"},"acf":[],"yoast_head":"<!-- This site is optimized with the Yoast SEO plugin v26.8 - https:\/\/yoast.com\/product\/yoast-seo-wordpress\/ -->\n<title>Rain Bird Magnetventil 100-DV Innengewinde 1&quot; Magnet. 24 VAC. - Arrosage Pro<\/title>\n<meta name=\"robots\" content=\"index, follow, max-snippet:-1, max-image-preview:large, max-video-preview:-1\" \/>\n<link rel=\"canonical\" href=\"https:\/\/arrosagepro.com\/de\/produit\/rain-bird-magnetventil-100-dv-innengewinde-1-magnet-24-vac\/\" \/>\n<meta property=\"og:locale\" content=\"de_DE\" \/>\n<meta property=\"og:type\" content=\"article\" \/>\n<meta property=\"og:title\" content=\"Rain Bird Magnetventil 100-DV Innengewinde 1&quot; Magnet. 24 VAC. - Arrosage Pro\" \/>\n<meta property=\"og:description\" content=\"Das Rain Bird 100-DV Magnetventil ist f\u00fcr kleine private und gewerbliche Bew\u00e4sserungssysteme konzipiert und bietet eine zuverl\u00e4ssige und langlebige Leistung. Durch seine kompakte Bauweise l\u00e4sst er sich einfach auf engstem Raum installieren, w\u00e4hrend seine robuste Konstruktion eine lange Lebensdauer gew\u00e4hrleistet. Ausgestattet mit einer doppelten Filtration an der Membran und dem Magneten garantiert es eine optimale Best\u00e4ndigkeit gegen Schmutz und Verunreinigungen im Wasser.  &nbsp; Angebot anfordern Preise und Rabatte\" \/>\n<meta property=\"og:url\" content=\"https:\/\/arrosagepro.com\/de\/produit\/rain-bird-magnetventil-100-dv-innengewinde-1-magnet-24-vac\/\" \/>\n<meta property=\"og:site_name\" content=\"Arrosage Pro\" \/>\n<meta property=\"article:modified_time\" content=\"2025-04-26T20:09:06+00:00\" \/>\n<meta property=\"og:image\" content=\"https:\/\/arrosagepro.com\/wp-content\/uploads\/2025\/01\/dv-100.png\" \/>\n\t<meta property=\"og:image:width\" content=\"718\" \/>\n\t<meta property=\"og:image:height\" content=\"721\" \/>\n\t<meta property=\"og:image:type\" content=\"image\/png\" \/>\n<meta name=\"twitter:card\" content=\"summary_large_image\" \/>\n<meta name=\"twitter:label1\" content=\"Gesch\u00e4tzte Lesezeit\" \/>\n\t<meta name=\"twitter:data1\" content=\"1\u00a0Minute\" \/>\n<script type=\"application\/ld+json\" class=\"yoast-schema-graph\">{\"@context\":\"https:\/\/schema.org\",\"@graph\":[{\"@type\":\"WebPage\",\"@id\":\"https:\/\/arrosagepro.com\/de\/produit\/rain-bird-magnetventil-100-dv-innengewinde-1-magnet-24-vac\/\",\"url\":\"https:\/\/arrosagepro.com\/de\/produit\/rain-bird-magnetventil-100-dv-innengewinde-1-magnet-24-vac\/\",\"name\":\"Rain Bird Magnetventil 100-DV Innengewinde 1\\\" Magnet. 24 VAC. - Arrosage Pro\",\"isPartOf\":{\"@id\":\"https:\/\/arrosagepro.com\/de\/#website\"},\"primaryImageOfPage\":{\"@id\":\"https:\/\/arrosagepro.com\/de\/produit\/rain-bird-magnetventil-100-dv-innengewinde-1-magnet-24-vac\/#primaryimage\"},\"image\":{\"@id\":\"https:\/\/arrosagepro.com\/de\/produit\/rain-bird-magnetventil-100-dv-innengewinde-1-magnet-24-vac\/#primaryimage\"},\"thumbnailUrl\":\"https:\/\/arrosagepro.com\/wp-content\/uploads\/2025\/01\/dv-100.png\",\"datePublished\":\"2025-01-26T10:27:20+00:00\",\"dateModified\":\"2025-04-26T20:09:06+00:00\",\"breadcrumb\":{\"@id\":\"https:\/\/arrosagepro.com\/de\/produit\/rain-bird-magnetventil-100-dv-innengewinde-1-magnet-24-vac\/#breadcrumb\"},\"inLanguage\":\"de\",\"potentialAction\":[{\"@type\":\"ReadAction\",\"target\":[\"https:\/\/arrosagepro.com\/de\/produit\/rain-bird-magnetventil-100-dv-innengewinde-1-magnet-24-vac\/\"]}]},{\"@type\":\"ImageObject\",\"inLanguage\":\"de\",\"@id\":\"https:\/\/arrosagepro.com\/de\/produit\/rain-bird-magnetventil-100-dv-innengewinde-1-magnet-24-vac\/#primaryimage\",\"url\":\"https:\/\/arrosagepro.com\/wp-content\/uploads\/2025\/01\/dv-100.png\",\"contentUrl\":\"https:\/\/arrosagepro.com\/wp-content\/uploads\/2025\/01\/dv-100.png\",\"width\":718,\"height\":721},{\"@type\":\"BreadcrumbList\",\"@id\":\"https:\/\/arrosagepro.com\/de\/produit\/rain-bird-magnetventil-100-dv-innengewinde-1-magnet-24-vac\/#breadcrumb\",\"itemListElement\":[{\"@type\":\"ListItem\",\"position\":1,\"name\":\"Accueil\",\"item\":\"https:\/\/arrosagepro.com\/de\/\"},{\"@type\":\"ListItem\",\"position\":2,\"name\":\"Produzieren\",\"item\":\"https:\/\/arrosagepro.com\/de\/produzieren\/\"},{\"@type\":\"ListItem\",\"position\":3,\"name\":\"Rain Bird Magnetventil 100-DV Innengewinde 1&Prime; Magnet. 24 VAC.\"}]},{\"@type\":\"WebSite\",\"@id\":\"https:\/\/arrosagepro.com\/de\/#website\",\"url\":\"https:\/\/arrosagepro.com\/de\/\",\"name\":\"Arrosage Pro\",\"description\":\"Arrosage Pro\",\"publisher\":{\"@id\":\"https:\/\/arrosagepro.com\/de\/#organization\"},\"potentialAction\":[{\"@type\":\"SearchAction\",\"target\":{\"@type\":\"EntryPoint\",\"urlTemplate\":\"https:\/\/arrosagepro.com\/de\/?s={search_term_string}\"},\"query-input\":{\"@type\":\"PropertyValueSpecification\",\"valueRequired\":true,\"valueName\":\"search_term_string\"}}],\"inLanguage\":\"de\"},{\"@type\":\"Organization\",\"@id\":\"https:\/\/arrosagepro.com\/de\/#organization\",\"name\":\"Arrosage Pro\",\"url\":\"https:\/\/arrosagepro.com\/de\/\",\"logo\":{\"@type\":\"ImageObject\",\"inLanguage\":\"de\",\"@id\":\"https:\/\/arrosagepro.com\/de\/#\/schema\/logo\/image\/\",\"url\":\"https:\/\/arrosagepro.com\/wp-content\/uploads\/2024\/11\/cropped-favicon.png\",\"contentUrl\":\"https:\/\/arrosagepro.com\/wp-content\/uploads\/2024\/11\/cropped-favicon.png\",\"width\":512,\"height\":512,\"caption\":\"Arrosage Pro\"},\"image\":{\"@id\":\"https:\/\/arrosagepro.com\/de\/#\/schema\/logo\/image\/\"}}]}<\/script>\n<!-- \/ Yoast SEO plugin. -->","yoast_head_json":{"title":"Rain Bird Magnetventil 100-DV Innengewinde 1\" Magnet. 24 VAC. - Arrosage Pro","robots":{"index":"index","follow":"follow","max-snippet":"max-snippet:-1","max-image-preview":"max-image-preview:large","max-video-preview":"max-video-preview:-1"},"canonical":"https:\/\/arrosagepro.com\/de\/produit\/rain-bird-magnetventil-100-dv-innengewinde-1-magnet-24-vac\/","og_locale":"de_DE","og_type":"article","og_title":"Rain Bird Magnetventil 100-DV Innengewinde 1\" Magnet. 24 VAC. - Arrosage Pro","og_description":"Das Rain Bird 100-DV Magnetventil ist f\u00fcr kleine private und gewerbliche Bew\u00e4sserungssysteme konzipiert und bietet eine zuverl\u00e4ssige und langlebige Leistung. Durch seine kompakte Bauweise l\u00e4sst er sich einfach auf engstem Raum installieren, w\u00e4hrend seine robuste Konstruktion eine lange Lebensdauer gew\u00e4hrleistet. Ausgestattet mit einer doppelten Filtration an der Membran und dem Magneten garantiert es eine optimale Best\u00e4ndigkeit gegen Schmutz und Verunreinigungen im Wasser.  &nbsp; Angebot anfordern Preise und Rabatte","og_url":"https:\/\/arrosagepro.com\/de\/produit\/rain-bird-magnetventil-100-dv-innengewinde-1-magnet-24-vac\/","og_site_name":"Arrosage Pro","article_modified_time":"2025-04-26T20:09:06+00:00","og_image":[{"width":718,"height":721,"url":"https:\/\/arrosagepro.com\/wp-content\/uploads\/2025\/01\/dv-100.png","type":"image\/png"}],"twitter_card":"summary_large_image","twitter_misc":{"Gesch\u00e4tzte Lesezeit":"1\u00a0Minute"},"schema":{"@context":"https:\/\/schema.org","@graph":[{"@type":"WebPage","@id":"https:\/\/arrosagepro.com\/de\/produit\/rain-bird-magnetventil-100-dv-innengewinde-1-magnet-24-vac\/","url":"https:\/\/arrosagepro.com\/de\/produit\/rain-bird-magnetventil-100-dv-innengewinde-1-magnet-24-vac\/","name":"Rain Bird Magnetventil 100-DV Innengewinde 1\" Magnet. 24 VAC. - Arrosage Pro","isPartOf":{"@id":"https:\/\/arrosagepro.com\/de\/#website"},"primaryImageOfPage":{"@id":"https:\/\/arrosagepro.com\/de\/produit\/rain-bird-magnetventil-100-dv-innengewinde-1-magnet-24-vac\/#primaryimage"},"image":{"@id":"https:\/\/arrosagepro.com\/de\/produit\/rain-bird-magnetventil-100-dv-innengewinde-1-magnet-24-vac\/#primaryimage"},"thumbnailUrl":"https:\/\/arrosagepro.com\/wp-content\/uploads\/2025\/01\/dv-100.png","datePublished":"2025-01-26T10:27:20+00:00","dateModified":"2025-04-26T20:09:06+00:00","breadcrumb":{"@id":"https:\/\/arrosagepro.com\/de\/produit\/rain-bird-magnetventil-100-dv-innengewinde-1-magnet-24-vac\/#breadcrumb"},"inLanguage":"de","potentialAction":[{"@type":"ReadAction","target":["https:\/\/arrosagepro.com\/de\/produit\/rain-bird-magnetventil-100-dv-innengewinde-1-magnet-24-vac\/"]}]},{"@type":"ImageObject","inLanguage":"de","@id":"https:\/\/arrosagepro.com\/de\/produit\/rain-bird-magnetventil-100-dv-innengewinde-1-magnet-24-vac\/#primaryimage","url":"https:\/\/arrosagepro.com\/wp-content\/uploads\/2025\/01\/dv-100.png","contentUrl":"https:\/\/arrosagepro.com\/wp-content\/uploads\/2025\/01\/dv-100.png","width":718,"height":721},{"@type":"BreadcrumbList","@id":"https:\/\/arrosagepro.com\/de\/produit\/rain-bird-magnetventil-100-dv-innengewinde-1-magnet-24-vac\/#breadcrumb","itemListElement":[{"@type":"ListItem","position":1,"name":"Accueil","item":"https:\/\/arrosagepro.com\/de\/"},{"@type":"ListItem","position":2,"name":"Produzieren","item":"https:\/\/arrosagepro.com\/de\/produzieren\/"},{"@type":"ListItem","position":3,"name":"Rain Bird Magnetventil 100-DV Innengewinde 1&Prime; Magnet. 24 VAC."}]},{"@type":"WebSite","@id":"https:\/\/arrosagepro.com\/de\/#website","url":"https:\/\/arrosagepro.com\/de\/","name":"Arrosage Pro","description":"Arrosage Pro","publisher":{"@id":"https:\/\/arrosagepro.com\/de\/#organization"},"potentialAction":[{"@type":"SearchAction","target":{"@type":"EntryPoint","urlTemplate":"https:\/\/arrosagepro.com\/de\/?s={search_term_string}"},"query-input":{"@type":"PropertyValueSpecification","valueRequired":true,"valueName":"search_term_string"}}],"inLanguage":"de"},{"@type":"Organization","@id":"https:\/\/arrosagepro.com\/de\/#organization","name":"Arrosage Pro","url":"https:\/\/arrosagepro.com\/de\/","logo":{"@type":"ImageObject","inLanguage":"de","@id":"https:\/\/arrosagepro.com\/de\/#\/schema\/logo\/image\/","url":"https:\/\/arrosagepro.com\/wp-content\/uploads\/2024\/11\/cropped-favicon.png","contentUrl":"https:\/\/arrosagepro.com\/wp-content\/uploads\/2024\/11\/cropped-favicon.png","width":512,"height":512,"caption":"Arrosage Pro"},"image":{"@id":"https:\/\/arrosagepro.com\/de\/#\/schema\/logo\/image\/"}}]}},"_links":{"self":[{"href":"https:\/\/arrosagepro.com\/de\/wp-json\/wp\/v2\/product\/4735","targetHints":{"allow":["GET"]}}],"collection":[{"href":"https:\/\/arrosagepro.com\/de\/wp-json\/wp\/v2\/product"}],"about":[{"href":"https:\/\/arrosagepro.com\/de\/wp-json\/wp\/v2\/types\/product"}],"version-history":[{"count":1,"href":"https:\/\/arrosagepro.com\/de\/wp-json\/wp\/v2\/product\/4735\/revisions"}],"predecessor-version":[{"id":4736,"href":"https:\/\/arrosagepro.com\/de\/wp-json\/wp\/v2\/product\/4735\/revisions\/4736"}],"wp:featuredmedia":[{"embeddable":true,"href":"https:\/\/arrosagepro.com\/de\/wp-json\/wp\/v2\/media\/3390"}],"wp:attachment":[{"href":"https:\/\/arrosagepro.com\/de\/wp-json\/wp\/v2\/media?parent=4735"}],"wp:term":[{"taxonomy":"product_brand","embeddable":true,"href":"https:\/\/arrosagepro.com\/de\/wp-json\/wp\/v2\/product_brand?post=4735"},{"taxonomy":"product_cat","embeddable":true,"href":"https:\/\/arrosagepro.com\/de\/wp-json\/wp\/v2\/product_cat?post=4735"},{"taxonomy":"product_tag","embeddable":true,"href":"https:\/\/arrosagepro.com\/de\/wp-json\/wp\/v2\/product_tag?post=4735"}],"curies":[{"name":"wp","href":"https:\/\/api.w.org\/{rel}","templated":true}]}}