{"id":4798,"date":"2025-04-21T11:54:53","date_gmt":"2025-04-21T11:54:53","guid":{"rendered":"https:\/\/arrosagepro.com\/produit\/hunter-pgp-ultra-regner\/"},"modified":"2025-04-21T11:54:53","modified_gmt":"2025-04-21T11:54:53","slug":"hunter-pgp-ultra-regner","status":"publish","type":"product","link":"https:\/\/arrosagepro.com\/de\/produit\/hunter-pgp-ultra-regner\/","title":{"rendered":"Hunter PGP-ULTRA Regner"},"content":{"rendered":"<p><strong>Hauptmerkmale:<\/strong><\/p>\n<ul>\n<li class=\"\" data-start=\"493\" data-end=\"656\">\n<p class=\"\" data-start=\"496\" data-end=\"656\"><strong data-start=\"205\" data-end=\"225\">Einstellbare Reichweite<\/strong>: <span class=\"relative -mx-px my-[-0.2rem] rounded px-px py-[0.2rem] transition-colors duration-100 ease-in-out\">von <strong data-start=\"3\" data-end=\"24\">4,9 bis 14,0 Metern<\/strong>, was eine pr\u00e4zise Anpassung an die Gr\u00f6\u00dfe der zu bew\u00e4ssernden Fl\u00e4che erm\u00f6glicht.<\/span><\/p>\n<\/li>\n<li class=\"\" data-start=\"493\" data-end=\"656\">\n<p class=\"\" data-start=\"496\" data-end=\"656\"><strong data-start=\"314\" data-end=\"343\">Einstellbarer Bew\u00e4sserungswinkel<\/strong> : <span class=\"relative -mx-px my-[-0.2rem] rounded px-px py-[0.2rem] transition-colors duration-100 ease-in-out\">von <strong data-start=\"3\" data-end=\"17\">50\u00b0 bis 360\u00b0<\/strong>, bietet maximale Flexibilit\u00e4t, um bestimmte Bereiche oder ganze Kreise abzudecken.<\/span><\/p>\n<\/li>\n<li class=\"\" data-start=\"493\" data-end=\"656\">\n<p class=\"\" data-start=\"496\" data-end=\"656\"><strong data-start=\"432\" data-end=\"463\">Eingebautes Ablassventil<\/strong>: Verhindert das <span class=\"relative -mx-px my-[-0.2rem] rounded px-px py-[0.2rem] transition-colors duration-100 ease-in-out\">Entleeren von schr\u00e4gen Rohren, h\u00e4lt den Druck aufrecht und reduziert den Wasserverbrauch.<\/span><\/p>\n<\/li>\n<li class=\"\" data-start=\"493\" data-end=\"656\">\n<p class=\"\" data-start=\"496\" data-end=\"656\"><strong data-start=\"552\" data-end=\"596\">Automatischer Lichtbogenr\u00fccklauf:<\/strong> <span class=\"relative -mx-px my-[-0.2rem] rounded px-px py-[0.2rem] transition-colors duration-100 ease-in-out\">Bei erzwungener Drehung kehrt der Kopf automatisch in seine urspr\u00fcngliche Einstellung zur\u00fcck und bietet so Schutz vor Vandalismus.<\/span><\/p>\n<\/li>\n<li data-start=\"677\" data-end=\"762\"><strong data-start=\"689\" data-end=\"712\">Inklusive D\u00fcsensatz<\/strong>: <span class=\"relative -mx-px my-[-0.2rem] rounded px-px py-[0.2rem] transition-colors duration-100 ease-in-out\">Kommt mit <strong data-start=\"11\" data-end=\"51\">8 Standard- und 4 Flachwinkeld\u00fcsen<\/strong>, die eine Anpassung an spezifische Feldanforderungen erm\u00f6glichen.<\/span><\/li>\n<\/ul>\n<p class=\"\" style=\"text-align: left;\" data-start=\"996\" data-end=\"1100\">\u200b<\/p>\n","protected":false},"excerpt":{"rendered":"<p><span class=\"relative -mx-px my-[-0.2rem] rounded px-px py-[0.2rem] transition-colors duration-100 ease-in-out\">Der <strong data-start=\"11\" data-end=\"31\">Hunter PGP-ULTRA<\/strong> Regner ist eine Weiterentwicklung des gefeierten PGP-Modells, das f\u00fcr eine optimale Leistung in privaten und kommunalen Bew\u00e4sserungssystemen entwickelt wurde.<\/span> <span class=\"relative -mx-px my-[-0.2rem] rounded px-px py-[0.2rem] transition-colors duration-100 ease-in-out\">Dank seiner innovativen Eigenschaften und seiner Robustheit garantiert es eine gleichm\u00e4\u00dfige Verteilung des Wassers und h\u00e4lt gleichzeitig den anspruchsvollsten Bedingungen stand.<\/span><\/p>\n<p><a href=\"https:\/\/arrosagepro.com\/de\/preise-und-rabatte\/\"><strong>&#8222;Alle Modelle verf\u00fcgbar, siehe Preise in der Rubrik Preise und Rabatte&#8220;<\/strong><\/a><\/p>\n<p><img decoding=\"async\" class=\"alignnone size-medium wp-image-285\" src=\"\/wp-content\/uploads\/2024\/11\/Hunter-logo.png\" alt=\"\" width=\"300\" height=\"71\"><\/p>\n<p>&nbsp;<\/p>\n<p><a class=\"btnProdDevis\" href=\"https:\/\/arrosagepro.com\/de\/angebot-anfordern\/\">Angebot anfordern<\/a> <a class=\"btnProdTarifs\" href=\"https:\/\/arrosagepro.com\/de\/preise-und-rabatte\/jaeger\/\">Preise und Rabatte<\/a><\/p>\n","protected":false},"featured_media":4010,"template":"","meta":{"_acf_changed":false,"_links_to":"","_links_to_target":""},"product_brand":[],"product_cat":[119,109],"product_tag":[],"class_list":{"0":"post-4798","1":"product","2":"type-product","3":"status-publish","4":"has-post-thumbnail","6":"product_cat-berieselungsanlagen","7":"product_cat-zubehor","9":"first","10":"instock","11":"sale","12":"taxable","13":"shipping-taxable","14":"purchasable","15":"product-type-variable"},"acf":[],"yoast_head":"<!-- This site is optimized with the Yoast SEO plugin v26.8 - https:\/\/yoast.com\/product\/yoast-seo-wordpress\/ -->\n<title>Hunter PGP-ULTRA Regner - Arrosage Pro<\/title>\n<meta name=\"robots\" content=\"index, follow, max-snippet:-1, max-image-preview:large, max-video-preview:-1\" \/>\n<link rel=\"canonical\" href=\"https:\/\/arrosagepro.com\/de\/produit\/hunter-pgp-ultra-regner\/\" \/>\n<meta property=\"og:locale\" content=\"de_DE\" \/>\n<meta property=\"og:type\" content=\"article\" \/>\n<meta property=\"og:title\" content=\"Hunter PGP-ULTRA Regner - Arrosage Pro\" \/>\n<meta property=\"og:description\" content=\"Der Hunter PGP-ULTRA Regner ist eine Weiterentwicklung des gefeierten PGP-Modells, das f\u00fcr eine optimale Leistung in privaten und kommunalen Bew\u00e4sserungssystemen entwickelt wurde. Dank seiner innovativen Eigenschaften und seiner Robustheit garantiert es eine gleichm\u00e4\u00dfige Verteilung des Wassers und h\u00e4lt gleichzeitig den anspruchsvollsten Bedingungen stand. &quot;Alle Modelle verf\u00fcgbar, siehe Preise in der Rubrik Preise und Rabatte&quot;  &nbsp; Angebot anfordern Preise und Rabatte\" \/>\n<meta property=\"og:url\" content=\"https:\/\/arrosagepro.com\/de\/produit\/hunter-pgp-ultra-regner\/\" \/>\n<meta property=\"og:site_name\" content=\"Arrosage Pro\" \/>\n<meta property=\"og:image\" content=\"https:\/\/arrosagepro.com\/wp-content\/uploads\/2025\/04\/th.jpg\" \/>\n\t<meta property=\"og:image:width\" content=\"474\" \/>\n\t<meta property=\"og:image:height\" content=\"474\" \/>\n\t<meta property=\"og:image:type\" content=\"image\/jpeg\" \/>\n<meta name=\"twitter:card\" content=\"summary_large_image\" \/>\n<script type=\"application\/ld+json\" class=\"yoast-schema-graph\">{\"@context\":\"https:\/\/schema.org\",\"@graph\":[{\"@type\":\"WebPage\",\"@id\":\"https:\/\/arrosagepro.com\/de\/produit\/hunter-pgp-ultra-regner\/\",\"url\":\"https:\/\/arrosagepro.com\/de\/produit\/hunter-pgp-ultra-regner\/\",\"name\":\"Hunter PGP-ULTRA Regner - Arrosage Pro\",\"isPartOf\":{\"@id\":\"https:\/\/arrosagepro.com\/de\/#website\"},\"primaryImageOfPage\":{\"@id\":\"https:\/\/arrosagepro.com\/de\/produit\/hunter-pgp-ultra-regner\/#primaryimage\"},\"image\":{\"@id\":\"https:\/\/arrosagepro.com\/de\/produit\/hunter-pgp-ultra-regner\/#primaryimage\"},\"thumbnailUrl\":\"https:\/\/arrosagepro.com\/wp-content\/uploads\/2025\/04\/th.jpg\",\"datePublished\":\"2025-04-21T11:54:53+00:00\",\"breadcrumb\":{\"@id\":\"https:\/\/arrosagepro.com\/de\/produit\/hunter-pgp-ultra-regner\/#breadcrumb\"},\"inLanguage\":\"de\",\"potentialAction\":[{\"@type\":\"ReadAction\",\"target\":[\"https:\/\/arrosagepro.com\/de\/produit\/hunter-pgp-ultra-regner\/\"]}]},{\"@type\":\"ImageObject\",\"inLanguage\":\"de\",\"@id\":\"https:\/\/arrosagepro.com\/de\/produit\/hunter-pgp-ultra-regner\/#primaryimage\",\"url\":\"https:\/\/arrosagepro.com\/wp-content\/uploads\/2025\/04\/th.jpg\",\"contentUrl\":\"https:\/\/arrosagepro.com\/wp-content\/uploads\/2025\/04\/th.jpg\",\"width\":474,\"height\":474},{\"@type\":\"BreadcrumbList\",\"@id\":\"https:\/\/arrosagepro.com\/de\/produit\/hunter-pgp-ultra-regner\/#breadcrumb\",\"itemListElement\":[{\"@type\":\"ListItem\",\"position\":1,\"name\":\"Accueil\",\"item\":\"https:\/\/arrosagepro.com\/de\/\"},{\"@type\":\"ListItem\",\"position\":2,\"name\":\"Produzieren\",\"item\":\"https:\/\/arrosagepro.com\/de\/produzieren\/\"},{\"@type\":\"ListItem\",\"position\":3,\"name\":\"Hunter PGP-ULTRA Regner\"}]},{\"@type\":\"WebSite\",\"@id\":\"https:\/\/arrosagepro.com\/de\/#website\",\"url\":\"https:\/\/arrosagepro.com\/de\/\",\"name\":\"Arrosage Pro\",\"description\":\"Arrosage Pro\",\"publisher\":{\"@id\":\"https:\/\/arrosagepro.com\/de\/#organization\"},\"potentialAction\":[{\"@type\":\"SearchAction\",\"target\":{\"@type\":\"EntryPoint\",\"urlTemplate\":\"https:\/\/arrosagepro.com\/de\/?s={search_term_string}\"},\"query-input\":{\"@type\":\"PropertyValueSpecification\",\"valueRequired\":true,\"valueName\":\"search_term_string\"}}],\"inLanguage\":\"de\"},{\"@type\":\"Organization\",\"@id\":\"https:\/\/arrosagepro.com\/de\/#organization\",\"name\":\"Arrosage Pro\",\"url\":\"https:\/\/arrosagepro.com\/de\/\",\"logo\":{\"@type\":\"ImageObject\",\"inLanguage\":\"de\",\"@id\":\"https:\/\/arrosagepro.com\/de\/#\/schema\/logo\/image\/\",\"url\":\"https:\/\/arrosagepro.com\/wp-content\/uploads\/2024\/11\/cropped-favicon.png\",\"contentUrl\":\"https:\/\/arrosagepro.com\/wp-content\/uploads\/2024\/11\/cropped-favicon.png\",\"width\":512,\"height\":512,\"caption\":\"Arrosage Pro\"},\"image\":{\"@id\":\"https:\/\/arrosagepro.com\/de\/#\/schema\/logo\/image\/\"}}]}<\/script>\n<!-- \/ Yoast SEO plugin. -->","yoast_head_json":{"title":"Hunter PGP-ULTRA Regner - Arrosage Pro","robots":{"index":"index","follow":"follow","max-snippet":"max-snippet:-1","max-image-preview":"max-image-preview:large","max-video-preview":"max-video-preview:-1"},"canonical":"https:\/\/arrosagepro.com\/de\/produit\/hunter-pgp-ultra-regner\/","og_locale":"de_DE","og_type":"article","og_title":"Hunter PGP-ULTRA Regner - Arrosage Pro","og_description":"Der Hunter PGP-ULTRA Regner ist eine Weiterentwicklung des gefeierten PGP-Modells, das f\u00fcr eine optimale Leistung in privaten und kommunalen Bew\u00e4sserungssystemen entwickelt wurde. Dank seiner innovativen Eigenschaften und seiner Robustheit garantiert es eine gleichm\u00e4\u00dfige Verteilung des Wassers und h\u00e4lt gleichzeitig den anspruchsvollsten Bedingungen stand. \"Alle Modelle verf\u00fcgbar, siehe Preise in der Rubrik Preise und Rabatte\"  &nbsp; Angebot anfordern Preise und Rabatte","og_url":"https:\/\/arrosagepro.com\/de\/produit\/hunter-pgp-ultra-regner\/","og_site_name":"Arrosage Pro","og_image":[{"width":474,"height":474,"url":"https:\/\/arrosagepro.com\/wp-content\/uploads\/2025\/04\/th.jpg","type":"image\/jpeg"}],"twitter_card":"summary_large_image","schema":{"@context":"https:\/\/schema.org","@graph":[{"@type":"WebPage","@id":"https:\/\/arrosagepro.com\/de\/produit\/hunter-pgp-ultra-regner\/","url":"https:\/\/arrosagepro.com\/de\/produit\/hunter-pgp-ultra-regner\/","name":"Hunter PGP-ULTRA Regner - Arrosage Pro","isPartOf":{"@id":"https:\/\/arrosagepro.com\/de\/#website"},"primaryImageOfPage":{"@id":"https:\/\/arrosagepro.com\/de\/produit\/hunter-pgp-ultra-regner\/#primaryimage"},"image":{"@id":"https:\/\/arrosagepro.com\/de\/produit\/hunter-pgp-ultra-regner\/#primaryimage"},"thumbnailUrl":"https:\/\/arrosagepro.com\/wp-content\/uploads\/2025\/04\/th.jpg","datePublished":"2025-04-21T11:54:53+00:00","breadcrumb":{"@id":"https:\/\/arrosagepro.com\/de\/produit\/hunter-pgp-ultra-regner\/#breadcrumb"},"inLanguage":"de","potentialAction":[{"@type":"ReadAction","target":["https:\/\/arrosagepro.com\/de\/produit\/hunter-pgp-ultra-regner\/"]}]},{"@type":"ImageObject","inLanguage":"de","@id":"https:\/\/arrosagepro.com\/de\/produit\/hunter-pgp-ultra-regner\/#primaryimage","url":"https:\/\/arrosagepro.com\/wp-content\/uploads\/2025\/04\/th.jpg","contentUrl":"https:\/\/arrosagepro.com\/wp-content\/uploads\/2025\/04\/th.jpg","width":474,"height":474},{"@type":"BreadcrumbList","@id":"https:\/\/arrosagepro.com\/de\/produit\/hunter-pgp-ultra-regner\/#breadcrumb","itemListElement":[{"@type":"ListItem","position":1,"name":"Accueil","item":"https:\/\/arrosagepro.com\/de\/"},{"@type":"ListItem","position":2,"name":"Produzieren","item":"https:\/\/arrosagepro.com\/de\/produzieren\/"},{"@type":"ListItem","position":3,"name":"Hunter PGP-ULTRA Regner"}]},{"@type":"WebSite","@id":"https:\/\/arrosagepro.com\/de\/#website","url":"https:\/\/arrosagepro.com\/de\/","name":"Arrosage Pro","description":"Arrosage Pro","publisher":{"@id":"https:\/\/arrosagepro.com\/de\/#organization"},"potentialAction":[{"@type":"SearchAction","target":{"@type":"EntryPoint","urlTemplate":"https:\/\/arrosagepro.com\/de\/?s={search_term_string}"},"query-input":{"@type":"PropertyValueSpecification","valueRequired":true,"valueName":"search_term_string"}}],"inLanguage":"de"},{"@type":"Organization","@id":"https:\/\/arrosagepro.com\/de\/#organization","name":"Arrosage Pro","url":"https:\/\/arrosagepro.com\/de\/","logo":{"@type":"ImageObject","inLanguage":"de","@id":"https:\/\/arrosagepro.com\/de\/#\/schema\/logo\/image\/","url":"https:\/\/arrosagepro.com\/wp-content\/uploads\/2024\/11\/cropped-favicon.png","contentUrl":"https:\/\/arrosagepro.com\/wp-content\/uploads\/2024\/11\/cropped-favicon.png","width":512,"height":512,"caption":"Arrosage Pro"},"image":{"@id":"https:\/\/arrosagepro.com\/de\/#\/schema\/logo\/image\/"}}]}},"_links":{"self":[{"href":"https:\/\/arrosagepro.com\/de\/wp-json\/wp\/v2\/product\/4798","targetHints":{"allow":["GET"]}}],"collection":[{"href":"https:\/\/arrosagepro.com\/de\/wp-json\/wp\/v2\/product"}],"about":[{"href":"https:\/\/arrosagepro.com\/de\/wp-json\/wp\/v2\/types\/product"}],"version-history":[{"count":0,"href":"https:\/\/arrosagepro.com\/de\/wp-json\/wp\/v2\/product\/4798\/revisions"}],"wp:featuredmedia":[{"embeddable":true,"href":"https:\/\/arrosagepro.com\/de\/wp-json\/wp\/v2\/media\/4010"}],"wp:attachment":[{"href":"https:\/\/arrosagepro.com\/de\/wp-json\/wp\/v2\/media?parent=4798"}],"wp:term":[{"taxonomy":"product_brand","embeddable":true,"href":"https:\/\/arrosagepro.com\/de\/wp-json\/wp\/v2\/product_brand?post=4798"},{"taxonomy":"product_cat","embeddable":true,"href":"https:\/\/arrosagepro.com\/de\/wp-json\/wp\/v2\/product_cat?post=4798"},{"taxonomy":"product_tag","embeddable":true,"href":"https:\/\/arrosagepro.com\/de\/wp-json\/wp\/v2\/product_tag?post=4798"}],"curies":[{"name":"wp","href":"https:\/\/api.w.org\/{rel}","templated":true}]}}