{"id":4865,"date":"2025-02-05T14:48:53","date_gmt":"2025-02-05T14:48:53","guid":{"rendered":"https:\/\/arrosagepro.com\/produit\/solem-bewaesserungssteuerung-bl-ip6\/"},"modified":"2025-04-26T20:39:37","modified_gmt":"2025-04-26T20:39:37","slug":"solem-bewaesserungssteuerung-bl-ip6","status":"publish","type":"product","link":"https:\/\/arrosagepro.com\/de\/produit\/solem-bewaesserungssteuerung-bl-ip6\/","title":{"rendered":"Solem Bew\u00e4sserungssteuerung BL-IP6"},"content":{"rendered":"<p><strong>Hauptmerkmale:<\/strong><\/p>\n<ul>\n<li><strong>Bluetooth-Konnektivit\u00e4t\u00ae<\/strong> : Erm\u00f6glicht die lokale Bew\u00e4sserungsverwaltung von Ihrem Mobilger\u00e4t aus mit einer Reichweite von ca. 10 Metern.<\/li>\n<li><strong>9-V-Batteriebetrieb<\/strong> : Wird mit einer 9-V-Alkalibatterie vom Typ 6LR61 betrieben und bietet eine kabellose Installation und Laufzeit, die eine ganze Saison abdecken kann.<\/li>\n<li><strong>6 Bew\u00e4sserungszonenmanagement<\/strong> : Steuert bis zu sechs Stationen, von denen jede individuell programmiert werden kann, um den spezifischen Bed\u00fcrfnissen der verschiedenen Bereiche Ihres Gartens gerecht zu werden.<\/li>\n<li><strong>Kompatibilit\u00e4t mit 9-V-Impulsmagnetventilen: Entwickelt<\/strong> f\u00fcr die Arbeit mit Magnetventilen, die mit 9-V-Impulsmagneten ausgestattet sind, um eine einfache Integration in Ihr bestehendes Bew\u00e4sserungssystem zu gew\u00e4hrleisten.<\/li>\n<li><strong>Regensensor-Eingang<\/strong> : Verf\u00fcgt \u00fcber einen dedizierten Eingang zum Anschlie\u00dfen eines Regensensors, mit dem die Bew\u00e4sserung bei Regen automatisch unterbrochen und Wasser gespart werden kann.<\/li>\n<li><strong>Wasserdichte Konstruktion (IP68):<\/strong> Der BL-IP6 wurde entwickelt, um nassen Bedingungen standzuhalten, ist vollst\u00e4ndig wasserdicht und eignet sich daher ideal f\u00fcr die Installation im Freien oder in Bodenumgebungen.<\/li>\n<\/ul>\n<p>Der Solem BL-IP6 ist eine zuverl\u00e4ssige und praktische L\u00f6sung f\u00fcr die Automatisierung der Bew\u00e4sserung Ihrer Gr\u00fcnfl\u00e4chen, die sich besonders f\u00fcr Installationen ohne Zugang zu einer Stromversorgung eignet.<\/p>\n<p>&nbsp;<\/p>\n<div class=\"relative inline-flex items-center\"><\/div>\n<div class=\"relative inline-flex items-center\"><\/div>\n<div class=\"relative inline-flex items-center\"><\/div>\n<div class=\"relative inline-flex items-center\"><\/div>\n<div class=\"relative inline-flex items-center\"><\/div>\n<div class=\"relative inline-flex items-center\"><\/div>\n<div class=\"relative inline-flex items-center\"><\/div>\n<div class=\"relative inline-flex items-center\"><\/div>\n<div class=\"relative inline-flex items-center\"><\/div>\n<div class=\"relative inline-flex items-center\"><\/div>\n<div class=\"relative inline-flex items-center\"><\/div>\n<div class=\"relative inline-flex items-center\"><\/div>\n","protected":false},"excerpt":{"rendered":"<p>Der <strong>Solem BL-IP6<\/strong> ist ein wasserdichter, batteriebetriebener Bluetooth-Bew\u00e4sserungsregler\u00ae, der entwickelt wurde, um die Bew\u00e4sserung Ihrer Gr\u00fcnfl\u00e4chen zu automatisieren. Dieses Ger\u00e4t eignet sich ideal f\u00fcr Installationen ohne Stromversorgung, wie z. B. Ventilsch\u00e4chte oder unterirdische Technikr\u00e4ume, und erm\u00f6glicht die effiziente Verwaltung von bis zu sechs separaten Bew\u00e4sserungszonen. Dank der mobilen App MySOLEM, die f\u00fcr iOS und Android verf\u00fcgbar ist, k\u00f6nnen Sie Ihr Bew\u00e4sserungssystem direkt von Ihrem Smartphone oder Tablet aus steuern und programmieren.  <\/p>\n<p><img decoding=\"async\" class=\"alignnone wp-image-285 size-medium\" src=\"https:\/\/arrosagepro.com\/wp-content\/uploads\/2024\/11\/logo-solem-300x71.png\" alt=\"Feierlich\" width=\"300\" height=\"71\" srcset=\"https:\/\/arrosagepro.com\/wp-content\/uploads\/2024\/11\/logo-solem-300x71.png 300w, https:\/\/arrosagepro.com\/wp-content\/uploads\/2024\/11\/logo-solem.png 494w\" sizes=\"(max-width: 300px) 100vw, 300px\" \/><\/p>\n<p>&nbsp;<\/p>\n<p><a class=\"btnProdDevis\" href=\"https:\/\/arrosagepro.com\/de\/angebot-anfordern\/\">Angebot anfordern<\/a> <a class=\"btnProdTarifs\" href=\"https:\/\/arrosagepro.com\/de\/preise-und-rabatte\/feierlich\/\">Preise und Rabatte<\/a><\/p>\n","protected":false},"featured_media":3515,"template":"","meta":{"_acf_changed":false,"_links_to":"","_links_to_target":""},"product_brand":[],"product_cat":[182],"product_tag":[],"class_list":{"0":"post-4865","1":"product","2":"type-product","3":"status-publish","4":"has-post-thumbnail","6":"product_cat-programmierer","8":"first","9":"instock","10":"taxable","11":"shipping-taxable","12":"product-type-simple"},"acf":[],"yoast_head":"<!-- This site is optimized with the Yoast SEO plugin v26.8 - https:\/\/yoast.com\/product\/yoast-seo-wordpress\/ -->\n<title>Solem Bew\u00e4sserungssteuerung BL-IP6 - Arrosage Pro<\/title>\n<meta name=\"robots\" content=\"index, follow, max-snippet:-1, max-image-preview:large, max-video-preview:-1\" \/>\n<link rel=\"canonical\" href=\"https:\/\/arrosagepro.com\/de\/produit\/solem-bewaesserungssteuerung-bl-ip6\/\" \/>\n<meta property=\"og:locale\" content=\"de_DE\" \/>\n<meta property=\"og:type\" content=\"article\" \/>\n<meta property=\"og:title\" content=\"Solem Bew\u00e4sserungssteuerung BL-IP6 - Arrosage Pro\" \/>\n<meta property=\"og:description\" content=\"Der Solem BL-IP6 ist ein wasserdichter, batteriebetriebener Bluetooth-Bew\u00e4sserungsregler\u00ae, der entwickelt wurde, um die Bew\u00e4sserung Ihrer Gr\u00fcnfl\u00e4chen zu automatisieren. Dieses Ger\u00e4t eignet sich ideal f\u00fcr Installationen ohne Stromversorgung, wie z. B. Ventilsch\u00e4chte oder unterirdische Technikr\u00e4ume, und erm\u00f6glicht die effiziente Verwaltung von bis zu sechs separaten Bew\u00e4sserungszonen. Dank der mobilen App MySOLEM, die f\u00fcr iOS und Android verf\u00fcgbar ist, k\u00f6nnen Sie Ihr Bew\u00e4sserungssystem direkt von Ihrem Smartphone oder Tablet aus steuern und programmieren.   &nbsp; Angebot anfordern Preise und Rabatte\" \/>\n<meta property=\"og:url\" content=\"https:\/\/arrosagepro.com\/de\/produit\/solem-bewaesserungssteuerung-bl-ip6\/\" \/>\n<meta property=\"og:site_name\" content=\"Arrosage Pro\" \/>\n<meta property=\"article:modified_time\" content=\"2025-04-26T20:39:37+00:00\" \/>\n<meta property=\"og:image\" content=\"https:\/\/arrosagepro.com\/wp-content\/uploads\/2025\/02\/3781066-1-e1738494281786.jpg\" \/>\n\t<meta property=\"og:image:width\" content=\"503\" \/>\n\t<meta property=\"og:image:height\" content=\"509\" \/>\n\t<meta property=\"og:image:type\" content=\"image\/jpeg\" \/>\n<meta name=\"twitter:card\" content=\"summary_large_image\" \/>\n<meta name=\"twitter:label1\" content=\"Gesch\u00e4tzte Lesezeit\" \/>\n\t<meta name=\"twitter:data1\" content=\"1\u00a0Minute\" \/>\n<script type=\"application\/ld+json\" class=\"yoast-schema-graph\">{\"@context\":\"https:\/\/schema.org\",\"@graph\":[{\"@type\":\"WebPage\",\"@id\":\"https:\/\/arrosagepro.com\/de\/produit\/solem-bewaesserungssteuerung-bl-ip6\/\",\"url\":\"https:\/\/arrosagepro.com\/de\/produit\/solem-bewaesserungssteuerung-bl-ip6\/\",\"name\":\"Solem Bew\u00e4sserungssteuerung BL-IP6 - Arrosage Pro\",\"isPartOf\":{\"@id\":\"https:\/\/arrosagepro.com\/de\/#website\"},\"primaryImageOfPage\":{\"@id\":\"https:\/\/arrosagepro.com\/de\/produit\/solem-bewaesserungssteuerung-bl-ip6\/#primaryimage\"},\"image\":{\"@id\":\"https:\/\/arrosagepro.com\/de\/produit\/solem-bewaesserungssteuerung-bl-ip6\/#primaryimage\"},\"thumbnailUrl\":\"https:\/\/arrosagepro.com\/wp-content\/uploads\/2025\/02\/3781066-1-e1738494281786.jpg\",\"datePublished\":\"2025-02-05T14:48:53+00:00\",\"dateModified\":\"2025-04-26T20:39:37+00:00\",\"breadcrumb\":{\"@id\":\"https:\/\/arrosagepro.com\/de\/produit\/solem-bewaesserungssteuerung-bl-ip6\/#breadcrumb\"},\"inLanguage\":\"de\",\"potentialAction\":[{\"@type\":\"ReadAction\",\"target\":[\"https:\/\/arrosagepro.com\/de\/produit\/solem-bewaesserungssteuerung-bl-ip6\/\"]}]},{\"@type\":\"ImageObject\",\"inLanguage\":\"de\",\"@id\":\"https:\/\/arrosagepro.com\/de\/produit\/solem-bewaesserungssteuerung-bl-ip6\/#primaryimage\",\"url\":\"https:\/\/arrosagepro.com\/wp-content\/uploads\/2025\/02\/3781066-1-e1738494281786.jpg\",\"contentUrl\":\"https:\/\/arrosagepro.com\/wp-content\/uploads\/2025\/02\/3781066-1-e1738494281786.jpg\",\"width\":503,\"height\":509},{\"@type\":\"BreadcrumbList\",\"@id\":\"https:\/\/arrosagepro.com\/de\/produit\/solem-bewaesserungssteuerung-bl-ip6\/#breadcrumb\",\"itemListElement\":[{\"@type\":\"ListItem\",\"position\":1,\"name\":\"Accueil\",\"item\":\"https:\/\/arrosagepro.com\/de\/\"},{\"@type\":\"ListItem\",\"position\":2,\"name\":\"Produzieren\",\"item\":\"https:\/\/arrosagepro.com\/de\/produzieren\/\"},{\"@type\":\"ListItem\",\"position\":3,\"name\":\"Solem Bew\u00e4sserungssteuerung BL-IP6\"}]},{\"@type\":\"WebSite\",\"@id\":\"https:\/\/arrosagepro.com\/de\/#website\",\"url\":\"https:\/\/arrosagepro.com\/de\/\",\"name\":\"Arrosage Pro\",\"description\":\"Arrosage Pro\",\"publisher\":{\"@id\":\"https:\/\/arrosagepro.com\/de\/#organization\"},\"potentialAction\":[{\"@type\":\"SearchAction\",\"target\":{\"@type\":\"EntryPoint\",\"urlTemplate\":\"https:\/\/arrosagepro.com\/de\/?s={search_term_string}\"},\"query-input\":{\"@type\":\"PropertyValueSpecification\",\"valueRequired\":true,\"valueName\":\"search_term_string\"}}],\"inLanguage\":\"de\"},{\"@type\":\"Organization\",\"@id\":\"https:\/\/arrosagepro.com\/de\/#organization\",\"name\":\"Arrosage Pro\",\"url\":\"https:\/\/arrosagepro.com\/de\/\",\"logo\":{\"@type\":\"ImageObject\",\"inLanguage\":\"de\",\"@id\":\"https:\/\/arrosagepro.com\/de\/#\/schema\/logo\/image\/\",\"url\":\"https:\/\/arrosagepro.com\/wp-content\/uploads\/2024\/11\/cropped-favicon.png\",\"contentUrl\":\"https:\/\/arrosagepro.com\/wp-content\/uploads\/2024\/11\/cropped-favicon.png\",\"width\":512,\"height\":512,\"caption\":\"Arrosage Pro\"},\"image\":{\"@id\":\"https:\/\/arrosagepro.com\/de\/#\/schema\/logo\/image\/\"}}]}<\/script>\n<!-- \/ Yoast SEO plugin. -->","yoast_head_json":{"title":"Solem Bew\u00e4sserungssteuerung BL-IP6 - Arrosage Pro","robots":{"index":"index","follow":"follow","max-snippet":"max-snippet:-1","max-image-preview":"max-image-preview:large","max-video-preview":"max-video-preview:-1"},"canonical":"https:\/\/arrosagepro.com\/de\/produit\/solem-bewaesserungssteuerung-bl-ip6\/","og_locale":"de_DE","og_type":"article","og_title":"Solem Bew\u00e4sserungssteuerung BL-IP6 - Arrosage Pro","og_description":"Der Solem BL-IP6 ist ein wasserdichter, batteriebetriebener Bluetooth-Bew\u00e4sserungsregler\u00ae, der entwickelt wurde, um die Bew\u00e4sserung Ihrer Gr\u00fcnfl\u00e4chen zu automatisieren. Dieses Ger\u00e4t eignet sich ideal f\u00fcr Installationen ohne Stromversorgung, wie z. B. Ventilsch\u00e4chte oder unterirdische Technikr\u00e4ume, und erm\u00f6glicht die effiziente Verwaltung von bis zu sechs separaten Bew\u00e4sserungszonen. Dank der mobilen App MySOLEM, die f\u00fcr iOS und Android verf\u00fcgbar ist, k\u00f6nnen Sie Ihr Bew\u00e4sserungssystem direkt von Ihrem Smartphone oder Tablet aus steuern und programmieren.   &nbsp; Angebot anfordern Preise und Rabatte","og_url":"https:\/\/arrosagepro.com\/de\/produit\/solem-bewaesserungssteuerung-bl-ip6\/","og_site_name":"Arrosage Pro","article_modified_time":"2025-04-26T20:39:37+00:00","og_image":[{"width":503,"height":509,"url":"https:\/\/arrosagepro.com\/wp-content\/uploads\/2025\/02\/3781066-1-e1738494281786.jpg","type":"image\/jpeg"}],"twitter_card":"summary_large_image","twitter_misc":{"Gesch\u00e4tzte Lesezeit":"1\u00a0Minute"},"schema":{"@context":"https:\/\/schema.org","@graph":[{"@type":"WebPage","@id":"https:\/\/arrosagepro.com\/de\/produit\/solem-bewaesserungssteuerung-bl-ip6\/","url":"https:\/\/arrosagepro.com\/de\/produit\/solem-bewaesserungssteuerung-bl-ip6\/","name":"Solem Bew\u00e4sserungssteuerung BL-IP6 - Arrosage Pro","isPartOf":{"@id":"https:\/\/arrosagepro.com\/de\/#website"},"primaryImageOfPage":{"@id":"https:\/\/arrosagepro.com\/de\/produit\/solem-bewaesserungssteuerung-bl-ip6\/#primaryimage"},"image":{"@id":"https:\/\/arrosagepro.com\/de\/produit\/solem-bewaesserungssteuerung-bl-ip6\/#primaryimage"},"thumbnailUrl":"https:\/\/arrosagepro.com\/wp-content\/uploads\/2025\/02\/3781066-1-e1738494281786.jpg","datePublished":"2025-02-05T14:48:53+00:00","dateModified":"2025-04-26T20:39:37+00:00","breadcrumb":{"@id":"https:\/\/arrosagepro.com\/de\/produit\/solem-bewaesserungssteuerung-bl-ip6\/#breadcrumb"},"inLanguage":"de","potentialAction":[{"@type":"ReadAction","target":["https:\/\/arrosagepro.com\/de\/produit\/solem-bewaesserungssteuerung-bl-ip6\/"]}]},{"@type":"ImageObject","inLanguage":"de","@id":"https:\/\/arrosagepro.com\/de\/produit\/solem-bewaesserungssteuerung-bl-ip6\/#primaryimage","url":"https:\/\/arrosagepro.com\/wp-content\/uploads\/2025\/02\/3781066-1-e1738494281786.jpg","contentUrl":"https:\/\/arrosagepro.com\/wp-content\/uploads\/2025\/02\/3781066-1-e1738494281786.jpg","width":503,"height":509},{"@type":"BreadcrumbList","@id":"https:\/\/arrosagepro.com\/de\/produit\/solem-bewaesserungssteuerung-bl-ip6\/#breadcrumb","itemListElement":[{"@type":"ListItem","position":1,"name":"Accueil","item":"https:\/\/arrosagepro.com\/de\/"},{"@type":"ListItem","position":2,"name":"Produzieren","item":"https:\/\/arrosagepro.com\/de\/produzieren\/"},{"@type":"ListItem","position":3,"name":"Solem Bew\u00e4sserungssteuerung BL-IP6"}]},{"@type":"WebSite","@id":"https:\/\/arrosagepro.com\/de\/#website","url":"https:\/\/arrosagepro.com\/de\/","name":"Arrosage Pro","description":"Arrosage Pro","publisher":{"@id":"https:\/\/arrosagepro.com\/de\/#organization"},"potentialAction":[{"@type":"SearchAction","target":{"@type":"EntryPoint","urlTemplate":"https:\/\/arrosagepro.com\/de\/?s={search_term_string}"},"query-input":{"@type":"PropertyValueSpecification","valueRequired":true,"valueName":"search_term_string"}}],"inLanguage":"de"},{"@type":"Organization","@id":"https:\/\/arrosagepro.com\/de\/#organization","name":"Arrosage Pro","url":"https:\/\/arrosagepro.com\/de\/","logo":{"@type":"ImageObject","inLanguage":"de","@id":"https:\/\/arrosagepro.com\/de\/#\/schema\/logo\/image\/","url":"https:\/\/arrosagepro.com\/wp-content\/uploads\/2024\/11\/cropped-favicon.png","contentUrl":"https:\/\/arrosagepro.com\/wp-content\/uploads\/2024\/11\/cropped-favicon.png","width":512,"height":512,"caption":"Arrosage Pro"},"image":{"@id":"https:\/\/arrosagepro.com\/de\/#\/schema\/logo\/image\/"}}]}},"_links":{"self":[{"href":"https:\/\/arrosagepro.com\/de\/wp-json\/wp\/v2\/product\/4865","targetHints":{"allow":["GET"]}}],"collection":[{"href":"https:\/\/arrosagepro.com\/de\/wp-json\/wp\/v2\/product"}],"about":[{"href":"https:\/\/arrosagepro.com\/de\/wp-json\/wp\/v2\/types\/product"}],"version-history":[{"count":1,"href":"https:\/\/arrosagepro.com\/de\/wp-json\/wp\/v2\/product\/4865\/revisions"}],"predecessor-version":[{"id":4866,"href":"https:\/\/arrosagepro.com\/de\/wp-json\/wp\/v2\/product\/4865\/revisions\/4866"}],"wp:featuredmedia":[{"embeddable":true,"href":"https:\/\/arrosagepro.com\/de\/wp-json\/wp\/v2\/media\/3515"}],"wp:attachment":[{"href":"https:\/\/arrosagepro.com\/de\/wp-json\/wp\/v2\/media?parent=4865"}],"wp:term":[{"taxonomy":"product_brand","embeddable":true,"href":"https:\/\/arrosagepro.com\/de\/wp-json\/wp\/v2\/product_brand?post=4865"},{"taxonomy":"product_cat","embeddable":true,"href":"https:\/\/arrosagepro.com\/de\/wp-json\/wp\/v2\/product_cat?post=4865"},{"taxonomy":"product_tag","embeddable":true,"href":"https:\/\/arrosagepro.com\/de\/wp-json\/wp\/v2\/product_tag?post=4865"}],"curies":[{"name":"wp","href":"https:\/\/api.w.org\/{rel}","templated":true}]}}