{"id":2257,"date":"2025-04-13T12:35:29","date_gmt":"2025-04-13T12:35:29","guid":{"rendered":"https:\/\/arrosagepro.com\/?post_type=product&#038;p=2257"},"modified":"2026-03-30T13:01:49","modified_gmt":"2026-03-30T13:01:49","slug":"rain-bird-arroseurs-serie-8005","status":"publish","type":"product","link":"https:\/\/arrosagepro.com\/en\/produit\/rain-bird-arroseurs-serie-8005\/","title":{"rendered":"Rain Bird Falcon 6504-PC SS \u2014 Arroseur rotatif grande port\u00e9e acier inoxydable"},"content":{"rendered":"<p>L&#8217;<strong>arroseur Rain Bird Falcon 6504-PC SS<\/strong> est la version<br \/>\n<strong>acier inoxydable<\/strong> du Falcon 6504 \u2014 con\u00e7ue pour les installations<br \/>\npermanentes haut de gamme o\u00f9 la durabilit\u00e9 est prioritaire.<br \/>\nLe corps inox r\u00e9siste aux chocs, \u00e0 la corrosion et aux dommages m\u00e9caniques<br \/>\n(tondeuses, passages fr\u00e9quents) nettement mieux que le plastique.<\/p>\n<h3>Caract\u00e9ristiques principales<\/h3>\n<ul>\n<li><strong>Corps acier inoxydable<\/strong> \u2014 R\u00e9sistance maximale aux chocs, corrosion et dommages m\u00e9caniques. Dur\u00e9e de vie nettement sup\u00e9rieure.<\/li>\n<li><strong>Grande port\u00e9e<\/strong> \u2014 Jusqu&#8217;\u00e0 20 m selon la buse et la pression.<\/li>\n<li><strong>Arc r\u00e9glable 40\u00b0 \u00e0 360\u00b0<\/strong><\/li>\n<li><strong>Corps r\u00e9tractable 10 cm<\/strong><\/li>\n<li><strong>D\u00e9bit r\u00e9glable<\/strong><\/li>\n<li><strong>Filtre anti-d\u00e9bris<\/strong><\/li>\n<\/ul>\n<h3>Caract\u00e9ristiques techniques<\/h3>\n<ul>\n<li>Mod\u00e8le : Falcon 6504-PC SS<\/li>\n<li>Mat\u00e9riau : <strong>Acier inoxydable<\/strong><\/li>\n<li>Arc : 40\u00b0 \u00e0 360\u00b0 r\u00e9glable<\/li>\n<li>Hauteur r\u00e9tractable : 10 cm<\/li>\n<li>Port\u00e9e : 10 \u00e0 20 m<\/li>\n<li>Pression de fonctionnement : 2,1 \u00e0 5,5 bar<\/li>\n<li>Raccordement : \u00bd&#8221; BSP femelle<\/li>\n<\/ul>\n<p><strong>Version plastique (prix inf\u00e9rieur) :<\/strong><br \/>\nD\u00e9couvrez le <a href=\"\/produit\/rain-bird-arroseurs-falcon-serie-6504\/\">Falcon 6504-PC plastique<\/a>.<br \/>\n<strong>Commande en volume ?<\/strong> <a href=\"\/devis\">Demandez un devis<\/a>.<\/p>\n","protected":false},"excerpt":{"rendered":"<p>Arroseur rotatif grande port\u00e9e Rain Bird Falcon 6504-PC SS \u2014 corps acier inoxydable. Port\u00e9e de 10 \u00e0 20 m, arc r\u00e9glable 40\u00b0 \u00e0 360\u00b0. Version premium pour installations durables et conditions d&#8217;utilisation exigeantes.<\/p>\n","protected":false},"featured_media":2262,"template":"","meta":{"_acf_changed":false,"_links_to":"","_links_to_target":""},"product_brand":[292],"product_cat":[42],"product_tag":[335,337,334,336,298],"class_list":{"0":"post-2257","1":"product","2":"type-product","3":"status-publish","4":"has-post-thumbnail","6":"product_brand-rain-bird","7":"product_cat-arroseurs","8":"product_tag-335","9":"product_tag-acier-inoxydable","10":"product_tag-falcon","11":"product_tag-grande-portee","12":"product_tag-rain-bird","14":"first","15":"instock","16":"sale","17":"taxable","18":"shipping-taxable","19":"product-type-variable"},"acf":[],"yoast_head":"<!-- This site is optimized with the Yoast SEO plugin v26.8 - https:\/\/yoast.com\/product\/yoast-seo-wordpress\/ -->\n<title>Rain Bird Falcon 6504-PC SS \u2014 Arroseur rotatif grande port\u00e9e acier inoxydable - Arrosage Pro<\/title>\n<meta name=\"robots\" content=\"index, follow, max-snippet:-1, max-image-preview:large, max-video-preview:-1\" \/>\n<link rel=\"canonical\" href=\"https:\/\/arrosagepro.com\/en\/produit\/rain-bird-arroseurs-serie-8005\/\" \/>\n<meta property=\"og:locale\" content=\"en_US\" \/>\n<meta property=\"og:type\" content=\"article\" \/>\n<meta property=\"og:title\" content=\"Rain Bird Falcon 6504-PC SS \u2014 Arroseur rotatif grande port\u00e9e acier inoxydable - Arrosage Pro\" \/>\n<meta property=\"og:description\" content=\"Arroseur rotatif grande port\u00e9e Rain Bird Falcon 6504-PC SS \u2014 corps acier inoxydable. Port\u00e9e de 10 \u00e0 20 m, arc r\u00e9glable 40\u00b0 \u00e0 360\u00b0. Version premium pour installations durables et conditions d&#039;utilisation exigeantes.\" \/>\n<meta property=\"og:url\" content=\"https:\/\/arrosagepro.com\/en\/produit\/rain-bird-arroseurs-serie-8005\/\" \/>\n<meta property=\"og:site_name\" content=\"Arrosage Pro\" \/>\n<meta property=\"article:modified_time\" content=\"2026-03-30T13:01:49+00:00\" \/>\n<meta property=\"og:image\" content=\"https:\/\/arrosagepro.com\/wp-content\/uploads\/2025\/04\/8005-Series-1.jpg\" \/>\n\t<meta property=\"og:image:width\" content=\"950\" \/>\n\t<meta property=\"og:image:height\" content=\"950\" \/>\n\t<meta property=\"og:image:type\" content=\"image\/jpeg\" \/>\n<meta name=\"twitter:card\" content=\"summary_large_image\" \/>\n<meta name=\"twitter:label1\" content=\"Est. reading time\" \/>\n\t<meta name=\"twitter:data1\" content=\"1 minute\" \/>\n<script type=\"application\/ld+json\" class=\"yoast-schema-graph\">{\"@context\":\"https:\/\/schema.org\",\"@graph\":[{\"@type\":\"WebPage\",\"@id\":\"https:\/\/arrosagepro.com\/en\/produit\/rain-bird-arroseurs-serie-8005\/\",\"url\":\"https:\/\/arrosagepro.com\/en\/produit\/rain-bird-arroseurs-serie-8005\/\",\"name\":\"Rain Bird Falcon 6504-PC SS \u2014 Arroseur rotatif grande port\u00e9e acier inoxydable - Arrosage Pro\",\"isPartOf\":{\"@id\":\"https:\/\/arrosagepro.com\/en\/#website\"},\"primaryImageOfPage\":{\"@id\":\"https:\/\/arrosagepro.com\/en\/produit\/rain-bird-arroseurs-serie-8005\/#primaryimage\"},\"image\":{\"@id\":\"https:\/\/arrosagepro.com\/en\/produit\/rain-bird-arroseurs-serie-8005\/#primaryimage\"},\"thumbnailUrl\":\"https:\/\/arrosagepro.com\/wp-content\/uploads\/2025\/04\/8005-Series-1.jpg\",\"datePublished\":\"2025-04-13T12:35:29+00:00\",\"dateModified\":\"2026-03-30T13:01:49+00:00\",\"breadcrumb\":{\"@id\":\"https:\/\/arrosagepro.com\/en\/produit\/rain-bird-arroseurs-serie-8005\/#breadcrumb\"},\"inLanguage\":\"en-US\",\"potentialAction\":[{\"@type\":\"ReadAction\",\"target\":[\"https:\/\/arrosagepro.com\/en\/produit\/rain-bird-arroseurs-serie-8005\/\"]}]},{\"@type\":\"ImageObject\",\"inLanguage\":\"en-US\",\"@id\":\"https:\/\/arrosagepro.com\/en\/produit\/rain-bird-arroseurs-serie-8005\/#primaryimage\",\"url\":\"https:\/\/arrosagepro.com\/wp-content\/uploads\/2025\/04\/8005-Series-1.jpg\",\"contentUrl\":\"https:\/\/arrosagepro.com\/wp-content\/uploads\/2025\/04\/8005-Series-1.jpg\",\"width\":950,\"height\":950},{\"@type\":\"BreadcrumbList\",\"@id\":\"https:\/\/arrosagepro.com\/en\/produit\/rain-bird-arroseurs-serie-8005\/#breadcrumb\",\"itemListElement\":[{\"@type\":\"ListItem\",\"position\":1,\"name\":\"Accueil\",\"item\":\"https:\/\/arrosagepro.com\/en\/\"},{\"@type\":\"ListItem\",\"position\":2,\"name\":\"Produce\",\"item\":\"https:\/\/arrosagepro.com\/en\/produce\/\"},{\"@type\":\"ListItem\",\"position\":3,\"name\":\"Rain Bird Falcon 6504-PC SS \u2014 Arroseur rotatif grande port\u00e9e acier inoxydable\"}]},{\"@type\":\"WebSite\",\"@id\":\"https:\/\/arrosagepro.com\/en\/#website\",\"url\":\"https:\/\/arrosagepro.com\/en\/\",\"name\":\"Arrosage Pro\",\"description\":\"Arrosage Pro\",\"publisher\":{\"@id\":\"https:\/\/arrosagepro.com\/en\/#organization\"},\"potentialAction\":[{\"@type\":\"SearchAction\",\"target\":{\"@type\":\"EntryPoint\",\"urlTemplate\":\"https:\/\/arrosagepro.com\/en\/?s={search_term_string}\"},\"query-input\":{\"@type\":\"PropertyValueSpecification\",\"valueRequired\":true,\"valueName\":\"search_term_string\"}}],\"inLanguage\":\"en-US\"},{\"@type\":\"Organization\",\"@id\":\"https:\/\/arrosagepro.com\/en\/#organization\",\"name\":\"Arrosage Pro\",\"url\":\"https:\/\/arrosagepro.com\/en\/\",\"logo\":{\"@type\":\"ImageObject\",\"inLanguage\":\"en-US\",\"@id\":\"https:\/\/arrosagepro.com\/en\/#\/schema\/logo\/image\/\",\"url\":\"https:\/\/arrosagepro.com\/wp-content\/uploads\/2024\/11\/cropped-favicon.png\",\"contentUrl\":\"https:\/\/arrosagepro.com\/wp-content\/uploads\/2024\/11\/cropped-favicon.png\",\"width\":512,\"height\":512,\"caption\":\"Arrosage Pro\"},\"image\":{\"@id\":\"https:\/\/arrosagepro.com\/en\/#\/schema\/logo\/image\/\"}}]}<\/script>\n<!-- \/ Yoast SEO plugin. -->","yoast_head_json":{"title":"Rain Bird Falcon 6504-PC SS \u2014 Arroseur rotatif grande port\u00e9e acier inoxydable - Arrosage Pro","robots":{"index":"index","follow":"follow","max-snippet":"max-snippet:-1","max-image-preview":"max-image-preview:large","max-video-preview":"max-video-preview:-1"},"canonical":"https:\/\/arrosagepro.com\/en\/produit\/rain-bird-arroseurs-serie-8005\/","og_locale":"en_US","og_type":"article","og_title":"Rain Bird Falcon 6504-PC SS \u2014 Arroseur rotatif grande port\u00e9e acier inoxydable - Arrosage Pro","og_description":"Arroseur rotatif grande port\u00e9e Rain Bird Falcon 6504-PC SS \u2014 corps acier inoxydable. Port\u00e9e de 10 \u00e0 20 m, arc r\u00e9glable 40\u00b0 \u00e0 360\u00b0. Version premium pour installations durables et conditions d'utilisation exigeantes.","og_url":"https:\/\/arrosagepro.com\/en\/produit\/rain-bird-arroseurs-serie-8005\/","og_site_name":"Arrosage Pro","article_modified_time":"2026-03-30T13:01:49+00:00","og_image":[{"width":950,"height":950,"url":"https:\/\/arrosagepro.com\/wp-content\/uploads\/2025\/04\/8005-Series-1.jpg","type":"image\/jpeg"}],"twitter_card":"summary_large_image","twitter_misc":{"Est. reading time":"1 minute"},"schema":{"@context":"https:\/\/schema.org","@graph":[{"@type":"WebPage","@id":"https:\/\/arrosagepro.com\/en\/produit\/rain-bird-arroseurs-serie-8005\/","url":"https:\/\/arrosagepro.com\/en\/produit\/rain-bird-arroseurs-serie-8005\/","name":"Rain Bird Falcon 6504-PC SS \u2014 Arroseur rotatif grande port\u00e9e acier inoxydable - Arrosage Pro","isPartOf":{"@id":"https:\/\/arrosagepro.com\/en\/#website"},"primaryImageOfPage":{"@id":"https:\/\/arrosagepro.com\/en\/produit\/rain-bird-arroseurs-serie-8005\/#primaryimage"},"image":{"@id":"https:\/\/arrosagepro.com\/en\/produit\/rain-bird-arroseurs-serie-8005\/#primaryimage"},"thumbnailUrl":"https:\/\/arrosagepro.com\/wp-content\/uploads\/2025\/04\/8005-Series-1.jpg","datePublished":"2025-04-13T12:35:29+00:00","dateModified":"2026-03-30T13:01:49+00:00","breadcrumb":{"@id":"https:\/\/arrosagepro.com\/en\/produit\/rain-bird-arroseurs-serie-8005\/#breadcrumb"},"inLanguage":"en-US","potentialAction":[{"@type":"ReadAction","target":["https:\/\/arrosagepro.com\/en\/produit\/rain-bird-arroseurs-serie-8005\/"]}]},{"@type":"ImageObject","inLanguage":"en-US","@id":"https:\/\/arrosagepro.com\/en\/produit\/rain-bird-arroseurs-serie-8005\/#primaryimage","url":"https:\/\/arrosagepro.com\/wp-content\/uploads\/2025\/04\/8005-Series-1.jpg","contentUrl":"https:\/\/arrosagepro.com\/wp-content\/uploads\/2025\/04\/8005-Series-1.jpg","width":950,"height":950},{"@type":"BreadcrumbList","@id":"https:\/\/arrosagepro.com\/en\/produit\/rain-bird-arroseurs-serie-8005\/#breadcrumb","itemListElement":[{"@type":"ListItem","position":1,"name":"Accueil","item":"https:\/\/arrosagepro.com\/en\/"},{"@type":"ListItem","position":2,"name":"Produce","item":"https:\/\/arrosagepro.com\/en\/produce\/"},{"@type":"ListItem","position":3,"name":"Rain Bird Falcon 6504-PC SS \u2014 Arroseur rotatif grande port\u00e9e acier inoxydable"}]},{"@type":"WebSite","@id":"https:\/\/arrosagepro.com\/en\/#website","url":"https:\/\/arrosagepro.com\/en\/","name":"Arrosage Pro","description":"Arrosage Pro","publisher":{"@id":"https:\/\/arrosagepro.com\/en\/#organization"},"potentialAction":[{"@type":"SearchAction","target":{"@type":"EntryPoint","urlTemplate":"https:\/\/arrosagepro.com\/en\/?s={search_term_string}"},"query-input":{"@type":"PropertyValueSpecification","valueRequired":true,"valueName":"search_term_string"}}],"inLanguage":"en-US"},{"@type":"Organization","@id":"https:\/\/arrosagepro.com\/en\/#organization","name":"Arrosage Pro","url":"https:\/\/arrosagepro.com\/en\/","logo":{"@type":"ImageObject","inLanguage":"en-US","@id":"https:\/\/arrosagepro.com\/en\/#\/schema\/logo\/image\/","url":"https:\/\/arrosagepro.com\/wp-content\/uploads\/2024\/11\/cropped-favicon.png","contentUrl":"https:\/\/arrosagepro.com\/wp-content\/uploads\/2024\/11\/cropped-favicon.png","width":512,"height":512,"caption":"Arrosage Pro"},"image":{"@id":"https:\/\/arrosagepro.com\/en\/#\/schema\/logo\/image\/"}}]}},"_links":{"self":[{"href":"https:\/\/arrosagepro.com\/en\/wp-json\/wp\/v2\/product\/2257","targetHints":{"allow":["GET"]}}],"collection":[{"href":"https:\/\/arrosagepro.com\/en\/wp-json\/wp\/v2\/product"}],"about":[{"href":"https:\/\/arrosagepro.com\/en\/wp-json\/wp\/v2\/types\/product"}],"version-history":[{"count":3,"href":"https:\/\/arrosagepro.com\/en\/wp-json\/wp\/v2\/product\/2257\/revisions"}],"predecessor-version":[{"id":5635,"href":"https:\/\/arrosagepro.com\/en\/wp-json\/wp\/v2\/product\/2257\/revisions\/5635"}],"wp:featuredmedia":[{"embeddable":true,"href":"https:\/\/arrosagepro.com\/en\/wp-json\/wp\/v2\/media\/2262"}],"wp:attachment":[{"href":"https:\/\/arrosagepro.com\/en\/wp-json\/wp\/v2\/media?parent=2257"}],"wp:term":[{"taxonomy":"product_brand","embeddable":true,"href":"https:\/\/arrosagepro.com\/en\/wp-json\/wp\/v2\/product_brand?post=2257"},{"taxonomy":"product_cat","embeddable":true,"href":"https:\/\/arrosagepro.com\/en\/wp-json\/wp\/v2\/product_cat?post=2257"},{"taxonomy":"product_tag","embeddable":true,"href":"https:\/\/arrosagepro.com\/en\/wp-json\/wp\/v2\/product_tag?post=2257"}],"curies":[{"name":"wp","href":"https:\/\/api.w.org\/{rel}","templated":true}]}}