{"id":2297,"date":"2025-04-21T11:00:24","date_gmt":"2025-04-21T11:00:24","guid":{"rendered":"https:\/\/arrosagepro.com\/?post_type=product&#038;p=2297"},"modified":"2025-04-21T11:16:22","modified_gmt":"2025-04-21T11:16:22","slug":"hunter-rotateur-mp1000-90","status":"publish","type":"product","link":"https:\/\/arrosagepro.com\/es\/produit\/hunter-rotateur-mp1000-90\/","title":{"rendered":"Hunter Rotateur MP1000-90"},"content":{"rendered":"<p><strong>Caract\u00e9ristiques principales :<\/strong><\/p>\n<ul>\n<li data-start=\"500\" data-end=\"590\"><strong data-start=\"500\" data-end=\"529\">Plage d\u2019arrosage r\u00e9glable<\/strong> : couvre de 2,5 \u00e0 4,5 m\u00e8tres avec une pr\u00e9cision remarquable.<\/li>\n<li data-start=\"594\" data-end=\"667\"><strong data-start=\"594\" data-end=\"627\">Angle ajustable de 90\u00b0 \u00e0 210\u00b0<\/strong> : id\u00e9al pour les coins ou demi-cercles.<\/li>\n<li data-start=\"671\" data-end=\"769\"><strong data-start=\"671\" data-end=\"701\">Jets rotatifs multitrajets<\/strong> : assurent une distribution uniforme et une meilleure infiltration.<\/li>\n<li data-start=\"773\" data-end=\"845\"><strong data-start=\"773\" data-end=\"804\">\u00c9conomie d\u2019eau jusqu\u2019\u00e0 30 %<\/strong> : par rapport aux buses traditionnelles.<\/li>\n<li data-start=\"849\" data-end=\"944\"><strong data-start=\"849\" data-end=\"884\">Compatible avec arroseurs fixes<\/strong> : s\u2019installe facilement sur les corps d\u2019arroseurs femelles.\n<div class=\"relative inline-flex items-center\"><\/div>\n<div class=\"relative inline-flex items-center\"><\/div>\n<div class=\"relative inline-flex items-center\"><\/div>\n<\/li>\n<\/ul>\n","protected":false},"excerpt":{"rendered":"<p>La buse <strong>Hunter MP1000-90<\/strong> est une solution d\u2019irrigation haute efficacit\u00e9 con\u00e7ue pour offrir une couverture uniforme tout en r\u00e9duisant la consommation d\u2019eau. Adapt\u00e9e pour les syst\u00e8mes r\u00e9sidentiels ou commerciaux, elle arrose en douceur gr\u00e2ce \u00e0 ses jets rotatifs multitrajets, ce qui r\u00e9duit le ruissellement et am\u00e9liore l\u2019absorption dans le sol.<\/p>\n<p><a href=\"https:\/\/arrosagepro.com\/tarifs-et-remises\/\"><strong>\u00ab Tous les mod\u00e8les disponibles, voir tarifs dans la section tarifs et remises \u00bb<\/strong><\/a><\/p>\n<p><img decoding=\"async\" class=\"alignnone size-medium wp-image-285\" src=\"\/wp-content\/uploads\/2024\/11\/Hunter-logo.png\" alt=\"\" width=\"300\" height=\"71\" \/><\/p>\n<p>&nbsp;<\/p>\n<p><a class=\"btnProdDevis\" href=\"\/devis\">Demander devis<\/a> <a class=\"btnProdTarifs\" href=\"\/tarifs-et-remises\/hunter\">Tarifs et remises<\/a><\/p>\n","protected":false},"featured_media":2300,"template":"","meta":{"_acf_changed":false,"_links_to":"","_links_to_target":""},"product_brand":[],"product_cat":[45],"product_tag":[],"class_list":{"0":"post-2297","1":"product","2":"type-product","3":"status-publish","4":"has-post-thumbnail","6":"product_cat-accessoires","8":"first","9":"instock","10":"sale","11":"taxable","12":"shipping-taxable","13":"product-type-simple"},"acf":[],"yoast_head":"<!-- This site is optimized with the Yoast SEO plugin v26.8 - https:\/\/yoast.com\/product\/yoast-seo-wordpress\/ -->\n<title>Hunter Rotateur MP1000-90 - Arrosage Pro<\/title>\n<meta name=\"robots\" content=\"index, follow, max-snippet:-1, max-image-preview:large, max-video-preview:-1\" \/>\n<link rel=\"canonical\" href=\"https:\/\/arrosagepro.com\/es\/produit\/hunter-rotateur-mp1000-90\/\" \/>\n<meta property=\"og:locale\" content=\"es_ES\" \/>\n<meta property=\"og:type\" content=\"article\" \/>\n<meta property=\"og:title\" content=\"Hunter Rotateur MP1000-90 - Arrosage Pro\" \/>\n<meta property=\"og:description\" content=\"La buse Hunter MP1000-90 est une solution d\u2019irrigation haute efficacit\u00e9 con\u00e7ue pour offrir une couverture uniforme tout en r\u00e9duisant la consommation d\u2019eau. Adapt\u00e9e pour les syst\u00e8mes r\u00e9sidentiels ou commerciaux, elle arrose en douceur gr\u00e2ce \u00e0 ses jets rotatifs multitrajets, ce qui r\u00e9duit le ruissellement et am\u00e9liore l\u2019absorption dans le sol.  \u00ab Tous les mod\u00e8les disponibles, voir tarifs dans la section tarifs et remises \u00bb    &nbsp;  Demander devis Tarifs et remises\" \/>\n<meta property=\"og:url\" content=\"https:\/\/arrosagepro.com\/es\/produit\/hunter-rotateur-mp1000-90\/\" \/>\n<meta property=\"og:site_name\" content=\"Arrosage Pro\" \/>\n<meta property=\"article:modified_time\" content=\"2025-04-21T11:16:22+00:00\" \/>\n<meta property=\"og:image\" content=\"https:\/\/arrosagepro.com\/wp-content\/uploads\/2025\/04\/ChatGPT-Image-21-avr.-2025-13_11_28.png\" \/>\n\t<meta property=\"og:image:width\" content=\"1024\" \/>\n\t<meta property=\"og:image:height\" content=\"1024\" \/>\n\t<meta property=\"og:image:type\" content=\"image\/png\" \/>\n<meta name=\"twitter:card\" content=\"summary_large_image\" \/>\n<meta name=\"twitter:label1\" content=\"Tiempo de lectura\" \/>\n\t<meta name=\"twitter:data1\" content=\"1 minuto\" \/>\n<script type=\"application\/ld+json\" class=\"yoast-schema-graph\">{\"@context\":\"https:\/\/schema.org\",\"@graph\":[{\"@type\":\"WebPage\",\"@id\":\"https:\/\/arrosagepro.com\/es\/produit\/hunter-rotateur-mp1000-90\/\",\"url\":\"https:\/\/arrosagepro.com\/es\/produit\/hunter-rotateur-mp1000-90\/\",\"name\":\"Hunter Rotateur MP1000-90 - Arrosage Pro\",\"isPartOf\":{\"@id\":\"https:\/\/arrosagepro.com\/es\/#website\"},\"primaryImageOfPage\":{\"@id\":\"https:\/\/arrosagepro.com\/es\/produit\/hunter-rotateur-mp1000-90\/#primaryimage\"},\"image\":{\"@id\":\"https:\/\/arrosagepro.com\/es\/produit\/hunter-rotateur-mp1000-90\/#primaryimage\"},\"thumbnailUrl\":\"https:\/\/arrosagepro.com\/wp-content\/uploads\/2025\/04\/ChatGPT-Image-21-avr.-2025-13_11_28.png\",\"datePublished\":\"2025-04-21T11:00:24+00:00\",\"dateModified\":\"2025-04-21T11:16:22+00:00\",\"breadcrumb\":{\"@id\":\"https:\/\/arrosagepro.com\/es\/produit\/hunter-rotateur-mp1000-90\/#breadcrumb\"},\"inLanguage\":\"es\",\"potentialAction\":[{\"@type\":\"ReadAction\",\"target\":[\"https:\/\/arrosagepro.com\/es\/produit\/hunter-rotateur-mp1000-90\/\"]}]},{\"@type\":\"ImageObject\",\"inLanguage\":\"es\",\"@id\":\"https:\/\/arrosagepro.com\/es\/produit\/hunter-rotateur-mp1000-90\/#primaryimage\",\"url\":\"https:\/\/arrosagepro.com\/wp-content\/uploads\/2025\/04\/ChatGPT-Image-21-avr.-2025-13_11_28.png\",\"contentUrl\":\"https:\/\/arrosagepro.com\/wp-content\/uploads\/2025\/04\/ChatGPT-Image-21-avr.-2025-13_11_28.png\",\"width\":1024,\"height\":1024},{\"@type\":\"BreadcrumbList\",\"@id\":\"https:\/\/arrosagepro.com\/es\/produit\/hunter-rotateur-mp1000-90\/#breadcrumb\",\"itemListElement\":[{\"@type\":\"ListItem\",\"position\":1,\"name\":\"Accueil\",\"item\":\"https:\/\/arrosagepro.com\/es\/\"},{\"@type\":\"ListItem\",\"position\":2,\"name\":\"Producir\",\"item\":\"https:\/\/arrosagepro.com\/es\/producir\/\"},{\"@type\":\"ListItem\",\"position\":3,\"name\":\"Hunter Rotateur MP1000-90\"}]},{\"@type\":\"WebSite\",\"@id\":\"https:\/\/arrosagepro.com\/es\/#website\",\"url\":\"https:\/\/arrosagepro.com\/es\/\",\"name\":\"Arrosage Pro\",\"description\":\"Arrosage Pro\",\"publisher\":{\"@id\":\"https:\/\/arrosagepro.com\/es\/#organization\"},\"potentialAction\":[{\"@type\":\"SearchAction\",\"target\":{\"@type\":\"EntryPoint\",\"urlTemplate\":\"https:\/\/arrosagepro.com\/es\/?s={search_term_string}\"},\"query-input\":{\"@type\":\"PropertyValueSpecification\",\"valueRequired\":true,\"valueName\":\"search_term_string\"}}],\"inLanguage\":\"es\"},{\"@type\":\"Organization\",\"@id\":\"https:\/\/arrosagepro.com\/es\/#organization\",\"name\":\"Arrosage Pro\",\"url\":\"https:\/\/arrosagepro.com\/es\/\",\"logo\":{\"@type\":\"ImageObject\",\"inLanguage\":\"es\",\"@id\":\"https:\/\/arrosagepro.com\/es\/#\/schema\/logo\/image\/\",\"url\":\"https:\/\/arrosagepro.com\/wp-content\/uploads\/2024\/11\/cropped-favicon.png\",\"contentUrl\":\"https:\/\/arrosagepro.com\/wp-content\/uploads\/2024\/11\/cropped-favicon.png\",\"width\":512,\"height\":512,\"caption\":\"Arrosage Pro\"},\"image\":{\"@id\":\"https:\/\/arrosagepro.com\/es\/#\/schema\/logo\/image\/\"}}]}<\/script>\n<!-- \/ Yoast SEO plugin. -->","yoast_head_json":{"title":"Hunter Rotateur MP1000-90 - Arrosage Pro","robots":{"index":"index","follow":"follow","max-snippet":"max-snippet:-1","max-image-preview":"max-image-preview:large","max-video-preview":"max-video-preview:-1"},"canonical":"https:\/\/arrosagepro.com\/es\/produit\/hunter-rotateur-mp1000-90\/","og_locale":"es_ES","og_type":"article","og_title":"Hunter Rotateur MP1000-90 - Arrosage Pro","og_description":"La buse Hunter MP1000-90 est une solution d\u2019irrigation haute efficacit\u00e9 con\u00e7ue pour offrir une couverture uniforme tout en r\u00e9duisant la consommation d\u2019eau. Adapt\u00e9e pour les syst\u00e8mes r\u00e9sidentiels ou commerciaux, elle arrose en douceur gr\u00e2ce \u00e0 ses jets rotatifs multitrajets, ce qui r\u00e9duit le ruissellement et am\u00e9liore l\u2019absorption dans le sol.  \u00ab Tous les mod\u00e8les disponibles, voir tarifs dans la section tarifs et remises \u00bb    &nbsp;  Demander devis Tarifs et remises","og_url":"https:\/\/arrosagepro.com\/es\/produit\/hunter-rotateur-mp1000-90\/","og_site_name":"Arrosage Pro","article_modified_time":"2025-04-21T11:16:22+00:00","og_image":[{"width":1024,"height":1024,"url":"https:\/\/arrosagepro.com\/wp-content\/uploads\/2025\/04\/ChatGPT-Image-21-avr.-2025-13_11_28.png","type":"image\/png"}],"twitter_card":"summary_large_image","twitter_misc":{"Tiempo de lectura":"1 minuto"},"schema":{"@context":"https:\/\/schema.org","@graph":[{"@type":"WebPage","@id":"https:\/\/arrosagepro.com\/es\/produit\/hunter-rotateur-mp1000-90\/","url":"https:\/\/arrosagepro.com\/es\/produit\/hunter-rotateur-mp1000-90\/","name":"Hunter Rotateur MP1000-90 - Arrosage Pro","isPartOf":{"@id":"https:\/\/arrosagepro.com\/es\/#website"},"primaryImageOfPage":{"@id":"https:\/\/arrosagepro.com\/es\/produit\/hunter-rotateur-mp1000-90\/#primaryimage"},"image":{"@id":"https:\/\/arrosagepro.com\/es\/produit\/hunter-rotateur-mp1000-90\/#primaryimage"},"thumbnailUrl":"https:\/\/arrosagepro.com\/wp-content\/uploads\/2025\/04\/ChatGPT-Image-21-avr.-2025-13_11_28.png","datePublished":"2025-04-21T11:00:24+00:00","dateModified":"2025-04-21T11:16:22+00:00","breadcrumb":{"@id":"https:\/\/arrosagepro.com\/es\/produit\/hunter-rotateur-mp1000-90\/#breadcrumb"},"inLanguage":"es","potentialAction":[{"@type":"ReadAction","target":["https:\/\/arrosagepro.com\/es\/produit\/hunter-rotateur-mp1000-90\/"]}]},{"@type":"ImageObject","inLanguage":"es","@id":"https:\/\/arrosagepro.com\/es\/produit\/hunter-rotateur-mp1000-90\/#primaryimage","url":"https:\/\/arrosagepro.com\/wp-content\/uploads\/2025\/04\/ChatGPT-Image-21-avr.-2025-13_11_28.png","contentUrl":"https:\/\/arrosagepro.com\/wp-content\/uploads\/2025\/04\/ChatGPT-Image-21-avr.-2025-13_11_28.png","width":1024,"height":1024},{"@type":"BreadcrumbList","@id":"https:\/\/arrosagepro.com\/es\/produit\/hunter-rotateur-mp1000-90\/#breadcrumb","itemListElement":[{"@type":"ListItem","position":1,"name":"Accueil","item":"https:\/\/arrosagepro.com\/es\/"},{"@type":"ListItem","position":2,"name":"Producir","item":"https:\/\/arrosagepro.com\/es\/producir\/"},{"@type":"ListItem","position":3,"name":"Hunter Rotateur MP1000-90"}]},{"@type":"WebSite","@id":"https:\/\/arrosagepro.com\/es\/#website","url":"https:\/\/arrosagepro.com\/es\/","name":"Arrosage Pro","description":"Arrosage Pro","publisher":{"@id":"https:\/\/arrosagepro.com\/es\/#organization"},"potentialAction":[{"@type":"SearchAction","target":{"@type":"EntryPoint","urlTemplate":"https:\/\/arrosagepro.com\/es\/?s={search_term_string}"},"query-input":{"@type":"PropertyValueSpecification","valueRequired":true,"valueName":"search_term_string"}}],"inLanguage":"es"},{"@type":"Organization","@id":"https:\/\/arrosagepro.com\/es\/#organization","name":"Arrosage Pro","url":"https:\/\/arrosagepro.com\/es\/","logo":{"@type":"ImageObject","inLanguage":"es","@id":"https:\/\/arrosagepro.com\/es\/#\/schema\/logo\/image\/","url":"https:\/\/arrosagepro.com\/wp-content\/uploads\/2024\/11\/cropped-favicon.png","contentUrl":"https:\/\/arrosagepro.com\/wp-content\/uploads\/2024\/11\/cropped-favicon.png","width":512,"height":512,"caption":"Arrosage Pro"},"image":{"@id":"https:\/\/arrosagepro.com\/es\/#\/schema\/logo\/image\/"}}]}},"_links":{"self":[{"href":"https:\/\/arrosagepro.com\/es\/wp-json\/wp\/v2\/product\/2297","targetHints":{"allow":["GET"]}}],"collection":[{"href":"https:\/\/arrosagepro.com\/es\/wp-json\/wp\/v2\/product"}],"about":[{"href":"https:\/\/arrosagepro.com\/es\/wp-json\/wp\/v2\/types\/product"}],"version-history":[{"count":2,"href":"https:\/\/arrosagepro.com\/es\/wp-json\/wp\/v2\/product\/2297\/revisions"}],"predecessor-version":[{"id":2303,"href":"https:\/\/arrosagepro.com\/es\/wp-json\/wp\/v2\/product\/2297\/revisions\/2303"}],"wp:featuredmedia":[{"embeddable":true,"href":"https:\/\/arrosagepro.com\/es\/wp-json\/wp\/v2\/media\/2300"}],"wp:attachment":[{"href":"https:\/\/arrosagepro.com\/es\/wp-json\/wp\/v2\/media?parent=2297"}],"wp:term":[{"taxonomy":"product_brand","embeddable":true,"href":"https:\/\/arrosagepro.com\/es\/wp-json\/wp\/v2\/product_brand?post=2297"},{"taxonomy":"product_cat","embeddable":true,"href":"https:\/\/arrosagepro.com\/es\/wp-json\/wp\/v2\/product_cat?post=2297"},{"taxonomy":"product_tag","embeddable":true,"href":"https:\/\/arrosagepro.com\/es\/wp-json\/wp\/v2\/product_tag?post=2297"}],"curies":[{"name":"wp","href":"https:\/\/api.w.org\/{rel}","templated":true}]}}