{"id":4660,"date":"2025-01-22T19:46:09","date_gmt":"2025-01-22T19:46:09","guid":{"rendered":"https:\/\/arrosagepro.com\/produit\/programador-hunter-btt-201\/"},"modified":"2025-04-26T19:27:11","modified_gmt":"2025-04-26T19:27:11","slug":"programador-hunter-btt-201","status":"publish","type":"product","link":"https:\/\/arrosagepro.com\/es\/produit\/programador-hunter-btt-201\/","title":{"rendered":"Programador Hunter BTT-201"},"content":{"rendered":"<p><strong>Caracter\u00edsticas principales:<\/strong><\/p>\n<ul>\n<li><strong>Control de aplicaciones m\u00f3viles<\/strong> : El BTT-201 se conecta a su tel\u00e9fono inteligente o tableta a trav\u00e9s de una aplicaci\u00f3n dedicada, lo que permite una programaci\u00f3n de riego intuitiva y personalizada.<\/li>\n<li><strong>Dos zonas de riego<\/strong> : Este modelo gestiona hasta dos zonas separadas, lo que proporciona una mayor flexibilidad para regar diferentes secciones de su espacio verde.<\/li>\n<li><strong>Programaci\u00f3n flexible<\/strong> : Ofrece tiempos de riego ajustables desde 1 segundo hasta 24 horas, con la posibilidad de configurar hasta 4 tiempos de inicio, adapt\u00e1ndose a las necesidades espec\u00edficas de su jard\u00edn.<\/li>\n<li><strong>Modo de ciclo<\/strong> : El modo de ciclo se repite continuamente dentro de las ventanas de riego definidas por el usuario, lo que garantiza un riego suave y eficiente.<\/li>\n<li><strong>Instalaci\u00f3n simple<\/strong> : El BTT-201 se conecta directamente a un grifo est\u00e1ndar de 3\/4 de pulgada (20 mm) y funciona con dos bater\u00edas 6LR61 de 9 V, lo que facilita su instalaci\u00f3n sin necesidad de cableado el\u00e9ctrico.<\/li>\n<li><strong>Clasificaci\u00f3n IP68<\/strong> : Dise\u00f1ado para soportar condiciones exteriores, el BTT-201 tiene una clasificaci\u00f3n IP68, lo que garantiza un sellado \u00f3ptimo contra el polvo y el agua.\n<div class=\"relative inline-flex items-center\"><\/div>\n<div class=\"relative inline-flex items-center\"><\/div>\n<div class=\"relative inline-flex items-center\"><\/div>\n<div class=\"relative inline-flex items-center\"><\/div>\n<div class=\"relative inline-flex items-center\"><\/div>\n<div class=\"relative inline-flex items-center\"><\/div>\n<div class=\"relative inline-flex items-center\"><\/div>\n<\/li>\n<\/ul>\n","protected":false},"excerpt":{"rendered":"<p>El <strong>Hunter BTT-201 es un<\/strong> controlador de riego de grifos controlado\u00ae por Bluetooth dise\u00f1ado para administrar de manera eficiente el riego de espacios peque\u00f1os como jardines, balcones, invernaderos, plantas en macetas, parterres, viveros y c\u00e9spedes peque\u00f1os, especialmente en \u00e1reas sin un sistema de riego subterr\u00e1neo disponible.<\/p>\n<p><img decoding=\"async\" class=\"alignnone size-medium wp-image-285\" src=\"\/wp-content\/uploads\/2024\/11\/Hunter-logo.png\" alt=\"\" width=\"300\" height=\"71\"><\/p>\n<p><a class=\"btnProdDevis\" href=\"https:\/\/arrosagepro.com\/es\/solicite-un-presupuesto\/\">Solicitar presupuesto<\/a> <a class=\"btnProdTarifs\" href=\"https:\/\/arrosagepro.com\/es\/tarifas-y-descuentos\/cazador\/\">Tarifas y descuentos<\/a><\/p>\n","protected":false},"featured_media":3207,"template":"","meta":{"_acf_changed":false,"_links_to":"","_links_to_target":""},"product_brand":[],"product_cat":[180],"product_tag":[],"class_list":{"0":"post-4660","1":"product","2":"type-product","3":"status-publish","4":"has-post-thumbnail","6":"product_cat-programadores","8":"first","9":"instock","10":"taxable","11":"shipping-taxable","12":"purchasable","13":"product-type-simple"},"acf":[],"yoast_head":"<!-- This site is optimized with the Yoast SEO plugin v26.8 - https:\/\/yoast.com\/product\/yoast-seo-wordpress\/ -->\n<title>Programador Hunter BTT-201 - Arrosage Pro<\/title>\n<meta name=\"robots\" content=\"index, follow, max-snippet:-1, max-image-preview:large, max-video-preview:-1\" \/>\n<link rel=\"canonical\" href=\"https:\/\/arrosagepro.com\/es\/produit\/programador-hunter-btt-201\/\" \/>\n<meta property=\"og:locale\" content=\"es_ES\" \/>\n<meta property=\"og:type\" content=\"article\" \/>\n<meta property=\"og:title\" content=\"Programador Hunter BTT-201 - Arrosage Pro\" \/>\n<meta property=\"og:description\" content=\"El Hunter BTT-201 es un controlador de riego de grifos controlado\u00ae por Bluetooth dise\u00f1ado para administrar de manera eficiente el riego de espacios peque\u00f1os como jardines, balcones, invernaderos, plantas en macetas, parterres, viveros y c\u00e9spedes peque\u00f1os, especialmente en \u00e1reas sin un sistema de riego subterr\u00e1neo disponible.    Solicitar presupuesto Tarifas y descuentos\" \/>\n<meta property=\"og:url\" content=\"https:\/\/arrosagepro.com\/es\/produit\/programador-hunter-btt-201\/\" \/>\n<meta property=\"og:site_name\" content=\"Arrosage Pro\" \/>\n<meta property=\"article:modified_time\" content=\"2025-04-26T19:27:11+00:00\" \/>\n<meta property=\"og:image\" content=\"https:\/\/arrosagepro.com\/wp-content\/uploads\/2025\/01\/hunter-btt-201-steuergeraet-bluetooth-wasserhahn-e1737577000513.webp\" \/>\n\t<meta property=\"og:image:width\" content=\"540\" \/>\n\t<meta property=\"og:image:height\" content=\"530\" \/>\n\t<meta property=\"og:image:type\" content=\"image\/webp\" \/>\n<meta name=\"twitter:card\" content=\"summary_large_image\" \/>\n<meta name=\"twitter:label1\" content=\"Tiempo de lectura\" \/>\n\t<meta name=\"twitter:data1\" content=\"1 minuto\" \/>\n<script type=\"application\/ld+json\" class=\"yoast-schema-graph\">{\"@context\":\"https:\/\/schema.org\",\"@graph\":[{\"@type\":\"WebPage\",\"@id\":\"https:\/\/arrosagepro.com\/es\/produit\/programador-hunter-btt-201\/\",\"url\":\"https:\/\/arrosagepro.com\/es\/produit\/programador-hunter-btt-201\/\",\"name\":\"Programador Hunter BTT-201 - Arrosage Pro\",\"isPartOf\":{\"@id\":\"https:\/\/arrosagepro.com\/es\/#website\"},\"primaryImageOfPage\":{\"@id\":\"https:\/\/arrosagepro.com\/es\/produit\/programador-hunter-btt-201\/#primaryimage\"},\"image\":{\"@id\":\"https:\/\/arrosagepro.com\/es\/produit\/programador-hunter-btt-201\/#primaryimage\"},\"thumbnailUrl\":\"https:\/\/arrosagepro.com\/wp-content\/uploads\/2025\/01\/hunter-btt-201-steuergeraet-bluetooth-wasserhahn-e1737577000513.webp\",\"datePublished\":\"2025-01-22T19:46:09+00:00\",\"dateModified\":\"2025-04-26T19:27:11+00:00\",\"breadcrumb\":{\"@id\":\"https:\/\/arrosagepro.com\/es\/produit\/programador-hunter-btt-201\/#breadcrumb\"},\"inLanguage\":\"es\",\"potentialAction\":[{\"@type\":\"ReadAction\",\"target\":[\"https:\/\/arrosagepro.com\/es\/produit\/programador-hunter-btt-201\/\"]}]},{\"@type\":\"ImageObject\",\"inLanguage\":\"es\",\"@id\":\"https:\/\/arrosagepro.com\/es\/produit\/programador-hunter-btt-201\/#primaryimage\",\"url\":\"https:\/\/arrosagepro.com\/wp-content\/uploads\/2025\/01\/hunter-btt-201-steuergeraet-bluetooth-wasserhahn-e1737577000513.webp\",\"contentUrl\":\"https:\/\/arrosagepro.com\/wp-content\/uploads\/2025\/01\/hunter-btt-201-steuergeraet-bluetooth-wasserhahn-e1737577000513.webp\",\"width\":540,\"height\":530},{\"@type\":\"BreadcrumbList\",\"@id\":\"https:\/\/arrosagepro.com\/es\/produit\/programador-hunter-btt-201\/#breadcrumb\",\"itemListElement\":[{\"@type\":\"ListItem\",\"position\":1,\"name\":\"Accueil\",\"item\":\"https:\/\/arrosagepro.com\/es\/\"},{\"@type\":\"ListItem\",\"position\":2,\"name\":\"Producir\",\"item\":\"https:\/\/arrosagepro.com\/es\/producir\/\"},{\"@type\":\"ListItem\",\"position\":3,\"name\":\"Programador Hunter BTT-201\"}]},{\"@type\":\"WebSite\",\"@id\":\"https:\/\/arrosagepro.com\/es\/#website\",\"url\":\"https:\/\/arrosagepro.com\/es\/\",\"name\":\"Arrosage Pro\",\"description\":\"Arrosage Pro\",\"publisher\":{\"@id\":\"https:\/\/arrosagepro.com\/es\/#organization\"},\"potentialAction\":[{\"@type\":\"SearchAction\",\"target\":{\"@type\":\"EntryPoint\",\"urlTemplate\":\"https:\/\/arrosagepro.com\/es\/?s={search_term_string}\"},\"query-input\":{\"@type\":\"PropertyValueSpecification\",\"valueRequired\":true,\"valueName\":\"search_term_string\"}}],\"inLanguage\":\"es\"},{\"@type\":\"Organization\",\"@id\":\"https:\/\/arrosagepro.com\/es\/#organization\",\"name\":\"Arrosage Pro\",\"url\":\"https:\/\/arrosagepro.com\/es\/\",\"logo\":{\"@type\":\"ImageObject\",\"inLanguage\":\"es\",\"@id\":\"https:\/\/arrosagepro.com\/es\/#\/schema\/logo\/image\/\",\"url\":\"https:\/\/arrosagepro.com\/wp-content\/uploads\/2024\/11\/cropped-favicon.png\",\"contentUrl\":\"https:\/\/arrosagepro.com\/wp-content\/uploads\/2024\/11\/cropped-favicon.png\",\"width\":512,\"height\":512,\"caption\":\"Arrosage Pro\"},\"image\":{\"@id\":\"https:\/\/arrosagepro.com\/es\/#\/schema\/logo\/image\/\"}}]}<\/script>\n<!-- \/ Yoast SEO plugin. -->","yoast_head_json":{"title":"Programador Hunter BTT-201 - Arrosage Pro","robots":{"index":"index","follow":"follow","max-snippet":"max-snippet:-1","max-image-preview":"max-image-preview:large","max-video-preview":"max-video-preview:-1"},"canonical":"https:\/\/arrosagepro.com\/es\/produit\/programador-hunter-btt-201\/","og_locale":"es_ES","og_type":"article","og_title":"Programador Hunter BTT-201 - Arrosage Pro","og_description":"El Hunter BTT-201 es un controlador de riego de grifos controlado\u00ae por Bluetooth dise\u00f1ado para administrar de manera eficiente el riego de espacios peque\u00f1os como jardines, balcones, invernaderos, plantas en macetas, parterres, viveros y c\u00e9spedes peque\u00f1os, especialmente en \u00e1reas sin un sistema de riego subterr\u00e1neo disponible.    Solicitar presupuesto Tarifas y descuentos","og_url":"https:\/\/arrosagepro.com\/es\/produit\/programador-hunter-btt-201\/","og_site_name":"Arrosage Pro","article_modified_time":"2025-04-26T19:27:11+00:00","og_image":[{"width":540,"height":530,"url":"https:\/\/arrosagepro.com\/wp-content\/uploads\/2025\/01\/hunter-btt-201-steuergeraet-bluetooth-wasserhahn-e1737577000513.webp","type":"image\/webp"}],"twitter_card":"summary_large_image","twitter_misc":{"Tiempo de lectura":"1 minuto"},"schema":{"@context":"https:\/\/schema.org","@graph":[{"@type":"WebPage","@id":"https:\/\/arrosagepro.com\/es\/produit\/programador-hunter-btt-201\/","url":"https:\/\/arrosagepro.com\/es\/produit\/programador-hunter-btt-201\/","name":"Programador Hunter BTT-201 - Arrosage Pro","isPartOf":{"@id":"https:\/\/arrosagepro.com\/es\/#website"},"primaryImageOfPage":{"@id":"https:\/\/arrosagepro.com\/es\/produit\/programador-hunter-btt-201\/#primaryimage"},"image":{"@id":"https:\/\/arrosagepro.com\/es\/produit\/programador-hunter-btt-201\/#primaryimage"},"thumbnailUrl":"https:\/\/arrosagepro.com\/wp-content\/uploads\/2025\/01\/hunter-btt-201-steuergeraet-bluetooth-wasserhahn-e1737577000513.webp","datePublished":"2025-01-22T19:46:09+00:00","dateModified":"2025-04-26T19:27:11+00:00","breadcrumb":{"@id":"https:\/\/arrosagepro.com\/es\/produit\/programador-hunter-btt-201\/#breadcrumb"},"inLanguage":"es","potentialAction":[{"@type":"ReadAction","target":["https:\/\/arrosagepro.com\/es\/produit\/programador-hunter-btt-201\/"]}]},{"@type":"ImageObject","inLanguage":"es","@id":"https:\/\/arrosagepro.com\/es\/produit\/programador-hunter-btt-201\/#primaryimage","url":"https:\/\/arrosagepro.com\/wp-content\/uploads\/2025\/01\/hunter-btt-201-steuergeraet-bluetooth-wasserhahn-e1737577000513.webp","contentUrl":"https:\/\/arrosagepro.com\/wp-content\/uploads\/2025\/01\/hunter-btt-201-steuergeraet-bluetooth-wasserhahn-e1737577000513.webp","width":540,"height":530},{"@type":"BreadcrumbList","@id":"https:\/\/arrosagepro.com\/es\/produit\/programador-hunter-btt-201\/#breadcrumb","itemListElement":[{"@type":"ListItem","position":1,"name":"Accueil","item":"https:\/\/arrosagepro.com\/es\/"},{"@type":"ListItem","position":2,"name":"Producir","item":"https:\/\/arrosagepro.com\/es\/producir\/"},{"@type":"ListItem","position":3,"name":"Programador Hunter BTT-201"}]},{"@type":"WebSite","@id":"https:\/\/arrosagepro.com\/es\/#website","url":"https:\/\/arrosagepro.com\/es\/","name":"Arrosage Pro","description":"Arrosage Pro","publisher":{"@id":"https:\/\/arrosagepro.com\/es\/#organization"},"potentialAction":[{"@type":"SearchAction","target":{"@type":"EntryPoint","urlTemplate":"https:\/\/arrosagepro.com\/es\/?s={search_term_string}"},"query-input":{"@type":"PropertyValueSpecification","valueRequired":true,"valueName":"search_term_string"}}],"inLanguage":"es"},{"@type":"Organization","@id":"https:\/\/arrosagepro.com\/es\/#organization","name":"Arrosage Pro","url":"https:\/\/arrosagepro.com\/es\/","logo":{"@type":"ImageObject","inLanguage":"es","@id":"https:\/\/arrosagepro.com\/es\/#\/schema\/logo\/image\/","url":"https:\/\/arrosagepro.com\/wp-content\/uploads\/2024\/11\/cropped-favicon.png","contentUrl":"https:\/\/arrosagepro.com\/wp-content\/uploads\/2024\/11\/cropped-favicon.png","width":512,"height":512,"caption":"Arrosage Pro"},"image":{"@id":"https:\/\/arrosagepro.com\/es\/#\/schema\/logo\/image\/"}}]}},"_links":{"self":[{"href":"https:\/\/arrosagepro.com\/es\/wp-json\/wp\/v2\/product\/4660","targetHints":{"allow":["GET"]}}],"collection":[{"href":"https:\/\/arrosagepro.com\/es\/wp-json\/wp\/v2\/product"}],"about":[{"href":"https:\/\/arrosagepro.com\/es\/wp-json\/wp\/v2\/types\/product"}],"version-history":[{"count":1,"href":"https:\/\/arrosagepro.com\/es\/wp-json\/wp\/v2\/product\/4660\/revisions"}],"predecessor-version":[{"id":4661,"href":"https:\/\/arrosagepro.com\/es\/wp-json\/wp\/v2\/product\/4660\/revisions\/4661"}],"wp:featuredmedia":[{"embeddable":true,"href":"https:\/\/arrosagepro.com\/es\/wp-json\/wp\/v2\/media\/3207"}],"wp:attachment":[{"href":"https:\/\/arrosagepro.com\/es\/wp-json\/wp\/v2\/media?parent=4660"}],"wp:term":[{"taxonomy":"product_brand","embeddable":true,"href":"https:\/\/arrosagepro.com\/es\/wp-json\/wp\/v2\/product_brand?post=4660"},{"taxonomy":"product_cat","embeddable":true,"href":"https:\/\/arrosagepro.com\/es\/wp-json\/wp\/v2\/product_cat?post=4660"},{"taxonomy":"product_tag","embeddable":true,"href":"https:\/\/arrosagepro.com\/es\/wp-json\/wp\/v2\/product_tag?post=4660"}],"curies":[{"name":"wp","href":"https:\/\/api.w.org\/{rel}","templated":true}]}}