{"id":4717,"date":"2025-01-23T17:28:54","date_gmt":"2025-01-23T17:28:54","guid":{"rendered":"https:\/\/arrosagepro.com\/produit\/hunter-hc-150-flow-b-caudalimetro-para-contador-de-agua-hydrawise\/"},"modified":"2025-01-23T17:28:54","modified_gmt":"2025-01-23T17:28:54","slug":"hunter-hc-150-flow-b-caudalimetro-para-contador-de-agua-hydrawise","status":"publish","type":"product","link":"https:\/\/arrosagepro.com\/es\/produit\/hunter-hc-150-flow-b-caudalimetro-para-contador-de-agua-hydrawise\/","title":{"rendered":"Hunter \u00abHC-150-FLOW-B\u00bb Caudal\u00edmetro para contador de agua \/ Hydrawise"},"content":{"rendered":"<p><strong>Caracter\u00edsticas principales:<\/strong><\/p>\n<ul>\n<li><strong>Compatibilidad con Hydrawise: Funciona<\/strong> exclusivamente con los controladores Hydrawise de Hunter, lo que garantiza una integraci\u00f3n perfecta para una gesti\u00f3n eficiente del riego.<\/li>\n<li><strong>Rango de caudal ampliado<\/strong> : Capaz de medir caudales desde 3,33 litros por minuto (caudal m\u00ednimo) hasta 250 litros por minuto (caudal m\u00e1ximo recomendado), con una precisi\u00f3n del \u00b12% del caudal medido.<\/li>\n<li><strong>Construcci\u00f3n robusta<\/strong> : Hecho de lat\u00f3n duradero con accesorios roscados macho de 11\/2 pulgadas (DN 40 mm), lo que garantiza una larga vida \u00fatil y resistencia a las condiciones exteriores.<\/li>\n<li><strong>Monitoreo proactivo<\/strong> : Detecta y env\u00eda alertas en caso de flujos anormales, como fugas o rupturas, lo que permite una intervenci\u00f3n r\u00e1pida para minimizar la p\u00e9rdida de agua.<\/li>\n<li><strong>Instalaci\u00f3n flexible<\/strong> : Se puede instalar a una distancia de hasta 300 metros del controlador utilizando un cableado blindado de 0,75 mm\u00b2 como m\u00ednimo, lo que proporciona flexibilidad de instalaci\u00f3n para adaptarse a diversas configuraciones.<\/li>\n<li><strong>Pantalla precisa<\/strong> : Equipado con un dial mec\u00e1nico que proporciona lecturas precisas del consumo de agua, con un pulso por cada 10 litros, lo que facilita el seguimiento manual de los datos.<\/li>\n<\/ul>\n","protected":false},"excerpt":{"rendered":"<p>El <strong>Hunter HC-150-FLOW-B<\/strong> es un medidor de flujo dise\u00f1ado para su uso con los controladores de riego Hunter Hydrawise. Permite monitorizar en tiempo real el caudal de agua, identificando anomal\u00edas y protegiendo el sistema de riego de fugas o roturas de tuber\u00edas. <\/p>\n<p><img decoding=\"async\" class=\"alignnone size-medium wp-image-285\" src=\"\/wp-content\/uploads\/2024\/11\/Hunter-logo.png\" alt=\"\" width=\"300\" height=\"71\"><\/p>\n<p>&nbsp;<\/p>\n<p><a class=\"btnProdDevis\" href=\"https:\/\/arrosagepro.com\/es\/solicite-un-presupuesto\/\">Solicitar presupuesto<\/a> <a class=\"btnProdTarifs\" href=\"https:\/\/arrosagepro.com\/es\/tarifas-y-descuentos\/cazador\/\">Tarifas y descuentos<\/a><\/p>\n","protected":false},"featured_media":3322,"template":"","meta":{"_acf_changed":false,"_links_to":"","_links_to_target":""},"product_brand":[],"product_cat":[107],"product_tag":[],"class_list":{"0":"post-4717","1":"product","2":"type-product","3":"status-publish","4":"has-post-thumbnail","6":"product_cat-accesorios","8":"first","9":"instock","10":"taxable","11":"shipping-taxable","12":"product-type-simple"},"acf":[],"yoast_head":"<!-- This site is optimized with the Yoast SEO plugin v26.8 - https:\/\/yoast.com\/product\/yoast-seo-wordpress\/ -->\n<title>Hunter &quot;HC-150-FLOW-B&quot; Caudal\u00edmetro para contador de agua \/ Hydrawise - Arrosage Pro<\/title>\n<meta name=\"robots\" content=\"index, follow, max-snippet:-1, max-image-preview:large, max-video-preview:-1\" \/>\n<link rel=\"canonical\" href=\"https:\/\/arrosagepro.com\/es\/produit\/hunter-hc-150-flow-b-caudalimetro-para-contador-de-agua-hydrawise\/\" \/>\n<meta property=\"og:locale\" content=\"es_ES\" \/>\n<meta property=\"og:type\" content=\"article\" \/>\n<meta property=\"og:title\" content=\"Hunter &quot;HC-150-FLOW-B&quot; Caudal\u00edmetro para contador de agua \/ Hydrawise - Arrosage Pro\" \/>\n<meta property=\"og:description\" content=\"El Hunter HC-150-FLOW-B es un medidor de flujo dise\u00f1ado para su uso con los controladores de riego Hunter Hydrawise. Permite monitorizar en tiempo real el caudal de agua, identificando anomal\u00edas y protegiendo el sistema de riego de fugas o roturas de tuber\u00edas.   &nbsp; Solicitar presupuesto Tarifas y descuentos\" \/>\n<meta property=\"og:url\" content=\"https:\/\/arrosagepro.com\/es\/produit\/hunter-hc-150-flow-b-caudalimetro-para-contador-de-agua-hydrawise\/\" \/>\n<meta property=\"og:site_name\" content=\"Arrosage Pro\" \/>\n<meta property=\"og:image\" content=\"https:\/\/arrosagepro.com\/wp-content\/uploads\/2025\/01\/przeplywomierz-hc-075-flow-b-34-hunter-do-sterownika-hydrawise.jpg\" \/>\n\t<meta property=\"og:image:width\" content=\"800\" \/>\n\t<meta property=\"og:image:height\" content=\"800\" \/>\n\t<meta property=\"og:image:type\" content=\"image\/jpeg\" \/>\n<meta name=\"twitter:card\" content=\"summary_large_image\" \/>\n<meta name=\"twitter:label1\" content=\"Tiempo de lectura\" \/>\n\t<meta name=\"twitter:data1\" content=\"1 minuto\" \/>\n<script type=\"application\/ld+json\" class=\"yoast-schema-graph\">{\"@context\":\"https:\/\/schema.org\",\"@graph\":[{\"@type\":\"WebPage\",\"@id\":\"https:\/\/arrosagepro.com\/es\/produit\/hunter-hc-150-flow-b-caudalimetro-para-contador-de-agua-hydrawise\/\",\"url\":\"https:\/\/arrosagepro.com\/es\/produit\/hunter-hc-150-flow-b-caudalimetro-para-contador-de-agua-hydrawise\/\",\"name\":\"Hunter \\\"HC-150-FLOW-B\\\" Caudal\u00edmetro para contador de agua \/ Hydrawise - Arrosage Pro\",\"isPartOf\":{\"@id\":\"https:\/\/arrosagepro.com\/es\/#website\"},\"primaryImageOfPage\":{\"@id\":\"https:\/\/arrosagepro.com\/es\/produit\/hunter-hc-150-flow-b-caudalimetro-para-contador-de-agua-hydrawise\/#primaryimage\"},\"image\":{\"@id\":\"https:\/\/arrosagepro.com\/es\/produit\/hunter-hc-150-flow-b-caudalimetro-para-contador-de-agua-hydrawise\/#primaryimage\"},\"thumbnailUrl\":\"https:\/\/arrosagepro.com\/wp-content\/uploads\/2025\/01\/przeplywomierz-hc-075-flow-b-34-hunter-do-sterownika-hydrawise.jpg\",\"datePublished\":\"2025-01-23T17:28:54+00:00\",\"breadcrumb\":{\"@id\":\"https:\/\/arrosagepro.com\/es\/produit\/hunter-hc-150-flow-b-caudalimetro-para-contador-de-agua-hydrawise\/#breadcrumb\"},\"inLanguage\":\"es\",\"potentialAction\":[{\"@type\":\"ReadAction\",\"target\":[\"https:\/\/arrosagepro.com\/es\/produit\/hunter-hc-150-flow-b-caudalimetro-para-contador-de-agua-hydrawise\/\"]}]},{\"@type\":\"ImageObject\",\"inLanguage\":\"es\",\"@id\":\"https:\/\/arrosagepro.com\/es\/produit\/hunter-hc-150-flow-b-caudalimetro-para-contador-de-agua-hydrawise\/#primaryimage\",\"url\":\"https:\/\/arrosagepro.com\/wp-content\/uploads\/2025\/01\/przeplywomierz-hc-075-flow-b-34-hunter-do-sterownika-hydrawise.jpg\",\"contentUrl\":\"https:\/\/arrosagepro.com\/wp-content\/uploads\/2025\/01\/przeplywomierz-hc-075-flow-b-34-hunter-do-sterownika-hydrawise.jpg\",\"width\":800,\"height\":800},{\"@type\":\"BreadcrumbList\",\"@id\":\"https:\/\/arrosagepro.com\/es\/produit\/hunter-hc-150-flow-b-caudalimetro-para-contador-de-agua-hydrawise\/#breadcrumb\",\"itemListElement\":[{\"@type\":\"ListItem\",\"position\":1,\"name\":\"Accueil\",\"item\":\"https:\/\/arrosagepro.com\/es\/\"},{\"@type\":\"ListItem\",\"position\":2,\"name\":\"Producir\",\"item\":\"https:\/\/arrosagepro.com\/es\/producir\/\"},{\"@type\":\"ListItem\",\"position\":3,\"name\":\"Hunter \u00ab\u00a0HC-150-FLOW-B\u00a0\u00bb Caudal\u00edmetro para contador de agua \/ Hydrawise\"}]},{\"@type\":\"WebSite\",\"@id\":\"https:\/\/arrosagepro.com\/es\/#website\",\"url\":\"https:\/\/arrosagepro.com\/es\/\",\"name\":\"Arrosage Pro\",\"description\":\"Arrosage Pro\",\"publisher\":{\"@id\":\"https:\/\/arrosagepro.com\/es\/#organization\"},\"potentialAction\":[{\"@type\":\"SearchAction\",\"target\":{\"@type\":\"EntryPoint\",\"urlTemplate\":\"https:\/\/arrosagepro.com\/es\/?s={search_term_string}\"},\"query-input\":{\"@type\":\"PropertyValueSpecification\",\"valueRequired\":true,\"valueName\":\"search_term_string\"}}],\"inLanguage\":\"es\"},{\"@type\":\"Organization\",\"@id\":\"https:\/\/arrosagepro.com\/es\/#organization\",\"name\":\"Arrosage Pro\",\"url\":\"https:\/\/arrosagepro.com\/es\/\",\"logo\":{\"@type\":\"ImageObject\",\"inLanguage\":\"es\",\"@id\":\"https:\/\/arrosagepro.com\/es\/#\/schema\/logo\/image\/\",\"url\":\"https:\/\/arrosagepro.com\/wp-content\/uploads\/2024\/11\/cropped-favicon.png\",\"contentUrl\":\"https:\/\/arrosagepro.com\/wp-content\/uploads\/2024\/11\/cropped-favicon.png\",\"width\":512,\"height\":512,\"caption\":\"Arrosage Pro\"},\"image\":{\"@id\":\"https:\/\/arrosagepro.com\/es\/#\/schema\/logo\/image\/\"}}]}<\/script>\n<!-- \/ Yoast SEO plugin. -->","yoast_head_json":{"title":"Hunter \"HC-150-FLOW-B\" Caudal\u00edmetro para contador de agua \/ Hydrawise - Arrosage Pro","robots":{"index":"index","follow":"follow","max-snippet":"max-snippet:-1","max-image-preview":"max-image-preview:large","max-video-preview":"max-video-preview:-1"},"canonical":"https:\/\/arrosagepro.com\/es\/produit\/hunter-hc-150-flow-b-caudalimetro-para-contador-de-agua-hydrawise\/","og_locale":"es_ES","og_type":"article","og_title":"Hunter \"HC-150-FLOW-B\" Caudal\u00edmetro para contador de agua \/ Hydrawise - Arrosage Pro","og_description":"El Hunter HC-150-FLOW-B es un medidor de flujo dise\u00f1ado para su uso con los controladores de riego Hunter Hydrawise. Permite monitorizar en tiempo real el caudal de agua, identificando anomal\u00edas y protegiendo el sistema de riego de fugas o roturas de tuber\u00edas.   &nbsp; Solicitar presupuesto Tarifas y descuentos","og_url":"https:\/\/arrosagepro.com\/es\/produit\/hunter-hc-150-flow-b-caudalimetro-para-contador-de-agua-hydrawise\/","og_site_name":"Arrosage Pro","og_image":[{"width":800,"height":800,"url":"https:\/\/arrosagepro.com\/wp-content\/uploads\/2025\/01\/przeplywomierz-hc-075-flow-b-34-hunter-do-sterownika-hydrawise.jpg","type":"image\/jpeg"}],"twitter_card":"summary_large_image","twitter_misc":{"Tiempo de lectura":"1 minuto"},"schema":{"@context":"https:\/\/schema.org","@graph":[{"@type":"WebPage","@id":"https:\/\/arrosagepro.com\/es\/produit\/hunter-hc-150-flow-b-caudalimetro-para-contador-de-agua-hydrawise\/","url":"https:\/\/arrosagepro.com\/es\/produit\/hunter-hc-150-flow-b-caudalimetro-para-contador-de-agua-hydrawise\/","name":"Hunter \"HC-150-FLOW-B\" Caudal\u00edmetro para contador de agua \/ Hydrawise - Arrosage Pro","isPartOf":{"@id":"https:\/\/arrosagepro.com\/es\/#website"},"primaryImageOfPage":{"@id":"https:\/\/arrosagepro.com\/es\/produit\/hunter-hc-150-flow-b-caudalimetro-para-contador-de-agua-hydrawise\/#primaryimage"},"image":{"@id":"https:\/\/arrosagepro.com\/es\/produit\/hunter-hc-150-flow-b-caudalimetro-para-contador-de-agua-hydrawise\/#primaryimage"},"thumbnailUrl":"https:\/\/arrosagepro.com\/wp-content\/uploads\/2025\/01\/przeplywomierz-hc-075-flow-b-34-hunter-do-sterownika-hydrawise.jpg","datePublished":"2025-01-23T17:28:54+00:00","breadcrumb":{"@id":"https:\/\/arrosagepro.com\/es\/produit\/hunter-hc-150-flow-b-caudalimetro-para-contador-de-agua-hydrawise\/#breadcrumb"},"inLanguage":"es","potentialAction":[{"@type":"ReadAction","target":["https:\/\/arrosagepro.com\/es\/produit\/hunter-hc-150-flow-b-caudalimetro-para-contador-de-agua-hydrawise\/"]}]},{"@type":"ImageObject","inLanguage":"es","@id":"https:\/\/arrosagepro.com\/es\/produit\/hunter-hc-150-flow-b-caudalimetro-para-contador-de-agua-hydrawise\/#primaryimage","url":"https:\/\/arrosagepro.com\/wp-content\/uploads\/2025\/01\/przeplywomierz-hc-075-flow-b-34-hunter-do-sterownika-hydrawise.jpg","contentUrl":"https:\/\/arrosagepro.com\/wp-content\/uploads\/2025\/01\/przeplywomierz-hc-075-flow-b-34-hunter-do-sterownika-hydrawise.jpg","width":800,"height":800},{"@type":"BreadcrumbList","@id":"https:\/\/arrosagepro.com\/es\/produit\/hunter-hc-150-flow-b-caudalimetro-para-contador-de-agua-hydrawise\/#breadcrumb","itemListElement":[{"@type":"ListItem","position":1,"name":"Accueil","item":"https:\/\/arrosagepro.com\/es\/"},{"@type":"ListItem","position":2,"name":"Producir","item":"https:\/\/arrosagepro.com\/es\/producir\/"},{"@type":"ListItem","position":3,"name":"Hunter \u00ab\u00a0HC-150-FLOW-B\u00a0\u00bb Caudal\u00edmetro para contador de agua \/ Hydrawise"}]},{"@type":"WebSite","@id":"https:\/\/arrosagepro.com\/es\/#website","url":"https:\/\/arrosagepro.com\/es\/","name":"Arrosage Pro","description":"Arrosage Pro","publisher":{"@id":"https:\/\/arrosagepro.com\/es\/#organization"},"potentialAction":[{"@type":"SearchAction","target":{"@type":"EntryPoint","urlTemplate":"https:\/\/arrosagepro.com\/es\/?s={search_term_string}"},"query-input":{"@type":"PropertyValueSpecification","valueRequired":true,"valueName":"search_term_string"}}],"inLanguage":"es"},{"@type":"Organization","@id":"https:\/\/arrosagepro.com\/es\/#organization","name":"Arrosage Pro","url":"https:\/\/arrosagepro.com\/es\/","logo":{"@type":"ImageObject","inLanguage":"es","@id":"https:\/\/arrosagepro.com\/es\/#\/schema\/logo\/image\/","url":"https:\/\/arrosagepro.com\/wp-content\/uploads\/2024\/11\/cropped-favicon.png","contentUrl":"https:\/\/arrosagepro.com\/wp-content\/uploads\/2024\/11\/cropped-favicon.png","width":512,"height":512,"caption":"Arrosage Pro"},"image":{"@id":"https:\/\/arrosagepro.com\/es\/#\/schema\/logo\/image\/"}}]}},"_links":{"self":[{"href":"https:\/\/arrosagepro.com\/es\/wp-json\/wp\/v2\/product\/4717","targetHints":{"allow":["GET"]}}],"collection":[{"href":"https:\/\/arrosagepro.com\/es\/wp-json\/wp\/v2\/product"}],"about":[{"href":"https:\/\/arrosagepro.com\/es\/wp-json\/wp\/v2\/types\/product"}],"version-history":[{"count":0,"href":"https:\/\/arrosagepro.com\/es\/wp-json\/wp\/v2\/product\/4717\/revisions"}],"wp:featuredmedia":[{"embeddable":true,"href":"https:\/\/arrosagepro.com\/es\/wp-json\/wp\/v2\/media\/3322"}],"wp:attachment":[{"href":"https:\/\/arrosagepro.com\/es\/wp-json\/wp\/v2\/media?parent=4717"}],"wp:term":[{"taxonomy":"product_brand","embeddable":true,"href":"https:\/\/arrosagepro.com\/es\/wp-json\/wp\/v2\/product_brand?post=4717"},{"taxonomy":"product_cat","embeddable":true,"href":"https:\/\/arrosagepro.com\/es\/wp-json\/wp\/v2\/product_cat?post=4717"},{"taxonomy":"product_tag","embeddable":true,"href":"https:\/\/arrosagepro.com\/es\/wp-json\/wp\/v2\/product_tag?post=4717"}],"curies":[{"name":"wp","href":"https:\/\/api.w.org\/{rel}","templated":true}]}}