{"id":4727,"date":"2025-01-24T17:33:07","date_gmt":"2025-01-24T17:33:07","guid":{"rendered":"https:\/\/arrosagepro.com\/produit\/valvula-solenoide-rain-bird-100-hv-h01000\/"},"modified":"2025-04-26T20:08:48","modified_gmt":"2025-04-26T20:08:48","slug":"valvula-solenoide-rain-bird-100-hv-h01000","status":"publish","type":"product","link":"https:\/\/arrosagepro.com\/es\/produit\/valvula-solenoide-rain-bird-100-hv-h01000\/","title":{"rendered":"V\u00e1lvula solenoide Rain Bird 100-HV \/H01000"},"content":{"rendered":"<p><strong>Caracter\u00edsticas principales:<\/strong><\/p>\n<ul>\n<li><strong>Dise\u00f1o compacto: Con<\/strong> un radio de giro de 6,4 cm, esta v\u00e1lvula es ideal para espacios reducidos, ya que permite instalar varias v\u00e1lvulas en un solo pozo de inspecci\u00f3n.<\/li>\n<li><strong>Diafragma asim\u00e9trico<\/strong> : La membrana exc\u00e9ntrica patentada Buna-N garantiza un cierre suave, reduciendo el golpe de ariete y mejorando la longevidad del sistema.<\/li>\n<li><strong>Materiales de alta resistencia<\/strong> : El cuerpo de polipropileno reforzado con fibra de vidrio le da a la v\u00e1lvula solenoide una mayor resistencia a condiciones adversas y una mayor durabilidad.<\/li>\n<li><strong>Versatilidad: Funciona<\/strong> eficazmente en aplicaciones de riego por goteo y de bajo caudal cuando se instala un filtro de malla 200 aguas arriba.<\/li>\n<li><strong>Mantenimiento simplificado<\/strong> : Los tornillos cautivos multiusos permiten un f\u00e1cil acceso y una r\u00e1pida extracci\u00f3n de la tapa, lo que facilita el mantenimiento.<\/li>\n<li><strong>Purga externa e interna<\/strong> : La purga externa permite lavar manualmente el sistema de impurezas durante la instalaci\u00f3n y la puesta en marcha, mientras que la purga interna ofrece apertura manual sin fugas de agua.\n<div class=\"relative inline-flex items-center\"><\/div>\n<div class=\"relative inline-flex items-center\"><\/div>\n<\/li>\n<\/ul>\n","protected":false},"excerpt":{"rendered":"<p>La v\u00e1lvula solenoide Rain Bird 100-HV est\u00e1 dise\u00f1ada para sistemas de riego residenciales y comerciales, proporcionando la combinaci\u00f3n perfecta de confiabilidad, durabilidad y rendimiento. Gracias a su dise\u00f1o compacto y robusto fabricado en polipropileno reforzado con fibra de vidrio, se adapta f\u00e1cilmente a instalaciones en espacios reducidos. Con un diafragma asim\u00e9trico patentado y un drenaje externo e interno, permite un cierre suave, reduce el golpe de ariete y facilita el mantenimiento, al tiempo que garantiza un funcionamiento \u00f3ptimo incluso en condiciones adversas. Es una soluci\u00f3n ideal tanto para aplicaciones de riego est\u00e1ndar como de goteo.   <\/p>\n<p><img decoding=\"async\" class=\"alignnone size-medium wp-image-285\" src=\"\/wp-content\/uploads\/2024\/12\/rainbird-logo.png\" alt=\"\" width=\"300\" height=\"71\"><\/p>\n<p>&nbsp;<\/p>\n<p><a class=\"btnProdDevis\" href=\"https:\/\/arrosagepro.com\/es\/solicite-un-presupuesto\/\">Solicitar presupuesto<\/a> <a class=\"btnProdTarifs\" href=\"https:\/\/arrosagepro.com\/es\/tarifas-y-descuentos\/pajaro-de-lluvia\/\">Tarifas y descuentos<\/a><\/p>\n","protected":false},"featured_media":3362,"template":"","meta":{"_acf_changed":false,"_links_to":"","_links_to_target":""},"product_brand":[],"product_cat":[178],"product_tag":[],"class_list":{"0":"post-4727","1":"product","2":"type-product","3":"status-publish","4":"has-post-thumbnail","6":"product_cat-valvulas","8":"first","9":"instock","10":"taxable","11":"shipping-taxable","12":"purchasable","13":"product-type-simple"},"acf":[],"yoast_head":"<!-- This site is optimized with the Yoast SEO plugin v26.8 - https:\/\/yoast.com\/product\/yoast-seo-wordpress\/ -->\n<title>V\u00e1lvula solenoide Rain Bird 100-HV \/H01000 - Arrosage Pro<\/title>\n<meta name=\"robots\" content=\"index, follow, max-snippet:-1, max-image-preview:large, max-video-preview:-1\" \/>\n<link rel=\"canonical\" href=\"https:\/\/arrosagepro.com\/es\/produit\/valvula-solenoide-rain-bird-100-hv-h01000\/\" \/>\n<meta property=\"og:locale\" content=\"es_ES\" \/>\n<meta property=\"og:type\" content=\"article\" \/>\n<meta property=\"og:title\" content=\"V\u00e1lvula solenoide Rain Bird 100-HV \/H01000 - Arrosage Pro\" \/>\n<meta property=\"og:description\" content=\"La v\u00e1lvula solenoide Rain Bird 100-HV est\u00e1 dise\u00f1ada para sistemas de riego residenciales y comerciales, proporcionando la combinaci\u00f3n perfecta de confiabilidad, durabilidad y rendimiento. Gracias a su dise\u00f1o compacto y robusto fabricado en polipropileno reforzado con fibra de vidrio, se adapta f\u00e1cilmente a instalaciones en espacios reducidos. Con un diafragma asim\u00e9trico patentado y un drenaje externo e interno, permite un cierre suave, reduce el golpe de ariete y facilita el mantenimiento, al tiempo que garantiza un funcionamiento \u00f3ptimo incluso en condiciones adversas. Es una soluci\u00f3n ideal tanto para aplicaciones de riego est\u00e1ndar como de goteo.    &nbsp; Solicitar presupuesto Tarifas y descuentos\" \/>\n<meta property=\"og:url\" content=\"https:\/\/arrosagepro.com\/es\/produit\/valvula-solenoide-rain-bird-100-hv-h01000\/\" \/>\n<meta property=\"og:site_name\" content=\"Arrosage Pro\" \/>\n<meta property=\"article:modified_time\" content=\"2025-04-26T20:08:48+00:00\" \/>\n<meta property=\"og:image\" content=\"https:\/\/arrosagepro.com\/wp-content\/uploads\/2025\/01\/ehlektromagnitnyj-klapan-rain-bird-100-hv-1000x1000-1.jpg\" \/>\n\t<meta property=\"og:image:width\" content=\"1000\" \/>\n\t<meta property=\"og:image:height\" content=\"1000\" \/>\n\t<meta property=\"og:image:type\" content=\"image\/jpeg\" \/>\n<meta name=\"twitter:card\" content=\"summary_large_image\" \/>\n<meta name=\"twitter:label1\" content=\"Tiempo de lectura\" \/>\n\t<meta name=\"twitter:data1\" content=\"1 minuto\" \/>\n<script type=\"application\/ld+json\" class=\"yoast-schema-graph\">{\"@context\":\"https:\/\/schema.org\",\"@graph\":[{\"@type\":\"WebPage\",\"@id\":\"https:\/\/arrosagepro.com\/es\/produit\/valvula-solenoide-rain-bird-100-hv-h01000\/\",\"url\":\"https:\/\/arrosagepro.com\/es\/produit\/valvula-solenoide-rain-bird-100-hv-h01000\/\",\"name\":\"V\u00e1lvula solenoide Rain Bird 100-HV \/H01000 - Arrosage Pro\",\"isPartOf\":{\"@id\":\"https:\/\/arrosagepro.com\/es\/#website\"},\"primaryImageOfPage\":{\"@id\":\"https:\/\/arrosagepro.com\/es\/produit\/valvula-solenoide-rain-bird-100-hv-h01000\/#primaryimage\"},\"image\":{\"@id\":\"https:\/\/arrosagepro.com\/es\/produit\/valvula-solenoide-rain-bird-100-hv-h01000\/#primaryimage\"},\"thumbnailUrl\":\"https:\/\/arrosagepro.com\/wp-content\/uploads\/2025\/01\/ehlektromagnitnyj-klapan-rain-bird-100-hv-1000x1000-1.jpg\",\"datePublished\":\"2025-01-24T17:33:07+00:00\",\"dateModified\":\"2025-04-26T20:08:48+00:00\",\"breadcrumb\":{\"@id\":\"https:\/\/arrosagepro.com\/es\/produit\/valvula-solenoide-rain-bird-100-hv-h01000\/#breadcrumb\"},\"inLanguage\":\"es\",\"potentialAction\":[{\"@type\":\"ReadAction\",\"target\":[\"https:\/\/arrosagepro.com\/es\/produit\/valvula-solenoide-rain-bird-100-hv-h01000\/\"]}]},{\"@type\":\"ImageObject\",\"inLanguage\":\"es\",\"@id\":\"https:\/\/arrosagepro.com\/es\/produit\/valvula-solenoide-rain-bird-100-hv-h01000\/#primaryimage\",\"url\":\"https:\/\/arrosagepro.com\/wp-content\/uploads\/2025\/01\/ehlektromagnitnyj-klapan-rain-bird-100-hv-1000x1000-1.jpg\",\"contentUrl\":\"https:\/\/arrosagepro.com\/wp-content\/uploads\/2025\/01\/ehlektromagnitnyj-klapan-rain-bird-100-hv-1000x1000-1.jpg\",\"width\":1000,\"height\":1000},{\"@type\":\"BreadcrumbList\",\"@id\":\"https:\/\/arrosagepro.com\/es\/produit\/valvula-solenoide-rain-bird-100-hv-h01000\/#breadcrumb\",\"itemListElement\":[{\"@type\":\"ListItem\",\"position\":1,\"name\":\"Accueil\",\"item\":\"https:\/\/arrosagepro.com\/es\/\"},{\"@type\":\"ListItem\",\"position\":2,\"name\":\"Producir\",\"item\":\"https:\/\/arrosagepro.com\/es\/producir\/\"},{\"@type\":\"ListItem\",\"position\":3,\"name\":\"V\u00e1lvula solenoide Rain Bird 100-HV \/H01000\"}]},{\"@type\":\"WebSite\",\"@id\":\"https:\/\/arrosagepro.com\/es\/#website\",\"url\":\"https:\/\/arrosagepro.com\/es\/\",\"name\":\"Arrosage Pro\",\"description\":\"Arrosage Pro\",\"publisher\":{\"@id\":\"https:\/\/arrosagepro.com\/es\/#organization\"},\"potentialAction\":[{\"@type\":\"SearchAction\",\"target\":{\"@type\":\"EntryPoint\",\"urlTemplate\":\"https:\/\/arrosagepro.com\/es\/?s={search_term_string}\"},\"query-input\":{\"@type\":\"PropertyValueSpecification\",\"valueRequired\":true,\"valueName\":\"search_term_string\"}}],\"inLanguage\":\"es\"},{\"@type\":\"Organization\",\"@id\":\"https:\/\/arrosagepro.com\/es\/#organization\",\"name\":\"Arrosage Pro\",\"url\":\"https:\/\/arrosagepro.com\/es\/\",\"logo\":{\"@type\":\"ImageObject\",\"inLanguage\":\"es\",\"@id\":\"https:\/\/arrosagepro.com\/es\/#\/schema\/logo\/image\/\",\"url\":\"https:\/\/arrosagepro.com\/wp-content\/uploads\/2024\/11\/cropped-favicon.png\",\"contentUrl\":\"https:\/\/arrosagepro.com\/wp-content\/uploads\/2024\/11\/cropped-favicon.png\",\"width\":512,\"height\":512,\"caption\":\"Arrosage Pro\"},\"image\":{\"@id\":\"https:\/\/arrosagepro.com\/es\/#\/schema\/logo\/image\/\"}}]}<\/script>\n<!-- \/ Yoast SEO plugin. -->","yoast_head_json":{"title":"V\u00e1lvula solenoide Rain Bird 100-HV \/H01000 - Arrosage Pro","robots":{"index":"index","follow":"follow","max-snippet":"max-snippet:-1","max-image-preview":"max-image-preview:large","max-video-preview":"max-video-preview:-1"},"canonical":"https:\/\/arrosagepro.com\/es\/produit\/valvula-solenoide-rain-bird-100-hv-h01000\/","og_locale":"es_ES","og_type":"article","og_title":"V\u00e1lvula solenoide Rain Bird 100-HV \/H01000 - Arrosage Pro","og_description":"La v\u00e1lvula solenoide Rain Bird 100-HV est\u00e1 dise\u00f1ada para sistemas de riego residenciales y comerciales, proporcionando la combinaci\u00f3n perfecta de confiabilidad, durabilidad y rendimiento. Gracias a su dise\u00f1o compacto y robusto fabricado en polipropileno reforzado con fibra de vidrio, se adapta f\u00e1cilmente a instalaciones en espacios reducidos. Con un diafragma asim\u00e9trico patentado y un drenaje externo e interno, permite un cierre suave, reduce el golpe de ariete y facilita el mantenimiento, al tiempo que garantiza un funcionamiento \u00f3ptimo incluso en condiciones adversas. Es una soluci\u00f3n ideal tanto para aplicaciones de riego est\u00e1ndar como de goteo.    &nbsp; Solicitar presupuesto Tarifas y descuentos","og_url":"https:\/\/arrosagepro.com\/es\/produit\/valvula-solenoide-rain-bird-100-hv-h01000\/","og_site_name":"Arrosage Pro","article_modified_time":"2025-04-26T20:08:48+00:00","og_image":[{"width":1000,"height":1000,"url":"https:\/\/arrosagepro.com\/wp-content\/uploads\/2025\/01\/ehlektromagnitnyj-klapan-rain-bird-100-hv-1000x1000-1.jpg","type":"image\/jpeg"}],"twitter_card":"summary_large_image","twitter_misc":{"Tiempo de lectura":"1 minuto"},"schema":{"@context":"https:\/\/schema.org","@graph":[{"@type":"WebPage","@id":"https:\/\/arrosagepro.com\/es\/produit\/valvula-solenoide-rain-bird-100-hv-h01000\/","url":"https:\/\/arrosagepro.com\/es\/produit\/valvula-solenoide-rain-bird-100-hv-h01000\/","name":"V\u00e1lvula solenoide Rain Bird 100-HV \/H01000 - Arrosage Pro","isPartOf":{"@id":"https:\/\/arrosagepro.com\/es\/#website"},"primaryImageOfPage":{"@id":"https:\/\/arrosagepro.com\/es\/produit\/valvula-solenoide-rain-bird-100-hv-h01000\/#primaryimage"},"image":{"@id":"https:\/\/arrosagepro.com\/es\/produit\/valvula-solenoide-rain-bird-100-hv-h01000\/#primaryimage"},"thumbnailUrl":"https:\/\/arrosagepro.com\/wp-content\/uploads\/2025\/01\/ehlektromagnitnyj-klapan-rain-bird-100-hv-1000x1000-1.jpg","datePublished":"2025-01-24T17:33:07+00:00","dateModified":"2025-04-26T20:08:48+00:00","breadcrumb":{"@id":"https:\/\/arrosagepro.com\/es\/produit\/valvula-solenoide-rain-bird-100-hv-h01000\/#breadcrumb"},"inLanguage":"es","potentialAction":[{"@type":"ReadAction","target":["https:\/\/arrosagepro.com\/es\/produit\/valvula-solenoide-rain-bird-100-hv-h01000\/"]}]},{"@type":"ImageObject","inLanguage":"es","@id":"https:\/\/arrosagepro.com\/es\/produit\/valvula-solenoide-rain-bird-100-hv-h01000\/#primaryimage","url":"https:\/\/arrosagepro.com\/wp-content\/uploads\/2025\/01\/ehlektromagnitnyj-klapan-rain-bird-100-hv-1000x1000-1.jpg","contentUrl":"https:\/\/arrosagepro.com\/wp-content\/uploads\/2025\/01\/ehlektromagnitnyj-klapan-rain-bird-100-hv-1000x1000-1.jpg","width":1000,"height":1000},{"@type":"BreadcrumbList","@id":"https:\/\/arrosagepro.com\/es\/produit\/valvula-solenoide-rain-bird-100-hv-h01000\/#breadcrumb","itemListElement":[{"@type":"ListItem","position":1,"name":"Accueil","item":"https:\/\/arrosagepro.com\/es\/"},{"@type":"ListItem","position":2,"name":"Producir","item":"https:\/\/arrosagepro.com\/es\/producir\/"},{"@type":"ListItem","position":3,"name":"V\u00e1lvula solenoide Rain Bird 100-HV \/H01000"}]},{"@type":"WebSite","@id":"https:\/\/arrosagepro.com\/es\/#website","url":"https:\/\/arrosagepro.com\/es\/","name":"Arrosage Pro","description":"Arrosage Pro","publisher":{"@id":"https:\/\/arrosagepro.com\/es\/#organization"},"potentialAction":[{"@type":"SearchAction","target":{"@type":"EntryPoint","urlTemplate":"https:\/\/arrosagepro.com\/es\/?s={search_term_string}"},"query-input":{"@type":"PropertyValueSpecification","valueRequired":true,"valueName":"search_term_string"}}],"inLanguage":"es"},{"@type":"Organization","@id":"https:\/\/arrosagepro.com\/es\/#organization","name":"Arrosage Pro","url":"https:\/\/arrosagepro.com\/es\/","logo":{"@type":"ImageObject","inLanguage":"es","@id":"https:\/\/arrosagepro.com\/es\/#\/schema\/logo\/image\/","url":"https:\/\/arrosagepro.com\/wp-content\/uploads\/2024\/11\/cropped-favicon.png","contentUrl":"https:\/\/arrosagepro.com\/wp-content\/uploads\/2024\/11\/cropped-favicon.png","width":512,"height":512,"caption":"Arrosage Pro"},"image":{"@id":"https:\/\/arrosagepro.com\/es\/#\/schema\/logo\/image\/"}}]}},"_links":{"self":[{"href":"https:\/\/arrosagepro.com\/es\/wp-json\/wp\/v2\/product\/4727","targetHints":{"allow":["GET"]}}],"collection":[{"href":"https:\/\/arrosagepro.com\/es\/wp-json\/wp\/v2\/product"}],"about":[{"href":"https:\/\/arrosagepro.com\/es\/wp-json\/wp\/v2\/types\/product"}],"version-history":[{"count":1,"href":"https:\/\/arrosagepro.com\/es\/wp-json\/wp\/v2\/product\/4727\/revisions"}],"predecessor-version":[{"id":4728,"href":"https:\/\/arrosagepro.com\/es\/wp-json\/wp\/v2\/product\/4727\/revisions\/4728"}],"wp:featuredmedia":[{"embeddable":true,"href":"https:\/\/arrosagepro.com\/es\/wp-json\/wp\/v2\/media\/3362"}],"wp:attachment":[{"href":"https:\/\/arrosagepro.com\/es\/wp-json\/wp\/v2\/media?parent=4727"}],"wp:term":[{"taxonomy":"product_brand","embeddable":true,"href":"https:\/\/arrosagepro.com\/es\/wp-json\/wp\/v2\/product_brand?post=4727"},{"taxonomy":"product_cat","embeddable":true,"href":"https:\/\/arrosagepro.com\/es\/wp-json\/wp\/v2\/product_cat?post=4727"},{"taxonomy":"product_tag","embeddable":true,"href":"https:\/\/arrosagepro.com\/es\/wp-json\/wp\/v2\/product_tag?post=4727"}],"curies":[{"name":"wp","href":"https:\/\/api.w.org\/{rel}","templated":true}]}}