{"id":4791,"date":"2025-02-02T09:16:53","date_gmt":"2025-02-02T09:16:53","guid":{"rendered":"https:\/\/arrosagepro.com\/produit\/controlador-solem-smart-is-6-de-24-voltios\/"},"modified":"2025-02-02T09:16:53","modified_gmt":"2025-02-02T09:16:53","slug":"controlador-solem-smart-is-6-de-24-voltios","status":"publish","type":"product","link":"https:\/\/arrosagepro.com\/es\/produit\/controlador-solem-smart-is-6-de-24-voltios\/","title":{"rendered":"Controlador Solem SMART-IS 6 de 24 voltios"},"content":{"rendered":"<p><strong>Caracter\u00edsticas principales:<\/strong><\/p>\n<ul>\n<li><strong>Conectividad Wi-Fi y Bluetooth\u00ae<\/strong> : Controle y programe su riego de forma remota desde su tel\u00e9fono inteligente o tableta, ya sea localmente a trav\u00e9s de Bluetooth\u00ae o de forma remota a trav\u00e9s de Wi-Fi.<\/li>\n<li><strong>Adaptaci\u00f3n autom\u00e1tica del clima<\/strong> : El SMART-IS est\u00e1 conectado a las previsiones meteorol\u00f3gicas locales y ajusta autom\u00e1ticamente los horarios de riego en funci\u00f3n de las condiciones meteorol\u00f3gicas, lo que se traduce en un importante ahorro de agua.<\/li>\n<li><strong>6 Gesti\u00f3n de zonas de riego<\/strong> : Este modelo puede controlar hasta 6 estaciones, cada una de las cuales se puede programar individualmente para satisfacer las necesidades espec\u00edficas de las diferentes \u00e1reas de su jard\u00edn.<\/li>\n<li><strong>Compatibilidad de electrov\u00e1lvulas de 24 V<\/strong> : El controlador es compatible con electrov\u00e1lvulas de 24 V de varias marcas, lo que facilita su integraci\u00f3n en los sistemas de riego existentes.<\/li>\n<li><strong>Entrada de sensor<\/strong> : Tiene una entrada dedicada para conectar un medidor de flujo, una sonda de lluvia o un interruptor de presi\u00f3n, lo que proporciona un mayor monitoreo del uso del agua y la capacidad de dejar de regar en caso de lluvia.<\/li>\n<li><strong>Aplicaci\u00f3n MySOLEM<\/strong> : Con la aplicaci\u00f3n MySOLEM, puede crear, editar y administrar f\u00e1cilmente sus programas de riego, recibir notificaciones y monitorear el uso del agua en tiempo real.\n<div class=\"relative inline-flex items-center\"><\/div>\n<div class=\"relative inline-flex items-center\"><\/div>\n<div class=\"relative inline-flex items-center\"><\/div>\n<div class=\"relative inline-flex items-center\"><\/div>\n<div class=\"relative inline-flex items-center\"><\/div>\n<div class=\"relative inline-flex items-center\"><\/div>\n<div class=\"relative inline-flex items-center\"><\/div>\n<\/li>\n<\/ul>\n","protected":false},"excerpt":{"rendered":"<p>El <strong>temporizador Solem SMART-IS 6 de 24 voltios<\/strong> es un temporizador de riego avanzado dise\u00f1ado para automatizar y optimizar el riego de sus espacios verdes. Alimentado por la red el\u00e9ctrica con una fuente de alimentaci\u00f3n de 24 V, integra tecnolog\u00edas Wi-Fi y Bluetooth\u00ae, lo que permite la gesti\u00f3n remota a trav\u00e9s de la aplicaci\u00f3n m\u00f3vil MySOLEM, disponible en iOS y Android. Este controlador es ideal para jardines residenciales, parques y campos deportivos.<\/p>\n<p><img decoding=\"async\" class=\"alignnone wp-image-285 size-medium\" src=\"https:\/\/arrosagepro.com\/wp-content\/uploads\/2024\/11\/logo-solem-300x71.png\" alt=\"Solem\" width=\"300\" height=\"71\" srcset=\"https:\/\/arrosagepro.com\/wp-content\/uploads\/2024\/11\/logo-solem-300x71.png 300w, https:\/\/arrosagepro.com\/wp-content\/uploads\/2024\/11\/logo-solem.png 494w\" sizes=\"(max-width: 300px) 100vw, 300px\" \/><\/p>\n<p>&nbsp;<\/p>\n<p><a class=\"btnProdDevis\" href=\"https:\/\/arrosagepro.com\/es\/solicite-un-presupuesto\/\">Solicitar presupuesto<\/a> <a class=\"btnProdTarifs\" href=\"https:\/\/arrosagepro.com\/es\/tarifas-y-descuentos\/solem\/\">Tarifas y descuentos<\/a><\/p>\n","protected":false},"featured_media":3452,"template":"","meta":{"_acf_changed":false,"_links_to":"","_links_to_target":""},"product_brand":[],"product_cat":[180],"product_tag":[],"class_list":{"0":"post-4791","1":"product","2":"type-product","3":"status-publish","4":"has-post-thumbnail","6":"product_cat-programadores","8":"first","9":"instock","10":"taxable","11":"shipping-taxable","12":"purchasable","13":"product-type-simple"},"acf":[],"yoast_head":"<!-- This site is optimized with the Yoast SEO plugin v26.8 - https:\/\/yoast.com\/product\/yoast-seo-wordpress\/ -->\n<title>Controlador Solem SMART-IS 6 de 24 voltios - Arrosage Pro<\/title>\n<meta name=\"robots\" content=\"index, follow, max-snippet:-1, max-image-preview:large, max-video-preview:-1\" \/>\n<link rel=\"canonical\" href=\"https:\/\/arrosagepro.com\/es\/produit\/controlador-solem-smart-is-6-de-24-voltios\/\" \/>\n<meta property=\"og:locale\" content=\"es_ES\" \/>\n<meta property=\"og:type\" content=\"article\" \/>\n<meta property=\"og:title\" content=\"Controlador Solem SMART-IS 6 de 24 voltios - Arrosage Pro\" \/>\n<meta property=\"og:description\" content=\"El temporizador Solem SMART-IS 6 de 24 voltios es un temporizador de riego avanzado dise\u00f1ado para automatizar y optimizar el riego de sus espacios verdes. Alimentado por la red el\u00e9ctrica con una fuente de alimentaci\u00f3n de 24 V, integra tecnolog\u00edas Wi-Fi y Bluetooth\u00ae, lo que permite la gesti\u00f3n remota a trav\u00e9s de la aplicaci\u00f3n m\u00f3vil MySOLEM, disponible en iOS y Android. Este controlador es ideal para jardines residenciales, parques y campos deportivos.  &nbsp; Solicitar presupuesto Tarifas y descuentos\" \/>\n<meta property=\"og:url\" content=\"https:\/\/arrosagepro.com\/es\/produit\/controlador-solem-smart-is-6-de-24-voltios\/\" \/>\n<meta property=\"og:site_name\" content=\"Arrosage Pro\" \/>\n<meta property=\"og:image\" content=\"https:\/\/arrosagepro.com\/wp-content\/uploads\/2025\/02\/d264357f2414c2230f5ee7ffd46ce9d9.webp\" \/>\n\t<meta property=\"og:image:width\" content=\"650\" \/>\n\t<meta property=\"og:image:height\" content=\"650\" \/>\n\t<meta property=\"og:image:type\" content=\"image\/webp\" \/>\n<meta name=\"twitter:card\" content=\"summary_large_image\" \/>\n<meta name=\"twitter:label1\" content=\"Tiempo de lectura\" \/>\n\t<meta name=\"twitter:data1\" content=\"1 minuto\" \/>\n<script type=\"application\/ld+json\" class=\"yoast-schema-graph\">{\"@context\":\"https:\/\/schema.org\",\"@graph\":[{\"@type\":\"WebPage\",\"@id\":\"https:\/\/arrosagepro.com\/es\/produit\/controlador-solem-smart-is-6-de-24-voltios\/\",\"url\":\"https:\/\/arrosagepro.com\/es\/produit\/controlador-solem-smart-is-6-de-24-voltios\/\",\"name\":\"Controlador Solem SMART-IS 6 de 24 voltios - Arrosage Pro\",\"isPartOf\":{\"@id\":\"https:\/\/arrosagepro.com\/es\/#website\"},\"primaryImageOfPage\":{\"@id\":\"https:\/\/arrosagepro.com\/es\/produit\/controlador-solem-smart-is-6-de-24-voltios\/#primaryimage\"},\"image\":{\"@id\":\"https:\/\/arrosagepro.com\/es\/produit\/controlador-solem-smart-is-6-de-24-voltios\/#primaryimage\"},\"thumbnailUrl\":\"https:\/\/arrosagepro.com\/wp-content\/uploads\/2025\/02\/d264357f2414c2230f5ee7ffd46ce9d9.webp\",\"datePublished\":\"2025-02-02T09:16:53+00:00\",\"breadcrumb\":{\"@id\":\"https:\/\/arrosagepro.com\/es\/produit\/controlador-solem-smart-is-6-de-24-voltios\/#breadcrumb\"},\"inLanguage\":\"es\",\"potentialAction\":[{\"@type\":\"ReadAction\",\"target\":[\"https:\/\/arrosagepro.com\/es\/produit\/controlador-solem-smart-is-6-de-24-voltios\/\"]}]},{\"@type\":\"ImageObject\",\"inLanguage\":\"es\",\"@id\":\"https:\/\/arrosagepro.com\/es\/produit\/controlador-solem-smart-is-6-de-24-voltios\/#primaryimage\",\"url\":\"https:\/\/arrosagepro.com\/wp-content\/uploads\/2025\/02\/d264357f2414c2230f5ee7ffd46ce9d9.webp\",\"contentUrl\":\"https:\/\/arrosagepro.com\/wp-content\/uploads\/2025\/02\/d264357f2414c2230f5ee7ffd46ce9d9.webp\",\"width\":650,\"height\":650},{\"@type\":\"BreadcrumbList\",\"@id\":\"https:\/\/arrosagepro.com\/es\/produit\/controlador-solem-smart-is-6-de-24-voltios\/#breadcrumb\",\"itemListElement\":[{\"@type\":\"ListItem\",\"position\":1,\"name\":\"Accueil\",\"item\":\"https:\/\/arrosagepro.com\/es\/\"},{\"@type\":\"ListItem\",\"position\":2,\"name\":\"Producir\",\"item\":\"https:\/\/arrosagepro.com\/es\/producir\/\"},{\"@type\":\"ListItem\",\"position\":3,\"name\":\"Controlador Solem SMART-IS 6 de 24 voltios\"}]},{\"@type\":\"WebSite\",\"@id\":\"https:\/\/arrosagepro.com\/es\/#website\",\"url\":\"https:\/\/arrosagepro.com\/es\/\",\"name\":\"Arrosage Pro\",\"description\":\"Arrosage Pro\",\"publisher\":{\"@id\":\"https:\/\/arrosagepro.com\/es\/#organization\"},\"potentialAction\":[{\"@type\":\"SearchAction\",\"target\":{\"@type\":\"EntryPoint\",\"urlTemplate\":\"https:\/\/arrosagepro.com\/es\/?s={search_term_string}\"},\"query-input\":{\"@type\":\"PropertyValueSpecification\",\"valueRequired\":true,\"valueName\":\"search_term_string\"}}],\"inLanguage\":\"es\"},{\"@type\":\"Organization\",\"@id\":\"https:\/\/arrosagepro.com\/es\/#organization\",\"name\":\"Arrosage Pro\",\"url\":\"https:\/\/arrosagepro.com\/es\/\",\"logo\":{\"@type\":\"ImageObject\",\"inLanguage\":\"es\",\"@id\":\"https:\/\/arrosagepro.com\/es\/#\/schema\/logo\/image\/\",\"url\":\"https:\/\/arrosagepro.com\/wp-content\/uploads\/2024\/11\/cropped-favicon.png\",\"contentUrl\":\"https:\/\/arrosagepro.com\/wp-content\/uploads\/2024\/11\/cropped-favicon.png\",\"width\":512,\"height\":512,\"caption\":\"Arrosage Pro\"},\"image\":{\"@id\":\"https:\/\/arrosagepro.com\/es\/#\/schema\/logo\/image\/\"}}]}<\/script>\n<!-- \/ Yoast SEO plugin. -->","yoast_head_json":{"title":"Controlador Solem SMART-IS 6 de 24 voltios - Arrosage Pro","robots":{"index":"index","follow":"follow","max-snippet":"max-snippet:-1","max-image-preview":"max-image-preview:large","max-video-preview":"max-video-preview:-1"},"canonical":"https:\/\/arrosagepro.com\/es\/produit\/controlador-solem-smart-is-6-de-24-voltios\/","og_locale":"es_ES","og_type":"article","og_title":"Controlador Solem SMART-IS 6 de 24 voltios - Arrosage Pro","og_description":"El temporizador Solem SMART-IS 6 de 24 voltios es un temporizador de riego avanzado dise\u00f1ado para automatizar y optimizar el riego de sus espacios verdes. Alimentado por la red el\u00e9ctrica con una fuente de alimentaci\u00f3n de 24 V, integra tecnolog\u00edas Wi-Fi y Bluetooth\u00ae, lo que permite la gesti\u00f3n remota a trav\u00e9s de la aplicaci\u00f3n m\u00f3vil MySOLEM, disponible en iOS y Android. Este controlador es ideal para jardines residenciales, parques y campos deportivos.  &nbsp; Solicitar presupuesto Tarifas y descuentos","og_url":"https:\/\/arrosagepro.com\/es\/produit\/controlador-solem-smart-is-6-de-24-voltios\/","og_site_name":"Arrosage Pro","og_image":[{"width":650,"height":650,"url":"https:\/\/arrosagepro.com\/wp-content\/uploads\/2025\/02\/d264357f2414c2230f5ee7ffd46ce9d9.webp","type":"image\/webp"}],"twitter_card":"summary_large_image","twitter_misc":{"Tiempo de lectura":"1 minuto"},"schema":{"@context":"https:\/\/schema.org","@graph":[{"@type":"WebPage","@id":"https:\/\/arrosagepro.com\/es\/produit\/controlador-solem-smart-is-6-de-24-voltios\/","url":"https:\/\/arrosagepro.com\/es\/produit\/controlador-solem-smart-is-6-de-24-voltios\/","name":"Controlador Solem SMART-IS 6 de 24 voltios - Arrosage Pro","isPartOf":{"@id":"https:\/\/arrosagepro.com\/es\/#website"},"primaryImageOfPage":{"@id":"https:\/\/arrosagepro.com\/es\/produit\/controlador-solem-smart-is-6-de-24-voltios\/#primaryimage"},"image":{"@id":"https:\/\/arrosagepro.com\/es\/produit\/controlador-solem-smart-is-6-de-24-voltios\/#primaryimage"},"thumbnailUrl":"https:\/\/arrosagepro.com\/wp-content\/uploads\/2025\/02\/d264357f2414c2230f5ee7ffd46ce9d9.webp","datePublished":"2025-02-02T09:16:53+00:00","breadcrumb":{"@id":"https:\/\/arrosagepro.com\/es\/produit\/controlador-solem-smart-is-6-de-24-voltios\/#breadcrumb"},"inLanguage":"es","potentialAction":[{"@type":"ReadAction","target":["https:\/\/arrosagepro.com\/es\/produit\/controlador-solem-smart-is-6-de-24-voltios\/"]}]},{"@type":"ImageObject","inLanguage":"es","@id":"https:\/\/arrosagepro.com\/es\/produit\/controlador-solem-smart-is-6-de-24-voltios\/#primaryimage","url":"https:\/\/arrosagepro.com\/wp-content\/uploads\/2025\/02\/d264357f2414c2230f5ee7ffd46ce9d9.webp","contentUrl":"https:\/\/arrosagepro.com\/wp-content\/uploads\/2025\/02\/d264357f2414c2230f5ee7ffd46ce9d9.webp","width":650,"height":650},{"@type":"BreadcrumbList","@id":"https:\/\/arrosagepro.com\/es\/produit\/controlador-solem-smart-is-6-de-24-voltios\/#breadcrumb","itemListElement":[{"@type":"ListItem","position":1,"name":"Accueil","item":"https:\/\/arrosagepro.com\/es\/"},{"@type":"ListItem","position":2,"name":"Producir","item":"https:\/\/arrosagepro.com\/es\/producir\/"},{"@type":"ListItem","position":3,"name":"Controlador Solem SMART-IS 6 de 24 voltios"}]},{"@type":"WebSite","@id":"https:\/\/arrosagepro.com\/es\/#website","url":"https:\/\/arrosagepro.com\/es\/","name":"Arrosage Pro","description":"Arrosage Pro","publisher":{"@id":"https:\/\/arrosagepro.com\/es\/#organization"},"potentialAction":[{"@type":"SearchAction","target":{"@type":"EntryPoint","urlTemplate":"https:\/\/arrosagepro.com\/es\/?s={search_term_string}"},"query-input":{"@type":"PropertyValueSpecification","valueRequired":true,"valueName":"search_term_string"}}],"inLanguage":"es"},{"@type":"Organization","@id":"https:\/\/arrosagepro.com\/es\/#organization","name":"Arrosage Pro","url":"https:\/\/arrosagepro.com\/es\/","logo":{"@type":"ImageObject","inLanguage":"es","@id":"https:\/\/arrosagepro.com\/es\/#\/schema\/logo\/image\/","url":"https:\/\/arrosagepro.com\/wp-content\/uploads\/2024\/11\/cropped-favicon.png","contentUrl":"https:\/\/arrosagepro.com\/wp-content\/uploads\/2024\/11\/cropped-favicon.png","width":512,"height":512,"caption":"Arrosage Pro"},"image":{"@id":"https:\/\/arrosagepro.com\/es\/#\/schema\/logo\/image\/"}}]}},"_links":{"self":[{"href":"https:\/\/arrosagepro.com\/es\/wp-json\/wp\/v2\/product\/4791","targetHints":{"allow":["GET"]}}],"collection":[{"href":"https:\/\/arrosagepro.com\/es\/wp-json\/wp\/v2\/product"}],"about":[{"href":"https:\/\/arrosagepro.com\/es\/wp-json\/wp\/v2\/types\/product"}],"version-history":[{"count":0,"href":"https:\/\/arrosagepro.com\/es\/wp-json\/wp\/v2\/product\/4791\/revisions"}],"wp:featuredmedia":[{"embeddable":true,"href":"https:\/\/arrosagepro.com\/es\/wp-json\/wp\/v2\/media\/3452"}],"wp:attachment":[{"href":"https:\/\/arrosagepro.com\/es\/wp-json\/wp\/v2\/media?parent=4791"}],"wp:term":[{"taxonomy":"product_brand","embeddable":true,"href":"https:\/\/arrosagepro.com\/es\/wp-json\/wp\/v2\/product_brand?post=4791"},{"taxonomy":"product_cat","embeddable":true,"href":"https:\/\/arrosagepro.com\/es\/wp-json\/wp\/v2\/product_cat?post=4791"},{"taxonomy":"product_tag","embeddable":true,"href":"https:\/\/arrosagepro.com\/es\/wp-json\/wp\/v2\/product_tag?post=4791"}],"curies":[{"name":"wp","href":"https:\/\/api.w.org\/{rel}","templated":true}]}}