{"id":4804,"date":"2025-04-21T11:54:53","date_gmt":"2025-04-21T11:54:53","guid":{"rendered":"https:\/\/arrosagepro.com\/produit\/aspersores-hunter-pgp-ultra\/"},"modified":"2025-04-26T20:24:36","modified_gmt":"2025-04-26T20:24:36","slug":"aspersores-hunter-pgp-ultra","status":"publish","type":"product","link":"https:\/\/arrosagepro.com\/es\/produit\/aspersores-hunter-pgp-ultra\/","title":{"rendered":"Aspersores Hunter PGP-ULTRA"},"content":{"rendered":"<p><strong>Caracter\u00edsticas principales:<\/strong><\/p>\n<ul>\n<li class=\"\" data-start=\"493\" data-end=\"656\">\n<p class=\"\" data-start=\"496\" data-end=\"656\"><strong data-start=\"205\" data-end=\"225\">Alcance regulable<\/strong>: <span class=\"relative -mx-px my-[-0.2rem] rounded px-px py-[0.2rem] transition-colors duration-100 ease-in-out\">de <strong data-start=\"3\" data-end=\"24\">4,9 a 14,0 metros<\/strong>, permitiendo una adaptaci\u00f3n precisa al tama\u00f1o de la zona a regar.<\/span><\/p>\n<\/li>\n<li class=\"\" data-start=\"493\" data-end=\"656\">\n<p class=\"\" data-start=\"496\" data-end=\"656\"><strong data-start=\"314\" data-end=\"343\">\u00c1ngulo de riego ajustable<\/strong> : <span class=\"relative -mx-px my-[-0.2rem] rounded px-px py-[0.2rem] transition-colors duration-100 ease-in-out\">de <strong data-start=\"3\" data-end=\"17\">50\u00b0 a 360\u00b0<\/strong>, proporcionando la m\u00e1xima flexibilidad para cubrir \u00e1reas espec\u00edficas o c\u00edrculos completos.<\/span><\/p>\n<\/li>\n<li class=\"\" data-start=\"493\" data-end=\"656\">\n<p class=\"\" data-start=\"496\" data-end=\"656\"><strong data-start=\"432\" data-end=\"463\">V\u00e1lvula de drenaje incorporada<\/strong>: <span class=\"relative -mx-px my-[-0.2rem] rounded px-px py-[0.2rem] transition-colors duration-100 ease-in-out\">Evita el drenaje de tuber\u00edas inclinadas, manteniendo la presi\u00f3n y reduciendo el consumo de agua.<\/span><\/p>\n<\/li>\n<li class=\"\" data-start=\"493\" data-end=\"656\">\n<p class=\"\" data-start=\"496\" data-end=\"656\"><strong data-start=\"552\" data-end=\"596\">Mecanismo autom\u00e1tico de retorno del arco<\/strong>: <span class=\"relative -mx-px my-[-0.2rem] rounded px-px py-[0.2rem] transition-colors duration-100 ease-in-out\">En caso de rotaci\u00f3n forzada, el cabezal vuelve autom\u00e1ticamente a su configuraci\u00f3n original, proporcionando protecci\u00f3n contra el vandalismo.<\/span><\/p>\n<\/li>\n<li data-start=\"677\" data-end=\"762\"><strong data-start=\"689\" data-end=\"712\">Juego de boquillas incluido<\/strong>: <span class=\"relative -mx-px my-[-0.2rem] rounded px-px py-[0.2rem] transition-colors duration-100 ease-in-out\">Viene con <strong data-start=\"11\" data-end=\"51\">8 boquillas est\u00e1ndar y 4 de \u00e1ngulo bajo<\/strong>, lo que permite la personalizaci\u00f3n seg\u00fan las necesidades espec\u00edficas del campo.<\/span><\/li>\n<\/ul>\n<p class=\"\" style=\"text-align: left;\" data-start=\"996\" data-end=\"1100\">\u200b<\/p>\n","protected":false},"excerpt":{"rendered":"<p><span class=\"relative -mx-px my-[-0.2rem] rounded px-px py-[0.2rem] transition-colors duration-100 ease-in-out\">El aspersor <strong data-start=\"11\" data-end=\"31\">Hunter PGP-ULTRA<\/strong> es una evoluci\u00f3n avanzada del aclamado modelo PGP, dise\u00f1ado para proporcionar un rendimiento \u00f3ptimo en sistemas de riego residenciales y municipales.<\/span> <span class=\"relative -mx-px my-[-0.2rem] rounded px-px py-[0.2rem] transition-colors duration-100 ease-in-out\">Gracias a sus caracter\u00edsticas innovadoras y robusta, garantiza una distribuci\u00f3n uniforme del agua y soporta las condiciones m\u00e1s exigentes.<\/span><\/p>\n<p><a href=\"https:\/\/arrosagepro.com\/es\/tarifas-y-descuentos\/\"><strong>\u00ab Tous les mod\u00e8les sont disponibles, voir les prix dans la section prix et remises.<\/strong><\/a><\/p>\n<p><img decoding=\"async\" class=\"alignnone size-medium wp-image-285\" src=\"\/wp-content\/uploads\/2024\/11\/Hunter-logo.png\" alt=\"\" width=\"300\" height=\"71\"><\/p>\n<p>&nbsp;<\/p>\n<p><a class=\"btnProdDevis\" href=\"https:\/\/arrosagepro.com\/es\/solicite-un-presupuesto\/\">Solicitar presupuesto<\/a> <a class=\"btnProdTarifs\" href=\"https:\/\/arrosagepro.com\/es\/tarifas-y-descuentos\/cazador\/\">Tarifas y descuentos<\/a><\/p>\n","protected":false},"featured_media":4012,"template":"","meta":{"_acf_changed":false,"_links_to":"","_links_to_target":""},"product_brand":[],"product_cat":[107,117],"product_tag":[],"class_list":{"0":"post-4804","1":"product","2":"type-product","3":"status-publish","4":"has-post-thumbnail","6":"product_cat-accesorios","7":"product_cat-aspersores","9":"first","10":"instock","11":"sale","12":"taxable","13":"shipping-taxable","14":"purchasable","15":"product-type-variable"},"acf":[],"yoast_head":"<!-- This site is optimized with the Yoast SEO plugin v26.8 - https:\/\/yoast.com\/product\/yoast-seo-wordpress\/ -->\n<title>Aspersores Hunter PGP-ULTRA - Arrosage Pro<\/title>\n<meta name=\"robots\" content=\"index, follow, max-snippet:-1, max-image-preview:large, max-video-preview:-1\" \/>\n<link rel=\"canonical\" href=\"https:\/\/arrosagepro.com\/es\/produit\/aspersores-hunter-pgp-ultra\/\" \/>\n<meta property=\"og:locale\" content=\"es_ES\" \/>\n<meta property=\"og:type\" content=\"article\" \/>\n<meta property=\"og:title\" content=\"Aspersores Hunter PGP-ULTRA - Arrosage Pro\" \/>\n<meta property=\"og:description\" content=\"El aspersor Hunter PGP-ULTRA es una evoluci\u00f3n avanzada del aclamado modelo PGP, dise\u00f1ado para proporcionar un rendimiento \u00f3ptimo en sistemas de riego residenciales y municipales. Gracias a sus caracter\u00edsticas innovadoras y robusta, garantiza una distribuci\u00f3n uniforme del agua y soporta las condiciones m\u00e1s exigentes. \u00ab Tous les mod\u00e8les sont disponibles, voir les prix dans la section prix et remises.  &nbsp; Solicitar presupuesto Tarifas y descuentos\" \/>\n<meta property=\"og:url\" content=\"https:\/\/arrosagepro.com\/es\/produit\/aspersores-hunter-pgp-ultra\/\" \/>\n<meta property=\"og:site_name\" content=\"Arrosage Pro\" \/>\n<meta property=\"article:modified_time\" content=\"2025-04-26T20:24:36+00:00\" \/>\n<meta property=\"og:image\" content=\"https:\/\/arrosagepro.com\/wp-content\/uploads\/2025\/04\/th.jpg\" \/>\n\t<meta property=\"og:image:width\" content=\"474\" \/>\n\t<meta property=\"og:image:height\" content=\"474\" \/>\n\t<meta property=\"og:image:type\" content=\"image\/jpeg\" \/>\n<meta name=\"twitter:card\" content=\"summary_large_image\" \/>\n<meta name=\"twitter:label1\" content=\"Tiempo de lectura\" \/>\n\t<meta name=\"twitter:data1\" content=\"1 minuto\" \/>\n<script type=\"application\/ld+json\" class=\"yoast-schema-graph\">{\"@context\":\"https:\/\/schema.org\",\"@graph\":[{\"@type\":\"WebPage\",\"@id\":\"https:\/\/arrosagepro.com\/es\/produit\/aspersores-hunter-pgp-ultra\/\",\"url\":\"https:\/\/arrosagepro.com\/es\/produit\/aspersores-hunter-pgp-ultra\/\",\"name\":\"Aspersores Hunter PGP-ULTRA - Arrosage Pro\",\"isPartOf\":{\"@id\":\"https:\/\/arrosagepro.com\/es\/#website\"},\"primaryImageOfPage\":{\"@id\":\"https:\/\/arrosagepro.com\/es\/produit\/aspersores-hunter-pgp-ultra\/#primaryimage\"},\"image\":{\"@id\":\"https:\/\/arrosagepro.com\/es\/produit\/aspersores-hunter-pgp-ultra\/#primaryimage\"},\"thumbnailUrl\":\"https:\/\/arrosagepro.com\/wp-content\/uploads\/2025\/04\/th.jpg\",\"datePublished\":\"2025-04-21T11:54:53+00:00\",\"dateModified\":\"2025-04-26T20:24:36+00:00\",\"breadcrumb\":{\"@id\":\"https:\/\/arrosagepro.com\/es\/produit\/aspersores-hunter-pgp-ultra\/#breadcrumb\"},\"inLanguage\":\"es\",\"potentialAction\":[{\"@type\":\"ReadAction\",\"target\":[\"https:\/\/arrosagepro.com\/es\/produit\/aspersores-hunter-pgp-ultra\/\"]}]},{\"@type\":\"ImageObject\",\"inLanguage\":\"es\",\"@id\":\"https:\/\/arrosagepro.com\/es\/produit\/aspersores-hunter-pgp-ultra\/#primaryimage\",\"url\":\"https:\/\/arrosagepro.com\/wp-content\/uploads\/2025\/04\/th.jpg\",\"contentUrl\":\"https:\/\/arrosagepro.com\/wp-content\/uploads\/2025\/04\/th.jpg\",\"width\":474,\"height\":474},{\"@type\":\"BreadcrumbList\",\"@id\":\"https:\/\/arrosagepro.com\/es\/produit\/aspersores-hunter-pgp-ultra\/#breadcrumb\",\"itemListElement\":[{\"@type\":\"ListItem\",\"position\":1,\"name\":\"Accueil\",\"item\":\"https:\/\/arrosagepro.com\/es\/\"},{\"@type\":\"ListItem\",\"position\":2,\"name\":\"Producir\",\"item\":\"https:\/\/arrosagepro.com\/es\/producir\/\"},{\"@type\":\"ListItem\",\"position\":3,\"name\":\"Aspersores Hunter PGP-ULTRA\"}]},{\"@type\":\"WebSite\",\"@id\":\"https:\/\/arrosagepro.com\/es\/#website\",\"url\":\"https:\/\/arrosagepro.com\/es\/\",\"name\":\"Arrosage Pro\",\"description\":\"Arrosage Pro\",\"publisher\":{\"@id\":\"https:\/\/arrosagepro.com\/es\/#organization\"},\"potentialAction\":[{\"@type\":\"SearchAction\",\"target\":{\"@type\":\"EntryPoint\",\"urlTemplate\":\"https:\/\/arrosagepro.com\/es\/?s={search_term_string}\"},\"query-input\":{\"@type\":\"PropertyValueSpecification\",\"valueRequired\":true,\"valueName\":\"search_term_string\"}}],\"inLanguage\":\"es\"},{\"@type\":\"Organization\",\"@id\":\"https:\/\/arrosagepro.com\/es\/#organization\",\"name\":\"Arrosage Pro\",\"url\":\"https:\/\/arrosagepro.com\/es\/\",\"logo\":{\"@type\":\"ImageObject\",\"inLanguage\":\"es\",\"@id\":\"https:\/\/arrosagepro.com\/es\/#\/schema\/logo\/image\/\",\"url\":\"https:\/\/arrosagepro.com\/wp-content\/uploads\/2024\/11\/cropped-favicon.png\",\"contentUrl\":\"https:\/\/arrosagepro.com\/wp-content\/uploads\/2024\/11\/cropped-favicon.png\",\"width\":512,\"height\":512,\"caption\":\"Arrosage Pro\"},\"image\":{\"@id\":\"https:\/\/arrosagepro.com\/es\/#\/schema\/logo\/image\/\"}}]}<\/script>\n<!-- \/ Yoast SEO plugin. -->","yoast_head_json":{"title":"Aspersores Hunter PGP-ULTRA - Arrosage Pro","robots":{"index":"index","follow":"follow","max-snippet":"max-snippet:-1","max-image-preview":"max-image-preview:large","max-video-preview":"max-video-preview:-1"},"canonical":"https:\/\/arrosagepro.com\/es\/produit\/aspersores-hunter-pgp-ultra\/","og_locale":"es_ES","og_type":"article","og_title":"Aspersores Hunter PGP-ULTRA - Arrosage Pro","og_description":"El aspersor Hunter PGP-ULTRA es una evoluci\u00f3n avanzada del aclamado modelo PGP, dise\u00f1ado para proporcionar un rendimiento \u00f3ptimo en sistemas de riego residenciales y municipales. Gracias a sus caracter\u00edsticas innovadoras y robusta, garantiza una distribuci\u00f3n uniforme del agua y soporta las condiciones m\u00e1s exigentes. \u00ab Tous les mod\u00e8les sont disponibles, voir les prix dans la section prix et remises.  &nbsp; Solicitar presupuesto Tarifas y descuentos","og_url":"https:\/\/arrosagepro.com\/es\/produit\/aspersores-hunter-pgp-ultra\/","og_site_name":"Arrosage Pro","article_modified_time":"2025-04-26T20:24:36+00:00","og_image":[{"width":474,"height":474,"url":"https:\/\/arrosagepro.com\/wp-content\/uploads\/2025\/04\/th.jpg","type":"image\/jpeg"}],"twitter_card":"summary_large_image","twitter_misc":{"Tiempo de lectura":"1 minuto"},"schema":{"@context":"https:\/\/schema.org","@graph":[{"@type":"WebPage","@id":"https:\/\/arrosagepro.com\/es\/produit\/aspersores-hunter-pgp-ultra\/","url":"https:\/\/arrosagepro.com\/es\/produit\/aspersores-hunter-pgp-ultra\/","name":"Aspersores Hunter PGP-ULTRA - Arrosage Pro","isPartOf":{"@id":"https:\/\/arrosagepro.com\/es\/#website"},"primaryImageOfPage":{"@id":"https:\/\/arrosagepro.com\/es\/produit\/aspersores-hunter-pgp-ultra\/#primaryimage"},"image":{"@id":"https:\/\/arrosagepro.com\/es\/produit\/aspersores-hunter-pgp-ultra\/#primaryimage"},"thumbnailUrl":"https:\/\/arrosagepro.com\/wp-content\/uploads\/2025\/04\/th.jpg","datePublished":"2025-04-21T11:54:53+00:00","dateModified":"2025-04-26T20:24:36+00:00","breadcrumb":{"@id":"https:\/\/arrosagepro.com\/es\/produit\/aspersores-hunter-pgp-ultra\/#breadcrumb"},"inLanguage":"es","potentialAction":[{"@type":"ReadAction","target":["https:\/\/arrosagepro.com\/es\/produit\/aspersores-hunter-pgp-ultra\/"]}]},{"@type":"ImageObject","inLanguage":"es","@id":"https:\/\/arrosagepro.com\/es\/produit\/aspersores-hunter-pgp-ultra\/#primaryimage","url":"https:\/\/arrosagepro.com\/wp-content\/uploads\/2025\/04\/th.jpg","contentUrl":"https:\/\/arrosagepro.com\/wp-content\/uploads\/2025\/04\/th.jpg","width":474,"height":474},{"@type":"BreadcrumbList","@id":"https:\/\/arrosagepro.com\/es\/produit\/aspersores-hunter-pgp-ultra\/#breadcrumb","itemListElement":[{"@type":"ListItem","position":1,"name":"Accueil","item":"https:\/\/arrosagepro.com\/es\/"},{"@type":"ListItem","position":2,"name":"Producir","item":"https:\/\/arrosagepro.com\/es\/producir\/"},{"@type":"ListItem","position":3,"name":"Aspersores Hunter PGP-ULTRA"}]},{"@type":"WebSite","@id":"https:\/\/arrosagepro.com\/es\/#website","url":"https:\/\/arrosagepro.com\/es\/","name":"Arrosage Pro","description":"Arrosage Pro","publisher":{"@id":"https:\/\/arrosagepro.com\/es\/#organization"},"potentialAction":[{"@type":"SearchAction","target":{"@type":"EntryPoint","urlTemplate":"https:\/\/arrosagepro.com\/es\/?s={search_term_string}"},"query-input":{"@type":"PropertyValueSpecification","valueRequired":true,"valueName":"search_term_string"}}],"inLanguage":"es"},{"@type":"Organization","@id":"https:\/\/arrosagepro.com\/es\/#organization","name":"Arrosage Pro","url":"https:\/\/arrosagepro.com\/es\/","logo":{"@type":"ImageObject","inLanguage":"es","@id":"https:\/\/arrosagepro.com\/es\/#\/schema\/logo\/image\/","url":"https:\/\/arrosagepro.com\/wp-content\/uploads\/2024\/11\/cropped-favicon.png","contentUrl":"https:\/\/arrosagepro.com\/wp-content\/uploads\/2024\/11\/cropped-favicon.png","width":512,"height":512,"caption":"Arrosage Pro"},"image":{"@id":"https:\/\/arrosagepro.com\/es\/#\/schema\/logo\/image\/"}}]}},"_links":{"self":[{"href":"https:\/\/arrosagepro.com\/es\/wp-json\/wp\/v2\/product\/4804","targetHints":{"allow":["GET"]}}],"collection":[{"href":"https:\/\/arrosagepro.com\/es\/wp-json\/wp\/v2\/product"}],"about":[{"href":"https:\/\/arrosagepro.com\/es\/wp-json\/wp\/v2\/types\/product"}],"version-history":[{"count":1,"href":"https:\/\/arrosagepro.com\/es\/wp-json\/wp\/v2\/product\/4804\/revisions"}],"predecessor-version":[{"id":4807,"href":"https:\/\/arrosagepro.com\/es\/wp-json\/wp\/v2\/product\/4804\/revisions\/4807"}],"wp:featuredmedia":[{"embeddable":true,"href":"https:\/\/arrosagepro.com\/es\/wp-json\/wp\/v2\/media\/4012"}],"wp:attachment":[{"href":"https:\/\/arrosagepro.com\/es\/wp-json\/wp\/v2\/media?parent=4804"}],"wp:term":[{"taxonomy":"product_brand","embeddable":true,"href":"https:\/\/arrosagepro.com\/es\/wp-json\/wp\/v2\/product_brand?post=4804"},{"taxonomy":"product_cat","embeddable":true,"href":"https:\/\/arrosagepro.com\/es\/wp-json\/wp\/v2\/product_cat?post=4804"},{"taxonomy":"product_tag","embeddable":true,"href":"https:\/\/arrosagepro.com\/es\/wp-json\/wp\/v2\/product_tag?post=4804"}],"curies":[{"name":"wp","href":"https:\/\/api.w.org\/{rel}","templated":true}]}}