{"id":4848,"date":"2025-02-02T10:28:18","date_gmt":"2025-02-02T10:28:18","guid":{"rendered":"https:\/\/arrosagepro.com\/produit\/control-de-riego-solem-bl-ip1\/"},"modified":"2025-02-02T10:28:18","modified_gmt":"2025-02-02T10:28:18","slug":"control-de-riego-solem-bl-ip1","status":"publish","type":"product","link":"https:\/\/arrosagepro.com\/es\/produit\/control-de-riego-solem-bl-ip1\/","title":{"rendered":"Control de riego Solem BL-IP1"},"content":{"rendered":"<p><strong>Caracter\u00edsticas principales:<\/strong><\/p>\n<ul>\n<li><strong>Conectividad Bluetooth\u00ae<\/strong> : Permite la gesti\u00f3n local del riego desde tu smartphone o tablet, con un alcance aproximado de 10 metros.<\/li>\n<li><strong>Alimentado por bater\u00eda de 9 V<\/strong> : Funciona con una bater\u00eda alcalina de 9 V tipo 6LR61, lo que proporciona una instalaci\u00f3n inal\u00e1mbrica y un tiempo de ejecuci\u00f3n que puede cubrir toda una temporada.<\/li>\n<li><strong>Compatibilidad con electrov\u00e1lvulas de pulso de 9 V<\/strong> : El BL-IP1 est\u00e1 dise\u00f1ado para funcionar con electrov\u00e1lvulas equipadas con solenoides de pulso de 9 V, lo que garantiza una f\u00e1cil integraci\u00f3n en su sistema de riego existente.<\/li>\n<li><strong>Entrada de sensor de lluvia<\/strong> : Tiene una entrada dedicada para conectar un sensor de lluvia, lo que permite interrumpir autom\u00e1ticamente el riego en caso de lluvia y ahorrar agua.<\/li>\n<li><strong>Construcci\u00f3n impermeable (IP68):<\/strong> Dise\u00f1ado para soportar condiciones h\u00famedas, el BL-IP1 es totalmente resistente al agua, lo que lo hace ideal para su instalaci\u00f3n en exteriores o en entornos terrestres.<\/li>\n<li><strong>Gesti\u00f3n a trav\u00e9s de la aplicaci\u00f3n MySOLEM<\/strong> : Con la aplicaci\u00f3n MySOLEM, puede programar y ajustar f\u00e1cilmente los ciclos de riego, establecer horarios personalizados y recibir alertas, especialmente en caso de bater\u00eda baja.\n<div class=\"relative inline-flex items-center\"><\/div>\n<div class=\"relative inline-flex items-center\"><\/div>\n<div class=\"relative inline-flex items-center\"><\/div>\n<div class=\"relative inline-flex items-center\"><\/div>\n<div class=\"relative inline-flex items-center\"><\/div>\n<div class=\"relative inline-flex items-center\"><\/div>\n<div class=\"relative inline-flex items-center\"><\/div>\n<div class=\"relative inline-flex items-center\"><\/div>\n<div class=\"relative inline-flex items-center\"><\/div>\n<div class=\"relative inline-flex items-center\"><\/div>\n<div class=\"relative inline-flex items-center\"><\/div>\n<\/li>\n<\/ul>\n","protected":false},"excerpt":{"rendered":"<p>El <strong>Solem BL-IP1<\/strong> es un innovador controlador de riego dise\u00f1ado para automatizar el riego de sus espacios verdes, incluso cuando no hay suministro el\u00e9ctrico. Funcionando con una bater\u00eda alcalina de 9 V, este dispositivo resistente al agua es ideal para su instalaci\u00f3n en pozos de registro de v\u00e1lvulas o carcasas enterradas. Gracias a su conectividad Bluetooth\u00ae, se puede controlar f\u00e1cilmente a trav\u00e9s de la aplicaci\u00f3n m\u00f3vil MySOLEM, disponible en iOS y Android.  <\/p>\n<p><img decoding=\"async\" class=\"alignnone wp-image-285 size-medium\" src=\"https:\/\/arrosagepro.com\/wp-content\/uploads\/2024\/11\/logo-solem-300x71.png\" alt=\"Solem\" width=\"300\" height=\"71\" srcset=\"https:\/\/arrosagepro.com\/wp-content\/uploads\/2024\/11\/logo-solem-300x71.png 300w, https:\/\/arrosagepro.com\/wp-content\/uploads\/2024\/11\/logo-solem.png 494w\" sizes=\"(max-width: 300px) 100vw, 300px\" \/><\/p>\n<p>&nbsp;<\/p>\n<p><a class=\"btnProdDevis\" href=\"https:\/\/arrosagepro.com\/es\/solicite-un-presupuesto\/\">Solicitar presupuesto<\/a> <a class=\"btnProdTarifs\" href=\"https:\/\/arrosagepro.com\/es\/tarifas-y-descuentos\/solem\/\">Tarifas y descuentos<\/a><\/p>\n","protected":false},"featured_media":3492,"template":"","meta":{"_acf_changed":false,"_links_to":"","_links_to_target":""},"product_brand":[],"product_cat":[180],"product_tag":[],"class_list":{"0":"post-4848","1":"product","2":"type-product","3":"status-publish","4":"has-post-thumbnail","6":"product_cat-programadores","8":"first","9":"instock","10":"taxable","11":"shipping-taxable","12":"purchasable","13":"product-type-simple"},"acf":[],"yoast_head":"<!-- This site is optimized with the Yoast SEO plugin v26.8 - https:\/\/yoast.com\/product\/yoast-seo-wordpress\/ -->\n<title>Control de riego Solem BL-IP1 - Arrosage Pro<\/title>\n<meta name=\"robots\" content=\"index, follow, max-snippet:-1, max-image-preview:large, max-video-preview:-1\" \/>\n<link rel=\"canonical\" href=\"https:\/\/arrosagepro.com\/es\/produit\/control-de-riego-solem-bl-ip1\/\" \/>\n<meta property=\"og:locale\" content=\"es_ES\" \/>\n<meta property=\"og:type\" content=\"article\" \/>\n<meta property=\"og:title\" content=\"Control de riego Solem BL-IP1 - Arrosage Pro\" \/>\n<meta property=\"og:description\" content=\"El Solem BL-IP1 es un innovador controlador de riego dise\u00f1ado para automatizar el riego de sus espacios verdes, incluso cuando no hay suministro el\u00e9ctrico. Funcionando con una bater\u00eda alcalina de 9 V, este dispositivo resistente al agua es ideal para su instalaci\u00f3n en pozos de registro de v\u00e1lvulas o carcasas enterradas. Gracias a su conectividad Bluetooth\u00ae, se puede controlar f\u00e1cilmente a trav\u00e9s de la aplicaci\u00f3n m\u00f3vil MySOLEM, disponible en iOS y Android.   &nbsp; Solicitar presupuesto Tarifas y descuentos\" \/>\n<meta property=\"og:url\" content=\"https:\/\/arrosagepro.com\/es\/produit\/control-de-riego-solem-bl-ip1\/\" \/>\n<meta property=\"og:site_name\" content=\"Arrosage Pro\" \/>\n<meta property=\"og:image\" content=\"https:\/\/arrosagepro.com\/wp-content\/uploads\/2025\/02\/BLIP.png\" \/>\n\t<meta property=\"og:image:width\" content=\"512\" \/>\n\t<meta property=\"og:image:height\" content=\"512\" \/>\n\t<meta property=\"og:image:type\" content=\"image\/png\" \/>\n<meta name=\"twitter:card\" content=\"summary_large_image\" \/>\n<meta name=\"twitter:label1\" content=\"Tiempo de lectura\" \/>\n\t<meta name=\"twitter:data1\" content=\"1 minuto\" \/>\n<script type=\"application\/ld+json\" class=\"yoast-schema-graph\">{\"@context\":\"https:\/\/schema.org\",\"@graph\":[{\"@type\":\"WebPage\",\"@id\":\"https:\/\/arrosagepro.com\/es\/produit\/control-de-riego-solem-bl-ip1\/\",\"url\":\"https:\/\/arrosagepro.com\/es\/produit\/control-de-riego-solem-bl-ip1\/\",\"name\":\"Control de riego Solem BL-IP1 - Arrosage Pro\",\"isPartOf\":{\"@id\":\"https:\/\/arrosagepro.com\/es\/#website\"},\"primaryImageOfPage\":{\"@id\":\"https:\/\/arrosagepro.com\/es\/produit\/control-de-riego-solem-bl-ip1\/#primaryimage\"},\"image\":{\"@id\":\"https:\/\/arrosagepro.com\/es\/produit\/control-de-riego-solem-bl-ip1\/#primaryimage\"},\"thumbnailUrl\":\"https:\/\/arrosagepro.com\/wp-content\/uploads\/2025\/02\/BLIP.png\",\"datePublished\":\"2025-02-02T10:28:18+00:00\",\"breadcrumb\":{\"@id\":\"https:\/\/arrosagepro.com\/es\/produit\/control-de-riego-solem-bl-ip1\/#breadcrumb\"},\"inLanguage\":\"es\",\"potentialAction\":[{\"@type\":\"ReadAction\",\"target\":[\"https:\/\/arrosagepro.com\/es\/produit\/control-de-riego-solem-bl-ip1\/\"]}]},{\"@type\":\"ImageObject\",\"inLanguage\":\"es\",\"@id\":\"https:\/\/arrosagepro.com\/es\/produit\/control-de-riego-solem-bl-ip1\/#primaryimage\",\"url\":\"https:\/\/arrosagepro.com\/wp-content\/uploads\/2025\/02\/BLIP.png\",\"contentUrl\":\"https:\/\/arrosagepro.com\/wp-content\/uploads\/2025\/02\/BLIP.png\",\"width\":512,\"height\":512},{\"@type\":\"BreadcrumbList\",\"@id\":\"https:\/\/arrosagepro.com\/es\/produit\/control-de-riego-solem-bl-ip1\/#breadcrumb\",\"itemListElement\":[{\"@type\":\"ListItem\",\"position\":1,\"name\":\"Accueil\",\"item\":\"https:\/\/arrosagepro.com\/es\/\"},{\"@type\":\"ListItem\",\"position\":2,\"name\":\"Producir\",\"item\":\"https:\/\/arrosagepro.com\/es\/producir\/\"},{\"@type\":\"ListItem\",\"position\":3,\"name\":\"Control de riego Solem BL-IP1\"}]},{\"@type\":\"WebSite\",\"@id\":\"https:\/\/arrosagepro.com\/es\/#website\",\"url\":\"https:\/\/arrosagepro.com\/es\/\",\"name\":\"Arrosage Pro\",\"description\":\"Arrosage Pro\",\"publisher\":{\"@id\":\"https:\/\/arrosagepro.com\/es\/#organization\"},\"potentialAction\":[{\"@type\":\"SearchAction\",\"target\":{\"@type\":\"EntryPoint\",\"urlTemplate\":\"https:\/\/arrosagepro.com\/es\/?s={search_term_string}\"},\"query-input\":{\"@type\":\"PropertyValueSpecification\",\"valueRequired\":true,\"valueName\":\"search_term_string\"}}],\"inLanguage\":\"es\"},{\"@type\":\"Organization\",\"@id\":\"https:\/\/arrosagepro.com\/es\/#organization\",\"name\":\"Arrosage Pro\",\"url\":\"https:\/\/arrosagepro.com\/es\/\",\"logo\":{\"@type\":\"ImageObject\",\"inLanguage\":\"es\",\"@id\":\"https:\/\/arrosagepro.com\/es\/#\/schema\/logo\/image\/\",\"url\":\"https:\/\/arrosagepro.com\/wp-content\/uploads\/2024\/11\/cropped-favicon.png\",\"contentUrl\":\"https:\/\/arrosagepro.com\/wp-content\/uploads\/2024\/11\/cropped-favicon.png\",\"width\":512,\"height\":512,\"caption\":\"Arrosage Pro\"},\"image\":{\"@id\":\"https:\/\/arrosagepro.com\/es\/#\/schema\/logo\/image\/\"}}]}<\/script>\n<!-- \/ Yoast SEO plugin. -->","yoast_head_json":{"title":"Control de riego Solem BL-IP1 - Arrosage Pro","robots":{"index":"index","follow":"follow","max-snippet":"max-snippet:-1","max-image-preview":"max-image-preview:large","max-video-preview":"max-video-preview:-1"},"canonical":"https:\/\/arrosagepro.com\/es\/produit\/control-de-riego-solem-bl-ip1\/","og_locale":"es_ES","og_type":"article","og_title":"Control de riego Solem BL-IP1 - Arrosage Pro","og_description":"El Solem BL-IP1 es un innovador controlador de riego dise\u00f1ado para automatizar el riego de sus espacios verdes, incluso cuando no hay suministro el\u00e9ctrico. Funcionando con una bater\u00eda alcalina de 9 V, este dispositivo resistente al agua es ideal para su instalaci\u00f3n en pozos de registro de v\u00e1lvulas o carcasas enterradas. Gracias a su conectividad Bluetooth\u00ae, se puede controlar f\u00e1cilmente a trav\u00e9s de la aplicaci\u00f3n m\u00f3vil MySOLEM, disponible en iOS y Android.   &nbsp; Solicitar presupuesto Tarifas y descuentos","og_url":"https:\/\/arrosagepro.com\/es\/produit\/control-de-riego-solem-bl-ip1\/","og_site_name":"Arrosage Pro","og_image":[{"width":512,"height":512,"url":"https:\/\/arrosagepro.com\/wp-content\/uploads\/2025\/02\/BLIP.png","type":"image\/png"}],"twitter_card":"summary_large_image","twitter_misc":{"Tiempo de lectura":"1 minuto"},"schema":{"@context":"https:\/\/schema.org","@graph":[{"@type":"WebPage","@id":"https:\/\/arrosagepro.com\/es\/produit\/control-de-riego-solem-bl-ip1\/","url":"https:\/\/arrosagepro.com\/es\/produit\/control-de-riego-solem-bl-ip1\/","name":"Control de riego Solem BL-IP1 - Arrosage Pro","isPartOf":{"@id":"https:\/\/arrosagepro.com\/es\/#website"},"primaryImageOfPage":{"@id":"https:\/\/arrosagepro.com\/es\/produit\/control-de-riego-solem-bl-ip1\/#primaryimage"},"image":{"@id":"https:\/\/arrosagepro.com\/es\/produit\/control-de-riego-solem-bl-ip1\/#primaryimage"},"thumbnailUrl":"https:\/\/arrosagepro.com\/wp-content\/uploads\/2025\/02\/BLIP.png","datePublished":"2025-02-02T10:28:18+00:00","breadcrumb":{"@id":"https:\/\/arrosagepro.com\/es\/produit\/control-de-riego-solem-bl-ip1\/#breadcrumb"},"inLanguage":"es","potentialAction":[{"@type":"ReadAction","target":["https:\/\/arrosagepro.com\/es\/produit\/control-de-riego-solem-bl-ip1\/"]}]},{"@type":"ImageObject","inLanguage":"es","@id":"https:\/\/arrosagepro.com\/es\/produit\/control-de-riego-solem-bl-ip1\/#primaryimage","url":"https:\/\/arrosagepro.com\/wp-content\/uploads\/2025\/02\/BLIP.png","contentUrl":"https:\/\/arrosagepro.com\/wp-content\/uploads\/2025\/02\/BLIP.png","width":512,"height":512},{"@type":"BreadcrumbList","@id":"https:\/\/arrosagepro.com\/es\/produit\/control-de-riego-solem-bl-ip1\/#breadcrumb","itemListElement":[{"@type":"ListItem","position":1,"name":"Accueil","item":"https:\/\/arrosagepro.com\/es\/"},{"@type":"ListItem","position":2,"name":"Producir","item":"https:\/\/arrosagepro.com\/es\/producir\/"},{"@type":"ListItem","position":3,"name":"Control de riego Solem BL-IP1"}]},{"@type":"WebSite","@id":"https:\/\/arrosagepro.com\/es\/#website","url":"https:\/\/arrosagepro.com\/es\/","name":"Arrosage Pro","description":"Arrosage Pro","publisher":{"@id":"https:\/\/arrosagepro.com\/es\/#organization"},"potentialAction":[{"@type":"SearchAction","target":{"@type":"EntryPoint","urlTemplate":"https:\/\/arrosagepro.com\/es\/?s={search_term_string}"},"query-input":{"@type":"PropertyValueSpecification","valueRequired":true,"valueName":"search_term_string"}}],"inLanguage":"es"},{"@type":"Organization","@id":"https:\/\/arrosagepro.com\/es\/#organization","name":"Arrosage Pro","url":"https:\/\/arrosagepro.com\/es\/","logo":{"@type":"ImageObject","inLanguage":"es","@id":"https:\/\/arrosagepro.com\/es\/#\/schema\/logo\/image\/","url":"https:\/\/arrosagepro.com\/wp-content\/uploads\/2024\/11\/cropped-favicon.png","contentUrl":"https:\/\/arrosagepro.com\/wp-content\/uploads\/2024\/11\/cropped-favicon.png","width":512,"height":512,"caption":"Arrosage Pro"},"image":{"@id":"https:\/\/arrosagepro.com\/es\/#\/schema\/logo\/image\/"}}]}},"_links":{"self":[{"href":"https:\/\/arrosagepro.com\/es\/wp-json\/wp\/v2\/product\/4848","targetHints":{"allow":["GET"]}}],"collection":[{"href":"https:\/\/arrosagepro.com\/es\/wp-json\/wp\/v2\/product"}],"about":[{"href":"https:\/\/arrosagepro.com\/es\/wp-json\/wp\/v2\/types\/product"}],"version-history":[{"count":0,"href":"https:\/\/arrosagepro.com\/es\/wp-json\/wp\/v2\/product\/4848\/revisions"}],"wp:featuredmedia":[{"embeddable":true,"href":"https:\/\/arrosagepro.com\/es\/wp-json\/wp\/v2\/media\/3492"}],"wp:attachment":[{"href":"https:\/\/arrosagepro.com\/es\/wp-json\/wp\/v2\/media?parent=4848"}],"wp:term":[{"taxonomy":"product_brand","embeddable":true,"href":"https:\/\/arrosagepro.com\/es\/wp-json\/wp\/v2\/product_brand?post=4848"},{"taxonomy":"product_cat","embeddable":true,"href":"https:\/\/arrosagepro.com\/es\/wp-json\/wp\/v2\/product_cat?post=4848"},{"taxonomy":"product_tag","embeddable":true,"href":"https:\/\/arrosagepro.com\/es\/wp-json\/wp\/v2\/product_tag?post=4848"}],"curies":[{"name":"wp","href":"https:\/\/api.w.org\/{rel}","templated":true}]}}