{"id":4956,"date":"2025-02-05T17:41:42","date_gmt":"2025-02-05T17:41:42","guid":{"rendered":"https:\/\/arrosagepro.com\/produit\/programador-interior-rain-bird-esp-tm2-4-230v-4-estaciones\/"},"modified":"2025-04-27T06:44:22","modified_gmt":"2025-04-27T06:44:22","slug":"programador-interior-rain-bird-esp-tm2-4-230v-4-estaciones","status":"publish","type":"product","link":"https:\/\/arrosagepro.com\/es\/produit\/programador-interior-rain-bird-esp-tm2-4-230v-4-estaciones\/","title":{"rendered":"Programador interior Rain Bird ESP-TM2-4-230V (4 estaciones)"},"content":{"rendered":"<p><strong>Caracter\u00edsticas principales:<\/strong><\/p>\n<ul>\n<li><strong>Flexibilidad de programaci\u00f3n<\/strong>: Cuenta con 3 programas independientes (A, B, C), cada uno de los cuales ofrece hasta 4 horas de inicio, lo que permite una personalizaci\u00f3n precisa de los ciclos de riego.<\/li>\n<li><strong>Compatibilidad Wi-Fi:<\/strong> Se puede actualizar con el m\u00f3dulo Wi-Fi LNK2 (se vende por separado), lo que proporciona control y monitoreo remoto a trav\u00e9s de una aplicaci\u00f3n m\u00f3vil dedicada.<\/li>\n<li><strong>Instalaci\u00f3n vers\u00e1til: <\/strong> dise\u00f1ado para instalaci\u00f3n en interiores, con un cable de alimentaci\u00f3n preinstalado para una f\u00e1cil configuraci\u00f3n.<\/li>\n<li><strong>Pantalla LCD retroiluminada: <\/strong> Equipado con una gran pantalla LCD retroiluminada, que garantiza una visibilidad \u00f3ptima incluso en condiciones de poca luz o bajo la luz solar directa.<\/li>\n<li><strong>Funci\u00f3n Contractor Default\u2122: <\/strong> le permite guardar y restaurar f\u00e1cilmente cronogramas personalizados, lo que le proporciona tranquilidad si es necesario restablecerlos.<\/li>\n<li><strong>Gesti\u00f3n del sensor de lluvia:<\/strong> incluye una entrada de sensor de lluvia con opci\u00f3n de bypass, lo que permite que el riego se pause autom\u00e1ticamente en caso de lluvia y se reanude seg\u00fan el programa establecido.\n<div class=\"relative inline-flex items-center\"><\/div>\n<div class=\"relative inline-flex items-center\"><\/div>\n<div class=\"relative inline-flex items-center\"><\/div>\n<div class=\"relative inline-flex items-center\"><\/div>\n<div class=\"relative inline-flex items-center\"><\/div>\n<div class=\"relative inline-flex items-center\"><\/div>\n<\/li>\n<\/ul>\n","protected":false},"excerpt":{"rendered":"<p>El <strong>Rain Bird ESP-TM2-4-230V <\/strong> es un controlador de riego para interiores capaz de gestionar hasta cuatro zonas de riego. Ideal para aplicaciones residenciales, ofrece una interfaz de usuario intuitiva y funciones avanzadas para satisfacer las necesidades espec\u00edficas de su jard\u00edn. Adem\u00e1s, es escalable gracias a su compatibilidad con el m\u00f3dulo Wi-Fi LNK2, permitiendo el control remoto a trav\u00e9s de dispositivos iOS o Android.  <\/p>\n<p><img decoding=\"async\" class=\"alignnone size-medium wp-image-285\" src=\"\/wp-content\/uploads\/2024\/12\/rainbird-logo.png\" alt=\"\" width=\"300\" height=\"71\"><\/p>\n<p>&nbsp;<\/p>\n<p><a class=\"btnProdDevis\" href=\"https:\/\/arrosagepro.com\/es\/solicite-un-presupuesto\/\">Solicitar presupuesto <\/a> <a class=\"btnProdTarifs\" href=\"https:\/\/arrosagepro.com\/es\/tarifas-y-descuentos\/pajaro-de-lluvia\/\">Tarifas y descuentos<\/a><\/p>\n","protected":false},"featured_media":3597,"template":"","meta":{"_acf_changed":false,"_links_to":"","_links_to_target":""},"product_brand":[],"product_cat":[180],"product_tag":[],"class_list":{"0":"post-4956","1":"product","2":"type-product","3":"status-publish","4":"has-post-thumbnail","6":"product_cat-programadores","8":"first","9":"instock","10":"taxable","11":"shipping-taxable","12":"purchasable","13":"product-type-simple"},"acf":[],"yoast_head":"<!-- This site is optimized with the Yoast SEO plugin v26.8 - https:\/\/yoast.com\/product\/yoast-seo-wordpress\/ -->\n<title>Programador interior Rain Bird ESP-TM2-4-230V (4 estaciones) - Arrosage Pro<\/title>\n<meta name=\"robots\" content=\"index, follow, max-snippet:-1, max-image-preview:large, max-video-preview:-1\" \/>\n<link rel=\"canonical\" href=\"https:\/\/arrosagepro.com\/es\/produit\/programador-interior-rain-bird-esp-tm2-4-230v-4-estaciones\/\" \/>\n<meta property=\"og:locale\" content=\"es_ES\" \/>\n<meta property=\"og:type\" content=\"article\" \/>\n<meta property=\"og:title\" content=\"Programador interior Rain Bird ESP-TM2-4-230V (4 estaciones) - Arrosage Pro\" \/>\n<meta property=\"og:description\" content=\"El Rain Bird ESP-TM2-4-230V es un controlador de riego para interiores capaz de gestionar hasta cuatro zonas de riego. Ideal para aplicaciones residenciales, ofrece una interfaz de usuario intuitiva y funciones avanzadas para satisfacer las necesidades espec\u00edficas de su jard\u00edn. Adem\u00e1s, es escalable gracias a su compatibilidad con el m\u00f3dulo Wi-Fi LNK2, permitiendo el control remoto a trav\u00e9s de dispositivos iOS o Android.   &nbsp; Solicitar presupuesto Tarifas y descuentos\" \/>\n<meta property=\"og:url\" content=\"https:\/\/arrosagepro.com\/es\/produit\/programador-interior-rain-bird-esp-tm2-4-230v-4-estaciones\/\" \/>\n<meta property=\"og:site_name\" content=\"Arrosage Pro\" \/>\n<meta property=\"article:modified_time\" content=\"2025-04-27T06:44:22+00:00\" \/>\n<meta property=\"og:image\" content=\"https:\/\/arrosagepro.com\/wp-content\/uploads\/2025\/02\/c686a75d4043cdecd8c530f8400802bb.webp\" \/>\n\t<meta property=\"og:image:width\" content=\"800\" \/>\n\t<meta property=\"og:image:height\" content=\"800\" \/>\n\t<meta property=\"og:image:type\" content=\"image\/webp\" \/>\n<meta name=\"twitter:card\" content=\"summary_large_image\" \/>\n<meta name=\"twitter:label1\" content=\"Tiempo de lectura\" \/>\n\t<meta name=\"twitter:data1\" content=\"1 minuto\" \/>\n<script type=\"application\/ld+json\" class=\"yoast-schema-graph\">{\"@context\":\"https:\/\/schema.org\",\"@graph\":[{\"@type\":\"WebPage\",\"@id\":\"https:\/\/arrosagepro.com\/es\/produit\/programador-interior-rain-bird-esp-tm2-4-230v-4-estaciones\/\",\"url\":\"https:\/\/arrosagepro.com\/es\/produit\/programador-interior-rain-bird-esp-tm2-4-230v-4-estaciones\/\",\"name\":\"Programador interior Rain Bird ESP-TM2-4-230V (4 estaciones) - Arrosage Pro\",\"isPartOf\":{\"@id\":\"https:\/\/arrosagepro.com\/es\/#website\"},\"primaryImageOfPage\":{\"@id\":\"https:\/\/arrosagepro.com\/es\/produit\/programador-interior-rain-bird-esp-tm2-4-230v-4-estaciones\/#primaryimage\"},\"image\":{\"@id\":\"https:\/\/arrosagepro.com\/es\/produit\/programador-interior-rain-bird-esp-tm2-4-230v-4-estaciones\/#primaryimage\"},\"thumbnailUrl\":\"https:\/\/arrosagepro.com\/wp-content\/uploads\/2025\/02\/c686a75d4043cdecd8c530f8400802bb.webp\",\"datePublished\":\"2025-02-05T17:41:42+00:00\",\"dateModified\":\"2025-04-27T06:44:22+00:00\",\"breadcrumb\":{\"@id\":\"https:\/\/arrosagepro.com\/es\/produit\/programador-interior-rain-bird-esp-tm2-4-230v-4-estaciones\/#breadcrumb\"},\"inLanguage\":\"es\",\"potentialAction\":[{\"@type\":\"ReadAction\",\"target\":[\"https:\/\/arrosagepro.com\/es\/produit\/programador-interior-rain-bird-esp-tm2-4-230v-4-estaciones\/\"]}]},{\"@type\":\"ImageObject\",\"inLanguage\":\"es\",\"@id\":\"https:\/\/arrosagepro.com\/es\/produit\/programador-interior-rain-bird-esp-tm2-4-230v-4-estaciones\/#primaryimage\",\"url\":\"https:\/\/arrosagepro.com\/wp-content\/uploads\/2025\/02\/c686a75d4043cdecd8c530f8400802bb.webp\",\"contentUrl\":\"https:\/\/arrosagepro.com\/wp-content\/uploads\/2025\/02\/c686a75d4043cdecd8c530f8400802bb.webp\",\"width\":800,\"height\":800},{\"@type\":\"BreadcrumbList\",\"@id\":\"https:\/\/arrosagepro.com\/es\/produit\/programador-interior-rain-bird-esp-tm2-4-230v-4-estaciones\/#breadcrumb\",\"itemListElement\":[{\"@type\":\"ListItem\",\"position\":1,\"name\":\"Accueil\",\"item\":\"https:\/\/arrosagepro.com\/es\/\"},{\"@type\":\"ListItem\",\"position\":2,\"name\":\"Producir\",\"item\":\"https:\/\/arrosagepro.com\/es\/producir\/\"},{\"@type\":\"ListItem\",\"position\":3,\"name\":\"Programador interior Rain Bird ESP-TM2-4-230V (4 estaciones)\"}]},{\"@type\":\"WebSite\",\"@id\":\"https:\/\/arrosagepro.com\/es\/#website\",\"url\":\"https:\/\/arrosagepro.com\/es\/\",\"name\":\"Arrosage Pro\",\"description\":\"Arrosage Pro\",\"publisher\":{\"@id\":\"https:\/\/arrosagepro.com\/es\/#organization\"},\"potentialAction\":[{\"@type\":\"SearchAction\",\"target\":{\"@type\":\"EntryPoint\",\"urlTemplate\":\"https:\/\/arrosagepro.com\/es\/?s={search_term_string}\"},\"query-input\":{\"@type\":\"PropertyValueSpecification\",\"valueRequired\":true,\"valueName\":\"search_term_string\"}}],\"inLanguage\":\"es\"},{\"@type\":\"Organization\",\"@id\":\"https:\/\/arrosagepro.com\/es\/#organization\",\"name\":\"Arrosage Pro\",\"url\":\"https:\/\/arrosagepro.com\/es\/\",\"logo\":{\"@type\":\"ImageObject\",\"inLanguage\":\"es\",\"@id\":\"https:\/\/arrosagepro.com\/es\/#\/schema\/logo\/image\/\",\"url\":\"https:\/\/arrosagepro.com\/wp-content\/uploads\/2024\/11\/cropped-favicon.png\",\"contentUrl\":\"https:\/\/arrosagepro.com\/wp-content\/uploads\/2024\/11\/cropped-favicon.png\",\"width\":512,\"height\":512,\"caption\":\"Arrosage Pro\"},\"image\":{\"@id\":\"https:\/\/arrosagepro.com\/es\/#\/schema\/logo\/image\/\"}}]}<\/script>\n<!-- \/ Yoast SEO plugin. -->","yoast_head_json":{"title":"Programador interior Rain Bird ESP-TM2-4-230V (4 estaciones) - Arrosage Pro","robots":{"index":"index","follow":"follow","max-snippet":"max-snippet:-1","max-image-preview":"max-image-preview:large","max-video-preview":"max-video-preview:-1"},"canonical":"https:\/\/arrosagepro.com\/es\/produit\/programador-interior-rain-bird-esp-tm2-4-230v-4-estaciones\/","og_locale":"es_ES","og_type":"article","og_title":"Programador interior Rain Bird ESP-TM2-4-230V (4 estaciones) - Arrosage Pro","og_description":"El Rain Bird ESP-TM2-4-230V es un controlador de riego para interiores capaz de gestionar hasta cuatro zonas de riego. Ideal para aplicaciones residenciales, ofrece una interfaz de usuario intuitiva y funciones avanzadas para satisfacer las necesidades espec\u00edficas de su jard\u00edn. Adem\u00e1s, es escalable gracias a su compatibilidad con el m\u00f3dulo Wi-Fi LNK2, permitiendo el control remoto a trav\u00e9s de dispositivos iOS o Android.   &nbsp; Solicitar presupuesto Tarifas y descuentos","og_url":"https:\/\/arrosagepro.com\/es\/produit\/programador-interior-rain-bird-esp-tm2-4-230v-4-estaciones\/","og_site_name":"Arrosage Pro","article_modified_time":"2025-04-27T06:44:22+00:00","og_image":[{"width":800,"height":800,"url":"https:\/\/arrosagepro.com\/wp-content\/uploads\/2025\/02\/c686a75d4043cdecd8c530f8400802bb.webp","type":"image\/webp"}],"twitter_card":"summary_large_image","twitter_misc":{"Tiempo de lectura":"1 minuto"},"schema":{"@context":"https:\/\/schema.org","@graph":[{"@type":"WebPage","@id":"https:\/\/arrosagepro.com\/es\/produit\/programador-interior-rain-bird-esp-tm2-4-230v-4-estaciones\/","url":"https:\/\/arrosagepro.com\/es\/produit\/programador-interior-rain-bird-esp-tm2-4-230v-4-estaciones\/","name":"Programador interior Rain Bird ESP-TM2-4-230V (4 estaciones) - Arrosage Pro","isPartOf":{"@id":"https:\/\/arrosagepro.com\/es\/#website"},"primaryImageOfPage":{"@id":"https:\/\/arrosagepro.com\/es\/produit\/programador-interior-rain-bird-esp-tm2-4-230v-4-estaciones\/#primaryimage"},"image":{"@id":"https:\/\/arrosagepro.com\/es\/produit\/programador-interior-rain-bird-esp-tm2-4-230v-4-estaciones\/#primaryimage"},"thumbnailUrl":"https:\/\/arrosagepro.com\/wp-content\/uploads\/2025\/02\/c686a75d4043cdecd8c530f8400802bb.webp","datePublished":"2025-02-05T17:41:42+00:00","dateModified":"2025-04-27T06:44:22+00:00","breadcrumb":{"@id":"https:\/\/arrosagepro.com\/es\/produit\/programador-interior-rain-bird-esp-tm2-4-230v-4-estaciones\/#breadcrumb"},"inLanguage":"es","potentialAction":[{"@type":"ReadAction","target":["https:\/\/arrosagepro.com\/es\/produit\/programador-interior-rain-bird-esp-tm2-4-230v-4-estaciones\/"]}]},{"@type":"ImageObject","inLanguage":"es","@id":"https:\/\/arrosagepro.com\/es\/produit\/programador-interior-rain-bird-esp-tm2-4-230v-4-estaciones\/#primaryimage","url":"https:\/\/arrosagepro.com\/wp-content\/uploads\/2025\/02\/c686a75d4043cdecd8c530f8400802bb.webp","contentUrl":"https:\/\/arrosagepro.com\/wp-content\/uploads\/2025\/02\/c686a75d4043cdecd8c530f8400802bb.webp","width":800,"height":800},{"@type":"BreadcrumbList","@id":"https:\/\/arrosagepro.com\/es\/produit\/programador-interior-rain-bird-esp-tm2-4-230v-4-estaciones\/#breadcrumb","itemListElement":[{"@type":"ListItem","position":1,"name":"Accueil","item":"https:\/\/arrosagepro.com\/es\/"},{"@type":"ListItem","position":2,"name":"Producir","item":"https:\/\/arrosagepro.com\/es\/producir\/"},{"@type":"ListItem","position":3,"name":"Programador interior Rain Bird ESP-TM2-4-230V (4 estaciones)"}]},{"@type":"WebSite","@id":"https:\/\/arrosagepro.com\/es\/#website","url":"https:\/\/arrosagepro.com\/es\/","name":"Arrosage Pro","description":"Arrosage Pro","publisher":{"@id":"https:\/\/arrosagepro.com\/es\/#organization"},"potentialAction":[{"@type":"SearchAction","target":{"@type":"EntryPoint","urlTemplate":"https:\/\/arrosagepro.com\/es\/?s={search_term_string}"},"query-input":{"@type":"PropertyValueSpecification","valueRequired":true,"valueName":"search_term_string"}}],"inLanguage":"es"},{"@type":"Organization","@id":"https:\/\/arrosagepro.com\/es\/#organization","name":"Arrosage Pro","url":"https:\/\/arrosagepro.com\/es\/","logo":{"@type":"ImageObject","inLanguage":"es","@id":"https:\/\/arrosagepro.com\/es\/#\/schema\/logo\/image\/","url":"https:\/\/arrosagepro.com\/wp-content\/uploads\/2024\/11\/cropped-favicon.png","contentUrl":"https:\/\/arrosagepro.com\/wp-content\/uploads\/2024\/11\/cropped-favicon.png","width":512,"height":512,"caption":"Arrosage Pro"},"image":{"@id":"https:\/\/arrosagepro.com\/es\/#\/schema\/logo\/image\/"}}]}},"_links":{"self":[{"href":"https:\/\/arrosagepro.com\/es\/wp-json\/wp\/v2\/product\/4956","targetHints":{"allow":["GET"]}}],"collection":[{"href":"https:\/\/arrosagepro.com\/es\/wp-json\/wp\/v2\/product"}],"about":[{"href":"https:\/\/arrosagepro.com\/es\/wp-json\/wp\/v2\/types\/product"}],"version-history":[{"count":1,"href":"https:\/\/arrosagepro.com\/es\/wp-json\/wp\/v2\/product\/4956\/revisions"}],"predecessor-version":[{"id":4957,"href":"https:\/\/arrosagepro.com\/es\/wp-json\/wp\/v2\/product\/4956\/revisions\/4957"}],"wp:featuredmedia":[{"embeddable":true,"href":"https:\/\/arrosagepro.com\/es\/wp-json\/wp\/v2\/media\/3597"}],"wp:attachment":[{"href":"https:\/\/arrosagepro.com\/es\/wp-json\/wp\/v2\/media?parent=4956"}],"wp:term":[{"taxonomy":"product_brand","embeddable":true,"href":"https:\/\/arrosagepro.com\/es\/wp-json\/wp\/v2\/product_brand?post=4956"},{"taxonomy":"product_cat","embeddable":true,"href":"https:\/\/arrosagepro.com\/es\/wp-json\/wp\/v2\/product_cat?post=4956"},{"taxonomy":"product_tag","embeddable":true,"href":"https:\/\/arrosagepro.com\/es\/wp-json\/wp\/v2\/product_tag?post=4956"}],"curies":[{"name":"wp","href":"https:\/\/api.w.org\/{rel}","templated":true}]}}