{"id":5029,"date":"2025-02-08T13:12:03","date_gmt":"2025-02-08T13:12:03","guid":{"rendered":"https:\/\/arrosagepro.com\/produit\/programador-rain-bird-esp-9v-1-2-4-6-estaciones\/"},"modified":"2025-02-08T13:12:03","modified_gmt":"2025-02-08T13:12:03","slug":"programador-rain-bird-esp-9v-1-2-4-6-estaciones","status":"publish","type":"product","link":"https:\/\/arrosagepro.com\/es\/produit\/programador-rain-bird-esp-9v-1-2-4-6-estaciones\/","title":{"rendered":"Programador Rain Bird ESP-9V (1-2-4-6 estaciones)"},"content":{"rendered":"<p><strong>Caracter\u00edsticas principales:<\/strong><\/p>\n<ul>\n<li><strong>Carcasa impermeable con certificaci\u00f3n IP68: <\/strong> proporciona una protecci\u00f3n \u00f3ptima contra el polvo, la suciedad y el agua, lo que permite una instalaci\u00f3n segura incluso en pozos de v\u00e1lvulas.<\/li>\n<li><strong>Vida \u00fatil prolongada de la bater\u00eda:<\/strong> funciona con una o dos bater\u00edas alcalinas de 9 voltios, lo que proporciona al menos un a\u00f1o de vida \u00fatil de la bater\u00eda con una bater\u00eda y hasta dos a\u00f1os con dos bater\u00edas, incluso en condiciones dif\u00edciles.<\/li>\n<li><strong>Programaci\u00f3n intuitiva<\/strong>: La pantalla LCD grande y f\u00e1cil de usar consolida todas las funciones de programaci\u00f3n en una sola interfaz, lo que facilita la configuraci\u00f3n y la administraci\u00f3n del riego.<\/li>\n<li><strong>Flexibilidad de programaci\u00f3n:<\/strong> ofrece hasta 6 horas de inicio por zona, con duraciones de riego ajustables de 1 minuto a 12 horas y 4 opciones de d\u00edas de riego por zona (d\u00edas de semana personalizados, c\u00edclicos, d\u00edas impares y d\u00edas pares).<\/li>\n<li><strong>Funci\u00f3n de programaci\u00f3n r\u00e1pida para contratistas\u2122<\/strong>: copia autom\u00e1ticamente las horas de inicio y los d\u00edas de riego de la Zona 1 a todas las dem\u00e1s zonas durante la configuraci\u00f3n inicial, lo que simplifica la configuraci\u00f3n.<\/li>\n<li><strong>Compatibilidad de sensores:<\/strong> Cuenta con una entrada de sonda con opci\u00f3n de bypass, lo que permite la conexi\u00f3n de sensores de lluvia o humedad para optimizar el uso del agua.\n<div class=\"relative inline-flex items-center\"><\/div>\n<div class=\"relative inline-flex items-center\"><\/div>\n<div class=\"relative inline-flex items-center\"><\/div>\n<div class=\"relative inline-flex items-center\"><\/div>\n<div class=\"relative inline-flex items-center\"><\/div>\n<div class=\"relative inline-flex items-center\"><\/div>\n<div class=\"relative inline-flex items-center\"><\/div>\n<div class=\"relative inline-flex items-center\"><\/div>\n<div class=\"relative inline-flex items-center\"><\/div>\n<\/li>\n<\/ul>\n","protected":false},"excerpt":{"rendered":"<p>El <strong>Rain Bird ESP-9V<\/strong> es un controlador de riego que funciona a bater\u00eda y est\u00e1 dise\u00f1ado para sistemas que requieren una gesti\u00f3n de riego confiable sin energ\u00eda el\u00e9ctrica. Disponible en versiones de <strong>1, 2, 4 o 6 estaciones,<\/strong> es adecuado para peque\u00f1as instalaciones residenciales y comerciales, proporcionando un control de riego eficiente, incluso en entornos dif\u00edciles. Gracias a su <strong>carcasa con certificaci\u00f3n IP68,<\/strong> es resistente al agua y al polvo, lo que lo hace ideal para su instalaci\u00f3n en pozos de v\u00e1lvulas u otros lugares expuestos a los elementos.  <\/p>\n<p>Su <strong>interfaz sencilla e intuitiva<\/strong>, con una gran pantalla LCD, permite programar f\u00e1cilmente el riego con la m\u00e1xima flexibilidad. Cada estaci\u00f3n se puede configurar independientemente con hasta <strong>6 inicios por d\u00eda, duraci\u00f3n<\/strong> de riego ajustable de <strong>1 minuto a 12 horas<\/strong> y m\u00faltiples modos de programaci\u00f3n (d\u00edas espec\u00edficos, d\u00edas pares\/impares o ciclos personalizados). El ESP-9V incorpora la funcionalidad <strong>Contractor Rapid Programming\u2122<\/strong>, que facilita la configuraci\u00f3n copiando autom\u00e1ticamente los ajustes de la primera estaci\u00f3n a las dem\u00e1s, <strong>reduciendo as\u00ed el tiempo <\/strong> de instalaci\u00f3n. Su funcionamiento con una o dos pilas de 9V asegura una autonom\u00eda prolongada <strong>de hasta<\/strong> dos a\u00f1os, garantizando un funcionamiento continuo sin necesidad de mantenimiento frecuente.   <\/p>\n<p>Adem\u00e1s de su facilidad de uso, este programador es <strong> compatible con sensores de lluvia <\/strong> y humedad, lo que permite optimizar el uso del agua interrumpiendo el riego en caso de condiciones clim\u00e1ticas adversas. Con su dise\u00f1o robusto y caracter\u00edsticas avanzadas, <strong>el Rain Bird ESP-9V es una soluci\u00f3n ideal para un riego inteligente y energ\u00e9ticamente eficiente.<\/strong> <\/p>\n<p><img decoding=\"async\" class=\"alignnone size-medium wp-image-285\" src=\"\/wp-content\/uploads\/2024\/12\/rainbird-logo.png\" alt=\"\" width=\"300\" height=\"71\"><\/p>\n<p>&nbsp;<\/p>\n<p><a class=\"btnProdDevis\" href=\"https:\/\/arrosagepro.com\/es\/solicite-un-presupuesto\/\">Solicitar presupuesto <\/a> <a class=\"btnProdTarifs\" href=\"https:\/\/arrosagepro.com\/es\/tarifas-y-descuentos\/pajaro-de-lluvia\/\">Tarifas y descuentos<\/a><\/p>\n","protected":false},"featured_media":3652,"template":"","meta":{"_acf_changed":false,"_links_to":"","_links_to_target":""},"product_brand":[],"product_cat":[180],"product_tag":[],"class_list":{"0":"post-5029","1":"product","2":"type-product","3":"status-publish","4":"has-post-thumbnail","6":"product_cat-programadores","8":"first","9":"instock","10":"sale","11":"taxable","12":"shipping-taxable","13":"purchasable","14":"product-type-variable"},"acf":[],"yoast_head":"<!-- This site is optimized with the Yoast SEO plugin v26.8 - https:\/\/yoast.com\/product\/yoast-seo-wordpress\/ -->\n<title>Programador Rain Bird ESP-9V (1-2-4-6 estaciones) - Arrosage Pro<\/title>\n<meta name=\"robots\" content=\"index, follow, max-snippet:-1, max-image-preview:large, max-video-preview:-1\" \/>\n<link rel=\"canonical\" href=\"https:\/\/arrosagepro.com\/es\/produit\/programador-rain-bird-esp-9v-1-2-4-6-estaciones\/\" \/>\n<meta property=\"og:locale\" content=\"es_ES\" \/>\n<meta property=\"og:type\" content=\"article\" \/>\n<meta property=\"og:title\" content=\"Programador Rain Bird ESP-9V (1-2-4-6 estaciones) - Arrosage Pro\" \/>\n<meta property=\"og:description\" content=\"El Rain Bird ESP-9V es un controlador de riego que funciona a bater\u00eda y est\u00e1 dise\u00f1ado para sistemas que requieren una gesti\u00f3n de riego confiable sin energ\u00eda el\u00e9ctrica. Disponible en versiones de 1, 2, 4 o 6 estaciones, es adecuado para peque\u00f1as instalaciones residenciales y comerciales, proporcionando un control de riego eficiente, incluso en entornos dif\u00edciles. Gracias a su carcasa con certificaci\u00f3n IP68, es resistente al agua y al polvo, lo que lo hace ideal para su instalaci\u00f3n en pozos de v\u00e1lvulas u otros lugares expuestos a los elementos.  Su interfaz sencilla e intuitiva, con una gran pantalla LCD, permite programar f\u00e1cilmente el riego con la m\u00e1xima flexibilidad. Cada estaci\u00f3n se puede configurar independientemente con hasta 6 inicios por d\u00eda, duraci\u00f3n de riego ajustable de 1 minuto a 12 horas y m\u00faltiples modos de programaci\u00f3n (d\u00edas espec\u00edficos, d\u00edas pares\/impares o ciclos personalizados). El ESP-9V incorpora la funcionalidad Contractor Rapid Programming\u2122, que facilita la configuraci\u00f3n copiando autom\u00e1ticamente los ajustes de la primera estaci\u00f3n a las dem\u00e1s, reduciendo as\u00ed el tiempo de instalaci\u00f3n. Su funcionamiento con una o dos pilas de 9V asegura una autonom\u00eda prolongada de hasta dos a\u00f1os, garantizando un funcionamiento continuo sin necesidad de mantenimiento frecuente.   Adem\u00e1s de su facilidad de uso, este programador es compatible con sensores de lluvia y humedad, lo que permite optimizar el uso del agua interrumpiendo el riego en caso de condiciones clim\u00e1ticas adversas. Con su dise\u00f1o robusto y caracter\u00edsticas avanzadas, el Rain Bird ESP-9V es una soluci\u00f3n ideal para un riego inteligente y energ\u00e9ticamente eficiente.   &nbsp; Solicitar presupuesto Tarifas y descuentos\" \/>\n<meta property=\"og:url\" content=\"https:\/\/arrosagepro.com\/es\/produit\/programador-rain-bird-esp-9v-1-2-4-6-estaciones\/\" \/>\n<meta property=\"og:site_name\" content=\"Arrosage Pro\" \/>\n<meta property=\"og:image\" content=\"https:\/\/arrosagepro.com\/wp-content\/uploads\/2025\/02\/41uu07uoEaL._AC_.png\" \/>\n\t<meta property=\"og:image:width\" content=\"1000\" \/>\n\t<meta property=\"og:image:height\" content=\"1000\" \/>\n\t<meta property=\"og:image:type\" content=\"image\/png\" \/>\n<meta name=\"twitter:card\" content=\"summary_large_image\" \/>\n<meta name=\"twitter:label1\" content=\"Tiempo de lectura\" \/>\n\t<meta name=\"twitter:data1\" content=\"1 minuto\" \/>\n<script type=\"application\/ld+json\" class=\"yoast-schema-graph\">{\"@context\":\"https:\/\/schema.org\",\"@graph\":[{\"@type\":\"WebPage\",\"@id\":\"https:\/\/arrosagepro.com\/es\/produit\/programador-rain-bird-esp-9v-1-2-4-6-estaciones\/\",\"url\":\"https:\/\/arrosagepro.com\/es\/produit\/programador-rain-bird-esp-9v-1-2-4-6-estaciones\/\",\"name\":\"Programador Rain Bird ESP-9V (1-2-4-6 estaciones) - Arrosage Pro\",\"isPartOf\":{\"@id\":\"https:\/\/arrosagepro.com\/es\/#website\"},\"primaryImageOfPage\":{\"@id\":\"https:\/\/arrosagepro.com\/es\/produit\/programador-rain-bird-esp-9v-1-2-4-6-estaciones\/#primaryimage\"},\"image\":{\"@id\":\"https:\/\/arrosagepro.com\/es\/produit\/programador-rain-bird-esp-9v-1-2-4-6-estaciones\/#primaryimage\"},\"thumbnailUrl\":\"https:\/\/arrosagepro.com\/wp-content\/uploads\/2025\/02\/41uu07uoEaL._AC_.png\",\"datePublished\":\"2025-02-08T13:12:03+00:00\",\"breadcrumb\":{\"@id\":\"https:\/\/arrosagepro.com\/es\/produit\/programador-rain-bird-esp-9v-1-2-4-6-estaciones\/#breadcrumb\"},\"inLanguage\":\"es\",\"potentialAction\":[{\"@type\":\"ReadAction\",\"target\":[\"https:\/\/arrosagepro.com\/es\/produit\/programador-rain-bird-esp-9v-1-2-4-6-estaciones\/\"]}]},{\"@type\":\"ImageObject\",\"inLanguage\":\"es\",\"@id\":\"https:\/\/arrosagepro.com\/es\/produit\/programador-rain-bird-esp-9v-1-2-4-6-estaciones\/#primaryimage\",\"url\":\"https:\/\/arrosagepro.com\/wp-content\/uploads\/2025\/02\/41uu07uoEaL._AC_.png\",\"contentUrl\":\"https:\/\/arrosagepro.com\/wp-content\/uploads\/2025\/02\/41uu07uoEaL._AC_.png\",\"width\":1000,\"height\":1000},{\"@type\":\"BreadcrumbList\",\"@id\":\"https:\/\/arrosagepro.com\/es\/produit\/programador-rain-bird-esp-9v-1-2-4-6-estaciones\/#breadcrumb\",\"itemListElement\":[{\"@type\":\"ListItem\",\"position\":1,\"name\":\"Accueil\",\"item\":\"https:\/\/arrosagepro.com\/es\/\"},{\"@type\":\"ListItem\",\"position\":2,\"name\":\"Producir\",\"item\":\"https:\/\/arrosagepro.com\/es\/producir\/\"},{\"@type\":\"ListItem\",\"position\":3,\"name\":\"Programador Rain Bird ESP-9V (1-2-4-6 estaciones)\"}]},{\"@type\":\"WebSite\",\"@id\":\"https:\/\/arrosagepro.com\/es\/#website\",\"url\":\"https:\/\/arrosagepro.com\/es\/\",\"name\":\"Arrosage Pro\",\"description\":\"Arrosage Pro\",\"publisher\":{\"@id\":\"https:\/\/arrosagepro.com\/es\/#organization\"},\"potentialAction\":[{\"@type\":\"SearchAction\",\"target\":{\"@type\":\"EntryPoint\",\"urlTemplate\":\"https:\/\/arrosagepro.com\/es\/?s={search_term_string}\"},\"query-input\":{\"@type\":\"PropertyValueSpecification\",\"valueRequired\":true,\"valueName\":\"search_term_string\"}}],\"inLanguage\":\"es\"},{\"@type\":\"Organization\",\"@id\":\"https:\/\/arrosagepro.com\/es\/#organization\",\"name\":\"Arrosage Pro\",\"url\":\"https:\/\/arrosagepro.com\/es\/\",\"logo\":{\"@type\":\"ImageObject\",\"inLanguage\":\"es\",\"@id\":\"https:\/\/arrosagepro.com\/es\/#\/schema\/logo\/image\/\",\"url\":\"https:\/\/arrosagepro.com\/wp-content\/uploads\/2024\/11\/cropped-favicon.png\",\"contentUrl\":\"https:\/\/arrosagepro.com\/wp-content\/uploads\/2024\/11\/cropped-favicon.png\",\"width\":512,\"height\":512,\"caption\":\"Arrosage Pro\"},\"image\":{\"@id\":\"https:\/\/arrosagepro.com\/es\/#\/schema\/logo\/image\/\"}}]}<\/script>\n<!-- \/ Yoast SEO plugin. -->","yoast_head_json":{"title":"Programador Rain Bird ESP-9V (1-2-4-6 estaciones) - Arrosage Pro","robots":{"index":"index","follow":"follow","max-snippet":"max-snippet:-1","max-image-preview":"max-image-preview:large","max-video-preview":"max-video-preview:-1"},"canonical":"https:\/\/arrosagepro.com\/es\/produit\/programador-rain-bird-esp-9v-1-2-4-6-estaciones\/","og_locale":"es_ES","og_type":"article","og_title":"Programador Rain Bird ESP-9V (1-2-4-6 estaciones) - Arrosage Pro","og_description":"El Rain Bird ESP-9V es un controlador de riego que funciona a bater\u00eda y est\u00e1 dise\u00f1ado para sistemas que requieren una gesti\u00f3n de riego confiable sin energ\u00eda el\u00e9ctrica. Disponible en versiones de 1, 2, 4 o 6 estaciones, es adecuado para peque\u00f1as instalaciones residenciales y comerciales, proporcionando un control de riego eficiente, incluso en entornos dif\u00edciles. Gracias a su carcasa con certificaci\u00f3n IP68, es resistente al agua y al polvo, lo que lo hace ideal para su instalaci\u00f3n en pozos de v\u00e1lvulas u otros lugares expuestos a los elementos.  Su interfaz sencilla e intuitiva, con una gran pantalla LCD, permite programar f\u00e1cilmente el riego con la m\u00e1xima flexibilidad. Cada estaci\u00f3n se puede configurar independientemente con hasta 6 inicios por d\u00eda, duraci\u00f3n de riego ajustable de 1 minuto a 12 horas y m\u00faltiples modos de programaci\u00f3n (d\u00edas espec\u00edficos, d\u00edas pares\/impares o ciclos personalizados). El ESP-9V incorpora la funcionalidad Contractor Rapid Programming\u2122, que facilita la configuraci\u00f3n copiando autom\u00e1ticamente los ajustes de la primera estaci\u00f3n a las dem\u00e1s, reduciendo as\u00ed el tiempo de instalaci\u00f3n. Su funcionamiento con una o dos pilas de 9V asegura una autonom\u00eda prolongada de hasta dos a\u00f1os, garantizando un funcionamiento continuo sin necesidad de mantenimiento frecuente.   Adem\u00e1s de su facilidad de uso, este programador es compatible con sensores de lluvia y humedad, lo que permite optimizar el uso del agua interrumpiendo el riego en caso de condiciones clim\u00e1ticas adversas. Con su dise\u00f1o robusto y caracter\u00edsticas avanzadas, el Rain Bird ESP-9V es una soluci\u00f3n ideal para un riego inteligente y energ\u00e9ticamente eficiente.   &nbsp; Solicitar presupuesto Tarifas y descuentos","og_url":"https:\/\/arrosagepro.com\/es\/produit\/programador-rain-bird-esp-9v-1-2-4-6-estaciones\/","og_site_name":"Arrosage Pro","og_image":[{"width":1000,"height":1000,"url":"https:\/\/arrosagepro.com\/wp-content\/uploads\/2025\/02\/41uu07uoEaL._AC_.png","type":"image\/png"}],"twitter_card":"summary_large_image","twitter_misc":{"Tiempo de lectura":"1 minuto"},"schema":{"@context":"https:\/\/schema.org","@graph":[{"@type":"WebPage","@id":"https:\/\/arrosagepro.com\/es\/produit\/programador-rain-bird-esp-9v-1-2-4-6-estaciones\/","url":"https:\/\/arrosagepro.com\/es\/produit\/programador-rain-bird-esp-9v-1-2-4-6-estaciones\/","name":"Programador Rain Bird ESP-9V (1-2-4-6 estaciones) - Arrosage Pro","isPartOf":{"@id":"https:\/\/arrosagepro.com\/es\/#website"},"primaryImageOfPage":{"@id":"https:\/\/arrosagepro.com\/es\/produit\/programador-rain-bird-esp-9v-1-2-4-6-estaciones\/#primaryimage"},"image":{"@id":"https:\/\/arrosagepro.com\/es\/produit\/programador-rain-bird-esp-9v-1-2-4-6-estaciones\/#primaryimage"},"thumbnailUrl":"https:\/\/arrosagepro.com\/wp-content\/uploads\/2025\/02\/41uu07uoEaL._AC_.png","datePublished":"2025-02-08T13:12:03+00:00","breadcrumb":{"@id":"https:\/\/arrosagepro.com\/es\/produit\/programador-rain-bird-esp-9v-1-2-4-6-estaciones\/#breadcrumb"},"inLanguage":"es","potentialAction":[{"@type":"ReadAction","target":["https:\/\/arrosagepro.com\/es\/produit\/programador-rain-bird-esp-9v-1-2-4-6-estaciones\/"]}]},{"@type":"ImageObject","inLanguage":"es","@id":"https:\/\/arrosagepro.com\/es\/produit\/programador-rain-bird-esp-9v-1-2-4-6-estaciones\/#primaryimage","url":"https:\/\/arrosagepro.com\/wp-content\/uploads\/2025\/02\/41uu07uoEaL._AC_.png","contentUrl":"https:\/\/arrosagepro.com\/wp-content\/uploads\/2025\/02\/41uu07uoEaL._AC_.png","width":1000,"height":1000},{"@type":"BreadcrumbList","@id":"https:\/\/arrosagepro.com\/es\/produit\/programador-rain-bird-esp-9v-1-2-4-6-estaciones\/#breadcrumb","itemListElement":[{"@type":"ListItem","position":1,"name":"Accueil","item":"https:\/\/arrosagepro.com\/es\/"},{"@type":"ListItem","position":2,"name":"Producir","item":"https:\/\/arrosagepro.com\/es\/producir\/"},{"@type":"ListItem","position":3,"name":"Programador Rain Bird ESP-9V (1-2-4-6 estaciones)"}]},{"@type":"WebSite","@id":"https:\/\/arrosagepro.com\/es\/#website","url":"https:\/\/arrosagepro.com\/es\/","name":"Arrosage Pro","description":"Arrosage Pro","publisher":{"@id":"https:\/\/arrosagepro.com\/es\/#organization"},"potentialAction":[{"@type":"SearchAction","target":{"@type":"EntryPoint","urlTemplate":"https:\/\/arrosagepro.com\/es\/?s={search_term_string}"},"query-input":{"@type":"PropertyValueSpecification","valueRequired":true,"valueName":"search_term_string"}}],"inLanguage":"es"},{"@type":"Organization","@id":"https:\/\/arrosagepro.com\/es\/#organization","name":"Arrosage Pro","url":"https:\/\/arrosagepro.com\/es\/","logo":{"@type":"ImageObject","inLanguage":"es","@id":"https:\/\/arrosagepro.com\/es\/#\/schema\/logo\/image\/","url":"https:\/\/arrosagepro.com\/wp-content\/uploads\/2024\/11\/cropped-favicon.png","contentUrl":"https:\/\/arrosagepro.com\/wp-content\/uploads\/2024\/11\/cropped-favicon.png","width":512,"height":512,"caption":"Arrosage Pro"},"image":{"@id":"https:\/\/arrosagepro.com\/es\/#\/schema\/logo\/image\/"}}]}},"_links":{"self":[{"href":"https:\/\/arrosagepro.com\/es\/wp-json\/wp\/v2\/product\/5029","targetHints":{"allow":["GET"]}}],"collection":[{"href":"https:\/\/arrosagepro.com\/es\/wp-json\/wp\/v2\/product"}],"about":[{"href":"https:\/\/arrosagepro.com\/es\/wp-json\/wp\/v2\/types\/product"}],"version-history":[{"count":0,"href":"https:\/\/arrosagepro.com\/es\/wp-json\/wp\/v2\/product\/5029\/revisions"}],"wp:featuredmedia":[{"embeddable":true,"href":"https:\/\/arrosagepro.com\/es\/wp-json\/wp\/v2\/media\/3652"}],"wp:attachment":[{"href":"https:\/\/arrosagepro.com\/es\/wp-json\/wp\/v2\/media?parent=5029"}],"wp:term":[{"taxonomy":"product_brand","embeddable":true,"href":"https:\/\/arrosagepro.com\/es\/wp-json\/wp\/v2\/product_brand?post=5029"},{"taxonomy":"product_cat","embeddable":true,"href":"https:\/\/arrosagepro.com\/es\/wp-json\/wp\/v2\/product_cat?post=5029"},{"taxonomy":"product_tag","embeddable":true,"href":"https:\/\/arrosagepro.com\/es\/wp-json\/wp\/v2\/product_tag?post=5029"}],"curies":[{"name":"wp","href":"https:\/\/api.w.org\/{rel}","templated":true}]}}