{"id":2118,"date":"2025-02-08T18:24:54","date_gmt":"2025-02-08T18:24:54","guid":{"rendered":"https:\/\/arrosagepro.com\/?post_type=product&#038;p=2118"},"modified":"2026-03-30T13:03:17","modified_gmt":"2026-03-30T13:03:17","slug":"galcon-programmateur-de-robinet-numerique-11000l","status":"publish","type":"product","link":"https:\/\/arrosagepro.com\/it\/produit\/galcon-programmateur-de-robinet-numerique-11000l\/","title":{"rendered":"Galcon 11000L \u2014 Programmateur robinet digital LCD \u00e0 piles"},"content":{"rendered":"<p>Le <strong>Galcon 11000L<\/strong> est le programmateur robinet digital de Galcon<br \/>\navec <strong>\u00e9cran LCD<\/strong> \u2014 affichage clair et programmation intuitive.<br \/>\nVersion am\u00e9lior\u00e9e du 9001 avec un \u00e9cran plus lisible.<\/p>\n<h3>Caract\u00e9ristiques principales<\/h3>\n<ul>\n<li><strong>\u00c9cran LCD<\/strong> \u2014 Affichage clair de la programmation.<\/li>\n<li><strong>Digital<\/strong> \u2014 Programmation pr\u00e9cise heure\/dur\u00e9e\/fr\u00e9quence.<\/li>\n<li><strong>Piles<\/strong> \u2014 Autonome, sans c\u00e2ble secteur.<\/li>\n<li><strong>Installation rapide<\/strong> \u2014 Robinet \u00be&#8221;.<\/li>\n<\/ul>\n<h3>Caract\u00e9ristiques techniques<\/h3>\n<ul>\n<li>Mod\u00e8le : 11000L | \u00c9cran : LCD | Alimentation : Piles<\/li>\n<\/ul>\n<p><strong>Commande en volume ?<\/strong> <a href=\"\/devis\">Demandez un devis<\/a>.<\/p>\n","protected":false},"excerpt":{"rendered":"<p>Programmateur robinet digital Galcon 11000L avec \u00e9cran LCD \u2014 affichage clair, programmation intuitive. Fonctionne \u00e0 piles. Installation en 2 minutes sur robinet \u00be&#8221;.<\/p>\n","protected":false},"featured_media":2122,"template":"","meta":{"_acf_changed":false,"_links_to":"","_links_to_target":""},"product_brand":[295],"product_cat":[68],"product_tag":[371,345,367,372,370],"class_list":{"0":"post-2118","1":"product","2":"type-product","3":"status-publish","4":"has-post-thumbnail","6":"product_brand-galcon","7":"product_cat-programmateurs","8":"product_tag-11000l","9":"product_tag-digital","10":"product_tag-galcon","11":"product_tag-lcd","12":"product_tag-robinet","14":"first","15":"instock","16":"taxable","17":"shipping-taxable","18":"product-type-simple"},"acf":[],"yoast_head":"<!-- This site is optimized with the Yoast SEO plugin v26.8 - https:\/\/yoast.com\/product\/yoast-seo-wordpress\/ -->\n<title>Galcon 11000L \u2014 Programmateur robinet digital LCD \u00e0 piles - Arrosage Pro<\/title>\n<meta name=\"robots\" content=\"index, follow, max-snippet:-1, max-image-preview:large, max-video-preview:-1\" \/>\n<link rel=\"canonical\" href=\"https:\/\/arrosagepro.com\/it\/produit\/galcon-programmateur-de-robinet-numerique-11000l\/\" \/>\n<meta property=\"og:locale\" content=\"it_IT\" \/>\n<meta property=\"og:type\" content=\"article\" \/>\n<meta property=\"og:title\" content=\"Galcon 11000L \u2014 Programmateur robinet digital LCD \u00e0 piles - Arrosage Pro\" \/>\n<meta property=\"og:description\" content=\"Programmateur robinet digital Galcon 11000L avec \u00e9cran LCD \u2014 affichage clair, programmation intuitive. Fonctionne \u00e0 piles. Installation en 2 minutes sur robinet \u00be&quot;.\" \/>\n<meta property=\"og:url\" content=\"https:\/\/arrosagepro.com\/it\/produit\/galcon-programmateur-de-robinet-numerique-11000l\/\" \/>\n<meta property=\"og:site_name\" content=\"Arrosage Pro\" \/>\n<meta property=\"article:modified_time\" content=\"2026-03-30T13:03:17+00:00\" \/>\n<meta property=\"og:image\" content=\"https:\/\/arrosagepro.com\/wp-content\/uploads\/2025\/02\/programador-de-grifo-galcon-bluetooth-11000-800x800_PJPVCw2.jpg\" \/>\n\t<meta property=\"og:image:width\" content=\"800\" \/>\n\t<meta property=\"og:image:height\" content=\"800\" \/>\n\t<meta property=\"og:image:type\" content=\"image\/jpeg\" \/>\n<meta name=\"twitter:card\" content=\"summary_large_image\" \/>\n<meta name=\"twitter:label1\" content=\"Tempo di lettura stimato\" \/>\n\t<meta name=\"twitter:data1\" content=\"2 minuti\" \/>\n<script type=\"application\/ld+json\" class=\"yoast-schema-graph\">{\"@context\":\"https:\/\/schema.org\",\"@graph\":[{\"@type\":\"WebPage\",\"@id\":\"https:\/\/arrosagepro.com\/it\/produit\/galcon-programmateur-de-robinet-numerique-11000l\/\",\"url\":\"https:\/\/arrosagepro.com\/it\/produit\/galcon-programmateur-de-robinet-numerique-11000l\/\",\"name\":\"Galcon 11000L \u2014 Programmateur robinet digital LCD \u00e0 piles - Arrosage Pro\",\"isPartOf\":{\"@id\":\"https:\/\/arrosagepro.com\/it\/#website\"},\"primaryImageOfPage\":{\"@id\":\"https:\/\/arrosagepro.com\/it\/produit\/galcon-programmateur-de-robinet-numerique-11000l\/#primaryimage\"},\"image\":{\"@id\":\"https:\/\/arrosagepro.com\/it\/produit\/galcon-programmateur-de-robinet-numerique-11000l\/#primaryimage\"},\"thumbnailUrl\":\"https:\/\/arrosagepro.com\/wp-content\/uploads\/2025\/02\/programador-de-grifo-galcon-bluetooth-11000-800x800_PJPVCw2.jpg\",\"datePublished\":\"2025-02-08T18:24:54+00:00\",\"dateModified\":\"2026-03-30T13:03:17+00:00\",\"breadcrumb\":{\"@id\":\"https:\/\/arrosagepro.com\/it\/produit\/galcon-programmateur-de-robinet-numerique-11000l\/#breadcrumb\"},\"inLanguage\":\"it-IT\",\"potentialAction\":[{\"@type\":\"ReadAction\",\"target\":[\"https:\/\/arrosagepro.com\/it\/produit\/galcon-programmateur-de-robinet-numerique-11000l\/\"]}]},{\"@type\":\"ImageObject\",\"inLanguage\":\"it-IT\",\"@id\":\"https:\/\/arrosagepro.com\/it\/produit\/galcon-programmateur-de-robinet-numerique-11000l\/#primaryimage\",\"url\":\"https:\/\/arrosagepro.com\/wp-content\/uploads\/2025\/02\/programador-de-grifo-galcon-bluetooth-11000-800x800_PJPVCw2.jpg\",\"contentUrl\":\"https:\/\/arrosagepro.com\/wp-content\/uploads\/2025\/02\/programador-de-grifo-galcon-bluetooth-11000-800x800_PJPVCw2.jpg\",\"width\":800,\"height\":800},{\"@type\":\"BreadcrumbList\",\"@id\":\"https:\/\/arrosagepro.com\/it\/produit\/galcon-programmateur-de-robinet-numerique-11000l\/#breadcrumb\",\"itemListElement\":[{\"@type\":\"ListItem\",\"position\":1,\"name\":\"Accueil\",\"item\":\"https:\/\/arrosagepro.com\/it\/\"},{\"@type\":\"ListItem\",\"position\":2,\"name\":\"Produrre\",\"item\":\"https:\/\/arrosagepro.com\/it\/produrre\/\"},{\"@type\":\"ListItem\",\"position\":3,\"name\":\"Galcon 11000L \u2014 Programmateur robinet digital LCD \u00e0 piles\"}]},{\"@type\":\"WebSite\",\"@id\":\"https:\/\/arrosagepro.com\/it\/#website\",\"url\":\"https:\/\/arrosagepro.com\/it\/\",\"name\":\"Arrosage Pro\",\"description\":\"Arrosage Pro\",\"publisher\":{\"@id\":\"https:\/\/arrosagepro.com\/it\/#organization\"},\"potentialAction\":[{\"@type\":\"SearchAction\",\"target\":{\"@type\":\"EntryPoint\",\"urlTemplate\":\"https:\/\/arrosagepro.com\/it\/?s={search_term_string}\"},\"query-input\":{\"@type\":\"PropertyValueSpecification\",\"valueRequired\":true,\"valueName\":\"search_term_string\"}}],\"inLanguage\":\"it-IT\"},{\"@type\":\"Organization\",\"@id\":\"https:\/\/arrosagepro.com\/it\/#organization\",\"name\":\"Arrosage Pro\",\"url\":\"https:\/\/arrosagepro.com\/it\/\",\"logo\":{\"@type\":\"ImageObject\",\"inLanguage\":\"it-IT\",\"@id\":\"https:\/\/arrosagepro.com\/it\/#\/schema\/logo\/image\/\",\"url\":\"https:\/\/arrosagepro.com\/wp-content\/uploads\/2024\/11\/cropped-favicon.png\",\"contentUrl\":\"https:\/\/arrosagepro.com\/wp-content\/uploads\/2024\/11\/cropped-favicon.png\",\"width\":512,\"height\":512,\"caption\":\"Arrosage Pro\"},\"image\":{\"@id\":\"https:\/\/arrosagepro.com\/it\/#\/schema\/logo\/image\/\"}}]}<\/script>\n<!-- \/ Yoast SEO plugin. -->","yoast_head_json":{"title":"Galcon 11000L \u2014 Programmateur robinet digital LCD \u00e0 piles - Arrosage Pro","robots":{"index":"index","follow":"follow","max-snippet":"max-snippet:-1","max-image-preview":"max-image-preview:large","max-video-preview":"max-video-preview:-1"},"canonical":"https:\/\/arrosagepro.com\/it\/produit\/galcon-programmateur-de-robinet-numerique-11000l\/","og_locale":"it_IT","og_type":"article","og_title":"Galcon 11000L \u2014 Programmateur robinet digital LCD \u00e0 piles - Arrosage Pro","og_description":"Programmateur robinet digital Galcon 11000L avec \u00e9cran LCD \u2014 affichage clair, programmation intuitive. Fonctionne \u00e0 piles. Installation en 2 minutes sur robinet \u00be\".","og_url":"https:\/\/arrosagepro.com\/it\/produit\/galcon-programmateur-de-robinet-numerique-11000l\/","og_site_name":"Arrosage Pro","article_modified_time":"2026-03-30T13:03:17+00:00","og_image":[{"width":800,"height":800,"url":"https:\/\/arrosagepro.com\/wp-content\/uploads\/2025\/02\/programador-de-grifo-galcon-bluetooth-11000-800x800_PJPVCw2.jpg","type":"image\/jpeg"}],"twitter_card":"summary_large_image","twitter_misc":{"Tempo di lettura stimato":"2 minuti"},"schema":{"@context":"https:\/\/schema.org","@graph":[{"@type":"WebPage","@id":"https:\/\/arrosagepro.com\/it\/produit\/galcon-programmateur-de-robinet-numerique-11000l\/","url":"https:\/\/arrosagepro.com\/it\/produit\/galcon-programmateur-de-robinet-numerique-11000l\/","name":"Galcon 11000L \u2014 Programmateur robinet digital LCD \u00e0 piles - Arrosage Pro","isPartOf":{"@id":"https:\/\/arrosagepro.com\/it\/#website"},"primaryImageOfPage":{"@id":"https:\/\/arrosagepro.com\/it\/produit\/galcon-programmateur-de-robinet-numerique-11000l\/#primaryimage"},"image":{"@id":"https:\/\/arrosagepro.com\/it\/produit\/galcon-programmateur-de-robinet-numerique-11000l\/#primaryimage"},"thumbnailUrl":"https:\/\/arrosagepro.com\/wp-content\/uploads\/2025\/02\/programador-de-grifo-galcon-bluetooth-11000-800x800_PJPVCw2.jpg","datePublished":"2025-02-08T18:24:54+00:00","dateModified":"2026-03-30T13:03:17+00:00","breadcrumb":{"@id":"https:\/\/arrosagepro.com\/it\/produit\/galcon-programmateur-de-robinet-numerique-11000l\/#breadcrumb"},"inLanguage":"it-IT","potentialAction":[{"@type":"ReadAction","target":["https:\/\/arrosagepro.com\/it\/produit\/galcon-programmateur-de-robinet-numerique-11000l\/"]}]},{"@type":"ImageObject","inLanguage":"it-IT","@id":"https:\/\/arrosagepro.com\/it\/produit\/galcon-programmateur-de-robinet-numerique-11000l\/#primaryimage","url":"https:\/\/arrosagepro.com\/wp-content\/uploads\/2025\/02\/programador-de-grifo-galcon-bluetooth-11000-800x800_PJPVCw2.jpg","contentUrl":"https:\/\/arrosagepro.com\/wp-content\/uploads\/2025\/02\/programador-de-grifo-galcon-bluetooth-11000-800x800_PJPVCw2.jpg","width":800,"height":800},{"@type":"BreadcrumbList","@id":"https:\/\/arrosagepro.com\/it\/produit\/galcon-programmateur-de-robinet-numerique-11000l\/#breadcrumb","itemListElement":[{"@type":"ListItem","position":1,"name":"Accueil","item":"https:\/\/arrosagepro.com\/it\/"},{"@type":"ListItem","position":2,"name":"Produrre","item":"https:\/\/arrosagepro.com\/it\/produrre\/"},{"@type":"ListItem","position":3,"name":"Galcon 11000L \u2014 Programmateur robinet digital LCD \u00e0 piles"}]},{"@type":"WebSite","@id":"https:\/\/arrosagepro.com\/it\/#website","url":"https:\/\/arrosagepro.com\/it\/","name":"Arrosage Pro","description":"Arrosage Pro","publisher":{"@id":"https:\/\/arrosagepro.com\/it\/#organization"},"potentialAction":[{"@type":"SearchAction","target":{"@type":"EntryPoint","urlTemplate":"https:\/\/arrosagepro.com\/it\/?s={search_term_string}"},"query-input":{"@type":"PropertyValueSpecification","valueRequired":true,"valueName":"search_term_string"}}],"inLanguage":"it-IT"},{"@type":"Organization","@id":"https:\/\/arrosagepro.com\/it\/#organization","name":"Arrosage Pro","url":"https:\/\/arrosagepro.com\/it\/","logo":{"@type":"ImageObject","inLanguage":"it-IT","@id":"https:\/\/arrosagepro.com\/it\/#\/schema\/logo\/image\/","url":"https:\/\/arrosagepro.com\/wp-content\/uploads\/2024\/11\/cropped-favicon.png","contentUrl":"https:\/\/arrosagepro.com\/wp-content\/uploads\/2024\/11\/cropped-favicon.png","width":512,"height":512,"caption":"Arrosage Pro"},"image":{"@id":"https:\/\/arrosagepro.com\/it\/#\/schema\/logo\/image\/"}}]}},"_links":{"self":[{"href":"https:\/\/arrosagepro.com\/it\/wp-json\/wp\/v2\/product\/2118","targetHints":{"allow":["GET"]}}],"collection":[{"href":"https:\/\/arrosagepro.com\/it\/wp-json\/wp\/v2\/product"}],"about":[{"href":"https:\/\/arrosagepro.com\/it\/wp-json\/wp\/v2\/types\/product"}],"version-history":[{"count":3,"href":"https:\/\/arrosagepro.com\/it\/wp-json\/wp\/v2\/product\/2118\/revisions"}],"predecessor-version":[{"id":5677,"href":"https:\/\/arrosagepro.com\/it\/wp-json\/wp\/v2\/product\/2118\/revisions\/5677"}],"wp:featuredmedia":[{"embeddable":true,"href":"https:\/\/arrosagepro.com\/it\/wp-json\/wp\/v2\/media\/2122"}],"wp:attachment":[{"href":"https:\/\/arrosagepro.com\/it\/wp-json\/wp\/v2\/media?parent=2118"}],"wp:term":[{"taxonomy":"product_brand","embeddable":true,"href":"https:\/\/arrosagepro.com\/it\/wp-json\/wp\/v2\/product_brand?post=2118"},{"taxonomy":"product_cat","embeddable":true,"href":"https:\/\/arrosagepro.com\/it\/wp-json\/wp\/v2\/product_cat?post=2118"},{"taxonomy":"product_tag","embeddable":true,"href":"https:\/\/arrosagepro.com\/it\/wp-json\/wp\/v2\/product_tag?post=2118"}],"curies":[{"name":"wp","href":"https:\/\/api.w.org\/{rel}","templated":true}]}}