{"id":2183,"date":"2025-04-12T08:16:58","date_gmt":"2025-04-12T08:16:58","guid":{"rendered":"https:\/\/arrosagepro.com\/?post_type=product&#038;p=2183"},"modified":"2026-03-30T13:01:37","modified_gmt":"2026-03-30T13:01:37","slug":"rain-bird-arroseurs-3504pc-pcsam","status":"publish","type":"product","link":"https:\/\/arrosagepro.com\/it\/produit\/rain-bird-arroseurs-3504pc-pcsam\/","title":{"rendered":"Rain Bird 3504-PC \u2014 Arroseur rotatif r\u00e9glable 0\u00b0 \u00e0 360\u00b0"},"content":{"rendered":"<p>L&#8217;<strong>arroseur rotatif Rain Bird 3504-PC<\/strong> est un arroseur polyvalent<br \/>\npour les petits et moyens jardins r\u00e9sidentiels. Son arc r\u00e9glable de 0\u00b0 \u00e0 360\u00b0<br \/>\nl&#8217;adapte \u00e0 toutes les formes de zones \u00e0 arroser.<\/p>\n<h3>Caract\u00e9ristiques principales<\/h3>\n<ul>\n<li><strong>Arc r\u00e9glable 0\u00b0 \u00e0 360\u00b0<\/strong> \u2014 S&#8217;adapte \u00e0 toutes les formes de zones.<\/li>\n<li><strong>Port\u00e9e r\u00e9glable<\/strong> \u2014 De 5,5 \u00e0 9,1 m selon la buse et la pression.<\/li>\n<li><strong>Corps r\u00e9tractable 10 cm<\/strong> \u2014 S&#8217;escamote entre les arrosages.<\/li>\n<li><strong>D\u00e9bit r\u00e9glable<\/strong> \u2014 Vis de r\u00e9glage int\u00e9gr\u00e9e.<\/li>\n<li><strong>Filtre anti-d\u00e9bris int\u00e9gr\u00e9<\/strong> \u2014 Prot\u00e8ge la buse.<\/li>\n<li><strong>Raccordement \u00bd&#8221; BSP femelle<\/strong><\/li>\n<\/ul>\n<h3>Caract\u00e9ristiques techniques<\/h3>\n<ul>\n<li>Mod\u00e8le : 3504-PC<\/li>\n<li>Arc : 0\u00b0 \u00e0 360\u00b0 r\u00e9glable<\/li>\n<li>Hauteur r\u00e9tractable : 10 cm<\/li>\n<li>Port\u00e9e : 5,5 \u00e0 9,1 m<\/li>\n<li>Pression de fonctionnement : 1,4 \u00e0 4,1 bar<\/li>\n<li>Raccordement : \u00bd&#8221; BSP femelle<\/li>\n<\/ul>\n<p><strong>Pour de plus grandes surfaces :<\/strong><br \/>\nD\u00e9couvrez l&#8217;<a href=\"\/produit\/rain-bird-arroseurs-serie-5004\/\">arroseur Rain Bird 5004-PC<\/a>.<br \/>\n<strong>Commande en volume ?<\/strong> <a href=\"\/devis\">Demandez un devis<\/a>.<\/p>\n","protected":false},"excerpt":{"rendered":"<p>Arroseur rotatif Rain Bird 3504-PC \u2014 arc r\u00e9glable de 0\u00b0 \u00e0 360\u00b0, port\u00e9e 5,5 \u00e0 9,1 m. Corps r\u00e9tractable 10 cm, d\u00e9bit r\u00e9glable, filtre anti-d\u00e9bris. Id\u00e9al pour petits et moyens jardins r\u00e9sidentiels.<\/p>\n","protected":false},"featured_media":2193,"template":"","meta":{"_acf_changed":false,"_links_to":"","_links_to_target":""},"product_brand":[292],"product_cat":[42],"product_tag":[326,262,265,264,298],"class_list":{"0":"post-2183","1":"product","2":"type-product","3":"status-publish","4":"has-post-thumbnail","6":"product_brand-rain-bird","7":"product_cat-arroseurs","8":"product_tag-326","9":"product_tag-arroseur-rotatif","10":"product_tag-pelouse","11":"product_tag-pop-up","12":"product_tag-rain-bird","14":"first","15":"instock","16":"sale","17":"taxable","18":"shipping-taxable","19":"product-type-variable"},"acf":[],"yoast_head":"<!-- This site is optimized with the Yoast SEO plugin v26.8 - https:\/\/yoast.com\/product\/yoast-seo-wordpress\/ -->\n<title>Rain Bird 3504-PC \u2014 Arroseur rotatif r\u00e9glable 0\u00b0 \u00e0 360\u00b0 - Arrosage Pro<\/title>\n<meta name=\"robots\" content=\"index, follow, max-snippet:-1, max-image-preview:large, max-video-preview:-1\" \/>\n<link rel=\"canonical\" href=\"https:\/\/arrosagepro.com\/it\/produit\/rain-bird-arroseurs-3504pc-pcsam\/\" \/>\n<meta property=\"og:locale\" content=\"it_IT\" \/>\n<meta property=\"og:type\" content=\"article\" \/>\n<meta property=\"og:title\" content=\"Rain Bird 3504-PC \u2014 Arroseur rotatif r\u00e9glable 0\u00b0 \u00e0 360\u00b0 - Arrosage Pro\" \/>\n<meta property=\"og:description\" content=\"Arroseur rotatif Rain Bird 3504-PC \u2014 arc r\u00e9glable de 0\u00b0 \u00e0 360\u00b0, port\u00e9e 5,5 \u00e0 9,1 m. Corps r\u00e9tractable 10 cm, d\u00e9bit r\u00e9glable, filtre anti-d\u00e9bris. Id\u00e9al pour petits et moyens jardins r\u00e9sidentiels.\" \/>\n<meta property=\"og:url\" content=\"https:\/\/arrosagepro.com\/it\/produit\/rain-bird-arroseurs-3504pc-pcsam\/\" \/>\n<meta property=\"og:site_name\" content=\"Arrosage Pro\" \/>\n<meta property=\"article:modified_time\" content=\"2026-03-30T13:01:37+00:00\" \/>\n<meta property=\"og:image\" content=\"https:\/\/arrosagepro.com\/wp-content\/uploads\/2025\/04\/Rain-Bird-serie-3504PC.jpg\" \/>\n\t<meta property=\"og:image:width\" content=\"600\" \/>\n\t<meta property=\"og:image:height\" content=\"600\" \/>\n\t<meta property=\"og:image:type\" content=\"image\/jpeg\" \/>\n<meta name=\"twitter:card\" content=\"summary_large_image\" \/>\n<meta name=\"twitter:label1\" content=\"Tempo di lettura stimato\" \/>\n\t<meta name=\"twitter:data1\" content=\"1 minuto\" \/>\n<script type=\"application\/ld+json\" class=\"yoast-schema-graph\">{\"@context\":\"https:\/\/schema.org\",\"@graph\":[{\"@type\":\"WebPage\",\"@id\":\"https:\/\/arrosagepro.com\/it\/produit\/rain-bird-arroseurs-3504pc-pcsam\/\",\"url\":\"https:\/\/arrosagepro.com\/it\/produit\/rain-bird-arroseurs-3504pc-pcsam\/\",\"name\":\"Rain Bird 3504-PC \u2014 Arroseur rotatif r\u00e9glable 0\u00b0 \u00e0 360\u00b0 - Arrosage Pro\",\"isPartOf\":{\"@id\":\"https:\/\/arrosagepro.com\/it\/#website\"},\"primaryImageOfPage\":{\"@id\":\"https:\/\/arrosagepro.com\/it\/produit\/rain-bird-arroseurs-3504pc-pcsam\/#primaryimage\"},\"image\":{\"@id\":\"https:\/\/arrosagepro.com\/it\/produit\/rain-bird-arroseurs-3504pc-pcsam\/#primaryimage\"},\"thumbnailUrl\":\"https:\/\/arrosagepro.com\/wp-content\/uploads\/2025\/04\/Rain-Bird-serie-3504PC.jpg\",\"datePublished\":\"2025-04-12T08:16:58+00:00\",\"dateModified\":\"2026-03-30T13:01:37+00:00\",\"breadcrumb\":{\"@id\":\"https:\/\/arrosagepro.com\/it\/produit\/rain-bird-arroseurs-3504pc-pcsam\/#breadcrumb\"},\"inLanguage\":\"it-IT\",\"potentialAction\":[{\"@type\":\"ReadAction\",\"target\":[\"https:\/\/arrosagepro.com\/it\/produit\/rain-bird-arroseurs-3504pc-pcsam\/\"]}]},{\"@type\":\"ImageObject\",\"inLanguage\":\"it-IT\",\"@id\":\"https:\/\/arrosagepro.com\/it\/produit\/rain-bird-arroseurs-3504pc-pcsam\/#primaryimage\",\"url\":\"https:\/\/arrosagepro.com\/wp-content\/uploads\/2025\/04\/Rain-Bird-serie-3504PC.jpg\",\"contentUrl\":\"https:\/\/arrosagepro.com\/wp-content\/uploads\/2025\/04\/Rain-Bird-serie-3504PC.jpg\",\"width\":600,\"height\":600},{\"@type\":\"BreadcrumbList\",\"@id\":\"https:\/\/arrosagepro.com\/it\/produit\/rain-bird-arroseurs-3504pc-pcsam\/#breadcrumb\",\"itemListElement\":[{\"@type\":\"ListItem\",\"position\":1,\"name\":\"Accueil\",\"item\":\"https:\/\/arrosagepro.com\/it\/\"},{\"@type\":\"ListItem\",\"position\":2,\"name\":\"Produrre\",\"item\":\"https:\/\/arrosagepro.com\/it\/produrre\/\"},{\"@type\":\"ListItem\",\"position\":3,\"name\":\"Rain Bird 3504-PC \u2014 Arroseur rotatif r\u00e9glable 0\u00b0 \u00e0 360\u00b0\"}]},{\"@type\":\"WebSite\",\"@id\":\"https:\/\/arrosagepro.com\/it\/#website\",\"url\":\"https:\/\/arrosagepro.com\/it\/\",\"name\":\"Arrosage Pro\",\"description\":\"Arrosage Pro\",\"publisher\":{\"@id\":\"https:\/\/arrosagepro.com\/it\/#organization\"},\"potentialAction\":[{\"@type\":\"SearchAction\",\"target\":{\"@type\":\"EntryPoint\",\"urlTemplate\":\"https:\/\/arrosagepro.com\/it\/?s={search_term_string}\"},\"query-input\":{\"@type\":\"PropertyValueSpecification\",\"valueRequired\":true,\"valueName\":\"search_term_string\"}}],\"inLanguage\":\"it-IT\"},{\"@type\":\"Organization\",\"@id\":\"https:\/\/arrosagepro.com\/it\/#organization\",\"name\":\"Arrosage Pro\",\"url\":\"https:\/\/arrosagepro.com\/it\/\",\"logo\":{\"@type\":\"ImageObject\",\"inLanguage\":\"it-IT\",\"@id\":\"https:\/\/arrosagepro.com\/it\/#\/schema\/logo\/image\/\",\"url\":\"https:\/\/arrosagepro.com\/wp-content\/uploads\/2024\/11\/cropped-favicon.png\",\"contentUrl\":\"https:\/\/arrosagepro.com\/wp-content\/uploads\/2024\/11\/cropped-favicon.png\",\"width\":512,\"height\":512,\"caption\":\"Arrosage Pro\"},\"image\":{\"@id\":\"https:\/\/arrosagepro.com\/it\/#\/schema\/logo\/image\/\"}}]}<\/script>\n<!-- \/ Yoast SEO plugin. -->","yoast_head_json":{"title":"Rain Bird 3504-PC \u2014 Arroseur rotatif r\u00e9glable 0\u00b0 \u00e0 360\u00b0 - Arrosage Pro","robots":{"index":"index","follow":"follow","max-snippet":"max-snippet:-1","max-image-preview":"max-image-preview:large","max-video-preview":"max-video-preview:-1"},"canonical":"https:\/\/arrosagepro.com\/it\/produit\/rain-bird-arroseurs-3504pc-pcsam\/","og_locale":"it_IT","og_type":"article","og_title":"Rain Bird 3504-PC \u2014 Arroseur rotatif r\u00e9glable 0\u00b0 \u00e0 360\u00b0 - Arrosage Pro","og_description":"Arroseur rotatif Rain Bird 3504-PC \u2014 arc r\u00e9glable de 0\u00b0 \u00e0 360\u00b0, port\u00e9e 5,5 \u00e0 9,1 m. Corps r\u00e9tractable 10 cm, d\u00e9bit r\u00e9glable, filtre anti-d\u00e9bris. Id\u00e9al pour petits et moyens jardins r\u00e9sidentiels.","og_url":"https:\/\/arrosagepro.com\/it\/produit\/rain-bird-arroseurs-3504pc-pcsam\/","og_site_name":"Arrosage Pro","article_modified_time":"2026-03-30T13:01:37+00:00","og_image":[{"width":600,"height":600,"url":"https:\/\/arrosagepro.com\/wp-content\/uploads\/2025\/04\/Rain-Bird-serie-3504PC.jpg","type":"image\/jpeg"}],"twitter_card":"summary_large_image","twitter_misc":{"Tempo di lettura stimato":"1 minuto"},"schema":{"@context":"https:\/\/schema.org","@graph":[{"@type":"WebPage","@id":"https:\/\/arrosagepro.com\/it\/produit\/rain-bird-arroseurs-3504pc-pcsam\/","url":"https:\/\/arrosagepro.com\/it\/produit\/rain-bird-arroseurs-3504pc-pcsam\/","name":"Rain Bird 3504-PC \u2014 Arroseur rotatif r\u00e9glable 0\u00b0 \u00e0 360\u00b0 - Arrosage Pro","isPartOf":{"@id":"https:\/\/arrosagepro.com\/it\/#website"},"primaryImageOfPage":{"@id":"https:\/\/arrosagepro.com\/it\/produit\/rain-bird-arroseurs-3504pc-pcsam\/#primaryimage"},"image":{"@id":"https:\/\/arrosagepro.com\/it\/produit\/rain-bird-arroseurs-3504pc-pcsam\/#primaryimage"},"thumbnailUrl":"https:\/\/arrosagepro.com\/wp-content\/uploads\/2025\/04\/Rain-Bird-serie-3504PC.jpg","datePublished":"2025-04-12T08:16:58+00:00","dateModified":"2026-03-30T13:01:37+00:00","breadcrumb":{"@id":"https:\/\/arrosagepro.com\/it\/produit\/rain-bird-arroseurs-3504pc-pcsam\/#breadcrumb"},"inLanguage":"it-IT","potentialAction":[{"@type":"ReadAction","target":["https:\/\/arrosagepro.com\/it\/produit\/rain-bird-arroseurs-3504pc-pcsam\/"]}]},{"@type":"ImageObject","inLanguage":"it-IT","@id":"https:\/\/arrosagepro.com\/it\/produit\/rain-bird-arroseurs-3504pc-pcsam\/#primaryimage","url":"https:\/\/arrosagepro.com\/wp-content\/uploads\/2025\/04\/Rain-Bird-serie-3504PC.jpg","contentUrl":"https:\/\/arrosagepro.com\/wp-content\/uploads\/2025\/04\/Rain-Bird-serie-3504PC.jpg","width":600,"height":600},{"@type":"BreadcrumbList","@id":"https:\/\/arrosagepro.com\/it\/produit\/rain-bird-arroseurs-3504pc-pcsam\/#breadcrumb","itemListElement":[{"@type":"ListItem","position":1,"name":"Accueil","item":"https:\/\/arrosagepro.com\/it\/"},{"@type":"ListItem","position":2,"name":"Produrre","item":"https:\/\/arrosagepro.com\/it\/produrre\/"},{"@type":"ListItem","position":3,"name":"Rain Bird 3504-PC \u2014 Arroseur rotatif r\u00e9glable 0\u00b0 \u00e0 360\u00b0"}]},{"@type":"WebSite","@id":"https:\/\/arrosagepro.com\/it\/#website","url":"https:\/\/arrosagepro.com\/it\/","name":"Arrosage Pro","description":"Arrosage Pro","publisher":{"@id":"https:\/\/arrosagepro.com\/it\/#organization"},"potentialAction":[{"@type":"SearchAction","target":{"@type":"EntryPoint","urlTemplate":"https:\/\/arrosagepro.com\/it\/?s={search_term_string}"},"query-input":{"@type":"PropertyValueSpecification","valueRequired":true,"valueName":"search_term_string"}}],"inLanguage":"it-IT"},{"@type":"Organization","@id":"https:\/\/arrosagepro.com\/it\/#organization","name":"Arrosage Pro","url":"https:\/\/arrosagepro.com\/it\/","logo":{"@type":"ImageObject","inLanguage":"it-IT","@id":"https:\/\/arrosagepro.com\/it\/#\/schema\/logo\/image\/","url":"https:\/\/arrosagepro.com\/wp-content\/uploads\/2024\/11\/cropped-favicon.png","contentUrl":"https:\/\/arrosagepro.com\/wp-content\/uploads\/2024\/11\/cropped-favicon.png","width":512,"height":512,"caption":"Arrosage Pro"},"image":{"@id":"https:\/\/arrosagepro.com\/it\/#\/schema\/logo\/image\/"}}]}},"_links":{"self":[{"href":"https:\/\/arrosagepro.com\/it\/wp-json\/wp\/v2\/product\/2183","targetHints":{"allow":["GET"]}}],"collection":[{"href":"https:\/\/arrosagepro.com\/it\/wp-json\/wp\/v2\/product"}],"about":[{"href":"https:\/\/arrosagepro.com\/it\/wp-json\/wp\/v2\/types\/product"}],"version-history":[{"count":7,"href":"https:\/\/arrosagepro.com\/it\/wp-json\/wp\/v2\/product\/2183\/revisions"}],"predecessor-version":[{"id":5630,"href":"https:\/\/arrosagepro.com\/it\/wp-json\/wp\/v2\/product\/2183\/revisions\/5630"}],"wp:featuredmedia":[{"embeddable":true,"href":"https:\/\/arrosagepro.com\/it\/wp-json\/wp\/v2\/media\/2193"}],"wp:attachment":[{"href":"https:\/\/arrosagepro.com\/it\/wp-json\/wp\/v2\/media?parent=2183"}],"wp:term":[{"taxonomy":"product_brand","embeddable":true,"href":"https:\/\/arrosagepro.com\/it\/wp-json\/wp\/v2\/product_brand?post=2183"},{"taxonomy":"product_cat","embeddable":true,"href":"https:\/\/arrosagepro.com\/it\/wp-json\/wp\/v2\/product_cat?post=2183"},{"taxonomy":"product_tag","embeddable":true,"href":"https:\/\/arrosagepro.com\/it\/wp-json\/wp\/v2\/product_tag?post=2183"}],"curies":[{"name":"wp","href":"https:\/\/api.w.org\/{rel}","templated":true}]}}