{"id":4248,"date":"2024-12-09T09:25:56","date_gmt":"2024-12-09T09:25:56","guid":{"rendered":"https:\/\/arrosagepro.com\/produit\/cacciatore-node-bt\/"},"modified":"2024-12-09T09:25:56","modified_gmt":"2024-12-09T09:25:56","slug":"cacciatore-node-bt","status":"publish","type":"product","link":"https:\/\/arrosagepro.com\/it\/produit\/cacciatore-node-bt\/","title":{"rendered":"Cacciatore NODE-BT"},"content":{"rendered":"<p><strong>Caratteristiche principali:<\/strong><\/p>\n<ul>\n<li><strong>Connettivit\u00e0 Bluetooth:<\/strong> Il NODE-BT si collega facilmente a uno smartphone tramite l&#8217;app Hunter Bluetooth, consentendo una programmazione rapida e il controllo remoto fino a 15 metri.<\/li>\n<li><strong>Pile:<\/strong> Funziona con una o due batterie alcaline da 9 V, garantendo un&#8217;autonomia prolungata e un&#8217;installazione flessibile in aree prive di elettricit\u00e0.<\/li>\n<li><strong>Impermeabile e robusto:<\/strong> Progettato per ambienti esterni difficili, l&#8217;alloggiamento resistente alle intemperie protegge il controller da acqua, polvere e condizioni atmosferiche estreme.<\/li>\n<li><strong>Gestione da 1 a 6 zone:<\/strong> Disponibile in modelli che supportano fino a 6 stazioni, ogni zona ha impostazioni indipendenti per adattarsi alle esigenze specifiche degli impianti o del paesaggio.<\/li>\n<li><strong>Programmazione flessibile:<\/strong> Offre fino a 3 programmi indipendenti con 8 orari di avvio per programma, consentendo la completa personalizzazione dei programmi di irrigazione.<\/li>\n<li><strong>Funzionamento duraturo e affidabile:<\/strong> Dotato di memoria non volatile che conserva i dati programmati anche quando si sostituiscono le batterie e di un&#8217;elettrovalvola a stato solido per un controllo efficiente.<\/li>\n<li><strong>Installazione facile:<\/strong> Compatto e leggero, il NODE-BT pu\u00f2 essere installato direttamente su un&#8217;elettrovalvola o in un alloggiamento protettivo, facilitando l&#8217;integrazione in qualsiasi sistema di irrigazione.<\/li>\n<\/ul>\n<p><strong>L&#8217;Hunter NODE-BT<\/strong> \u00e8 una soluzione ideale per progetti di irrigazione autonomi e connessi, che combina praticit\u00e0, sostenibilit\u00e0 e innovazione tecnologica.<\/p>\n","protected":false},"excerpt":{"rendered":"<p><span style=\"font-weight: 400;\">Il <\/span><b>cacciatore NODE-BT<\/b><span style=\"font-weight: 400;\">  \u00e8 un programmatore di irrigazione alimentato a batteria, progettato per le aree in cui l&#8217;accesso all&#8217;elettricit\u00e0 \u00e8 limitato. Grazie alla sua connettivit\u00e0 Bluetooth, consente una gestione facile e wireless dei programmi di irrigazione tramite un&#8217;app mobile intuitiva. Robusto e resistente all&#8217;acqua, \u00e8 ideale per sistemi di irrigazione all&#8217;aperto, come giardini appartati, parchi o spazi verdi senza alimentazione elettrica. Il NODE-BT combina semplicit\u00e0, durata ed efficienza per soddisfare le moderne esigenze di irrigazione autonoma.   <\/span><\/p>\n<p><strong><a href=\"https:\/\/arrosagepro.com\/it\/tariffe-e-sconti\/cacciatore\/\">Vedi i prezzi dei modelli NODE 100 senza Bluetooth, NODE 200 senza Bluetooth e NODE 400 senza Bluetooth.<\/a><\/strong><\/p>\n<p><img decoding=\"async\" class=\"alignnone size-medium wp-image-285\" src=\"\/wp-content\/uploads\/2024\/11\/Hunter-logo.png\" alt=\"\" width=\"300\" height=\"71\"><\/p>\n<p>&nbsp;<\/p>\n<p><a class=\"btnProdDevis\" href=\"https:\/\/arrosagepro.com\/it\/richiedi-un-preventivo\/\">Richiedi un preventivo<\/a> <a class=\"btnProdTarifs\" href=\"https:\/\/arrosagepro.com\/it\/tariffe-e-sconti\/cacciatore\/\">Tariffe e sconti<\/a><\/p>\n","protected":false},"featured_media":2831,"template":"","meta":{"_acf_changed":false,"_links_to":"","_links_to_target":""},"product_brand":[],"product_cat":[181],"product_tag":[],"class_list":{"0":"post-4248","1":"product","2":"type-product","3":"status-publish","4":"has-post-thumbnail","6":"product_cat-programmatori","8":"first","9":"instock","10":"taxable","11":"shipping-taxable","12":"product-type-variable"},"acf":[],"yoast_head":"<!-- This site is optimized with the Yoast SEO plugin v26.8 - https:\/\/yoast.com\/product\/yoast-seo-wordpress\/ -->\n<title>Cacciatore NODE-BT - Arrosage Pro<\/title>\n<meta name=\"robots\" content=\"index, follow, max-snippet:-1, max-image-preview:large, max-video-preview:-1\" \/>\n<link rel=\"canonical\" href=\"https:\/\/arrosagepro.com\/it\/produit\/cacciatore-node-bt\/\" \/>\n<meta property=\"og:locale\" content=\"it_IT\" \/>\n<meta property=\"og:type\" content=\"article\" \/>\n<meta property=\"og:title\" content=\"Cacciatore NODE-BT - Arrosage Pro\" \/>\n<meta property=\"og:description\" content=\"Il cacciatore NODE-BT \u00e8 un programmatore di irrigazione alimentato a batteria, progettato per le aree in cui l&#039;accesso all&#039;elettricit\u00e0 \u00e8 limitato. Grazie alla sua connettivit\u00e0 Bluetooth, consente una gestione facile e wireless dei programmi di irrigazione tramite un&#039;app mobile intuitiva. Robusto e resistente all&#039;acqua, \u00e8 ideale per sistemi di irrigazione all&#039;aperto, come giardini appartati, parchi o spazi verdi senza alimentazione elettrica. Il NODE-BT combina semplicit\u00e0, durata ed efficienza per soddisfare le moderne esigenze di irrigazione autonoma.   Vedi i prezzi dei modelli NODE 100 senza Bluetooth, NODE 200 senza Bluetooth e NODE 400 senza Bluetooth.  &nbsp; Richiedi un preventivo Tariffe e sconti\" \/>\n<meta property=\"og:url\" content=\"https:\/\/arrosagepro.com\/it\/produit\/cacciatore-node-bt\/\" \/>\n<meta property=\"og:site_name\" content=\"Arrosage Pro\" \/>\n<meta property=\"og:image\" content=\"https:\/\/arrosagepro.com\/wp-content\/uploads\/2024\/12\/hunter-node-bt.jpg\" \/>\n\t<meta property=\"og:image:width\" content=\"516\" \/>\n\t<meta property=\"og:image:height\" content=\"516\" \/>\n\t<meta property=\"og:image:type\" content=\"image\/jpeg\" \/>\n<meta name=\"twitter:card\" content=\"summary_large_image\" \/>\n<meta name=\"twitter:label1\" content=\"Tempo di lettura stimato\" \/>\n\t<meta name=\"twitter:data1\" content=\"1 minuto\" \/>\n<script type=\"application\/ld+json\" class=\"yoast-schema-graph\">{\"@context\":\"https:\/\/schema.org\",\"@graph\":[{\"@type\":\"WebPage\",\"@id\":\"https:\/\/arrosagepro.com\/it\/produit\/cacciatore-node-bt\/\",\"url\":\"https:\/\/arrosagepro.com\/it\/produit\/cacciatore-node-bt\/\",\"name\":\"Cacciatore NODE-BT - Arrosage Pro\",\"isPartOf\":{\"@id\":\"https:\/\/arrosagepro.com\/it\/#website\"},\"primaryImageOfPage\":{\"@id\":\"https:\/\/arrosagepro.com\/it\/produit\/cacciatore-node-bt\/#primaryimage\"},\"image\":{\"@id\":\"https:\/\/arrosagepro.com\/it\/produit\/cacciatore-node-bt\/#primaryimage\"},\"thumbnailUrl\":\"https:\/\/arrosagepro.com\/wp-content\/uploads\/2024\/12\/hunter-node-bt.jpg\",\"datePublished\":\"2024-12-09T09:25:56+00:00\",\"breadcrumb\":{\"@id\":\"https:\/\/arrosagepro.com\/it\/produit\/cacciatore-node-bt\/#breadcrumb\"},\"inLanguage\":\"it-IT\",\"potentialAction\":[{\"@type\":\"ReadAction\",\"target\":[\"https:\/\/arrosagepro.com\/it\/produit\/cacciatore-node-bt\/\"]}]},{\"@type\":\"ImageObject\",\"inLanguage\":\"it-IT\",\"@id\":\"https:\/\/arrosagepro.com\/it\/produit\/cacciatore-node-bt\/#primaryimage\",\"url\":\"https:\/\/arrosagepro.com\/wp-content\/uploads\/2024\/12\/hunter-node-bt.jpg\",\"contentUrl\":\"https:\/\/arrosagepro.com\/wp-content\/uploads\/2024\/12\/hunter-node-bt.jpg\",\"width\":516,\"height\":516},{\"@type\":\"BreadcrumbList\",\"@id\":\"https:\/\/arrosagepro.com\/it\/produit\/cacciatore-node-bt\/#breadcrumb\",\"itemListElement\":[{\"@type\":\"ListItem\",\"position\":1,\"name\":\"Accueil\",\"item\":\"https:\/\/arrosagepro.com\/it\/\"},{\"@type\":\"ListItem\",\"position\":2,\"name\":\"Produrre\",\"item\":\"https:\/\/arrosagepro.com\/it\/produrre\/\"},{\"@type\":\"ListItem\",\"position\":3,\"name\":\"Cacciatore NODE-BT\"}]},{\"@type\":\"WebSite\",\"@id\":\"https:\/\/arrosagepro.com\/it\/#website\",\"url\":\"https:\/\/arrosagepro.com\/it\/\",\"name\":\"Arrosage Pro\",\"description\":\"Arrosage Pro\",\"publisher\":{\"@id\":\"https:\/\/arrosagepro.com\/it\/#organization\"},\"potentialAction\":[{\"@type\":\"SearchAction\",\"target\":{\"@type\":\"EntryPoint\",\"urlTemplate\":\"https:\/\/arrosagepro.com\/it\/?s={search_term_string}\"},\"query-input\":{\"@type\":\"PropertyValueSpecification\",\"valueRequired\":true,\"valueName\":\"search_term_string\"}}],\"inLanguage\":\"it-IT\"},{\"@type\":\"Organization\",\"@id\":\"https:\/\/arrosagepro.com\/it\/#organization\",\"name\":\"Arrosage Pro\",\"url\":\"https:\/\/arrosagepro.com\/it\/\",\"logo\":{\"@type\":\"ImageObject\",\"inLanguage\":\"it-IT\",\"@id\":\"https:\/\/arrosagepro.com\/it\/#\/schema\/logo\/image\/\",\"url\":\"https:\/\/arrosagepro.com\/wp-content\/uploads\/2024\/11\/cropped-favicon.png\",\"contentUrl\":\"https:\/\/arrosagepro.com\/wp-content\/uploads\/2024\/11\/cropped-favicon.png\",\"width\":512,\"height\":512,\"caption\":\"Arrosage Pro\"},\"image\":{\"@id\":\"https:\/\/arrosagepro.com\/it\/#\/schema\/logo\/image\/\"}}]}<\/script>\n<!-- \/ Yoast SEO plugin. -->","yoast_head_json":{"title":"Cacciatore NODE-BT - Arrosage Pro","robots":{"index":"index","follow":"follow","max-snippet":"max-snippet:-1","max-image-preview":"max-image-preview:large","max-video-preview":"max-video-preview:-1"},"canonical":"https:\/\/arrosagepro.com\/it\/produit\/cacciatore-node-bt\/","og_locale":"it_IT","og_type":"article","og_title":"Cacciatore NODE-BT - Arrosage Pro","og_description":"Il cacciatore NODE-BT \u00e8 un programmatore di irrigazione alimentato a batteria, progettato per le aree in cui l'accesso all'elettricit\u00e0 \u00e8 limitato. Grazie alla sua connettivit\u00e0 Bluetooth, consente una gestione facile e wireless dei programmi di irrigazione tramite un'app mobile intuitiva. Robusto e resistente all'acqua, \u00e8 ideale per sistemi di irrigazione all'aperto, come giardini appartati, parchi o spazi verdi senza alimentazione elettrica. Il NODE-BT combina semplicit\u00e0, durata ed efficienza per soddisfare le moderne esigenze di irrigazione autonoma.   Vedi i prezzi dei modelli NODE 100 senza Bluetooth, NODE 200 senza Bluetooth e NODE 400 senza Bluetooth.  &nbsp; Richiedi un preventivo Tariffe e sconti","og_url":"https:\/\/arrosagepro.com\/it\/produit\/cacciatore-node-bt\/","og_site_name":"Arrosage Pro","og_image":[{"width":516,"height":516,"url":"https:\/\/arrosagepro.com\/wp-content\/uploads\/2024\/12\/hunter-node-bt.jpg","type":"image\/jpeg"}],"twitter_card":"summary_large_image","twitter_misc":{"Tempo di lettura stimato":"1 minuto"},"schema":{"@context":"https:\/\/schema.org","@graph":[{"@type":"WebPage","@id":"https:\/\/arrosagepro.com\/it\/produit\/cacciatore-node-bt\/","url":"https:\/\/arrosagepro.com\/it\/produit\/cacciatore-node-bt\/","name":"Cacciatore NODE-BT - Arrosage Pro","isPartOf":{"@id":"https:\/\/arrosagepro.com\/it\/#website"},"primaryImageOfPage":{"@id":"https:\/\/arrosagepro.com\/it\/produit\/cacciatore-node-bt\/#primaryimage"},"image":{"@id":"https:\/\/arrosagepro.com\/it\/produit\/cacciatore-node-bt\/#primaryimage"},"thumbnailUrl":"https:\/\/arrosagepro.com\/wp-content\/uploads\/2024\/12\/hunter-node-bt.jpg","datePublished":"2024-12-09T09:25:56+00:00","breadcrumb":{"@id":"https:\/\/arrosagepro.com\/it\/produit\/cacciatore-node-bt\/#breadcrumb"},"inLanguage":"it-IT","potentialAction":[{"@type":"ReadAction","target":["https:\/\/arrosagepro.com\/it\/produit\/cacciatore-node-bt\/"]}]},{"@type":"ImageObject","inLanguage":"it-IT","@id":"https:\/\/arrosagepro.com\/it\/produit\/cacciatore-node-bt\/#primaryimage","url":"https:\/\/arrosagepro.com\/wp-content\/uploads\/2024\/12\/hunter-node-bt.jpg","contentUrl":"https:\/\/arrosagepro.com\/wp-content\/uploads\/2024\/12\/hunter-node-bt.jpg","width":516,"height":516},{"@type":"BreadcrumbList","@id":"https:\/\/arrosagepro.com\/it\/produit\/cacciatore-node-bt\/#breadcrumb","itemListElement":[{"@type":"ListItem","position":1,"name":"Accueil","item":"https:\/\/arrosagepro.com\/it\/"},{"@type":"ListItem","position":2,"name":"Produrre","item":"https:\/\/arrosagepro.com\/it\/produrre\/"},{"@type":"ListItem","position":3,"name":"Cacciatore NODE-BT"}]},{"@type":"WebSite","@id":"https:\/\/arrosagepro.com\/it\/#website","url":"https:\/\/arrosagepro.com\/it\/","name":"Arrosage Pro","description":"Arrosage Pro","publisher":{"@id":"https:\/\/arrosagepro.com\/it\/#organization"},"potentialAction":[{"@type":"SearchAction","target":{"@type":"EntryPoint","urlTemplate":"https:\/\/arrosagepro.com\/it\/?s={search_term_string}"},"query-input":{"@type":"PropertyValueSpecification","valueRequired":true,"valueName":"search_term_string"}}],"inLanguage":"it-IT"},{"@type":"Organization","@id":"https:\/\/arrosagepro.com\/it\/#organization","name":"Arrosage Pro","url":"https:\/\/arrosagepro.com\/it\/","logo":{"@type":"ImageObject","inLanguage":"it-IT","@id":"https:\/\/arrosagepro.com\/it\/#\/schema\/logo\/image\/","url":"https:\/\/arrosagepro.com\/wp-content\/uploads\/2024\/11\/cropped-favicon.png","contentUrl":"https:\/\/arrosagepro.com\/wp-content\/uploads\/2024\/11\/cropped-favicon.png","width":512,"height":512,"caption":"Arrosage Pro"},"image":{"@id":"https:\/\/arrosagepro.com\/it\/#\/schema\/logo\/image\/"}}]}},"_links":{"self":[{"href":"https:\/\/arrosagepro.com\/it\/wp-json\/wp\/v2\/product\/4248","targetHints":{"allow":["GET"]}}],"collection":[{"href":"https:\/\/arrosagepro.com\/it\/wp-json\/wp\/v2\/product"}],"about":[{"href":"https:\/\/arrosagepro.com\/it\/wp-json\/wp\/v2\/types\/product"}],"version-history":[{"count":0,"href":"https:\/\/arrosagepro.com\/it\/wp-json\/wp\/v2\/product\/4248\/revisions"}],"wp:featuredmedia":[{"embeddable":true,"href":"https:\/\/arrosagepro.com\/it\/wp-json\/wp\/v2\/media\/2831"}],"wp:attachment":[{"href":"https:\/\/arrosagepro.com\/it\/wp-json\/wp\/v2\/media?parent=4248"}],"wp:term":[{"taxonomy":"product_brand","embeddable":true,"href":"https:\/\/arrosagepro.com\/it\/wp-json\/wp\/v2\/product_brand?post=4248"},{"taxonomy":"product_cat","embeddable":true,"href":"https:\/\/arrosagepro.com\/it\/wp-json\/wp\/v2\/product_cat?post=4248"},{"taxonomy":"product_tag","embeddable":true,"href":"https:\/\/arrosagepro.com\/it\/wp-json\/wp\/v2\/product_tag?post=4248"}],"curies":[{"name":"wp","href":"https:\/\/api.w.org\/{rel}","templated":true}]}}