{"id":4575,"date":"2025-01-22T17:43:50","date_gmt":"2025-01-22T17:43:50","guid":{"rendered":"https:\/\/arrosagepro.com\/produit\/elettrovalvola-pgv-hunter-151b-201b\/"},"modified":"2025-04-26T17:34:02","modified_gmt":"2025-04-26T17:34:02","slug":"elettrovalvola-pgv-hunter-151b-201b","status":"publish","type":"product","link":"https:\/\/arrosagepro.com\/it\/produit\/elettrovalvola-pgv-hunter-151b-201b\/","title":{"rendered":"Elettrovalvola PGV Hunter ( 151B-201B )"},"content":{"rendered":"<p><strong>Caratteristiche principali:<\/strong><\/p>\n<ul>\n<li><strong>Dimensioni e connessioni:<\/strong> dotato di attacchi filettati femmina da 2\u201d (50 mm), si integra facilmente in diversi sistemi di irrigazione.<\/li>\n<li><strong>Controllo del flusso: <\/strong> \u00e8 dotato di un regolatore di flusso integrato che consente di regolare con precisione il flusso dell&#8217;acqua in base alle esigenze specifiche dell&#8217;applicazione.<\/li>\n<li><strong>Gamma di portata:<\/strong> \u00e8 in grado di gestire portate da 5 a 34 m\u00b3\/h (da 75 a 570 l\/min), offrendo flessibilit\u00e0 per diverse configurazioni di irrigazione.<\/li>\n<li><strong>Intervallo di pressione:<\/strong> funziona efficacemente in un intervallo di pressione raccomandato da 1,5 a 10 bar (da 150 a 1.000 kPa), garantendo prestazioni stabili in un&#8217;ampia gamma di pressioni dell&#8217;acqua.<\/li>\n<li><strong>Solenoide:<\/strong> dotato di un solenoide a impulsi in corrente continua, compatibile con i programmatori a batteria, che ne facilita l&#8217;uso in aree prive di alimentazione elettrica.<\/li>\n<li><strong>Materiale di costruzione:<\/strong> Realizzato in plastica di alta qualit\u00e0, garantisce una maggiore durata e resistenza alle condizioni ambientali pi\u00f9 difficili.\n<div class=\"relative inline-flex items-center\"><\/div>\n<div class=\"relative inline-flex items-center\"><\/div>\n<div class=\"relative inline-flex items-center\"><\/div>\n<\/li>\n<\/ul>\n","protected":false},"excerpt":{"rendered":"<p>L&#8217;elettrovalvola PGV di <strong> Hunter ( 151B-201B ) <\/strong> \u00e8 una valvola elettrica progettata per impianti di irrigazione di medie e grandi dimensioni. \u00c8 rinomata per la sua robustezza e affidabilit\u00e0 e offre prestazioni ottimali in un&#8217;ampia gamma di condizioni. <\/p>\n<p><a href=\"https:\/\/arrosagepro.com\/it\/tariffe-e-sconti\/\"><strong>&#8220;Tutti i modelli disponibili, vedi i prezzi nella sezione prezzi e sconti&#8221;<\/strong><\/a><\/p>\n<p><img decoding=\"async\" class=\"alignnone size-medium wp-image-285\" src=\"\/wp-content\/uploads\/2024\/11\/Hunter-logo.png\" alt=\"\" width=\"300\" height=\"71\"><\/p>\n<p>&nbsp;<\/p>\n<p><a class=\"btnProdDevis\" href=\"https:\/\/arrosagepro.com\/it\/richiedi-un-preventivo\/\">Richiedi un preventivo<\/a> <a class=\"btnProdTarifs\" href=\"https:\/\/arrosagepro.com\/it\/tariffe-e-sconti\/cacciatore\/\">Tariffe e sconti<\/a><\/p>\n","protected":false},"featured_media":3176,"template":"","meta":{"_acf_changed":false,"_links_to":"","_links_to_target":""},"product_brand":[],"product_cat":[179],"product_tag":[],"class_list":{"0":"post-4575","1":"product","2":"type-product","3":"status-publish","4":"has-post-thumbnail","6":"product_cat-valvole","8":"first","9":"instock","10":"sale","11":"taxable","12":"shipping-taxable","13":"purchasable","14":"product-type-variable"},"acf":[],"yoast_head":"<!-- This site is optimized with the Yoast SEO plugin v26.8 - https:\/\/yoast.com\/product\/yoast-seo-wordpress\/ -->\n<title>Elettrovalvola PGV Hunter ( 151B-201B ) - Arrosage Pro<\/title>\n<meta name=\"robots\" content=\"index, follow, max-snippet:-1, max-image-preview:large, max-video-preview:-1\" \/>\n<link rel=\"canonical\" href=\"https:\/\/arrosagepro.com\/it\/produit\/elettrovalvola-pgv-hunter-151b-201b\/\" \/>\n<meta property=\"og:locale\" content=\"it_IT\" \/>\n<meta property=\"og:type\" content=\"article\" \/>\n<meta property=\"og:title\" content=\"Elettrovalvola PGV Hunter ( 151B-201B ) - Arrosage Pro\" \/>\n<meta property=\"og:description\" content=\"L&#039;elettrovalvola PGV di Hunter ( 151B-201B ) \u00e8 una valvola elettrica progettata per impianti di irrigazione di medie e grandi dimensioni. \u00c8 rinomata per la sua robustezza e affidabilit\u00e0 e offre prestazioni ottimali in un&#039;ampia gamma di condizioni.  &quot;Tutti i modelli disponibili, vedi i prezzi nella sezione prezzi e sconti&quot;  &nbsp; Richiedi un preventivo Tariffe e sconti\" \/>\n<meta property=\"og:url\" content=\"https:\/\/arrosagepro.com\/it\/produit\/elettrovalvola-pgv-hunter-151b-201b\/\" \/>\n<meta property=\"og:site_name\" content=\"Arrosage Pro\" \/>\n<meta property=\"article:modified_time\" content=\"2025-04-26T17:34:02+00:00\" \/>\n<meta property=\"og:image\" content=\"https:\/\/arrosagepro.com\/wp-content\/uploads\/2025\/01\/magnetventil-pgv-mit-durchflussregulierung-2-zollig-hunter-pgv-201.webp\" \/>\n\t<meta property=\"og:image:width\" content=\"300\" \/>\n\t<meta property=\"og:image:height\" content=\"300\" \/>\n\t<meta property=\"og:image:type\" content=\"image\/webp\" \/>\n<meta name=\"twitter:card\" content=\"summary_large_image\" \/>\n<meta name=\"twitter:label1\" content=\"Tempo di lettura stimato\" \/>\n\t<meta name=\"twitter:data1\" content=\"1 minuto\" \/>\n<script type=\"application\/ld+json\" class=\"yoast-schema-graph\">{\"@context\":\"https:\/\/schema.org\",\"@graph\":[{\"@type\":\"WebPage\",\"@id\":\"https:\/\/arrosagepro.com\/it\/produit\/elettrovalvola-pgv-hunter-151b-201b\/\",\"url\":\"https:\/\/arrosagepro.com\/it\/produit\/elettrovalvola-pgv-hunter-151b-201b\/\",\"name\":\"Elettrovalvola PGV Hunter ( 151B-201B ) - Arrosage Pro\",\"isPartOf\":{\"@id\":\"https:\/\/arrosagepro.com\/it\/#website\"},\"primaryImageOfPage\":{\"@id\":\"https:\/\/arrosagepro.com\/it\/produit\/elettrovalvola-pgv-hunter-151b-201b\/#primaryimage\"},\"image\":{\"@id\":\"https:\/\/arrosagepro.com\/it\/produit\/elettrovalvola-pgv-hunter-151b-201b\/#primaryimage\"},\"thumbnailUrl\":\"https:\/\/arrosagepro.com\/wp-content\/uploads\/2025\/01\/magnetventil-pgv-mit-durchflussregulierung-2-zollig-hunter-pgv-201.webp\",\"datePublished\":\"2025-01-22T17:43:50+00:00\",\"dateModified\":\"2025-04-26T17:34:02+00:00\",\"breadcrumb\":{\"@id\":\"https:\/\/arrosagepro.com\/it\/produit\/elettrovalvola-pgv-hunter-151b-201b\/#breadcrumb\"},\"inLanguage\":\"it-IT\",\"potentialAction\":[{\"@type\":\"ReadAction\",\"target\":[\"https:\/\/arrosagepro.com\/it\/produit\/elettrovalvola-pgv-hunter-151b-201b\/\"]}]},{\"@type\":\"ImageObject\",\"inLanguage\":\"it-IT\",\"@id\":\"https:\/\/arrosagepro.com\/it\/produit\/elettrovalvola-pgv-hunter-151b-201b\/#primaryimage\",\"url\":\"https:\/\/arrosagepro.com\/wp-content\/uploads\/2025\/01\/magnetventil-pgv-mit-durchflussregulierung-2-zollig-hunter-pgv-201.webp\",\"contentUrl\":\"https:\/\/arrosagepro.com\/wp-content\/uploads\/2025\/01\/magnetventil-pgv-mit-durchflussregulierung-2-zollig-hunter-pgv-201.webp\",\"width\":300,\"height\":300},{\"@type\":\"BreadcrumbList\",\"@id\":\"https:\/\/arrosagepro.com\/it\/produit\/elettrovalvola-pgv-hunter-151b-201b\/#breadcrumb\",\"itemListElement\":[{\"@type\":\"ListItem\",\"position\":1,\"name\":\"Accueil\",\"item\":\"https:\/\/arrosagepro.com\/it\/\"},{\"@type\":\"ListItem\",\"position\":2,\"name\":\"Produrre\",\"item\":\"https:\/\/arrosagepro.com\/it\/produrre\/\"},{\"@type\":\"ListItem\",\"position\":3,\"name\":\"Elettrovalvola PGV Hunter ( 151B-201B )\"}]},{\"@type\":\"WebSite\",\"@id\":\"https:\/\/arrosagepro.com\/it\/#website\",\"url\":\"https:\/\/arrosagepro.com\/it\/\",\"name\":\"Arrosage Pro\",\"description\":\"Arrosage Pro\",\"publisher\":{\"@id\":\"https:\/\/arrosagepro.com\/it\/#organization\"},\"potentialAction\":[{\"@type\":\"SearchAction\",\"target\":{\"@type\":\"EntryPoint\",\"urlTemplate\":\"https:\/\/arrosagepro.com\/it\/?s={search_term_string}\"},\"query-input\":{\"@type\":\"PropertyValueSpecification\",\"valueRequired\":true,\"valueName\":\"search_term_string\"}}],\"inLanguage\":\"it-IT\"},{\"@type\":\"Organization\",\"@id\":\"https:\/\/arrosagepro.com\/it\/#organization\",\"name\":\"Arrosage Pro\",\"url\":\"https:\/\/arrosagepro.com\/it\/\",\"logo\":{\"@type\":\"ImageObject\",\"inLanguage\":\"it-IT\",\"@id\":\"https:\/\/arrosagepro.com\/it\/#\/schema\/logo\/image\/\",\"url\":\"https:\/\/arrosagepro.com\/wp-content\/uploads\/2024\/11\/cropped-favicon.png\",\"contentUrl\":\"https:\/\/arrosagepro.com\/wp-content\/uploads\/2024\/11\/cropped-favicon.png\",\"width\":512,\"height\":512,\"caption\":\"Arrosage Pro\"},\"image\":{\"@id\":\"https:\/\/arrosagepro.com\/it\/#\/schema\/logo\/image\/\"}}]}<\/script>\n<!-- \/ Yoast SEO plugin. -->","yoast_head_json":{"title":"Elettrovalvola PGV Hunter ( 151B-201B ) - Arrosage Pro","robots":{"index":"index","follow":"follow","max-snippet":"max-snippet:-1","max-image-preview":"max-image-preview:large","max-video-preview":"max-video-preview:-1"},"canonical":"https:\/\/arrosagepro.com\/it\/produit\/elettrovalvola-pgv-hunter-151b-201b\/","og_locale":"it_IT","og_type":"article","og_title":"Elettrovalvola PGV Hunter ( 151B-201B ) - Arrosage Pro","og_description":"L'elettrovalvola PGV di Hunter ( 151B-201B ) \u00e8 una valvola elettrica progettata per impianti di irrigazione di medie e grandi dimensioni. \u00c8 rinomata per la sua robustezza e affidabilit\u00e0 e offre prestazioni ottimali in un'ampia gamma di condizioni.  \"Tutti i modelli disponibili, vedi i prezzi nella sezione prezzi e sconti\"  &nbsp; Richiedi un preventivo Tariffe e sconti","og_url":"https:\/\/arrosagepro.com\/it\/produit\/elettrovalvola-pgv-hunter-151b-201b\/","og_site_name":"Arrosage Pro","article_modified_time":"2025-04-26T17:34:02+00:00","og_image":[{"width":300,"height":300,"url":"https:\/\/arrosagepro.com\/wp-content\/uploads\/2025\/01\/magnetventil-pgv-mit-durchflussregulierung-2-zollig-hunter-pgv-201.webp","type":"image\/webp"}],"twitter_card":"summary_large_image","twitter_misc":{"Tempo di lettura stimato":"1 minuto"},"schema":{"@context":"https:\/\/schema.org","@graph":[{"@type":"WebPage","@id":"https:\/\/arrosagepro.com\/it\/produit\/elettrovalvola-pgv-hunter-151b-201b\/","url":"https:\/\/arrosagepro.com\/it\/produit\/elettrovalvola-pgv-hunter-151b-201b\/","name":"Elettrovalvola PGV Hunter ( 151B-201B ) - Arrosage Pro","isPartOf":{"@id":"https:\/\/arrosagepro.com\/it\/#website"},"primaryImageOfPage":{"@id":"https:\/\/arrosagepro.com\/it\/produit\/elettrovalvola-pgv-hunter-151b-201b\/#primaryimage"},"image":{"@id":"https:\/\/arrosagepro.com\/it\/produit\/elettrovalvola-pgv-hunter-151b-201b\/#primaryimage"},"thumbnailUrl":"https:\/\/arrosagepro.com\/wp-content\/uploads\/2025\/01\/magnetventil-pgv-mit-durchflussregulierung-2-zollig-hunter-pgv-201.webp","datePublished":"2025-01-22T17:43:50+00:00","dateModified":"2025-04-26T17:34:02+00:00","breadcrumb":{"@id":"https:\/\/arrosagepro.com\/it\/produit\/elettrovalvola-pgv-hunter-151b-201b\/#breadcrumb"},"inLanguage":"it-IT","potentialAction":[{"@type":"ReadAction","target":["https:\/\/arrosagepro.com\/it\/produit\/elettrovalvola-pgv-hunter-151b-201b\/"]}]},{"@type":"ImageObject","inLanguage":"it-IT","@id":"https:\/\/arrosagepro.com\/it\/produit\/elettrovalvola-pgv-hunter-151b-201b\/#primaryimage","url":"https:\/\/arrosagepro.com\/wp-content\/uploads\/2025\/01\/magnetventil-pgv-mit-durchflussregulierung-2-zollig-hunter-pgv-201.webp","contentUrl":"https:\/\/arrosagepro.com\/wp-content\/uploads\/2025\/01\/magnetventil-pgv-mit-durchflussregulierung-2-zollig-hunter-pgv-201.webp","width":300,"height":300},{"@type":"BreadcrumbList","@id":"https:\/\/arrosagepro.com\/it\/produit\/elettrovalvola-pgv-hunter-151b-201b\/#breadcrumb","itemListElement":[{"@type":"ListItem","position":1,"name":"Accueil","item":"https:\/\/arrosagepro.com\/it\/"},{"@type":"ListItem","position":2,"name":"Produrre","item":"https:\/\/arrosagepro.com\/it\/produrre\/"},{"@type":"ListItem","position":3,"name":"Elettrovalvola PGV Hunter ( 151B-201B )"}]},{"@type":"WebSite","@id":"https:\/\/arrosagepro.com\/it\/#website","url":"https:\/\/arrosagepro.com\/it\/","name":"Arrosage Pro","description":"Arrosage Pro","publisher":{"@id":"https:\/\/arrosagepro.com\/it\/#organization"},"potentialAction":[{"@type":"SearchAction","target":{"@type":"EntryPoint","urlTemplate":"https:\/\/arrosagepro.com\/it\/?s={search_term_string}"},"query-input":{"@type":"PropertyValueSpecification","valueRequired":true,"valueName":"search_term_string"}}],"inLanguage":"it-IT"},{"@type":"Organization","@id":"https:\/\/arrosagepro.com\/it\/#organization","name":"Arrosage Pro","url":"https:\/\/arrosagepro.com\/it\/","logo":{"@type":"ImageObject","inLanguage":"it-IT","@id":"https:\/\/arrosagepro.com\/it\/#\/schema\/logo\/image\/","url":"https:\/\/arrosagepro.com\/wp-content\/uploads\/2024\/11\/cropped-favicon.png","contentUrl":"https:\/\/arrosagepro.com\/wp-content\/uploads\/2024\/11\/cropped-favicon.png","width":512,"height":512,"caption":"Arrosage Pro"},"image":{"@id":"https:\/\/arrosagepro.com\/it\/#\/schema\/logo\/image\/"}}]}},"_links":{"self":[{"href":"https:\/\/arrosagepro.com\/it\/wp-json\/wp\/v2\/product\/4575","targetHints":{"allow":["GET"]}}],"collection":[{"href":"https:\/\/arrosagepro.com\/it\/wp-json\/wp\/v2\/product"}],"about":[{"href":"https:\/\/arrosagepro.com\/it\/wp-json\/wp\/v2\/types\/product"}],"version-history":[{"count":1,"href":"https:\/\/arrosagepro.com\/it\/wp-json\/wp\/v2\/product\/4575\/revisions"}],"predecessor-version":[{"id":4578,"href":"https:\/\/arrosagepro.com\/it\/wp-json\/wp\/v2\/product\/4575\/revisions\/4578"}],"wp:featuredmedia":[{"embeddable":true,"href":"https:\/\/arrosagepro.com\/it\/wp-json\/wp\/v2\/media\/3176"}],"wp:attachment":[{"href":"https:\/\/arrosagepro.com\/it\/wp-json\/wp\/v2\/media?parent=4575"}],"wp:term":[{"taxonomy":"product_brand","embeddable":true,"href":"https:\/\/arrosagepro.com\/it\/wp-json\/wp\/v2\/product_brand?post=4575"},{"taxonomy":"product_cat","embeddable":true,"href":"https:\/\/arrosagepro.com\/it\/wp-json\/wp\/v2\/product_cat?post=4575"},{"taxonomy":"product_tag","embeddable":true,"href":"https:\/\/arrosagepro.com\/it\/wp-json\/wp\/v2\/product_tag?post=4575"}],"curies":[{"name":"wp","href":"https:\/\/api.w.org\/{rel}","templated":true}]}}