{"id":4598,"date":"2025-01-22T18:22:41","date_gmt":"2025-01-22T18:22:41","guid":{"rendered":"https:\/\/arrosagepro.com\/produit\/elettrovalvola-dc-pgv-100g-b-di-hunter\/"},"modified":"2025-01-22T18:22:41","modified_gmt":"2025-01-22T18:22:41","slug":"elettrovalvola-dc-pgv-100g-b-di-hunter","status":"publish","type":"product","link":"https:\/\/arrosagepro.com\/it\/produit\/elettrovalvola-dc-pgv-100g-b-di-hunter\/","title":{"rendered":"Elettrovalvola DC PGV-100G-B di Hunter"},"content":{"rendered":"<p><strong>Caratteristiche principali:<\/strong><\/p>\n<ul>\n<li><strong>Compatibilit\u00e0 con la corrente continua (DC):<\/strong> dotata di un solenoide DC, questa elettrovalvola \u00e8 ideale per l&#8217;uso con programmatori alimentati a batteria o in luoghi in cui non \u00e8 presente una fonte di alimentazione CA.<\/li>\n<li><strong>Dimensioni e connessioni: <\/strong> attacchi filettati femmina da 1\u201d (25 mm) per una facile installazione nei sistemi di irrigazione standard.<\/li>\n<li><strong>Materiale di costruzione durevole:<\/strong> corpo in PVC di alta qualit\u00e0, resistente alla pressione, agli agenti chimici e alle condizioni esterne pi\u00f9 difficili.<\/li>\n<li><strong>Gamma di portata: <\/strong> progettata per gestire portate da 0,05 a 9 m\u00b3\/h (da 0,7 a 150 l\/min), pu\u00f2 essere adattata a diverse configurazioni di irrigazione.<\/li>\n<li><strong>Intervallo di pressione: <\/strong> funziona in modo efficiente tra 1,5 e 10 bar (da 150 a 1.000 kPa), garantendo prestazioni costanti anche in condizioni di pressione variabili.<\/li>\n<li><strong>Manutenzione semplificata<\/strong>: Il cofano svitabile consente un facile accesso per la pulizia e la manutenzione, riducendo i tempi di fermo del sistema.\n<div class=\"relative inline-flex items-center\"><\/div>\n<div class=\"relative inline-flex items-center\"><\/div>\n<div class=\"relative inline-flex items-center\"><\/div>\n<\/li>\n<\/ul>\n","protected":false},"excerpt":{"rendered":"<p>L&#8217;elettrovalvola DC <strong>PGV-100G-B di Hunter<\/strong> \u00e8 progettata per impianti di irrigazione residenziali, commerciali leggeri o municipali. Questo modello \u00e8 particolarmente adatto agli ambienti in cui \u00e8 richiesta un&#8217;alimentazione in corrente continua (DC), come ad esempio le installazioni con programmatori a batteria. Il suo design robusto e la facilit\u00e0 di manutenzione la rendono una scelta popolare per una variet\u00e0 di applicazioni.  <\/p>\n<p><img decoding=\"async\" class=\"alignnone size-medium wp-image-285\" src=\"\/wp-content\/uploads\/2024\/11\/Hunter-logo.png\" alt=\"\" width=\"300\" height=\"71\"><\/p>\n<p>&nbsp;<\/p>\n<p><a class=\"btnProdDevis\" href=\"https:\/\/arrosagepro.com\/it\/richiedi-un-preventivo\/\">Richiedi un preventivo<\/a> <a class=\"btnProdTarifs\" href=\"https:\/\/arrosagepro.com\/it\/tariffe-e-sconti\/cacciatore\/\">Tariffe e sconti<\/a><\/p>\n","protected":false},"featured_media":3196,"template":"","meta":{"_acf_changed":false,"_links_to":"","_links_to_target":""},"product_brand":[],"product_cat":[179],"product_tag":[],"class_list":{"0":"post-4598","1":"product","2":"type-product","3":"status-publish","4":"has-post-thumbnail","6":"product_cat-valvole","8":"first","9":"instock","10":"taxable","11":"shipping-taxable","12":"product-type-simple"},"acf":[],"yoast_head":"<!-- This site is optimized with the Yoast SEO plugin v26.8 - https:\/\/yoast.com\/product\/yoast-seo-wordpress\/ -->\n<title>Elettrovalvola DC PGV-100G-B di Hunter - Arrosage Pro<\/title>\n<meta name=\"robots\" content=\"index, follow, max-snippet:-1, max-image-preview:large, max-video-preview:-1\" \/>\n<link rel=\"canonical\" href=\"https:\/\/arrosagepro.com\/it\/produit\/elettrovalvola-dc-pgv-100g-b-di-hunter\/\" \/>\n<meta property=\"og:locale\" content=\"it_IT\" \/>\n<meta property=\"og:type\" content=\"article\" \/>\n<meta property=\"og:title\" content=\"Elettrovalvola DC PGV-100G-B di Hunter - Arrosage Pro\" \/>\n<meta property=\"og:description\" content=\"L&#039;elettrovalvola DC PGV-100G-B di Hunter \u00e8 progettata per impianti di irrigazione residenziali, commerciali leggeri o municipali. Questo modello \u00e8 particolarmente adatto agli ambienti in cui \u00e8 richiesta un&#039;alimentazione in corrente continua (DC), come ad esempio le installazioni con programmatori a batteria. Il suo design robusto e la facilit\u00e0 di manutenzione la rendono una scelta popolare per una variet\u00e0 di applicazioni.   &nbsp; Richiedi un preventivo Tariffe e sconti\" \/>\n<meta property=\"og:url\" content=\"https:\/\/arrosagepro.com\/it\/produit\/elettrovalvola-dc-pgv-100g-b-di-hunter\/\" \/>\n<meta property=\"og:site_name\" content=\"Arrosage Pro\" \/>\n<meta property=\"og:image\" content=\"https:\/\/arrosagepro.com\/wp-content\/uploads\/2025\/01\/magnetventil-pgv-ohne-durchflussregulierung-1-zollig-hunter-pgv-100g.webp\" \/>\n\t<meta property=\"og:image:width\" content=\"300\" \/>\n\t<meta property=\"og:image:height\" content=\"300\" \/>\n\t<meta property=\"og:image:type\" content=\"image\/webp\" \/>\n<meta name=\"twitter:card\" content=\"summary_large_image\" \/>\n<meta name=\"twitter:label1\" content=\"Tempo di lettura stimato\" \/>\n\t<meta name=\"twitter:data1\" content=\"1 minuto\" \/>\n<script type=\"application\/ld+json\" class=\"yoast-schema-graph\">{\"@context\":\"https:\/\/schema.org\",\"@graph\":[{\"@type\":\"WebPage\",\"@id\":\"https:\/\/arrosagepro.com\/it\/produit\/elettrovalvola-dc-pgv-100g-b-di-hunter\/\",\"url\":\"https:\/\/arrosagepro.com\/it\/produit\/elettrovalvola-dc-pgv-100g-b-di-hunter\/\",\"name\":\"Elettrovalvola DC PGV-100G-B di Hunter - Arrosage Pro\",\"isPartOf\":{\"@id\":\"https:\/\/arrosagepro.com\/it\/#website\"},\"primaryImageOfPage\":{\"@id\":\"https:\/\/arrosagepro.com\/it\/produit\/elettrovalvola-dc-pgv-100g-b-di-hunter\/#primaryimage\"},\"image\":{\"@id\":\"https:\/\/arrosagepro.com\/it\/produit\/elettrovalvola-dc-pgv-100g-b-di-hunter\/#primaryimage\"},\"thumbnailUrl\":\"https:\/\/arrosagepro.com\/wp-content\/uploads\/2025\/01\/magnetventil-pgv-ohne-durchflussregulierung-1-zollig-hunter-pgv-100g.webp\",\"datePublished\":\"2025-01-22T18:22:41+00:00\",\"breadcrumb\":{\"@id\":\"https:\/\/arrosagepro.com\/it\/produit\/elettrovalvola-dc-pgv-100g-b-di-hunter\/#breadcrumb\"},\"inLanguage\":\"it-IT\",\"potentialAction\":[{\"@type\":\"ReadAction\",\"target\":[\"https:\/\/arrosagepro.com\/it\/produit\/elettrovalvola-dc-pgv-100g-b-di-hunter\/\"]}]},{\"@type\":\"ImageObject\",\"inLanguage\":\"it-IT\",\"@id\":\"https:\/\/arrosagepro.com\/it\/produit\/elettrovalvola-dc-pgv-100g-b-di-hunter\/#primaryimage\",\"url\":\"https:\/\/arrosagepro.com\/wp-content\/uploads\/2025\/01\/magnetventil-pgv-ohne-durchflussregulierung-1-zollig-hunter-pgv-100g.webp\",\"contentUrl\":\"https:\/\/arrosagepro.com\/wp-content\/uploads\/2025\/01\/magnetventil-pgv-ohne-durchflussregulierung-1-zollig-hunter-pgv-100g.webp\",\"width\":300,\"height\":300},{\"@type\":\"BreadcrumbList\",\"@id\":\"https:\/\/arrosagepro.com\/it\/produit\/elettrovalvola-dc-pgv-100g-b-di-hunter\/#breadcrumb\",\"itemListElement\":[{\"@type\":\"ListItem\",\"position\":1,\"name\":\"Accueil\",\"item\":\"https:\/\/arrosagepro.com\/it\/\"},{\"@type\":\"ListItem\",\"position\":2,\"name\":\"Produrre\",\"item\":\"https:\/\/arrosagepro.com\/it\/produrre\/\"},{\"@type\":\"ListItem\",\"position\":3,\"name\":\"Elettrovalvola DC PGV-100G-B di Hunter\"}]},{\"@type\":\"WebSite\",\"@id\":\"https:\/\/arrosagepro.com\/it\/#website\",\"url\":\"https:\/\/arrosagepro.com\/it\/\",\"name\":\"Arrosage Pro\",\"description\":\"Arrosage Pro\",\"publisher\":{\"@id\":\"https:\/\/arrosagepro.com\/it\/#organization\"},\"potentialAction\":[{\"@type\":\"SearchAction\",\"target\":{\"@type\":\"EntryPoint\",\"urlTemplate\":\"https:\/\/arrosagepro.com\/it\/?s={search_term_string}\"},\"query-input\":{\"@type\":\"PropertyValueSpecification\",\"valueRequired\":true,\"valueName\":\"search_term_string\"}}],\"inLanguage\":\"it-IT\"},{\"@type\":\"Organization\",\"@id\":\"https:\/\/arrosagepro.com\/it\/#organization\",\"name\":\"Arrosage Pro\",\"url\":\"https:\/\/arrosagepro.com\/it\/\",\"logo\":{\"@type\":\"ImageObject\",\"inLanguage\":\"it-IT\",\"@id\":\"https:\/\/arrosagepro.com\/it\/#\/schema\/logo\/image\/\",\"url\":\"https:\/\/arrosagepro.com\/wp-content\/uploads\/2024\/11\/cropped-favicon.png\",\"contentUrl\":\"https:\/\/arrosagepro.com\/wp-content\/uploads\/2024\/11\/cropped-favicon.png\",\"width\":512,\"height\":512,\"caption\":\"Arrosage Pro\"},\"image\":{\"@id\":\"https:\/\/arrosagepro.com\/it\/#\/schema\/logo\/image\/\"}}]}<\/script>\n<!-- \/ Yoast SEO plugin. -->","yoast_head_json":{"title":"Elettrovalvola DC PGV-100G-B di Hunter - Arrosage Pro","robots":{"index":"index","follow":"follow","max-snippet":"max-snippet:-1","max-image-preview":"max-image-preview:large","max-video-preview":"max-video-preview:-1"},"canonical":"https:\/\/arrosagepro.com\/it\/produit\/elettrovalvola-dc-pgv-100g-b-di-hunter\/","og_locale":"it_IT","og_type":"article","og_title":"Elettrovalvola DC PGV-100G-B di Hunter - Arrosage Pro","og_description":"L'elettrovalvola DC PGV-100G-B di Hunter \u00e8 progettata per impianti di irrigazione residenziali, commerciali leggeri o municipali. Questo modello \u00e8 particolarmente adatto agli ambienti in cui \u00e8 richiesta un'alimentazione in corrente continua (DC), come ad esempio le installazioni con programmatori a batteria. Il suo design robusto e la facilit\u00e0 di manutenzione la rendono una scelta popolare per una variet\u00e0 di applicazioni.   &nbsp; Richiedi un preventivo Tariffe e sconti","og_url":"https:\/\/arrosagepro.com\/it\/produit\/elettrovalvola-dc-pgv-100g-b-di-hunter\/","og_site_name":"Arrosage Pro","og_image":[{"width":300,"height":300,"url":"https:\/\/arrosagepro.com\/wp-content\/uploads\/2025\/01\/magnetventil-pgv-ohne-durchflussregulierung-1-zollig-hunter-pgv-100g.webp","type":"image\/webp"}],"twitter_card":"summary_large_image","twitter_misc":{"Tempo di lettura stimato":"1 minuto"},"schema":{"@context":"https:\/\/schema.org","@graph":[{"@type":"WebPage","@id":"https:\/\/arrosagepro.com\/it\/produit\/elettrovalvola-dc-pgv-100g-b-di-hunter\/","url":"https:\/\/arrosagepro.com\/it\/produit\/elettrovalvola-dc-pgv-100g-b-di-hunter\/","name":"Elettrovalvola DC PGV-100G-B di Hunter - Arrosage Pro","isPartOf":{"@id":"https:\/\/arrosagepro.com\/it\/#website"},"primaryImageOfPage":{"@id":"https:\/\/arrosagepro.com\/it\/produit\/elettrovalvola-dc-pgv-100g-b-di-hunter\/#primaryimage"},"image":{"@id":"https:\/\/arrosagepro.com\/it\/produit\/elettrovalvola-dc-pgv-100g-b-di-hunter\/#primaryimage"},"thumbnailUrl":"https:\/\/arrosagepro.com\/wp-content\/uploads\/2025\/01\/magnetventil-pgv-ohne-durchflussregulierung-1-zollig-hunter-pgv-100g.webp","datePublished":"2025-01-22T18:22:41+00:00","breadcrumb":{"@id":"https:\/\/arrosagepro.com\/it\/produit\/elettrovalvola-dc-pgv-100g-b-di-hunter\/#breadcrumb"},"inLanguage":"it-IT","potentialAction":[{"@type":"ReadAction","target":["https:\/\/arrosagepro.com\/it\/produit\/elettrovalvola-dc-pgv-100g-b-di-hunter\/"]}]},{"@type":"ImageObject","inLanguage":"it-IT","@id":"https:\/\/arrosagepro.com\/it\/produit\/elettrovalvola-dc-pgv-100g-b-di-hunter\/#primaryimage","url":"https:\/\/arrosagepro.com\/wp-content\/uploads\/2025\/01\/magnetventil-pgv-ohne-durchflussregulierung-1-zollig-hunter-pgv-100g.webp","contentUrl":"https:\/\/arrosagepro.com\/wp-content\/uploads\/2025\/01\/magnetventil-pgv-ohne-durchflussregulierung-1-zollig-hunter-pgv-100g.webp","width":300,"height":300},{"@type":"BreadcrumbList","@id":"https:\/\/arrosagepro.com\/it\/produit\/elettrovalvola-dc-pgv-100g-b-di-hunter\/#breadcrumb","itemListElement":[{"@type":"ListItem","position":1,"name":"Accueil","item":"https:\/\/arrosagepro.com\/it\/"},{"@type":"ListItem","position":2,"name":"Produrre","item":"https:\/\/arrosagepro.com\/it\/produrre\/"},{"@type":"ListItem","position":3,"name":"Elettrovalvola DC PGV-100G-B di Hunter"}]},{"@type":"WebSite","@id":"https:\/\/arrosagepro.com\/it\/#website","url":"https:\/\/arrosagepro.com\/it\/","name":"Arrosage Pro","description":"Arrosage Pro","publisher":{"@id":"https:\/\/arrosagepro.com\/it\/#organization"},"potentialAction":[{"@type":"SearchAction","target":{"@type":"EntryPoint","urlTemplate":"https:\/\/arrosagepro.com\/it\/?s={search_term_string}"},"query-input":{"@type":"PropertyValueSpecification","valueRequired":true,"valueName":"search_term_string"}}],"inLanguage":"it-IT"},{"@type":"Organization","@id":"https:\/\/arrosagepro.com\/it\/#organization","name":"Arrosage Pro","url":"https:\/\/arrosagepro.com\/it\/","logo":{"@type":"ImageObject","inLanguage":"it-IT","@id":"https:\/\/arrosagepro.com\/it\/#\/schema\/logo\/image\/","url":"https:\/\/arrosagepro.com\/wp-content\/uploads\/2024\/11\/cropped-favicon.png","contentUrl":"https:\/\/arrosagepro.com\/wp-content\/uploads\/2024\/11\/cropped-favicon.png","width":512,"height":512,"caption":"Arrosage Pro"},"image":{"@id":"https:\/\/arrosagepro.com\/it\/#\/schema\/logo\/image\/"}}]}},"_links":{"self":[{"href":"https:\/\/arrosagepro.com\/it\/wp-json\/wp\/v2\/product\/4598","targetHints":{"allow":["GET"]}}],"collection":[{"href":"https:\/\/arrosagepro.com\/it\/wp-json\/wp\/v2\/product"}],"about":[{"href":"https:\/\/arrosagepro.com\/it\/wp-json\/wp\/v2\/types\/product"}],"version-history":[{"count":0,"href":"https:\/\/arrosagepro.com\/it\/wp-json\/wp\/v2\/product\/4598\/revisions"}],"wp:featuredmedia":[{"embeddable":true,"href":"https:\/\/arrosagepro.com\/it\/wp-json\/wp\/v2\/media\/3196"}],"wp:attachment":[{"href":"https:\/\/arrosagepro.com\/it\/wp-json\/wp\/v2\/media?parent=4598"}],"wp:term":[{"taxonomy":"product_brand","embeddable":true,"href":"https:\/\/arrosagepro.com\/it\/wp-json\/wp\/v2\/product_brand?post=4598"},{"taxonomy":"product_cat","embeddable":true,"href":"https:\/\/arrosagepro.com\/it\/wp-json\/wp\/v2\/product_cat?post=4598"},{"taxonomy":"product_tag","embeddable":true,"href":"https:\/\/arrosagepro.com\/it\/wp-json\/wp\/v2\/product_tag?post=4598"}],"curies":[{"name":"wp","href":"https:\/\/api.w.org\/{rel}","templated":true}]}}