{"id":2304,"date":"2025-04-21T11:20:24","date_gmt":"2025-04-21T11:20:24","guid":{"rendered":"https:\/\/arrosagepro.com\/?post_type=product&#038;p=2304"},"modified":"2025-04-21T11:50:13","modified_gmt":"2025-04-21T11:50:13","slug":"hunter-rotateur-mp2000-90","status":"publish","type":"product","link":"https:\/\/arrosagepro.com\/nl\/produit\/hunter-rotateur-mp2000-90\/","title":{"rendered":"Hunter Rotateur MP2000-90"},"content":{"rendered":"<p><strong>Caract\u00e9ristiques principales :<\/strong><\/p>\n<ul>\n<li class=\"\" data-start=\"465\" data-end=\"539\">\n<p class=\"\" data-start=\"468\" data-end=\"539\"><strong data-start=\"468\" data-end=\"496\">Port\u00e9e de 4 \u00e0 6,4 m\u00e8tres<\/strong> : id\u00e9ale pour les zones de moyenne taille.<\/p>\n<\/li>\n<li class=\"\" data-start=\"540\" data-end=\"653\">\n<p class=\"\" data-start=\"543\" data-end=\"653\"><strong data-start=\"543\" data-end=\"589\">Angle de couverture r\u00e9glable de 90\u00b0 \u00e0 210\u00b0<\/strong> : flexible pour s\u2019adapter \u00e0 diverses configurations paysag\u00e8res.<\/p>\n<\/li>\n<li class=\"\" data-start=\"654\" data-end=\"751\">\n<p class=\"\" data-start=\"657\" data-end=\"751\"><strong data-start=\"657\" data-end=\"687\">Jets rotatifs multitrajets<\/strong> : assurent une couverture uniforme avec moins de ruissellement.<\/p>\n<\/li>\n<li class=\"\" data-start=\"752\" data-end=\"827\">\n<p class=\"\" data-start=\"755\" data-end=\"827\"><strong data-start=\"755\" data-end=\"786\">\u00c9conomie d&#8217;eau jusqu\u2019\u00e0 30 %<\/strong> : par rapport aux buses traditionnelles.<\/p>\n<\/li>\n<li class=\"\" data-start=\"828\" data-end=\"918\">\n<p class=\"\" data-start=\"831\" data-end=\"918\"><strong data-start=\"831\" data-end=\"873\">Pression optimale : 2,8 bars (280 kPa)<\/strong> : pour un fonctionnement stable et efficace.<\/p>\n<\/li>\n<\/ul>\n","protected":false},"excerpt":{"rendered":"<p>La buse Hunter MP2000-90 est con\u00e7ue pour offrir une irrigation efficace et uniforme tout en r\u00e9duisant consid\u00e9rablement la consommation d&#8217;eau. Gr\u00e2ce \u00e0 sa technologie de jets rotatifs multitrajets, elle assure une distribution douce et pr\u00e9cise, m\u00eame dans des zones de terrain irr\u00e9gulier ou en pente.<\/p>\n<p><a href=\"https:\/\/arrosagepro.com\/tarifs-et-remises\/\"><strong>\u00ab Tous les mod\u00e8les disponibles, voir tarifs dans la section tarifs et remises \u00bb<\/strong><\/a><\/p>\n<p><img decoding=\"async\" class=\"alignnone size-medium wp-image-285\" src=\"\/wp-content\/uploads\/2024\/11\/Hunter-logo.png\" alt=\"\" width=\"300\" height=\"71\" \/><\/p>\n<p>&nbsp;<\/p>\n<p><a class=\"btnProdDevis\" href=\"\/devis\">Demander devis<\/a> <a class=\"btnProdTarifs\" href=\"\/tarifs-et-remises\/hunter\">Tarifs et remises<\/a><\/p>\n","protected":false},"featured_media":2305,"template":"","meta":{"_acf_changed":false,"_links_to":"","_links_to_target":""},"product_brand":[],"product_cat":[45],"product_tag":[],"class_list":{"0":"post-2304","1":"product","2":"type-product","3":"status-publish","4":"has-post-thumbnail","6":"product_cat-accessoires","8":"first","9":"instock","10":"sale","11":"taxable","12":"shipping-taxable","13":"product-type-simple"},"acf":[],"yoast_head":"<!-- This site is optimized with the Yoast SEO plugin v26.8 - https:\/\/yoast.com\/product\/yoast-seo-wordpress\/ -->\n<title>Hunter Rotateur MP2000-90 - Arrosage Pro<\/title>\n<meta name=\"robots\" content=\"index, follow, max-snippet:-1, max-image-preview:large, max-video-preview:-1\" \/>\n<link rel=\"canonical\" href=\"https:\/\/arrosagepro.com\/nl\/produit\/hunter-rotateur-mp2000-90\/\" \/>\n<meta property=\"og:locale\" content=\"nl_NL\" \/>\n<meta property=\"og:type\" content=\"article\" \/>\n<meta property=\"og:title\" content=\"Hunter Rotateur MP2000-90 - Arrosage Pro\" \/>\n<meta property=\"og:description\" content=\"La buse Hunter MP2000-90 est con\u00e7ue pour offrir une irrigation efficace et uniforme tout en r\u00e9duisant consid\u00e9rablement la consommation d&#039;eau. Gr\u00e2ce \u00e0 sa technologie de jets rotatifs multitrajets, elle assure une distribution douce et pr\u00e9cise, m\u00eame dans des zones de terrain irr\u00e9gulier ou en pente.  \u00ab Tous les mod\u00e8les disponibles, voir tarifs dans la section tarifs et remises \u00bb    &nbsp;  Demander devis Tarifs et remises\" \/>\n<meta property=\"og:url\" content=\"https:\/\/arrosagepro.com\/nl\/produit\/hunter-rotateur-mp2000-90\/\" \/>\n<meta property=\"og:site_name\" content=\"Arrosage Pro\" \/>\n<meta property=\"article:modified_time\" content=\"2025-04-21T11:50:13+00:00\" \/>\n<meta property=\"og:image\" content=\"https:\/\/arrosagepro.com\/wp-content\/uploads\/2025\/04\/ChatGPT-Image-21-avr.-2025-13_21_01.png\" \/>\n\t<meta property=\"og:image:width\" content=\"1024\" \/>\n\t<meta property=\"og:image:height\" content=\"1024\" \/>\n\t<meta property=\"og:image:type\" content=\"image\/png\" \/>\n<meta name=\"twitter:card\" content=\"summary_large_image\" \/>\n<meta name=\"twitter:label1\" content=\"Geschatte leestijd\" \/>\n\t<meta name=\"twitter:data1\" content=\"1 minuut\" \/>\n<script type=\"application\/ld+json\" class=\"yoast-schema-graph\">{\"@context\":\"https:\/\/schema.org\",\"@graph\":[{\"@type\":\"WebPage\",\"@id\":\"https:\/\/arrosagepro.com\/nl\/produit\/hunter-rotateur-mp2000-90\/\",\"url\":\"https:\/\/arrosagepro.com\/nl\/produit\/hunter-rotateur-mp2000-90\/\",\"name\":\"Hunter Rotateur MP2000-90 - Arrosage Pro\",\"isPartOf\":{\"@id\":\"https:\/\/arrosagepro.com\/nl\/#website\"},\"primaryImageOfPage\":{\"@id\":\"https:\/\/arrosagepro.com\/nl\/produit\/hunter-rotateur-mp2000-90\/#primaryimage\"},\"image\":{\"@id\":\"https:\/\/arrosagepro.com\/nl\/produit\/hunter-rotateur-mp2000-90\/#primaryimage\"},\"thumbnailUrl\":\"https:\/\/arrosagepro.com\/wp-content\/uploads\/2025\/04\/ChatGPT-Image-21-avr.-2025-13_21_01.png\",\"datePublished\":\"2025-04-21T11:20:24+00:00\",\"dateModified\":\"2025-04-21T11:50:13+00:00\",\"breadcrumb\":{\"@id\":\"https:\/\/arrosagepro.com\/nl\/produit\/hunter-rotateur-mp2000-90\/#breadcrumb\"},\"inLanguage\":\"nl-NL\",\"potentialAction\":[{\"@type\":\"ReadAction\",\"target\":[\"https:\/\/arrosagepro.com\/nl\/produit\/hunter-rotateur-mp2000-90\/\"]}]},{\"@type\":\"ImageObject\",\"inLanguage\":\"nl-NL\",\"@id\":\"https:\/\/arrosagepro.com\/nl\/produit\/hunter-rotateur-mp2000-90\/#primaryimage\",\"url\":\"https:\/\/arrosagepro.com\/wp-content\/uploads\/2025\/04\/ChatGPT-Image-21-avr.-2025-13_21_01.png\",\"contentUrl\":\"https:\/\/arrosagepro.com\/wp-content\/uploads\/2025\/04\/ChatGPT-Image-21-avr.-2025-13_21_01.png\",\"width\":1024,\"height\":1024},{\"@type\":\"BreadcrumbList\",\"@id\":\"https:\/\/arrosagepro.com\/nl\/produit\/hunter-rotateur-mp2000-90\/#breadcrumb\",\"itemListElement\":[{\"@type\":\"ListItem\",\"position\":1,\"name\":\"Accueil\",\"item\":\"https:\/\/arrosagepro.com\/nl\/\"},{\"@type\":\"ListItem\",\"position\":2,\"name\":\"Produceren\",\"item\":\"https:\/\/arrosagepro.com\/nl\/produceren\/\"},{\"@type\":\"ListItem\",\"position\":3,\"name\":\"Hunter Rotateur MP2000-90\"}]},{\"@type\":\"WebSite\",\"@id\":\"https:\/\/arrosagepro.com\/nl\/#website\",\"url\":\"https:\/\/arrosagepro.com\/nl\/\",\"name\":\"Arrosage Pro\",\"description\":\"Arrosage Pro\",\"publisher\":{\"@id\":\"https:\/\/arrosagepro.com\/nl\/#organization\"},\"potentialAction\":[{\"@type\":\"SearchAction\",\"target\":{\"@type\":\"EntryPoint\",\"urlTemplate\":\"https:\/\/arrosagepro.com\/nl\/?s={search_term_string}\"},\"query-input\":{\"@type\":\"PropertyValueSpecification\",\"valueRequired\":true,\"valueName\":\"search_term_string\"}}],\"inLanguage\":\"nl-NL\"},{\"@type\":\"Organization\",\"@id\":\"https:\/\/arrosagepro.com\/nl\/#organization\",\"name\":\"Arrosage Pro\",\"url\":\"https:\/\/arrosagepro.com\/nl\/\",\"logo\":{\"@type\":\"ImageObject\",\"inLanguage\":\"nl-NL\",\"@id\":\"https:\/\/arrosagepro.com\/nl\/#\/schema\/logo\/image\/\",\"url\":\"https:\/\/arrosagepro.com\/wp-content\/uploads\/2024\/11\/cropped-favicon.png\",\"contentUrl\":\"https:\/\/arrosagepro.com\/wp-content\/uploads\/2024\/11\/cropped-favicon.png\",\"width\":512,\"height\":512,\"caption\":\"Arrosage Pro\"},\"image\":{\"@id\":\"https:\/\/arrosagepro.com\/nl\/#\/schema\/logo\/image\/\"}}]}<\/script>\n<!-- \/ Yoast SEO plugin. -->","yoast_head_json":{"title":"Hunter Rotateur MP2000-90 - Arrosage Pro","robots":{"index":"index","follow":"follow","max-snippet":"max-snippet:-1","max-image-preview":"max-image-preview:large","max-video-preview":"max-video-preview:-1"},"canonical":"https:\/\/arrosagepro.com\/nl\/produit\/hunter-rotateur-mp2000-90\/","og_locale":"nl_NL","og_type":"article","og_title":"Hunter Rotateur MP2000-90 - Arrosage Pro","og_description":"La buse Hunter MP2000-90 est con\u00e7ue pour offrir une irrigation efficace et uniforme tout en r\u00e9duisant consid\u00e9rablement la consommation d'eau. Gr\u00e2ce \u00e0 sa technologie de jets rotatifs multitrajets, elle assure une distribution douce et pr\u00e9cise, m\u00eame dans des zones de terrain irr\u00e9gulier ou en pente.  \u00ab Tous les mod\u00e8les disponibles, voir tarifs dans la section tarifs et remises \u00bb    &nbsp;  Demander devis Tarifs et remises","og_url":"https:\/\/arrosagepro.com\/nl\/produit\/hunter-rotateur-mp2000-90\/","og_site_name":"Arrosage Pro","article_modified_time":"2025-04-21T11:50:13+00:00","og_image":[{"width":1024,"height":1024,"url":"https:\/\/arrosagepro.com\/wp-content\/uploads\/2025\/04\/ChatGPT-Image-21-avr.-2025-13_21_01.png","type":"image\/png"}],"twitter_card":"summary_large_image","twitter_misc":{"Geschatte leestijd":"1 minuut"},"schema":{"@context":"https:\/\/schema.org","@graph":[{"@type":"WebPage","@id":"https:\/\/arrosagepro.com\/nl\/produit\/hunter-rotateur-mp2000-90\/","url":"https:\/\/arrosagepro.com\/nl\/produit\/hunter-rotateur-mp2000-90\/","name":"Hunter Rotateur MP2000-90 - Arrosage Pro","isPartOf":{"@id":"https:\/\/arrosagepro.com\/nl\/#website"},"primaryImageOfPage":{"@id":"https:\/\/arrosagepro.com\/nl\/produit\/hunter-rotateur-mp2000-90\/#primaryimage"},"image":{"@id":"https:\/\/arrosagepro.com\/nl\/produit\/hunter-rotateur-mp2000-90\/#primaryimage"},"thumbnailUrl":"https:\/\/arrosagepro.com\/wp-content\/uploads\/2025\/04\/ChatGPT-Image-21-avr.-2025-13_21_01.png","datePublished":"2025-04-21T11:20:24+00:00","dateModified":"2025-04-21T11:50:13+00:00","breadcrumb":{"@id":"https:\/\/arrosagepro.com\/nl\/produit\/hunter-rotateur-mp2000-90\/#breadcrumb"},"inLanguage":"nl-NL","potentialAction":[{"@type":"ReadAction","target":["https:\/\/arrosagepro.com\/nl\/produit\/hunter-rotateur-mp2000-90\/"]}]},{"@type":"ImageObject","inLanguage":"nl-NL","@id":"https:\/\/arrosagepro.com\/nl\/produit\/hunter-rotateur-mp2000-90\/#primaryimage","url":"https:\/\/arrosagepro.com\/wp-content\/uploads\/2025\/04\/ChatGPT-Image-21-avr.-2025-13_21_01.png","contentUrl":"https:\/\/arrosagepro.com\/wp-content\/uploads\/2025\/04\/ChatGPT-Image-21-avr.-2025-13_21_01.png","width":1024,"height":1024},{"@type":"BreadcrumbList","@id":"https:\/\/arrosagepro.com\/nl\/produit\/hunter-rotateur-mp2000-90\/#breadcrumb","itemListElement":[{"@type":"ListItem","position":1,"name":"Accueil","item":"https:\/\/arrosagepro.com\/nl\/"},{"@type":"ListItem","position":2,"name":"Produceren","item":"https:\/\/arrosagepro.com\/nl\/produceren\/"},{"@type":"ListItem","position":3,"name":"Hunter Rotateur MP2000-90"}]},{"@type":"WebSite","@id":"https:\/\/arrosagepro.com\/nl\/#website","url":"https:\/\/arrosagepro.com\/nl\/","name":"Arrosage Pro","description":"Arrosage Pro","publisher":{"@id":"https:\/\/arrosagepro.com\/nl\/#organization"},"potentialAction":[{"@type":"SearchAction","target":{"@type":"EntryPoint","urlTemplate":"https:\/\/arrosagepro.com\/nl\/?s={search_term_string}"},"query-input":{"@type":"PropertyValueSpecification","valueRequired":true,"valueName":"search_term_string"}}],"inLanguage":"nl-NL"},{"@type":"Organization","@id":"https:\/\/arrosagepro.com\/nl\/#organization","name":"Arrosage Pro","url":"https:\/\/arrosagepro.com\/nl\/","logo":{"@type":"ImageObject","inLanguage":"nl-NL","@id":"https:\/\/arrosagepro.com\/nl\/#\/schema\/logo\/image\/","url":"https:\/\/arrosagepro.com\/wp-content\/uploads\/2024\/11\/cropped-favicon.png","contentUrl":"https:\/\/arrosagepro.com\/wp-content\/uploads\/2024\/11\/cropped-favicon.png","width":512,"height":512,"caption":"Arrosage Pro"},"image":{"@id":"https:\/\/arrosagepro.com\/nl\/#\/schema\/logo\/image\/"}}]}},"_links":{"self":[{"href":"https:\/\/arrosagepro.com\/nl\/wp-json\/wp\/v2\/product\/2304","targetHints":{"allow":["GET"]}}],"collection":[{"href":"https:\/\/arrosagepro.com\/nl\/wp-json\/wp\/v2\/product"}],"about":[{"href":"https:\/\/arrosagepro.com\/nl\/wp-json\/wp\/v2\/types\/product"}],"version-history":[{"count":1,"href":"https:\/\/arrosagepro.com\/nl\/wp-json\/wp\/v2\/product\/2304\/revisions"}],"predecessor-version":[{"id":2307,"href":"https:\/\/arrosagepro.com\/nl\/wp-json\/wp\/v2\/product\/2304\/revisions\/2307"}],"wp:featuredmedia":[{"embeddable":true,"href":"https:\/\/arrosagepro.com\/nl\/wp-json\/wp\/v2\/media\/2305"}],"wp:attachment":[{"href":"https:\/\/arrosagepro.com\/nl\/wp-json\/wp\/v2\/media?parent=2304"}],"wp:term":[{"taxonomy":"product_brand","embeddable":true,"href":"https:\/\/arrosagepro.com\/nl\/wp-json\/wp\/v2\/product_brand?post=2304"},{"taxonomy":"product_cat","embeddable":true,"href":"https:\/\/arrosagepro.com\/nl\/wp-json\/wp\/v2\/product_cat?post=2304"},{"taxonomy":"product_tag","embeddable":true,"href":"https:\/\/arrosagepro.com\/nl\/wp-json\/wp\/v2\/product_tag?post=2304"}],"curies":[{"name":"wp","href":"https:\/\/api.w.org\/{rel}","templated":true}]}}