{"id":2308,"date":"2025-04-21T11:27:08","date_gmt":"2025-04-21T11:27:08","guid":{"rendered":"https:\/\/arrosagepro.com\/?post_type=product&#038;p=2308"},"modified":"2025-04-21T11:35:50","modified_gmt":"2025-04-21T11:35:50","slug":"hunter-rotateur-mp3000-90","status":"publish","type":"product","link":"https:\/\/arrosagepro.com\/nl\/produit\/hunter-rotateur-mp3000-90\/","title":{"rendered":"Hunter Rotateur MP3000-90"},"content":{"rendered":"<p><strong>Caract\u00e9ristiques principales :<\/strong><\/p>\n<ul>\n<li data-start=\"677\" data-end=\"762\"><strong data-start=\"677\" data-end=\"707\">Port\u00e9e de 6,7 \u00e0 9,1 m\u00e8tres<\/strong> : parfaite pour les grandes pelouses et espaces verts.<\/li>\n<li data-start=\"677\" data-end=\"762\"><strong data-start=\"766\" data-end=\"812\">Angle de couverture r\u00e9glable de 90\u00b0 \u00e0 210\u00b0<\/strong> : pour un arrosage pr\u00e9cis selon la forme de la zone.<\/li>\n<li data-start=\"677\" data-end=\"762\"><strong data-start=\"869\" data-end=\"904\">Technologie \u00e0 jets multitrajets<\/strong> : arrose lentement et uniform\u00e9ment pour une meilleure infiltration.<\/li>\n<li data-start=\"677\" data-end=\"762\"><strong data-start=\"976\" data-end=\"1006\">Consommation d\u2019eau r\u00e9duite<\/strong> : jusqu\u2019\u00e0 30 % d\u2019\u00e9conomie compar\u00e9e aux buses classiques.<\/li>\n<li data-start=\"677\" data-end=\"762\"><strong data-start=\"1067\" data-end=\"1096\">Compatibilit\u00e9 universelle<\/strong> : s\u2019installe sur tous les corps d\u2019arroseurs femelles standards.<\/li>\n<\/ul>\n","protected":false},"excerpt":{"rendered":"<p>La buse MP Rotator MP3000-90 est la solution id\u00e9ale pour les grandes zones paysag\u00e8res n\u00e9cessitant une port\u00e9e \u00e9tendue et un arrosage uniforme. Gr\u00e2ce \u00e0 sa technologie de jets rotatifs multitrajets, elle offre une excellente efficacit\u00e9 tout en r\u00e9duisant significativement le gaspillage d\u2019eau.<\/p>\n<p><a href=\"https:\/\/arrosagepro.com\/tarifs-et-remises\/\"><strong>\u00ab Tous les mod\u00e8les disponibles, voir tarifs dans la section tarifs et remises \u00bb<\/strong><\/a><\/p>\n<p><img decoding=\"async\" class=\"alignnone size-medium wp-image-285\" src=\"\/wp-content\/uploads\/2024\/11\/Hunter-logo.png\" alt=\"\" width=\"300\" height=\"71\" \/><\/p>\n<p>&nbsp;<\/p>\n<p><a class=\"btnProdDevis\" href=\"\/devis\">Demander devis<\/a> <a class=\"btnProdTarifs\" href=\"\/tarifs-et-remises\/hunter\">Tarifs et remises<\/a><\/p>\n","protected":false},"featured_media":2311,"template":"","meta":{"_acf_changed":false,"_links_to":"","_links_to_target":""},"product_brand":[],"product_cat":[45],"product_tag":[],"class_list":{"0":"post-2308","1":"product","2":"type-product","3":"status-publish","4":"has-post-thumbnail","6":"product_cat-accessoires","8":"first","9":"instock","10":"sale","11":"taxable","12":"shipping-taxable","13":"product-type-simple"},"acf":[],"yoast_head":"<!-- This site is optimized with the Yoast SEO plugin v26.8 - https:\/\/yoast.com\/product\/yoast-seo-wordpress\/ -->\n<title>Hunter Rotateur MP3000-90 - Arrosage Pro<\/title>\n<meta name=\"robots\" content=\"index, follow, max-snippet:-1, max-image-preview:large, max-video-preview:-1\" \/>\n<link rel=\"canonical\" href=\"https:\/\/arrosagepro.com\/nl\/produit\/hunter-rotateur-mp3000-90\/\" \/>\n<meta property=\"og:locale\" content=\"nl_NL\" \/>\n<meta property=\"og:type\" content=\"article\" \/>\n<meta property=\"og:title\" content=\"Hunter Rotateur MP3000-90 - Arrosage Pro\" \/>\n<meta property=\"og:description\" content=\"La buse MP Rotator MP3000-90 est la solution id\u00e9ale pour les grandes zones paysag\u00e8res n\u00e9cessitant une port\u00e9e \u00e9tendue et un arrosage uniforme. Gr\u00e2ce \u00e0 sa technologie de jets rotatifs multitrajets, elle offre une excellente efficacit\u00e9 tout en r\u00e9duisant significativement le gaspillage d\u2019eau.  \u00ab Tous les mod\u00e8les disponibles, voir tarifs dans la section tarifs et remises \u00bb    &nbsp;  Demander devis Tarifs et remises\" \/>\n<meta property=\"og:url\" content=\"https:\/\/arrosagepro.com\/nl\/produit\/hunter-rotateur-mp3000-90\/\" \/>\n<meta property=\"og:site_name\" content=\"Arrosage Pro\" \/>\n<meta property=\"article:modified_time\" content=\"2025-04-21T11:35:50+00:00\" \/>\n<meta property=\"og:image\" content=\"https:\/\/arrosagepro.com\/wp-content\/uploads\/2025\/04\/MP3-90-210.jpg\" \/>\n\t<meta property=\"og:image:width\" content=\"2000\" \/>\n\t<meta property=\"og:image:height\" content=\"2000\" \/>\n\t<meta property=\"og:image:type\" content=\"image\/jpeg\" \/>\n<meta name=\"twitter:card\" content=\"summary_large_image\" \/>\n<meta name=\"twitter:label1\" content=\"Geschatte leestijd\" \/>\n\t<meta name=\"twitter:data1\" content=\"1 minuut\" \/>\n<script type=\"application\/ld+json\" class=\"yoast-schema-graph\">{\"@context\":\"https:\/\/schema.org\",\"@graph\":[{\"@type\":\"WebPage\",\"@id\":\"https:\/\/arrosagepro.com\/nl\/produit\/hunter-rotateur-mp3000-90\/\",\"url\":\"https:\/\/arrosagepro.com\/nl\/produit\/hunter-rotateur-mp3000-90\/\",\"name\":\"Hunter Rotateur MP3000-90 - Arrosage Pro\",\"isPartOf\":{\"@id\":\"https:\/\/arrosagepro.com\/nl\/#website\"},\"primaryImageOfPage\":{\"@id\":\"https:\/\/arrosagepro.com\/nl\/produit\/hunter-rotateur-mp3000-90\/#primaryimage\"},\"image\":{\"@id\":\"https:\/\/arrosagepro.com\/nl\/produit\/hunter-rotateur-mp3000-90\/#primaryimage\"},\"thumbnailUrl\":\"https:\/\/arrosagepro.com\/wp-content\/uploads\/2025\/04\/MP3-90-210.jpg\",\"datePublished\":\"2025-04-21T11:27:08+00:00\",\"dateModified\":\"2025-04-21T11:35:50+00:00\",\"breadcrumb\":{\"@id\":\"https:\/\/arrosagepro.com\/nl\/produit\/hunter-rotateur-mp3000-90\/#breadcrumb\"},\"inLanguage\":\"nl-NL\",\"potentialAction\":[{\"@type\":\"ReadAction\",\"target\":[\"https:\/\/arrosagepro.com\/nl\/produit\/hunter-rotateur-mp3000-90\/\"]}]},{\"@type\":\"ImageObject\",\"inLanguage\":\"nl-NL\",\"@id\":\"https:\/\/arrosagepro.com\/nl\/produit\/hunter-rotateur-mp3000-90\/#primaryimage\",\"url\":\"https:\/\/arrosagepro.com\/wp-content\/uploads\/2025\/04\/MP3-90-210.jpg\",\"contentUrl\":\"https:\/\/arrosagepro.com\/wp-content\/uploads\/2025\/04\/MP3-90-210.jpg\",\"width\":2000,\"height\":2000},{\"@type\":\"BreadcrumbList\",\"@id\":\"https:\/\/arrosagepro.com\/nl\/produit\/hunter-rotateur-mp3000-90\/#breadcrumb\",\"itemListElement\":[{\"@type\":\"ListItem\",\"position\":1,\"name\":\"Accueil\",\"item\":\"https:\/\/arrosagepro.com\/nl\/\"},{\"@type\":\"ListItem\",\"position\":2,\"name\":\"Produceren\",\"item\":\"https:\/\/arrosagepro.com\/nl\/produceren\/\"},{\"@type\":\"ListItem\",\"position\":3,\"name\":\"Hunter Rotateur MP3000-90\"}]},{\"@type\":\"WebSite\",\"@id\":\"https:\/\/arrosagepro.com\/nl\/#website\",\"url\":\"https:\/\/arrosagepro.com\/nl\/\",\"name\":\"Arrosage Pro\",\"description\":\"Arrosage Pro\",\"publisher\":{\"@id\":\"https:\/\/arrosagepro.com\/nl\/#organization\"},\"potentialAction\":[{\"@type\":\"SearchAction\",\"target\":{\"@type\":\"EntryPoint\",\"urlTemplate\":\"https:\/\/arrosagepro.com\/nl\/?s={search_term_string}\"},\"query-input\":{\"@type\":\"PropertyValueSpecification\",\"valueRequired\":true,\"valueName\":\"search_term_string\"}}],\"inLanguage\":\"nl-NL\"},{\"@type\":\"Organization\",\"@id\":\"https:\/\/arrosagepro.com\/nl\/#organization\",\"name\":\"Arrosage Pro\",\"url\":\"https:\/\/arrosagepro.com\/nl\/\",\"logo\":{\"@type\":\"ImageObject\",\"inLanguage\":\"nl-NL\",\"@id\":\"https:\/\/arrosagepro.com\/nl\/#\/schema\/logo\/image\/\",\"url\":\"https:\/\/arrosagepro.com\/wp-content\/uploads\/2024\/11\/cropped-favicon.png\",\"contentUrl\":\"https:\/\/arrosagepro.com\/wp-content\/uploads\/2024\/11\/cropped-favicon.png\",\"width\":512,\"height\":512,\"caption\":\"Arrosage Pro\"},\"image\":{\"@id\":\"https:\/\/arrosagepro.com\/nl\/#\/schema\/logo\/image\/\"}}]}<\/script>\n<!-- \/ Yoast SEO plugin. -->","yoast_head_json":{"title":"Hunter Rotateur MP3000-90 - Arrosage Pro","robots":{"index":"index","follow":"follow","max-snippet":"max-snippet:-1","max-image-preview":"max-image-preview:large","max-video-preview":"max-video-preview:-1"},"canonical":"https:\/\/arrosagepro.com\/nl\/produit\/hunter-rotateur-mp3000-90\/","og_locale":"nl_NL","og_type":"article","og_title":"Hunter Rotateur MP3000-90 - Arrosage Pro","og_description":"La buse MP Rotator MP3000-90 est la solution id\u00e9ale pour les grandes zones paysag\u00e8res n\u00e9cessitant une port\u00e9e \u00e9tendue et un arrosage uniforme. Gr\u00e2ce \u00e0 sa technologie de jets rotatifs multitrajets, elle offre une excellente efficacit\u00e9 tout en r\u00e9duisant significativement le gaspillage d\u2019eau.  \u00ab Tous les mod\u00e8les disponibles, voir tarifs dans la section tarifs et remises \u00bb    &nbsp;  Demander devis Tarifs et remises","og_url":"https:\/\/arrosagepro.com\/nl\/produit\/hunter-rotateur-mp3000-90\/","og_site_name":"Arrosage Pro","article_modified_time":"2025-04-21T11:35:50+00:00","og_image":[{"width":2000,"height":2000,"url":"https:\/\/arrosagepro.com\/wp-content\/uploads\/2025\/04\/MP3-90-210.jpg","type":"image\/jpeg"}],"twitter_card":"summary_large_image","twitter_misc":{"Geschatte leestijd":"1 minuut"},"schema":{"@context":"https:\/\/schema.org","@graph":[{"@type":"WebPage","@id":"https:\/\/arrosagepro.com\/nl\/produit\/hunter-rotateur-mp3000-90\/","url":"https:\/\/arrosagepro.com\/nl\/produit\/hunter-rotateur-mp3000-90\/","name":"Hunter Rotateur MP3000-90 - Arrosage Pro","isPartOf":{"@id":"https:\/\/arrosagepro.com\/nl\/#website"},"primaryImageOfPage":{"@id":"https:\/\/arrosagepro.com\/nl\/produit\/hunter-rotateur-mp3000-90\/#primaryimage"},"image":{"@id":"https:\/\/arrosagepro.com\/nl\/produit\/hunter-rotateur-mp3000-90\/#primaryimage"},"thumbnailUrl":"https:\/\/arrosagepro.com\/wp-content\/uploads\/2025\/04\/MP3-90-210.jpg","datePublished":"2025-04-21T11:27:08+00:00","dateModified":"2025-04-21T11:35:50+00:00","breadcrumb":{"@id":"https:\/\/arrosagepro.com\/nl\/produit\/hunter-rotateur-mp3000-90\/#breadcrumb"},"inLanguage":"nl-NL","potentialAction":[{"@type":"ReadAction","target":["https:\/\/arrosagepro.com\/nl\/produit\/hunter-rotateur-mp3000-90\/"]}]},{"@type":"ImageObject","inLanguage":"nl-NL","@id":"https:\/\/arrosagepro.com\/nl\/produit\/hunter-rotateur-mp3000-90\/#primaryimage","url":"https:\/\/arrosagepro.com\/wp-content\/uploads\/2025\/04\/MP3-90-210.jpg","contentUrl":"https:\/\/arrosagepro.com\/wp-content\/uploads\/2025\/04\/MP3-90-210.jpg","width":2000,"height":2000},{"@type":"BreadcrumbList","@id":"https:\/\/arrosagepro.com\/nl\/produit\/hunter-rotateur-mp3000-90\/#breadcrumb","itemListElement":[{"@type":"ListItem","position":1,"name":"Accueil","item":"https:\/\/arrosagepro.com\/nl\/"},{"@type":"ListItem","position":2,"name":"Produceren","item":"https:\/\/arrosagepro.com\/nl\/produceren\/"},{"@type":"ListItem","position":3,"name":"Hunter Rotateur MP3000-90"}]},{"@type":"WebSite","@id":"https:\/\/arrosagepro.com\/nl\/#website","url":"https:\/\/arrosagepro.com\/nl\/","name":"Arrosage Pro","description":"Arrosage Pro","publisher":{"@id":"https:\/\/arrosagepro.com\/nl\/#organization"},"potentialAction":[{"@type":"SearchAction","target":{"@type":"EntryPoint","urlTemplate":"https:\/\/arrosagepro.com\/nl\/?s={search_term_string}"},"query-input":{"@type":"PropertyValueSpecification","valueRequired":true,"valueName":"search_term_string"}}],"inLanguage":"nl-NL"},{"@type":"Organization","@id":"https:\/\/arrosagepro.com\/nl\/#organization","name":"Arrosage Pro","url":"https:\/\/arrosagepro.com\/nl\/","logo":{"@type":"ImageObject","inLanguage":"nl-NL","@id":"https:\/\/arrosagepro.com\/nl\/#\/schema\/logo\/image\/","url":"https:\/\/arrosagepro.com\/wp-content\/uploads\/2024\/11\/cropped-favicon.png","contentUrl":"https:\/\/arrosagepro.com\/wp-content\/uploads\/2024\/11\/cropped-favicon.png","width":512,"height":512,"caption":"Arrosage Pro"},"image":{"@id":"https:\/\/arrosagepro.com\/nl\/#\/schema\/logo\/image\/"}}]}},"_links":{"self":[{"href":"https:\/\/arrosagepro.com\/nl\/wp-json\/wp\/v2\/product\/2308","targetHints":{"allow":["GET"]}}],"collection":[{"href":"https:\/\/arrosagepro.com\/nl\/wp-json\/wp\/v2\/product"}],"about":[{"href":"https:\/\/arrosagepro.com\/nl\/wp-json\/wp\/v2\/types\/product"}],"version-history":[{"count":1,"href":"https:\/\/arrosagepro.com\/nl\/wp-json\/wp\/v2\/product\/2308\/revisions"}],"predecessor-version":[{"id":2310,"href":"https:\/\/arrosagepro.com\/nl\/wp-json\/wp\/v2\/product\/2308\/revisions\/2310"}],"wp:featuredmedia":[{"embeddable":true,"href":"https:\/\/arrosagepro.com\/nl\/wp-json\/wp\/v2\/media\/2311"}],"wp:attachment":[{"href":"https:\/\/arrosagepro.com\/nl\/wp-json\/wp\/v2\/media?parent=2308"}],"wp:term":[{"taxonomy":"product_brand","embeddable":true,"href":"https:\/\/arrosagepro.com\/nl\/wp-json\/wp\/v2\/product_brand?post=2308"},{"taxonomy":"product_cat","embeddable":true,"href":"https:\/\/arrosagepro.com\/nl\/wp-json\/wp\/v2\/product_cat?post=2308"},{"taxonomy":"product_tag","embeddable":true,"href":"https:\/\/arrosagepro.com\/nl\/wp-json\/wp\/v2\/product_tag?post=2308"}],"curies":[{"name":"wp","href":"https:\/\/api.w.org\/{rel}","templated":true}]}}