{"id":4211,"date":"2024-12-09T09:07:43","date_gmt":"2024-12-09T09:07:43","guid":{"rendered":"https:\/\/arrosagepro.com\/produit\/jager-x2\/"},"modified":"2024-12-09T09:07:43","modified_gmt":"2024-12-09T09:07:43","slug":"jager-x2","status":"publish","type":"product","link":"https:\/\/arrosagepro.com\/nl\/produit\/jager-x2\/","title":{"rendered":"Jager X2"},"content":{"rendered":"<p><strong>Belangrijkste kenmerken:<\/strong><\/p>\n<ul>\n<li>Capaciteit voor 4 tot 14 zones: De X2-controller is verkrijgbaar in modellen met 4, 6, 8 of 14 zones en maakt een nauwkeurig en onafhankelijk beheer van elke zone mogelijk, aangepast aan de specifieke behoeften van tuinen of aangelegde gebieden.<\/li>\n<li>Compatibiliteit met Wi-Fi WAND-module: De X2 kan worden omgevormd tot een slimme controller door de WAND-module toe te voegen, waardoor bediening op afstand mogelijk is via de Hydrawise-app, voor modern, verbonden beheer.<\/li>\n<li>Beheer op basis van het weer: Indien uitgerust met de WAND-module, past de controller automatisch de bewateringsschema&#8217;s aan op basis van lokale weersomstandigheden om water te besparen met behoud van gezonde landschappen.<\/li>\n<li>Robuuste buitenbehuizing: Ontworpen om bestand te zijn tegen weersomstandigheden buiten, de behuizing is robuust en duurzaam en zorgt voor een betrouwbare werking, zelfs in veeleisende omgevingen.<\/li>\n<li>Eenvoudige LCD-scherminterface: het display met achtergrondverlichting en de ergonomische knoppen zorgen voor eenvoudige navigatie om bewateringsschema&#8217;s in te stellen en te beheren, zelfs zonder Wi-Fi-verbinding.<\/li>\n<li>Niet-vluchtig geheugen en stroomback-up: In het geval van een stroomstoring bewaart de X2 geprogrammeerde gegevens, zodat het water wordt gegeven zonder dat opnieuw hoeft te worden geconfigureerd.<\/li>\n<li>Compatibel met Hunter-sensoren: Bevat regen-, vorst- of vochtsensoren om de effici\u00ebntie te verbeteren en onnodig water geven in ongunstige omstandigheden te voorkomen.<br \/>\nDe <strong>Hunter X2<\/strong> is een schaalbare oplossing die zich aanpast aan de behoeften van de gebruiker en flexibiliteit, waterbesparing en intu\u00eftief beheer biedt.<\/li>\n<\/ul>\n","protected":false},"excerpt":{"rendered":"<p><span style=\"font-weight: 400;\">De <\/span><b>jager X2<\/b><span style=\"font-weight: 400;\">  is een irrigatiecontroller van de volgende generatie, ontworpen voor kleine tot middelgrote residenti\u00eble en commerci\u00eble installaties. Veelzijdig en effici\u00ebnt, het kan binnen of buiten worden gebruikt dankzij de robuuste behuizing. Met de mogelijkheid om de Wi-Fi WAND-module toe te voegen, wordt het een slimme controller, die beheer op afstand mogelijk maakt via de Hydrawise-app. De X2 is ideaal voor wie op zoek is naar een betrouwbaar, aanpasbaar en kosteneffectief irrigatiesysteem.   <\/span><\/p>\n<p><img decoding=\"async\" class=\"alignnone size-medium wp-image-285\" src=\"\/wp-content\/uploads\/2024\/11\/Hunter-logo.png\" alt=\"\" width=\"300\" height=\"71\"><\/p>\n<p>&nbsp;<\/p>\n<p><a class=\"btnProdDevis\" href=\"https:\/\/arrosagepro.com\/nl\/vraag-een-offerte-aan\/\">Vraag een offerte aan<\/a> <a class=\"btnProdTarifs\" href=\"https:\/\/arrosagepro.com\/nl\/tarieven-en-kortingen\/jager\/\">Tarieven en kortingen<\/a><\/p>\n","protected":false},"featured_media":2803,"template":"","meta":{"_acf_changed":false,"_links_to":"","_links_to_target":""},"product_brand":[],"product_cat":[184],"product_tag":[],"class_list":{"0":"post-4211","1":"product","2":"type-product","3":"status-publish","4":"has-post-thumbnail","6":"product_cat-programmeurs","8":"first","9":"instock","10":"sale","11":"taxable","12":"shipping-taxable","13":"product-type-variable"},"acf":[],"yoast_head":"<!-- This site is optimized with the Yoast SEO plugin v26.8 - https:\/\/yoast.com\/product\/yoast-seo-wordpress\/ -->\n<title>Jager X2 - Arrosage Pro<\/title>\n<meta name=\"robots\" content=\"index, follow, max-snippet:-1, max-image-preview:large, max-video-preview:-1\" \/>\n<link rel=\"canonical\" href=\"https:\/\/arrosagepro.com\/nl\/produit\/jager-x2\/\" \/>\n<meta property=\"og:locale\" content=\"nl_NL\" \/>\n<meta property=\"og:type\" content=\"article\" \/>\n<meta property=\"og:title\" content=\"Jager X2 - Arrosage Pro\" \/>\n<meta property=\"og:description\" content=\"De jager X2 is een irrigatiecontroller van de volgende generatie, ontworpen voor kleine tot middelgrote residenti\u00eble en commerci\u00eble installaties. Veelzijdig en effici\u00ebnt, het kan binnen of buiten worden gebruikt dankzij de robuuste behuizing. Met de mogelijkheid om de Wi-Fi WAND-module toe te voegen, wordt het een slimme controller, die beheer op afstand mogelijk maakt via de Hydrawise-app. De X2 is ideaal voor wie op zoek is naar een betrouwbaar, aanpasbaar en kosteneffectief irrigatiesysteem.    &nbsp; Vraag een offerte aan Tarieven en kortingen\" \/>\n<meta property=\"og:url\" content=\"https:\/\/arrosagepro.com\/nl\/produit\/jager-x2\/\" \/>\n<meta property=\"og:site_name\" content=\"Arrosage Pro\" \/>\n<meta property=\"og:image\" content=\"https:\/\/arrosagepro.com\/wp-content\/uploads\/2024\/12\/hunter-x2-stations.jpg\" \/>\n\t<meta property=\"og:image:width\" content=\"516\" \/>\n\t<meta property=\"og:image:height\" content=\"516\" \/>\n\t<meta property=\"og:image:type\" content=\"image\/jpeg\" \/>\n<meta name=\"twitter:card\" content=\"summary_large_image\" \/>\n<meta name=\"twitter:label1\" content=\"Geschatte leestijd\" \/>\n\t<meta name=\"twitter:data1\" content=\"1 minuut\" \/>\n<script type=\"application\/ld+json\" class=\"yoast-schema-graph\">{\"@context\":\"https:\/\/schema.org\",\"@graph\":[{\"@type\":\"WebPage\",\"@id\":\"https:\/\/arrosagepro.com\/nl\/produit\/jager-x2\/\",\"url\":\"https:\/\/arrosagepro.com\/nl\/produit\/jager-x2\/\",\"name\":\"Jager X2 - Arrosage Pro\",\"isPartOf\":{\"@id\":\"https:\/\/arrosagepro.com\/nl\/#website\"},\"primaryImageOfPage\":{\"@id\":\"https:\/\/arrosagepro.com\/nl\/produit\/jager-x2\/#primaryimage\"},\"image\":{\"@id\":\"https:\/\/arrosagepro.com\/nl\/produit\/jager-x2\/#primaryimage\"},\"thumbnailUrl\":\"https:\/\/arrosagepro.com\/wp-content\/uploads\/2024\/12\/hunter-x2-stations.jpg\",\"datePublished\":\"2024-12-09T09:07:43+00:00\",\"breadcrumb\":{\"@id\":\"https:\/\/arrosagepro.com\/nl\/produit\/jager-x2\/#breadcrumb\"},\"inLanguage\":\"nl-NL\",\"potentialAction\":[{\"@type\":\"ReadAction\",\"target\":[\"https:\/\/arrosagepro.com\/nl\/produit\/jager-x2\/\"]}]},{\"@type\":\"ImageObject\",\"inLanguage\":\"nl-NL\",\"@id\":\"https:\/\/arrosagepro.com\/nl\/produit\/jager-x2\/#primaryimage\",\"url\":\"https:\/\/arrosagepro.com\/wp-content\/uploads\/2024\/12\/hunter-x2-stations.jpg\",\"contentUrl\":\"https:\/\/arrosagepro.com\/wp-content\/uploads\/2024\/12\/hunter-x2-stations.jpg\",\"width\":516,\"height\":516},{\"@type\":\"BreadcrumbList\",\"@id\":\"https:\/\/arrosagepro.com\/nl\/produit\/jager-x2\/#breadcrumb\",\"itemListElement\":[{\"@type\":\"ListItem\",\"position\":1,\"name\":\"Accueil\",\"item\":\"https:\/\/arrosagepro.com\/nl\/\"},{\"@type\":\"ListItem\",\"position\":2,\"name\":\"Produceren\",\"item\":\"https:\/\/arrosagepro.com\/nl\/produceren\/\"},{\"@type\":\"ListItem\",\"position\":3,\"name\":\"Jager X2\"}]},{\"@type\":\"WebSite\",\"@id\":\"https:\/\/arrosagepro.com\/nl\/#website\",\"url\":\"https:\/\/arrosagepro.com\/nl\/\",\"name\":\"Arrosage Pro\",\"description\":\"Arrosage Pro\",\"publisher\":{\"@id\":\"https:\/\/arrosagepro.com\/nl\/#organization\"},\"potentialAction\":[{\"@type\":\"SearchAction\",\"target\":{\"@type\":\"EntryPoint\",\"urlTemplate\":\"https:\/\/arrosagepro.com\/nl\/?s={search_term_string}\"},\"query-input\":{\"@type\":\"PropertyValueSpecification\",\"valueRequired\":true,\"valueName\":\"search_term_string\"}}],\"inLanguage\":\"nl-NL\"},{\"@type\":\"Organization\",\"@id\":\"https:\/\/arrosagepro.com\/nl\/#organization\",\"name\":\"Arrosage Pro\",\"url\":\"https:\/\/arrosagepro.com\/nl\/\",\"logo\":{\"@type\":\"ImageObject\",\"inLanguage\":\"nl-NL\",\"@id\":\"https:\/\/arrosagepro.com\/nl\/#\/schema\/logo\/image\/\",\"url\":\"https:\/\/arrosagepro.com\/wp-content\/uploads\/2024\/11\/cropped-favicon.png\",\"contentUrl\":\"https:\/\/arrosagepro.com\/wp-content\/uploads\/2024\/11\/cropped-favicon.png\",\"width\":512,\"height\":512,\"caption\":\"Arrosage Pro\"},\"image\":{\"@id\":\"https:\/\/arrosagepro.com\/nl\/#\/schema\/logo\/image\/\"}}]}<\/script>\n<!-- \/ Yoast SEO plugin. -->","yoast_head_json":{"title":"Jager X2 - Arrosage Pro","robots":{"index":"index","follow":"follow","max-snippet":"max-snippet:-1","max-image-preview":"max-image-preview:large","max-video-preview":"max-video-preview:-1"},"canonical":"https:\/\/arrosagepro.com\/nl\/produit\/jager-x2\/","og_locale":"nl_NL","og_type":"article","og_title":"Jager X2 - Arrosage Pro","og_description":"De jager X2 is een irrigatiecontroller van de volgende generatie, ontworpen voor kleine tot middelgrote residenti\u00eble en commerci\u00eble installaties. Veelzijdig en effici\u00ebnt, het kan binnen of buiten worden gebruikt dankzij de robuuste behuizing. Met de mogelijkheid om de Wi-Fi WAND-module toe te voegen, wordt het een slimme controller, die beheer op afstand mogelijk maakt via de Hydrawise-app. De X2 is ideaal voor wie op zoek is naar een betrouwbaar, aanpasbaar en kosteneffectief irrigatiesysteem.    &nbsp; Vraag een offerte aan Tarieven en kortingen","og_url":"https:\/\/arrosagepro.com\/nl\/produit\/jager-x2\/","og_site_name":"Arrosage Pro","og_image":[{"width":516,"height":516,"url":"https:\/\/arrosagepro.com\/wp-content\/uploads\/2024\/12\/hunter-x2-stations.jpg","type":"image\/jpeg"}],"twitter_card":"summary_large_image","twitter_misc":{"Geschatte leestijd":"1 minuut"},"schema":{"@context":"https:\/\/schema.org","@graph":[{"@type":"WebPage","@id":"https:\/\/arrosagepro.com\/nl\/produit\/jager-x2\/","url":"https:\/\/arrosagepro.com\/nl\/produit\/jager-x2\/","name":"Jager X2 - Arrosage Pro","isPartOf":{"@id":"https:\/\/arrosagepro.com\/nl\/#website"},"primaryImageOfPage":{"@id":"https:\/\/arrosagepro.com\/nl\/produit\/jager-x2\/#primaryimage"},"image":{"@id":"https:\/\/arrosagepro.com\/nl\/produit\/jager-x2\/#primaryimage"},"thumbnailUrl":"https:\/\/arrosagepro.com\/wp-content\/uploads\/2024\/12\/hunter-x2-stations.jpg","datePublished":"2024-12-09T09:07:43+00:00","breadcrumb":{"@id":"https:\/\/arrosagepro.com\/nl\/produit\/jager-x2\/#breadcrumb"},"inLanguage":"nl-NL","potentialAction":[{"@type":"ReadAction","target":["https:\/\/arrosagepro.com\/nl\/produit\/jager-x2\/"]}]},{"@type":"ImageObject","inLanguage":"nl-NL","@id":"https:\/\/arrosagepro.com\/nl\/produit\/jager-x2\/#primaryimage","url":"https:\/\/arrosagepro.com\/wp-content\/uploads\/2024\/12\/hunter-x2-stations.jpg","contentUrl":"https:\/\/arrosagepro.com\/wp-content\/uploads\/2024\/12\/hunter-x2-stations.jpg","width":516,"height":516},{"@type":"BreadcrumbList","@id":"https:\/\/arrosagepro.com\/nl\/produit\/jager-x2\/#breadcrumb","itemListElement":[{"@type":"ListItem","position":1,"name":"Accueil","item":"https:\/\/arrosagepro.com\/nl\/"},{"@type":"ListItem","position":2,"name":"Produceren","item":"https:\/\/arrosagepro.com\/nl\/produceren\/"},{"@type":"ListItem","position":3,"name":"Jager X2"}]},{"@type":"WebSite","@id":"https:\/\/arrosagepro.com\/nl\/#website","url":"https:\/\/arrosagepro.com\/nl\/","name":"Arrosage Pro","description":"Arrosage Pro","publisher":{"@id":"https:\/\/arrosagepro.com\/nl\/#organization"},"potentialAction":[{"@type":"SearchAction","target":{"@type":"EntryPoint","urlTemplate":"https:\/\/arrosagepro.com\/nl\/?s={search_term_string}"},"query-input":{"@type":"PropertyValueSpecification","valueRequired":true,"valueName":"search_term_string"}}],"inLanguage":"nl-NL"},{"@type":"Organization","@id":"https:\/\/arrosagepro.com\/nl\/#organization","name":"Arrosage Pro","url":"https:\/\/arrosagepro.com\/nl\/","logo":{"@type":"ImageObject","inLanguage":"nl-NL","@id":"https:\/\/arrosagepro.com\/nl\/#\/schema\/logo\/image\/","url":"https:\/\/arrosagepro.com\/wp-content\/uploads\/2024\/11\/cropped-favicon.png","contentUrl":"https:\/\/arrosagepro.com\/wp-content\/uploads\/2024\/11\/cropped-favicon.png","width":512,"height":512,"caption":"Arrosage Pro"},"image":{"@id":"https:\/\/arrosagepro.com\/nl\/#\/schema\/logo\/image\/"}}]}},"_links":{"self":[{"href":"https:\/\/arrosagepro.com\/nl\/wp-json\/wp\/v2\/product\/4211","targetHints":{"allow":["GET"]}}],"collection":[{"href":"https:\/\/arrosagepro.com\/nl\/wp-json\/wp\/v2\/product"}],"about":[{"href":"https:\/\/arrosagepro.com\/nl\/wp-json\/wp\/v2\/types\/product"}],"version-history":[{"count":0,"href":"https:\/\/arrosagepro.com\/nl\/wp-json\/wp\/v2\/product\/4211\/revisions"}],"wp:featuredmedia":[{"embeddable":true,"href":"https:\/\/arrosagepro.com\/nl\/wp-json\/wp\/v2\/media\/2803"}],"wp:attachment":[{"href":"https:\/\/arrosagepro.com\/nl\/wp-json\/wp\/v2\/media?parent=4211"}],"wp:term":[{"taxonomy":"product_brand","embeddable":true,"href":"https:\/\/arrosagepro.com\/nl\/wp-json\/wp\/v2\/product_brand?post=4211"},{"taxonomy":"product_cat","embeddable":true,"href":"https:\/\/arrosagepro.com\/nl\/wp-json\/wp\/v2\/product_cat?post=4211"},{"taxonomy":"product_tag","embeddable":true,"href":"https:\/\/arrosagepro.com\/nl\/wp-json\/wp\/v2\/product_tag?post=4211"}],"curies":[{"name":"wp","href":"https:\/\/api.w.org\/{rel}","templated":true}]}}