{"id":5059,"date":"2025-02-08T13:12:03","date_gmt":"2025-02-08T13:12:03","guid":{"rendered":"https:\/\/arrosagepro.com\/produit\/rain-bird-esp-9v-programmeur-1-2-4-6-stations\/"},"modified":"2025-02-08T13:12:03","modified_gmt":"2025-02-08T13:12:03","slug":"rain-bird-esp-9v-programmeur-1-2-4-6-stations","status":"publish","type":"product","link":"https:\/\/arrosagepro.com\/nl\/produit\/rain-bird-esp-9v-programmeur-1-2-4-6-stations\/","title":{"rendered":"Rain Bird ESP-9V-programmeur (1-2-4-6 stations)"},"content":{"rendered":"<p><strong>Belangrijkste kenmerken:<\/strong><\/p>\n<ul>\n<li><strong>IP68-gecertificeerde waterdichte behuizing:<\/strong> biedt optimale bescherming tegen stof, vuil en water, waardoor een veilige installatie mogelijk is, zelfs in klepputten.<\/li>\n<li><strong>Langere batterijduur<\/strong>: Werkt op \u00e9\u00e9n of twee 9-volt alkalinebatterijen. Met \u00e9\u00e9n batterij gaat het apparaat minimaal een jaar mee en met twee batterijen maximaal twee jaar, zelfs onder zware omstandigheden.<\/li>\n<li><strong>Intu\u00eftieve programmering:<\/strong> het grote, gebruiksvriendelijke LCD-scherm combineert alle programmeerfuncties in \u00e9\u00e9n interface, waardoor u de bewatering eenvoudig kunt instellen en beheren.<\/li>\n<li><strong>Flexibiliteit in programmering:<\/strong> Biedt maximaal 6 starttijden per zone, met instelbare bewateringsduren van 1 minuut tot 12 uur en 4 opties voor bewateringsdagen per zone (aangepaste weekdagen, cyclisch, oneven dagen en even dagen).<\/li>\n<li><strong>Contractor Rapid Programming\u2122-functie<\/strong>: kopieert automatisch de starttijden en bewateringsdagen van Zone 1 naar alle andere zones tijdens de eerste installatie, waardoor de configuratie wordt vereenvoudigd.<\/li>\n<li><strong>Sensorcompatibiliteit:<\/strong> Voorzien van een sonde-ingang met bypass-optie, waardoor u regen- of vochtigheidssensoren kunt aansluiten om het waterverbruik te optimaliseren.\n<div class=\"relative inline-flex items-center\"><\/div>\n<div class=\"relative inline-flex items-center\"><\/div>\n<div class=\"relative inline-flex items-center\"><\/div>\n<div class=\"relative inline-flex items-center\"><\/div>\n<div class=\"relative inline-flex items-center\"><\/div>\n<div class=\"relative inline-flex items-center\"><\/div>\n<div class=\"relative inline-flex items-center\"><\/div>\n<div class=\"relative inline-flex items-center\"><\/div>\n<div class=\"relative inline-flex items-center\"><\/div>\n<\/li>\n<\/ul>\n","protected":false},"excerpt":{"rendered":"<p>De <strong>Rain Bird ESP-9V<\/strong> is een op batterijen werkende sproeiercontroller die is ontworpen voor systemen die een betrouwbaar irrigatiebeheer zonder elektriciteit nodig hebben. Verkrijgbaar in uitvoeringen met <strong>1, 2, 4 of 6 stations,<\/strong> geschikt voor kleine residenti\u00eble en commerci\u00eble installaties en zorgt voor een effici\u00ebnte irrigatieregeling, zelfs in moeilijke omgevingen. <strong>Dankzij de IP68-gecertificeerde<\/strong> behuizing is het apparaat bestand tegen water en stof, waardoor het ideaal is voor installatie in klepputten of andere locaties die blootgesteld zijn aan de elementen.  <\/p>\n<p>Dankzij <strong>de eenvoudige en intu\u00eftieve<\/strong> interface met het grote LCD-scherm kunt u de bewatering eenvoudig programmeren <strong> met maximale flexibiliteit.<\/strong> Elk station kan onafhankelijk worden geconfigureerd met maximaal 6 starts per dag, instelbare bewateringsduur van <strong>1 minuut tot 12 uur en meerdere<\/strong> programmeermodi (specifieke dagen, even\/oneven dagen of aangepaste cycli). De ESP-9V is uitgerust met de <strong>Contractor Rapid Programming\u2122-<\/strong>functionaliteit, die de configuratie vereenvoudigt door automatisch instellingen van het eerste station naar de andere te kopi\u00ebren, waardoor de installatietijd wordt verkort. <strong>Doordat het apparaat op \u00e9\u00e9n <\/strong> of twee 9V-batterijen werkt, is de autonomie tot wel twee jaar gegarandeerd. <strong>Hierdoor is een<\/strong> continue werking zonder frequent onderhoud gegarandeerd.   <\/p>\n<p>Deze programmeur is niet alleen eenvoudig te gebruiken, maar is ook <strong>compatibel met regen- en<\/strong> vochtigheidssensoren. Zo kunt u het waterverbruik optimaliseren door de besproeiing te onderbreken bij slecht weer. Dankzij het robuuste ontwerp en de geavanceerde functies is de <strong>Rain Bird ESP-9V een ideale oplossing voor slimme, energiezuinige irrigatie.<\/strong> <\/p>\n<p><img decoding=\"async\" class=\"alignnone size-medium wp-image-285\" src=\"\/wp-content\/uploads\/2024\/12\/rainbird-logo.png\" alt=\"\" width=\"300\" height=\"71\"><\/p>\n<p>&nbsp;<\/p>\n<p><a class=\"btnProdDevis\" href=\"https:\/\/arrosagepro.com\/nl\/vraag-een-offerte-aan\/\">Vraag een offerte aan<\/a> <a class=\"btnProdTarifs\" href=\"https:\/\/arrosagepro.com\/nl\/tarieven-en-kortingen\/de-vogel-van-de-regen\/\">Tarieven en kortingen<\/a><\/p>\n","protected":false},"featured_media":3648,"template":"","meta":{"_acf_changed":false,"_links_to":"","_links_to_target":""},"product_brand":[],"product_cat":[184],"product_tag":[],"class_list":{"0":"post-5059","1":"product","2":"type-product","3":"status-publish","4":"has-post-thumbnail","6":"product_cat-programmeurs","8":"first","9":"instock","10":"sale","11":"taxable","12":"shipping-taxable","13":"product-type-variable"},"acf":[],"yoast_head":"<!-- This site is optimized with the Yoast SEO plugin v26.8 - https:\/\/yoast.com\/product\/yoast-seo-wordpress\/ -->\n<title>Rain Bird ESP-9V-programmeur (1-2-4-6 stations) - Arrosage Pro<\/title>\n<meta name=\"robots\" content=\"index, follow, max-snippet:-1, max-image-preview:large, max-video-preview:-1\" \/>\n<link rel=\"canonical\" href=\"https:\/\/arrosagepro.com\/nl\/produit\/rain-bird-esp-9v-programmeur-1-2-4-6-stations\/\" \/>\n<meta property=\"og:locale\" content=\"nl_NL\" \/>\n<meta property=\"og:type\" content=\"article\" \/>\n<meta property=\"og:title\" content=\"Rain Bird ESP-9V-programmeur (1-2-4-6 stations) - Arrosage Pro\" \/>\n<meta property=\"og:description\" content=\"De Rain Bird ESP-9V is een op batterijen werkende sproeiercontroller die is ontworpen voor systemen die een betrouwbaar irrigatiebeheer zonder elektriciteit nodig hebben. Verkrijgbaar in uitvoeringen met 1, 2, 4 of 6 stations, geschikt voor kleine residenti\u00eble en commerci\u00eble installaties en zorgt voor een effici\u00ebnte irrigatieregeling, zelfs in moeilijke omgevingen. Dankzij de IP68-gecertificeerde behuizing is het apparaat bestand tegen water en stof, waardoor het ideaal is voor installatie in klepputten of andere locaties die blootgesteld zijn aan de elementen.  Dankzij de eenvoudige en intu\u00eftieve interface met het grote LCD-scherm kunt u de bewatering eenvoudig programmeren met maximale flexibiliteit. Elk station kan onafhankelijk worden geconfigureerd met maximaal 6 starts per dag, instelbare bewateringsduur van 1 minuut tot 12 uur en meerdere programmeermodi (specifieke dagen, even\/oneven dagen of aangepaste cycli). De ESP-9V is uitgerust met de Contractor Rapid Programming\u2122-functionaliteit, die de configuratie vereenvoudigt door automatisch instellingen van het eerste station naar de andere te kopi\u00ebren, waardoor de installatietijd wordt verkort. Doordat het apparaat op \u00e9\u00e9n of twee 9V-batterijen werkt, is de autonomie tot wel twee jaar gegarandeerd. Hierdoor is een continue werking zonder frequent onderhoud gegarandeerd.   Deze programmeur is niet alleen eenvoudig te gebruiken, maar is ook compatibel met regen- en vochtigheidssensoren. Zo kunt u het waterverbruik optimaliseren door de besproeiing te onderbreken bij slecht weer. Dankzij het robuuste ontwerp en de geavanceerde functies is de Rain Bird ESP-9V een ideale oplossing voor slimme, energiezuinige irrigatie.   &nbsp; Vraag een offerte aan Tarieven en kortingen\" \/>\n<meta property=\"og:url\" content=\"https:\/\/arrosagepro.com\/nl\/produit\/rain-bird-esp-9v-programmeur-1-2-4-6-stations\/\" \/>\n<meta property=\"og:site_name\" content=\"Arrosage Pro\" \/>\n<meta property=\"og:image\" content=\"https:\/\/arrosagepro.com\/wp-content\/uploads\/2025\/02\/41uu07uoEaL._AC_.png\" \/>\n\t<meta property=\"og:image:width\" content=\"1000\" \/>\n\t<meta property=\"og:image:height\" content=\"1000\" \/>\n\t<meta property=\"og:image:type\" content=\"image\/png\" \/>\n<meta name=\"twitter:card\" content=\"summary_large_image\" \/>\n<meta name=\"twitter:label1\" content=\"Geschatte leestijd\" \/>\n\t<meta name=\"twitter:data1\" content=\"1 minuut\" \/>\n<script type=\"application\/ld+json\" class=\"yoast-schema-graph\">{\"@context\":\"https:\/\/schema.org\",\"@graph\":[{\"@type\":\"WebPage\",\"@id\":\"https:\/\/arrosagepro.com\/nl\/produit\/rain-bird-esp-9v-programmeur-1-2-4-6-stations\/\",\"url\":\"https:\/\/arrosagepro.com\/nl\/produit\/rain-bird-esp-9v-programmeur-1-2-4-6-stations\/\",\"name\":\"Rain Bird ESP-9V-programmeur (1-2-4-6 stations) - Arrosage Pro\",\"isPartOf\":{\"@id\":\"https:\/\/arrosagepro.com\/nl\/#website\"},\"primaryImageOfPage\":{\"@id\":\"https:\/\/arrosagepro.com\/nl\/produit\/rain-bird-esp-9v-programmeur-1-2-4-6-stations\/#primaryimage\"},\"image\":{\"@id\":\"https:\/\/arrosagepro.com\/nl\/produit\/rain-bird-esp-9v-programmeur-1-2-4-6-stations\/#primaryimage\"},\"thumbnailUrl\":\"https:\/\/arrosagepro.com\/wp-content\/uploads\/2025\/02\/41uu07uoEaL._AC_.png\",\"datePublished\":\"2025-02-08T13:12:03+00:00\",\"breadcrumb\":{\"@id\":\"https:\/\/arrosagepro.com\/nl\/produit\/rain-bird-esp-9v-programmeur-1-2-4-6-stations\/#breadcrumb\"},\"inLanguage\":\"nl-NL\",\"potentialAction\":[{\"@type\":\"ReadAction\",\"target\":[\"https:\/\/arrosagepro.com\/nl\/produit\/rain-bird-esp-9v-programmeur-1-2-4-6-stations\/\"]}]},{\"@type\":\"ImageObject\",\"inLanguage\":\"nl-NL\",\"@id\":\"https:\/\/arrosagepro.com\/nl\/produit\/rain-bird-esp-9v-programmeur-1-2-4-6-stations\/#primaryimage\",\"url\":\"https:\/\/arrosagepro.com\/wp-content\/uploads\/2025\/02\/41uu07uoEaL._AC_.png\",\"contentUrl\":\"https:\/\/arrosagepro.com\/wp-content\/uploads\/2025\/02\/41uu07uoEaL._AC_.png\",\"width\":1000,\"height\":1000},{\"@type\":\"BreadcrumbList\",\"@id\":\"https:\/\/arrosagepro.com\/nl\/produit\/rain-bird-esp-9v-programmeur-1-2-4-6-stations\/#breadcrumb\",\"itemListElement\":[{\"@type\":\"ListItem\",\"position\":1,\"name\":\"Accueil\",\"item\":\"https:\/\/arrosagepro.com\/nl\/\"},{\"@type\":\"ListItem\",\"position\":2,\"name\":\"Produceren\",\"item\":\"https:\/\/arrosagepro.com\/nl\/produceren\/\"},{\"@type\":\"ListItem\",\"position\":3,\"name\":\"Rain Bird ESP-9V-programmeur (1-2-4-6 stations)\"}]},{\"@type\":\"WebSite\",\"@id\":\"https:\/\/arrosagepro.com\/nl\/#website\",\"url\":\"https:\/\/arrosagepro.com\/nl\/\",\"name\":\"Arrosage Pro\",\"description\":\"Arrosage Pro\",\"publisher\":{\"@id\":\"https:\/\/arrosagepro.com\/nl\/#organization\"},\"potentialAction\":[{\"@type\":\"SearchAction\",\"target\":{\"@type\":\"EntryPoint\",\"urlTemplate\":\"https:\/\/arrosagepro.com\/nl\/?s={search_term_string}\"},\"query-input\":{\"@type\":\"PropertyValueSpecification\",\"valueRequired\":true,\"valueName\":\"search_term_string\"}}],\"inLanguage\":\"nl-NL\"},{\"@type\":\"Organization\",\"@id\":\"https:\/\/arrosagepro.com\/nl\/#organization\",\"name\":\"Arrosage Pro\",\"url\":\"https:\/\/arrosagepro.com\/nl\/\",\"logo\":{\"@type\":\"ImageObject\",\"inLanguage\":\"nl-NL\",\"@id\":\"https:\/\/arrosagepro.com\/nl\/#\/schema\/logo\/image\/\",\"url\":\"https:\/\/arrosagepro.com\/wp-content\/uploads\/2024\/11\/cropped-favicon.png\",\"contentUrl\":\"https:\/\/arrosagepro.com\/wp-content\/uploads\/2024\/11\/cropped-favicon.png\",\"width\":512,\"height\":512,\"caption\":\"Arrosage Pro\"},\"image\":{\"@id\":\"https:\/\/arrosagepro.com\/nl\/#\/schema\/logo\/image\/\"}}]}<\/script>\n<!-- \/ Yoast SEO plugin. -->","yoast_head_json":{"title":"Rain Bird ESP-9V-programmeur (1-2-4-6 stations) - Arrosage Pro","robots":{"index":"index","follow":"follow","max-snippet":"max-snippet:-1","max-image-preview":"max-image-preview:large","max-video-preview":"max-video-preview:-1"},"canonical":"https:\/\/arrosagepro.com\/nl\/produit\/rain-bird-esp-9v-programmeur-1-2-4-6-stations\/","og_locale":"nl_NL","og_type":"article","og_title":"Rain Bird ESP-9V-programmeur (1-2-4-6 stations) - Arrosage Pro","og_description":"De Rain Bird ESP-9V is een op batterijen werkende sproeiercontroller die is ontworpen voor systemen die een betrouwbaar irrigatiebeheer zonder elektriciteit nodig hebben. Verkrijgbaar in uitvoeringen met 1, 2, 4 of 6 stations, geschikt voor kleine residenti\u00eble en commerci\u00eble installaties en zorgt voor een effici\u00ebnte irrigatieregeling, zelfs in moeilijke omgevingen. Dankzij de IP68-gecertificeerde behuizing is het apparaat bestand tegen water en stof, waardoor het ideaal is voor installatie in klepputten of andere locaties die blootgesteld zijn aan de elementen.  Dankzij de eenvoudige en intu\u00eftieve interface met het grote LCD-scherm kunt u de bewatering eenvoudig programmeren met maximale flexibiliteit. Elk station kan onafhankelijk worden geconfigureerd met maximaal 6 starts per dag, instelbare bewateringsduur van 1 minuut tot 12 uur en meerdere programmeermodi (specifieke dagen, even\/oneven dagen of aangepaste cycli). De ESP-9V is uitgerust met de Contractor Rapid Programming\u2122-functionaliteit, die de configuratie vereenvoudigt door automatisch instellingen van het eerste station naar de andere te kopi\u00ebren, waardoor de installatietijd wordt verkort. Doordat het apparaat op \u00e9\u00e9n of twee 9V-batterijen werkt, is de autonomie tot wel twee jaar gegarandeerd. Hierdoor is een continue werking zonder frequent onderhoud gegarandeerd.   Deze programmeur is niet alleen eenvoudig te gebruiken, maar is ook compatibel met regen- en vochtigheidssensoren. Zo kunt u het waterverbruik optimaliseren door de besproeiing te onderbreken bij slecht weer. Dankzij het robuuste ontwerp en de geavanceerde functies is de Rain Bird ESP-9V een ideale oplossing voor slimme, energiezuinige irrigatie.   &nbsp; Vraag een offerte aan Tarieven en kortingen","og_url":"https:\/\/arrosagepro.com\/nl\/produit\/rain-bird-esp-9v-programmeur-1-2-4-6-stations\/","og_site_name":"Arrosage Pro","og_image":[{"width":1000,"height":1000,"url":"https:\/\/arrosagepro.com\/wp-content\/uploads\/2025\/02\/41uu07uoEaL._AC_.png","type":"image\/png"}],"twitter_card":"summary_large_image","twitter_misc":{"Geschatte leestijd":"1 minuut"},"schema":{"@context":"https:\/\/schema.org","@graph":[{"@type":"WebPage","@id":"https:\/\/arrosagepro.com\/nl\/produit\/rain-bird-esp-9v-programmeur-1-2-4-6-stations\/","url":"https:\/\/arrosagepro.com\/nl\/produit\/rain-bird-esp-9v-programmeur-1-2-4-6-stations\/","name":"Rain Bird ESP-9V-programmeur (1-2-4-6 stations) - Arrosage Pro","isPartOf":{"@id":"https:\/\/arrosagepro.com\/nl\/#website"},"primaryImageOfPage":{"@id":"https:\/\/arrosagepro.com\/nl\/produit\/rain-bird-esp-9v-programmeur-1-2-4-6-stations\/#primaryimage"},"image":{"@id":"https:\/\/arrosagepro.com\/nl\/produit\/rain-bird-esp-9v-programmeur-1-2-4-6-stations\/#primaryimage"},"thumbnailUrl":"https:\/\/arrosagepro.com\/wp-content\/uploads\/2025\/02\/41uu07uoEaL._AC_.png","datePublished":"2025-02-08T13:12:03+00:00","breadcrumb":{"@id":"https:\/\/arrosagepro.com\/nl\/produit\/rain-bird-esp-9v-programmeur-1-2-4-6-stations\/#breadcrumb"},"inLanguage":"nl-NL","potentialAction":[{"@type":"ReadAction","target":["https:\/\/arrosagepro.com\/nl\/produit\/rain-bird-esp-9v-programmeur-1-2-4-6-stations\/"]}]},{"@type":"ImageObject","inLanguage":"nl-NL","@id":"https:\/\/arrosagepro.com\/nl\/produit\/rain-bird-esp-9v-programmeur-1-2-4-6-stations\/#primaryimage","url":"https:\/\/arrosagepro.com\/wp-content\/uploads\/2025\/02\/41uu07uoEaL._AC_.png","contentUrl":"https:\/\/arrosagepro.com\/wp-content\/uploads\/2025\/02\/41uu07uoEaL._AC_.png","width":1000,"height":1000},{"@type":"BreadcrumbList","@id":"https:\/\/arrosagepro.com\/nl\/produit\/rain-bird-esp-9v-programmeur-1-2-4-6-stations\/#breadcrumb","itemListElement":[{"@type":"ListItem","position":1,"name":"Accueil","item":"https:\/\/arrosagepro.com\/nl\/"},{"@type":"ListItem","position":2,"name":"Produceren","item":"https:\/\/arrosagepro.com\/nl\/produceren\/"},{"@type":"ListItem","position":3,"name":"Rain Bird ESP-9V-programmeur (1-2-4-6 stations)"}]},{"@type":"WebSite","@id":"https:\/\/arrosagepro.com\/nl\/#website","url":"https:\/\/arrosagepro.com\/nl\/","name":"Arrosage Pro","description":"Arrosage Pro","publisher":{"@id":"https:\/\/arrosagepro.com\/nl\/#organization"},"potentialAction":[{"@type":"SearchAction","target":{"@type":"EntryPoint","urlTemplate":"https:\/\/arrosagepro.com\/nl\/?s={search_term_string}"},"query-input":{"@type":"PropertyValueSpecification","valueRequired":true,"valueName":"search_term_string"}}],"inLanguage":"nl-NL"},{"@type":"Organization","@id":"https:\/\/arrosagepro.com\/nl\/#organization","name":"Arrosage Pro","url":"https:\/\/arrosagepro.com\/nl\/","logo":{"@type":"ImageObject","inLanguage":"nl-NL","@id":"https:\/\/arrosagepro.com\/nl\/#\/schema\/logo\/image\/","url":"https:\/\/arrosagepro.com\/wp-content\/uploads\/2024\/11\/cropped-favicon.png","contentUrl":"https:\/\/arrosagepro.com\/wp-content\/uploads\/2024\/11\/cropped-favicon.png","width":512,"height":512,"caption":"Arrosage Pro"},"image":{"@id":"https:\/\/arrosagepro.com\/nl\/#\/schema\/logo\/image\/"}}]}},"_links":{"self":[{"href":"https:\/\/arrosagepro.com\/nl\/wp-json\/wp\/v2\/product\/5059","targetHints":{"allow":["GET"]}}],"collection":[{"href":"https:\/\/arrosagepro.com\/nl\/wp-json\/wp\/v2\/product"}],"about":[{"href":"https:\/\/arrosagepro.com\/nl\/wp-json\/wp\/v2\/types\/product"}],"version-history":[{"count":0,"href":"https:\/\/arrosagepro.com\/nl\/wp-json\/wp\/v2\/product\/5059\/revisions"}],"wp:featuredmedia":[{"embeddable":true,"href":"https:\/\/arrosagepro.com\/nl\/wp-json\/wp\/v2\/media\/3648"}],"wp:attachment":[{"href":"https:\/\/arrosagepro.com\/nl\/wp-json\/wp\/v2\/media?parent=5059"}],"wp:term":[{"taxonomy":"product_brand","embeddable":true,"href":"https:\/\/arrosagepro.com\/nl\/wp-json\/wp\/v2\/product_brand?post=5059"},{"taxonomy":"product_cat","embeddable":true,"href":"https:\/\/arrosagepro.com\/nl\/wp-json\/wp\/v2\/product_cat?post=5059"},{"taxonomy":"product_tag","embeddable":true,"href":"https:\/\/arrosagepro.com\/nl\/wp-json\/wp\/v2\/product_tag?post=5059"}],"curies":[{"name":"wp","href":"https:\/\/api.w.org\/{rel}","templated":true}]}}